{"id":51644,"date":"2025-08-08T13:14:25","date_gmt":"2025-08-08T10:14:25","guid":{"rendered":"https:\/\/medaksa.lt\/produktas\/sena-kolekcija-kelnes-alvo\/"},"modified":"2026-04-13T23:44:25","modified_gmt":"2026-04-13T20:44:25","slug":"sena-kolekcija-kelnes-alvo","status":"publish","type":"product","link":"https:\/\/medaksa.lt\/ru\/produktas\/sena-kolekcija-kelnes-alvo\/","title":{"rendered":"\u0421\u0422\u0410\u0420\u0410\u042f \u041a\u041e\u041b\u041b\u0415\u041a\u0426\u0418\u042f \u2014 \u0411\u0420\u042e\u041a\u0418 ALVO\u2122"},"content":{"rendered":"<p><strong>\u0415\u0421\u0422\u042c \u0412 \u041d\u0410\u041b\u0418\u0427\u0418\u0418 \u2014 \u041e\u0422\u041f\u0420\u0410\u0412\u041b\u042f\u0415\u041c \u0421\u0420\u0410\u0417\u0423<\/strong><\/p>\n<p>\u0418\u0417\u0414\u0415\u041b\u0418\u0415 \u0421\u0422\u0410\u0420\u041e\u0419 \u041a\u041e\u041b\u041b\u0415\u041a\u0426\u0418\u0418. \u041a\u043b\u0430\u0441\u0441\u0438\u0447\u0435\u0441\u043a\u0438\u0435 \u0438 \u044d\u043b\u0435\u0433\u0430\u043d\u0442\u043d\u044b\u0435 \u043c\u0435\u0434\u0438\u0446\u0438\u043d\u0441\u043a\u0438\u0435 \u0431\u0440\u044e\u043a\u0438 \u043f\u0440\u044f\u043c\u043e\u0433\u043e \u043a\u0440\u043e\u044f. \u0418\u0441\u043a\u043b\u044e\u0447\u0438\u0442\u0435\u043b\u044c\u043d\u043e \u0443\u0434\u043e\u0431\u043d\u0430\u044f \u043c\u044f\u0433\u043a\u0430\u044f \u0442\u043a\u0430\u043d\u044c.<\/p>\n<ul>\n<li>\u0414\u0432\u0430 \u0432\u043c\u0435\u0441\u0442\u0438\u0442\u0435\u043b\u044c\u043d\u044b\u0445 \u043a\u0430\u0440\u043c\u0430\u043d\u0430.<\/li>\n<li>\u0412\u044b\u0441\u043e\u043a\u0430\u044f \u0442\u0430\u043b\u0438\u044f \u0438 \u0440\u0435\u0433\u0443\u043b\u0438\u0440\u0443\u0435\u043c\u044b\u0439 \u0437\u0430\u0432\u044f\u0437\u043a\u0430\u043c\u0438 \u043f\u043e\u044f\u0441 \u2014 \u0438\u043c\u0435\u043d\u043d\u043e \u0442\u043e, \u0447\u0442\u043e \u043d\u0443\u0436\u043d\u043e \u043f\u0440\u0438 \u0430\u043a\u0442\u0438\u0432\u043d\u043e\u043c \u0434\u0432\u0438\u0436\u0435\u043d\u0438\u0438 \u0438 \u0434\u043b\u0438\u0442\u0435\u043b\u044c\u043d\u044b\u0445 \u0447\u0430\u0441\u0430\u0445 \u0440\u0430\u0431\u043e\u0442\u044b.<\/li>\n<li>\u0414\u043b\u044f \u043f\u0440\u043e\u0438\u0437\u0432\u043e\u0434\u0441\u0442\u0432\u0430 \u0438\u0441\u043f\u043e\u043b\u044c\u0437\u0443\u044e\u0442\u0441\u044f \u043a\u0430\u0447\u0435\u0441\u0442\u0432\u0435\u043d\u043d\u044b\u0435 \u0442\u043a\u0430\u043d\u0438, \u0441\u0435\u0440\u0442\u0438\u0444\u0438\u0446\u0438\u0440\u043e\u0432\u0430\u043d\u043d\u044b\u0435 \u043f\u043e OEKO-TEX Standard 100.<\/li>\n<\/ul>\n","protected":false},"excerpt":{"rendered":"<p>\u041c\u0435\u0434\u0438\u0446\u0438\u043d\u0441\u043a\u0438\u0435 \u0431\u0440\u044e\u043a\u0438 \u043f\u0440\u044f\u043c\u043e\u0433\u043e \u043a\u0440\u043e\u044f<\/p>\n","protected":false},"featured_media":51645,"comment_status":"closed","ping_status":"closed","template":"","meta":{"_acf_changed":false},"product_brand":[],"product_cat":[390],"product_tag":[],"class_list":{"0":"post-51644","1":"product","2":"type-product","3":"status-publish","4":"has-post-thumbnail","6":"product_cat-ispardavimas-moterims-ru","7":"pa_color-balta-ru","8":"pa_color-roze-ru","9":"pa_size-3xl-ru","10":"pa_size-xs-ru","12":"first","13":"instock","14":"sale","15":"taxable","16":"shipping-taxable","17":"purchasable","18":"product-type-variable"},"acf":[],"yoast_head":"<!-- This site is optimized with the Yoast SEO plugin v27.4 - https:\/\/yoast.com\/product\/yoast-seo-wordpress\/ -->\n<title>Pi\u017eamos Keln\u0117s ALVO | Medicininiai R\u016bbai - Medaksa<\/title>\n<meta name=\"description\" content=\"Klasikin\u0117s ir eleganti\u0161kos tiesaus kirpimo medicinin\u0117s keln\u0117s. MEDAKSA - nei\u0161matuojamai stilinga med. apranga pagaminta Lietuvoje.\" \/>\n<meta name=\"robots\" content=\"index, follow, max-snippet:-1, max-image-preview:large, max-video-preview:-1\" \/>\n<link rel=\"canonical\" href=\"https:\/\/medaksa.lt\/ru\/produktas\/sena-kolekcija-kelnes-alvo\/\" \/>\n<meta property=\"og:locale\" content=\"ru_RU\" \/>\n<meta property=\"og:type\" content=\"article\" \/>\n<meta property=\"og:title\" content=\"Pi\u017eamos Keln\u0117s ALVO | Medicininiai R\u016bbai - Medaksa\" \/>\n<meta property=\"og:description\" content=\"Klasikin\u0117s ir eleganti\u0161kos tiesaus kirpimo medicinin\u0117s keln\u0117s. MEDAKSA - nei\u0161matuojamai stilinga med. apranga pagaminta Lietuvoje.\" \/>\n<meta property=\"og:url\" content=\"https:\/\/medaksa.lt\/ru\/produktas\/sena-kolekcija-kelnes-alvo\/\" \/>\n<meta property=\"og:site_name\" content=\"Medaksa\" \/>\n<meta property=\"article:modified_time\" content=\"2026-04-13T20:44:25+00:00\" \/>\n<meta property=\"og:image\" content=\"https:\/\/medaksa.lt\/wp-content\/uploads\/2021\/11\/alvo_balta-2-scaled.webp\" \/>\n\t<meta property=\"og:image:width\" content=\"2560\" \/>\n\t<meta property=\"og:image:height\" content=\"2560\" \/>\n\t<meta property=\"og:image:type\" content=\"image\/webp\" \/>\n<meta name=\"twitter:card\" content=\"summary_large_image\" \/>\n<script type=\"application\/ld+json\" class=\"yoast-schema-graph\">{\"@context\":\"https:\\\/\\\/schema.org\",\"@graph\":[{\"@type\":\"WebPage\",\"@id\":\"https:\\\/\\\/medaksa.lt\\\/ru\\\/produktas\\\/sena-kolekcija-kelnes-alvo\\\/\",\"url\":\"https:\\\/\\\/medaksa.lt\\\/ru\\\/produktas\\\/sena-kolekcija-kelnes-alvo\\\/\",\"name\":\"Pi\u017eamos Keln\u0117s ALVO | Medicininiai R\u016bbai - Medaksa\",\"isPartOf\":{\"@id\":\"https:\\\/\\\/medaksa.lt\\\/ru\\\/#website\"},\"primaryImageOfPage\":{\"@id\":\"https:\\\/\\\/medaksa.lt\\\/ru\\\/produktas\\\/sena-kolekcija-kelnes-alvo\\\/#primaryimage\"},\"image\":{\"@id\":\"https:\\\/\\\/medaksa.lt\\\/ru\\\/produktas\\\/sena-kolekcija-kelnes-alvo\\\/#primaryimage\"},\"thumbnailUrl\":\"https:\\\/\\\/medaksa.lt\\\/wp-content\\\/uploads\\\/2021\\\/11\\\/alvo_balta-2-scaled.webp\",\"datePublished\":\"2025-08-08T10:14:25+00:00\",\"dateModified\":\"2026-04-13T20:44:25+00:00\",\"description\":\"Klasikin\u0117s ir eleganti\u0161kos tiesaus kirpimo medicinin\u0117s keln\u0117s. MEDAKSA - nei\u0161matuojamai stilinga med. apranga pagaminta Lietuvoje.\",\"breadcrumb\":{\"@id\":\"https:\\\/\\\/medaksa.lt\\\/ru\\\/produktas\\\/sena-kolekcija-kelnes-alvo\\\/#breadcrumb\"},\"inLanguage\":\"ru-RU\",\"potentialAction\":[{\"@type\":\"ReadAction\",\"target\":[\"https:\\\/\\\/medaksa.lt\\\/ru\\\/produktas\\\/sena-kolekcija-kelnes-alvo\\\/\"]}]},{\"@type\":\"ImageObject\",\"inLanguage\":\"ru-RU\",\"@id\":\"https:\\\/\\\/medaksa.lt\\\/ru\\\/produktas\\\/sena-kolekcija-kelnes-alvo\\\/#primaryimage\",\"url\":\"https:\\\/\\\/medaksa.lt\\\/wp-content\\\/uploads\\\/2021\\\/11\\\/alvo_balta-2-scaled.webp\",\"contentUrl\":\"https:\\\/\\\/medaksa.lt\\\/wp-content\\\/uploads\\\/2021\\\/11\\\/alvo_balta-2-scaled.webp\",\"width\":2560,\"height\":2560},{\"@type\":\"BreadcrumbList\",\"@id\":\"https:\\\/\\\/medaksa.lt\\\/ru\\\/produktas\\\/sena-kolekcija-kelnes-alvo\\\/#breadcrumb\",\"itemListElement\":[{\"@type\":\"ListItem\",\"position\":1,\"name\":\"Home\",\"item\":\"https:\\\/\\\/medaksa.lt\\\/ru\\\/\"},{\"@type\":\"ListItem\",\"position\":2,\"name\":\"\u041c\u0430\u0433\u0430\u0437\u0438\u043d\",\"item\":\"https:\\\/\\\/medaksa.lt\\\/parduotuve\\\/\"},{\"@type\":\"ListItem\",\"position\":3,\"name\":\"\u0421\u0422\u0410\u0420\u0410\u042f \u041a\u041e\u041b\u041b\u0415\u041a\u0426\u0418\u042f \u2014 \u0411\u0420\u042e\u041a\u0418 ALVO\u2122\"}]},{\"@type\":\"WebSite\",\"@id\":\"https:\\\/\\\/medaksa.lt\\\/ru\\\/#website\",\"url\":\"https:\\\/\\\/medaksa.lt\\\/ru\\\/\",\"name\":\"Medaksa\",\"description\":\"\",\"publisher\":{\"@id\":\"https:\\\/\\\/medaksa.lt\\\/ru\\\/#organization\"},\"potentialAction\":[{\"@type\":\"SearchAction\",\"target\":{\"@type\":\"EntryPoint\",\"urlTemplate\":\"https:\\\/\\\/medaksa.lt\\\/ru\\\/?s={search_term_string}\"},\"query-input\":{\"@type\":\"PropertyValueSpecification\",\"valueRequired\":true,\"valueName\":\"search_term_string\"}}],\"inLanguage\":\"ru-RU\"},{\"@type\":\"Organization\",\"@id\":\"https:\\\/\\\/medaksa.lt\\\/ru\\\/#organization\",\"name\":\"Medaksa\",\"url\":\"https:\\\/\\\/medaksa.lt\\\/ru\\\/\",\"logo\":{\"@type\":\"ImageObject\",\"inLanguage\":\"ru-RU\",\"@id\":\"https:\\\/\\\/medaksa.lt\\\/ru\\\/#\\\/schema\\\/logo\\\/image\\\/\",\"url\":\"https:\\\/\\\/medaksa.lt\\\/wp-content\\\/uploads\\\/2020\\\/11\\\/cropped-Medaksa_logo-png-1.png\",\"contentUrl\":\"https:\\\/\\\/medaksa.lt\\\/wp-content\\\/uploads\\\/2020\\\/11\\\/cropped-Medaksa_logo-png-1.png\",\"width\":512,\"height\":512,\"caption\":\"Medaksa\"},\"image\":{\"@id\":\"https:\\\/\\\/medaksa.lt\\\/ru\\\/#\\\/schema\\\/logo\\\/image\\\/\"}}]}<\/script>\n<!-- \/ Yoast SEO plugin. -->","yoast_head_json":{"title":"Pi\u017eamos Keln\u0117s ALVO | Medicininiai R\u016bbai - Medaksa","description":"Klasikin\u0117s ir eleganti\u0161kos tiesaus kirpimo medicinin\u0117s keln\u0117s. MEDAKSA - nei\u0161matuojamai stilinga med. apranga pagaminta Lietuvoje.","robots":{"index":"index","follow":"follow","max-snippet":"max-snippet:-1","max-image-preview":"max-image-preview:large","max-video-preview":"max-video-preview:-1"},"canonical":"https:\/\/medaksa.lt\/ru\/produktas\/sena-kolekcija-kelnes-alvo\/","og_locale":"ru_RU","og_type":"article","og_title":"Pi\u017eamos Keln\u0117s ALVO | Medicininiai R\u016bbai - Medaksa","og_description":"Klasikin\u0117s ir eleganti\u0161kos tiesaus kirpimo medicinin\u0117s keln\u0117s. MEDAKSA - nei\u0161matuojamai stilinga med. apranga pagaminta Lietuvoje.","og_url":"https:\/\/medaksa.lt\/ru\/produktas\/sena-kolekcija-kelnes-alvo\/","og_site_name":"Medaksa","article_modified_time":"2026-04-13T20:44:25+00:00","og_image":[{"width":2560,"height":2560,"url":"https:\/\/medaksa.lt\/wp-content\/uploads\/2021\/11\/alvo_balta-2-scaled.webp","type":"image\/webp"}],"twitter_card":"summary_large_image","schema":{"@context":"https:\/\/schema.org","@graph":[{"@type":"WebPage","@id":"https:\/\/medaksa.lt\/ru\/produktas\/sena-kolekcija-kelnes-alvo\/","url":"https:\/\/medaksa.lt\/ru\/produktas\/sena-kolekcija-kelnes-alvo\/","name":"Pi\u017eamos Keln\u0117s ALVO | Medicininiai R\u016bbai - Medaksa","isPartOf":{"@id":"https:\/\/medaksa.lt\/ru\/#website"},"primaryImageOfPage":{"@id":"https:\/\/medaksa.lt\/ru\/produktas\/sena-kolekcija-kelnes-alvo\/#primaryimage"},"image":{"@id":"https:\/\/medaksa.lt\/ru\/produktas\/sena-kolekcija-kelnes-alvo\/#primaryimage"},"thumbnailUrl":"https:\/\/medaksa.lt\/wp-content\/uploads\/2021\/11\/alvo_balta-2-scaled.webp","datePublished":"2025-08-08T10:14:25+00:00","dateModified":"2026-04-13T20:44:25+00:00","description":"Klasikin\u0117s ir eleganti\u0161kos tiesaus kirpimo medicinin\u0117s keln\u0117s. MEDAKSA - nei\u0161matuojamai stilinga med. apranga pagaminta Lietuvoje.","breadcrumb":{"@id":"https:\/\/medaksa.lt\/ru\/produktas\/sena-kolekcija-kelnes-alvo\/#breadcrumb"},"inLanguage":"ru-RU","potentialAction":[{"@type":"ReadAction","target":["https:\/\/medaksa.lt\/ru\/produktas\/sena-kolekcija-kelnes-alvo\/"]}]},{"@type":"ImageObject","inLanguage":"ru-RU","@id":"https:\/\/medaksa.lt\/ru\/produktas\/sena-kolekcija-kelnes-alvo\/#primaryimage","url":"https:\/\/medaksa.lt\/wp-content\/uploads\/2021\/11\/alvo_balta-2-scaled.webp","contentUrl":"https:\/\/medaksa.lt\/wp-content\/uploads\/2021\/11\/alvo_balta-2-scaled.webp","width":2560,"height":2560},{"@type":"BreadcrumbList","@id":"https:\/\/medaksa.lt\/ru\/produktas\/sena-kolekcija-kelnes-alvo\/#breadcrumb","itemListElement":[{"@type":"ListItem","position":1,"name":"Home","item":"https:\/\/medaksa.lt\/ru\/"},{"@type":"ListItem","position":2,"name":"\u041c\u0430\u0433\u0430\u0437\u0438\u043d","item":"https:\/\/medaksa.lt\/parduotuve\/"},{"@type":"ListItem","position":3,"name":"\u0421\u0422\u0410\u0420\u0410\u042f \u041a\u041e\u041b\u041b\u0415\u041a\u0426\u0418\u042f \u2014 \u0411\u0420\u042e\u041a\u0418 ALVO\u2122"}]},{"@type":"WebSite","@id":"https:\/\/medaksa.lt\/ru\/#website","url":"https:\/\/medaksa.lt\/ru\/","name":"Medaksa","description":"","publisher":{"@id":"https:\/\/medaksa.lt\/ru\/#organization"},"potentialAction":[{"@type":"SearchAction","target":{"@type":"EntryPoint","urlTemplate":"https:\/\/medaksa.lt\/ru\/?s={search_term_string}"},"query-input":{"@type":"PropertyValueSpecification","valueRequired":true,"valueName":"search_term_string"}}],"inLanguage":"ru-RU"},{"@type":"Organization","@id":"https:\/\/medaksa.lt\/ru\/#organization","name":"Medaksa","url":"https:\/\/medaksa.lt\/ru\/","logo":{"@type":"ImageObject","inLanguage":"ru-RU","@id":"https:\/\/medaksa.lt\/ru\/#\/schema\/logo\/image\/","url":"https:\/\/medaksa.lt\/wp-content\/uploads\/2020\/11\/cropped-Medaksa_logo-png-1.png","contentUrl":"https:\/\/medaksa.lt\/wp-content\/uploads\/2020\/11\/cropped-Medaksa_logo-png-1.png","width":512,"height":512,"caption":"Medaksa"},"image":{"@id":"https:\/\/medaksa.lt\/ru\/#\/schema\/logo\/image\/"}}]}},"_links":{"self":[{"href":"https:\/\/medaksa.lt\/ru\/wp-json\/wp\/v2\/product\/51644","targetHints":{"allow":["GET"]}}],"collection":[{"href":"https:\/\/medaksa.lt\/ru\/wp-json\/wp\/v2\/product"}],"about":[{"href":"https:\/\/medaksa.lt\/ru\/wp-json\/wp\/v2\/types\/product"}],"replies":[{"embeddable":true,"href":"https:\/\/medaksa.lt\/ru\/wp-json\/wp\/v2\/comments?post=51644"}],"wp:featuredmedia":[{"embeddable":true,"href":"https:\/\/medaksa.lt\/ru\/wp-json\/wp\/v2\/media\/51645"}],"wp:attachment":[{"href":"https:\/\/medaksa.lt\/ru\/wp-json\/wp\/v2\/media?parent=51644"}],"wp:term":[{"taxonomy":"product_brand","embeddable":true,"href":"https:\/\/medaksa.lt\/ru\/wp-json\/wp\/v2\/product_brand?post=51644"},{"taxonomy":"product_cat","embeddable":true,"href":"https:\/\/medaksa.lt\/ru\/wp-json\/wp\/v2\/product_cat?post=51644"},{"taxonomy":"product_tag","embeddable":true,"href":"https:\/\/medaksa.lt\/ru\/wp-json\/wp\/v2\/product_tag?post=51644"}],"curies":[{"name":"wp","href":"https:\/\/api.w.org\/{rel}","templated":true}]}}