{"id":51569,"date":"2025-03-25T00:52:25","date_gmt":"2025-03-24T21:52:25","guid":{"rendered":"https:\/\/medaksa.lt\/produktas\/ventus\/"},"modified":"2026-04-13T23:43:29","modified_gmt":"2026-04-13T20:43:29","slug":"ventus","status":"publish","type":"product","link":"https:\/\/medaksa.lt\/ru\/produktas\/ventus\/","title":{"rendered":"LONGSLEEVE VENTUS\u2122"},"content":{"rendered":"<p><strong>\u041d\u041e\u0412\u0418\u041d\u041a\u0410! \u041e\u0422\u041f\u0420\u0410\u0412\u041b\u042f\u0415\u041c \u0421\u0420\u0410\u0417\u0423! \u041f\u043e\u0437\u043d\u0430\u043a\u043e\u043c\u044c\u0442\u0435\u0441\u044c \u0441 \u043a\u043e\u043b\u043b\u0430\u0431\u043e\u0440\u0430\u0446\u0438\u0435\u0439 MEDAKSA \u0438 \u00ab\u0413\u0418\u041d\u0415\u041a\u041e\u041b\u041e\u0413\u0418\u0427\u0415\u0421\u041a\u041e\u0415 \u0417\u0414\u041e\u0420\u041e\u0412\u042c\u0415\u00bb!<\/strong><\/p>\n<p>\u041a\u043e\u0433\u0434\u0430 \u043a\u043e\u043c\u0444\u043e\u0440\u0442 \u0438 \u0444\u0443\u043d\u043a\u0446\u0438\u043e\u043d\u0430\u043b\u044c\u043d\u043e\u0441\u0442\u044c \u0441\u0442\u0430\u043d\u043e\u0432\u044f\u0442\u0441\u044f \u0435\u0436\u0435\u0434\u043d\u0435\u0432\u043d\u044b\u043c \u0441\u043f\u0443\u0442\u043d\u0438\u043a\u043e\u043c!<\/p>\n<p>\u0424\u0443\u0442\u0431\u043e\u043b\u043a\u0430, \u0441\u043e\u0437\u0434\u0430\u043d\u043d\u0430\u044f \u0434\u043b\u044f \u043c\u0435\u0434\u0438\u0446\u0438\u043d\u0441\u043a\u0438\u0445 \u0441\u043f\u0435\u0446\u0438\u0430\u043b\u0438\u0441\u0442\u043e\u0432, \u043e\u0431\u0435\u0441\u043f\u0435\u0447\u0438\u0432\u0430\u0435\u0442:<\/p>\n<ul>\n<li>\u0418\u0441\u043a\u043b\u044e\u0447\u0438\u0442\u0435\u043b\u044c\u043d\u043e \u043c\u044f\u0433\u043a\u0443\u044e \u0438 \u0434\u044b\u0448\u0430\u0449\u0443\u044e \u0442\u043a\u0430\u043d\u044c \u2014 \u0445\u043b\u043e\u043f\u043e\u043a \u043f\u0440\u0435\u043c\u0438\u0443\u043c-\u043a\u0430\u0447\u0435\u0441\u0442\u0432\u0430, \u0441\u043e\u043e\u0442\u0432\u0435\u0442\u0441\u0442\u0432\u0443\u044e\u0449\u0438\u0439 \u0441\u0442\u0430\u043d\u0434\u0430\u0440\u0442\u0443 OEKO-TEX Standard 100.<\/li>\n<li>\u041f\u0440\u0438\u043b\u0435\u0433\u0430\u044e\u0449\u0443\u044e, \u043d\u043e \u043d\u0435 \u0441\u043a\u043e\u0432\u044b\u0432\u0430\u044e\u0449\u0443\u044e \u0434\u0432\u0438\u0436\u0435\u043d\u0438\u044f \u043a\u043e\u043d\u0441\u0442\u0440\u0443\u043a\u0446\u0438\u044e \u2014 \u043a\u043e\u043c\u0444\u043e\u0440\u0442 \u0434\u0430\u0436\u0435 \u0432 \u0441\u0430\u043c\u044b\u0435 \u043d\u0430\u043f\u0440\u044f\u0436\u0451\u043d\u043d\u044b\u0435 \u0440\u0430\u0431\u043e\u0447\u0438\u0435 \u043c\u043e\u043c\u0435\u043d\u0442\u044b.<\/li>\n<li>\u0423\u043d\u0438\u0432\u0435\u0440\u0441\u0430\u043b\u044c\u043d\u044b\u0439 \u0434\u0438\u0437\u0430\u0439\u043d \u2014 \u043e\u0442\u043b\u0438\u0447\u043d\u043e \u043f\u043e\u0434\u0445\u043e\u0434\u0438\u0442 \u043a\u0430\u043a \u043f\u043e\u0434 \u043c\u0435\u0434\u0438\u0446\u0438\u043d\u0441\u043a\u0443\u044e \u043e\u0434\u0435\u0436\u0434\u0443, \u0442\u0430\u043a \u0438 \u043e\u0442\u0434\u0435\u043b\u044c\u043d\u043e.<\/li>\n<\/ul>\n<p>\u0420\u0430\u0431\u043e\u0442\u0430\u0439\u0442\u0435 \u043a\u043e\u043c\u0444\u043e\u0440\u0442\u043d\u043e, \u0437\u0430\u0431\u043e\u0442\u044c\u0442\u0435\u0441\u044c \u0443\u0432\u0435\u0440\u0435\u043d\u043d\u043e!<\/p>\n","protected":false},"excerpt":{"rendered":"<p>\u041c\u0435\u0434\u0438\u0446\u0438\u043d\u0441\u043a\u0438\u0439 \u043b\u043e\u043d\u0433\u0441\u043b\u0438\u0432<\/p>\n","protected":false},"featured_media":51570,"comment_status":"closed","ping_status":"closed","template":"","meta":{"_acf_changed":false},"product_brand":[],"product_cat":[352,389],"product_tag":[],"class_list":{"0":"post-51569","1":"product","2":"type-product","3":"status-publish","4":"has-post-thumbnail","6":"product_cat-medicinskaya-odezhda-zhenschiny","7":"product_cat-longsleeve-ru","8":"pa_color-balta-ru","9":"pa_color-latte-ru","10":"pa_color-dangus-ru","11":"pa_color-oniksas-ru","12":"pa_color-rasalai-ru","13":"pa_size-l-ru","14":"pa_size-m-ru","15":"pa_size-s-ru","16":"pa_size-xl-ru","17":"pa_size-xs-ru","19":"first","20":"instock","21":"sale","22":"taxable","23":"shipping-taxable","24":"purchasable","25":"product-type-variable"},"acf":[],"yoast_head":"<!-- This site is optimized with the Yoast SEO plugin v27.4 - https:\/\/yoast.com\/product\/yoast-seo-wordpress\/ -->\n<title>Medicininiai apatiniai mar\u0161kin\u0117liai | Medicininiai R\u016bbai - Medaksa<\/title>\n<meta name=\"description\" content=\"Komforto, funkcionalumo ir kokyb\u0117s derinys - kad medicinos specialistai jaust\u0173si patogiai kiekvien\u0105 darbo dien\u0105. MEDAKSA\" \/>\n<meta name=\"robots\" content=\"index, follow, max-snippet:-1, max-image-preview:large, max-video-preview:-1\" \/>\n<link rel=\"canonical\" href=\"https:\/\/medaksa.lt\/ru\/produktas\/ventus\/\" \/>\n<meta property=\"og:locale\" content=\"ru_RU\" \/>\n<meta property=\"og:type\" content=\"article\" \/>\n<meta property=\"og:title\" content=\"Medicininiai apatiniai mar\u0161kin\u0117liai | Medicininiai R\u016bbai - Medaksa\" \/>\n<meta property=\"og:description\" content=\"Komforto, funkcionalumo ir kokyb\u0117s derinys - kad medicinos specialistai jaust\u0173si patogiai kiekvien\u0105 darbo dien\u0105. MEDAKSA\" \/>\n<meta property=\"og:url\" content=\"https:\/\/medaksa.lt\/ru\/produktas\/ventus\/\" \/>\n<meta property=\"og:site_name\" content=\"Medaksa\" \/>\n<meta property=\"article:modified_time\" content=\"2026-04-13T20:43:29+00:00\" \/>\n<meta property=\"og:image\" content=\"https:\/\/medaksa.lt\/wp-content\/uploads\/2025\/02\/crooped-DP-Photographyy-28_resized.webp\" \/>\n\t<meta property=\"og:image:width\" content=\"1024\" \/>\n\t<meta property=\"og:image:height\" content=\"1024\" \/>\n\t<meta property=\"og:image:type\" content=\"image\/webp\" \/>\n<meta name=\"twitter:card\" content=\"summary_large_image\" \/>\n<script type=\"application\/ld+json\" class=\"yoast-schema-graph\">{\"@context\":\"https:\\\/\\\/schema.org\",\"@graph\":[{\"@type\":\"WebPage\",\"@id\":\"https:\\\/\\\/medaksa.lt\\\/ru\\\/produktas\\\/ventus\\\/\",\"url\":\"https:\\\/\\\/medaksa.lt\\\/ru\\\/produktas\\\/ventus\\\/\",\"name\":\"Medicininiai apatiniai mar\u0161kin\u0117liai | Medicininiai R\u016bbai - Medaksa\",\"isPartOf\":{\"@id\":\"https:\\\/\\\/medaksa.lt\\\/ru\\\/#website\"},\"primaryImageOfPage\":{\"@id\":\"https:\\\/\\\/medaksa.lt\\\/ru\\\/produktas\\\/ventus\\\/#primaryimage\"},\"image\":{\"@id\":\"https:\\\/\\\/medaksa.lt\\\/ru\\\/produktas\\\/ventus\\\/#primaryimage\"},\"thumbnailUrl\":\"https:\\\/\\\/medaksa.lt\\\/wp-content\\\/uploads\\\/2025\\\/02\\\/crooped-DP-Photographyy-28_resized.webp\",\"datePublished\":\"2025-03-24T21:52:25+00:00\",\"dateModified\":\"2026-04-13T20:43:29+00:00\",\"description\":\"Komforto, funkcionalumo ir kokyb\u0117s derinys - kad medicinos specialistai jaust\u0173si patogiai kiekvien\u0105 darbo dien\u0105. MEDAKSA\",\"breadcrumb\":{\"@id\":\"https:\\\/\\\/medaksa.lt\\\/ru\\\/produktas\\\/ventus\\\/#breadcrumb\"},\"inLanguage\":\"ru-RU\",\"potentialAction\":[{\"@type\":\"ReadAction\",\"target\":[\"https:\\\/\\\/medaksa.lt\\\/ru\\\/produktas\\\/ventus\\\/\"]}]},{\"@type\":\"ImageObject\",\"inLanguage\":\"ru-RU\",\"@id\":\"https:\\\/\\\/medaksa.lt\\\/ru\\\/produktas\\\/ventus\\\/#primaryimage\",\"url\":\"https:\\\/\\\/medaksa.lt\\\/wp-content\\\/uploads\\\/2025\\\/02\\\/crooped-DP-Photographyy-28_resized.webp\",\"contentUrl\":\"https:\\\/\\\/medaksa.lt\\\/wp-content\\\/uploads\\\/2025\\\/02\\\/crooped-DP-Photographyy-28_resized.webp\",\"width\":1024,\"height\":1024,\"caption\":\"medicinine apranga\"},{\"@type\":\"BreadcrumbList\",\"@id\":\"https:\\\/\\\/medaksa.lt\\\/ru\\\/produktas\\\/ventus\\\/#breadcrumb\",\"itemListElement\":[{\"@type\":\"ListItem\",\"position\":1,\"name\":\"Home\",\"item\":\"https:\\\/\\\/medaksa.lt\\\/ru\\\/\"},{\"@type\":\"ListItem\",\"position\":2,\"name\":\"\u041c\u0430\u0433\u0430\u0437\u0438\u043d\",\"item\":\"https:\\\/\\\/medaksa.lt\\\/parduotuve\\\/\"},{\"@type\":\"ListItem\",\"position\":3,\"name\":\"LONGSLEEVE VENTUS\u2122\"}]},{\"@type\":\"WebSite\",\"@id\":\"https:\\\/\\\/medaksa.lt\\\/ru\\\/#website\",\"url\":\"https:\\\/\\\/medaksa.lt\\\/ru\\\/\",\"name\":\"Medaksa\",\"description\":\"\",\"publisher\":{\"@id\":\"https:\\\/\\\/medaksa.lt\\\/ru\\\/#organization\"},\"potentialAction\":[{\"@type\":\"SearchAction\",\"target\":{\"@type\":\"EntryPoint\",\"urlTemplate\":\"https:\\\/\\\/medaksa.lt\\\/ru\\\/?s={search_term_string}\"},\"query-input\":{\"@type\":\"PropertyValueSpecification\",\"valueRequired\":true,\"valueName\":\"search_term_string\"}}],\"inLanguage\":\"ru-RU\"},{\"@type\":\"Organization\",\"@id\":\"https:\\\/\\\/medaksa.lt\\\/ru\\\/#organization\",\"name\":\"Medaksa\",\"url\":\"https:\\\/\\\/medaksa.lt\\\/ru\\\/\",\"logo\":{\"@type\":\"ImageObject\",\"inLanguage\":\"ru-RU\",\"@id\":\"https:\\\/\\\/medaksa.lt\\\/ru\\\/#\\\/schema\\\/logo\\\/image\\\/\",\"url\":\"https:\\\/\\\/medaksa.lt\\\/wp-content\\\/uploads\\\/2020\\\/11\\\/cropped-Medaksa_logo-png-1.png\",\"contentUrl\":\"https:\\\/\\\/medaksa.lt\\\/wp-content\\\/uploads\\\/2020\\\/11\\\/cropped-Medaksa_logo-png-1.png\",\"width\":512,\"height\":512,\"caption\":\"Medaksa\"},\"image\":{\"@id\":\"https:\\\/\\\/medaksa.lt\\\/ru\\\/#\\\/schema\\\/logo\\\/image\\\/\"}}]}<\/script>\n<!-- \/ Yoast SEO plugin. -->","yoast_head_json":{"title":"Medicininiai apatiniai mar\u0161kin\u0117liai | Medicininiai R\u016bbai - Medaksa","description":"Komforto, funkcionalumo ir kokyb\u0117s derinys - kad medicinos specialistai jaust\u0173si patogiai kiekvien\u0105 darbo dien\u0105. MEDAKSA","robots":{"index":"index","follow":"follow","max-snippet":"max-snippet:-1","max-image-preview":"max-image-preview:large","max-video-preview":"max-video-preview:-1"},"canonical":"https:\/\/medaksa.lt\/ru\/produktas\/ventus\/","og_locale":"ru_RU","og_type":"article","og_title":"Medicininiai apatiniai mar\u0161kin\u0117liai | Medicininiai R\u016bbai - Medaksa","og_description":"Komforto, funkcionalumo ir kokyb\u0117s derinys - kad medicinos specialistai jaust\u0173si patogiai kiekvien\u0105 darbo dien\u0105. MEDAKSA","og_url":"https:\/\/medaksa.lt\/ru\/produktas\/ventus\/","og_site_name":"Medaksa","article_modified_time":"2026-04-13T20:43:29+00:00","og_image":[{"width":1024,"height":1024,"url":"https:\/\/medaksa.lt\/wp-content\/uploads\/2025\/02\/crooped-DP-Photographyy-28_resized.webp","type":"image\/webp"}],"twitter_card":"summary_large_image","schema":{"@context":"https:\/\/schema.org","@graph":[{"@type":"WebPage","@id":"https:\/\/medaksa.lt\/ru\/produktas\/ventus\/","url":"https:\/\/medaksa.lt\/ru\/produktas\/ventus\/","name":"Medicininiai apatiniai mar\u0161kin\u0117liai | Medicininiai R\u016bbai - Medaksa","isPartOf":{"@id":"https:\/\/medaksa.lt\/ru\/#website"},"primaryImageOfPage":{"@id":"https:\/\/medaksa.lt\/ru\/produktas\/ventus\/#primaryimage"},"image":{"@id":"https:\/\/medaksa.lt\/ru\/produktas\/ventus\/#primaryimage"},"thumbnailUrl":"https:\/\/medaksa.lt\/wp-content\/uploads\/2025\/02\/crooped-DP-Photographyy-28_resized.webp","datePublished":"2025-03-24T21:52:25+00:00","dateModified":"2026-04-13T20:43:29+00:00","description":"Komforto, funkcionalumo ir kokyb\u0117s derinys - kad medicinos specialistai jaust\u0173si patogiai kiekvien\u0105 darbo dien\u0105. MEDAKSA","breadcrumb":{"@id":"https:\/\/medaksa.lt\/ru\/produktas\/ventus\/#breadcrumb"},"inLanguage":"ru-RU","potentialAction":[{"@type":"ReadAction","target":["https:\/\/medaksa.lt\/ru\/produktas\/ventus\/"]}]},{"@type":"ImageObject","inLanguage":"ru-RU","@id":"https:\/\/medaksa.lt\/ru\/produktas\/ventus\/#primaryimage","url":"https:\/\/medaksa.lt\/wp-content\/uploads\/2025\/02\/crooped-DP-Photographyy-28_resized.webp","contentUrl":"https:\/\/medaksa.lt\/wp-content\/uploads\/2025\/02\/crooped-DP-Photographyy-28_resized.webp","width":1024,"height":1024,"caption":"medicinine apranga"},{"@type":"BreadcrumbList","@id":"https:\/\/medaksa.lt\/ru\/produktas\/ventus\/#breadcrumb","itemListElement":[{"@type":"ListItem","position":1,"name":"Home","item":"https:\/\/medaksa.lt\/ru\/"},{"@type":"ListItem","position":2,"name":"\u041c\u0430\u0433\u0430\u0437\u0438\u043d","item":"https:\/\/medaksa.lt\/parduotuve\/"},{"@type":"ListItem","position":3,"name":"LONGSLEEVE VENTUS\u2122"}]},{"@type":"WebSite","@id":"https:\/\/medaksa.lt\/ru\/#website","url":"https:\/\/medaksa.lt\/ru\/","name":"Medaksa","description":"","publisher":{"@id":"https:\/\/medaksa.lt\/ru\/#organization"},"potentialAction":[{"@type":"SearchAction","target":{"@type":"EntryPoint","urlTemplate":"https:\/\/medaksa.lt\/ru\/?s={search_term_string}"},"query-input":{"@type":"PropertyValueSpecification","valueRequired":true,"valueName":"search_term_string"}}],"inLanguage":"ru-RU"},{"@type":"Organization","@id":"https:\/\/medaksa.lt\/ru\/#organization","name":"Medaksa","url":"https:\/\/medaksa.lt\/ru\/","logo":{"@type":"ImageObject","inLanguage":"ru-RU","@id":"https:\/\/medaksa.lt\/ru\/#\/schema\/logo\/image\/","url":"https:\/\/medaksa.lt\/wp-content\/uploads\/2020\/11\/cropped-Medaksa_logo-png-1.png","contentUrl":"https:\/\/medaksa.lt\/wp-content\/uploads\/2020\/11\/cropped-Medaksa_logo-png-1.png","width":512,"height":512,"caption":"Medaksa"},"image":{"@id":"https:\/\/medaksa.lt\/ru\/#\/schema\/logo\/image\/"}}]}},"_links":{"self":[{"href":"https:\/\/medaksa.lt\/ru\/wp-json\/wp\/v2\/product\/51569","targetHints":{"allow":["GET"]}}],"collection":[{"href":"https:\/\/medaksa.lt\/ru\/wp-json\/wp\/v2\/product"}],"about":[{"href":"https:\/\/medaksa.lt\/ru\/wp-json\/wp\/v2\/types\/product"}],"replies":[{"embeddable":true,"href":"https:\/\/medaksa.lt\/ru\/wp-json\/wp\/v2\/comments?post=51569"}],"wp:featuredmedia":[{"embeddable":true,"href":"https:\/\/medaksa.lt\/ru\/wp-json\/wp\/v2\/media\/51570"}],"wp:attachment":[{"href":"https:\/\/medaksa.lt\/ru\/wp-json\/wp\/v2\/media?parent=51569"}],"wp:term":[{"taxonomy":"product_brand","embeddable":true,"href":"https:\/\/medaksa.lt\/ru\/wp-json\/wp\/v2\/product_brand?post=51569"},{"taxonomy":"product_cat","embeddable":true,"href":"https:\/\/medaksa.lt\/ru\/wp-json\/wp\/v2\/product_cat?post=51569"},{"taxonomy":"product_tag","embeddable":true,"href":"https:\/\/medaksa.lt\/ru\/wp-json\/wp\/v2\/product_tag?post=51569"}],"curies":[{"name":"wp","href":"https:\/\/api.w.org\/{rel}","templated":true}]}}