{"id":51482,"date":"2025-02-13T15:09:32","date_gmt":"2025-02-13T12:09:32","guid":{"rendered":"https:\/\/medaksa.lt\/produktas\/tendo-sale\/"},"modified":"2026-04-13T23:41:41","modified_gmt":"2026-04-13T20:41:41","slug":"tendo-sale","status":"publish","type":"product","link":"https:\/\/medaksa.lt\/ru\/produktas\/tendo-sale\/","title":{"rendered":"\u0416\u0415\u041d\u0421\u041a\u0410\u042f \u041c\u0415\u0414\u0418\u0426\u0418\u041d\u0421\u041a\u0410\u042f \u0411\u041b\u0423\u0417\u0410 TENDO\u2122 SALE"},"content":{"rendered":"<p><strong>\u0415\u0421\u0422\u042c \u0412 \u041d\u0410\u041b\u0418\u0427\u0418\u0418 \u2014 \u041e\u0422\u041f\u0420\u0410\u0412\u041b\u042f\u0415\u041c \u0421\u0420\u0410\u0417\u0423<\/strong><\/p>\n<p>\u0418\u0437\u044f\u0449\u043d\u0430\u044f \u043c\u0435\u0434\u0438\u0446\u0438\u043d\u0441\u043a\u0430\u044f \u0431\u043b\u0443\u0437\u0430 \u0441 \u043a\u0440\u0443\u0433\u043b\u044b\u043c \u0432\u044b\u0440\u0435\u0437\u043e\u043c \u0438 \u044d\u043b\u0435\u0433\u0430\u043d\u0442\u043d\u044b\u043c \u043d\u0435\u0431\u043e\u043b\u044c\u0448\u0438\u043c V-\u043e\u0431\u0440\u0430\u0437\u043d\u044b\u043c \u0432\u044b\u0440\u0435\u0437\u043e\u043c.<\/p>\n<p>\u041f\u0440\u0438\u0442\u0430\u043b\u0435\u043d\u043d\u044b\u0439 \u0441\u0438\u043b\u0443\u044d\u0442 \u0438 \u0442\u0440\u0438 \u043a\u0430\u0440\u043c\u0430\u043d\u0430.<\/p>\n<p>\u0421\u0442\u0438\u043b\u044c\u043d\u0430\u044f \u0438 \u043e\u0442\u043b\u0438\u0447\u043d\u043e \u043f\u0440\u043e\u0440\u0430\u0431\u043e\u0442\u0430\u043d\u043d\u0430\u044f \u043c\u043e\u0434\u0435\u043b\u044c.<\/p>\n<p>\u041c\u0438\u043d\u0438\u043c\u0430\u043b\u044c\u043d\u043e \u043c\u043d\u0443\u0449\u0430\u044f\u0441\u044f \u0438 \u043f\u0440\u0438\u044f\u0442\u043d\u0430\u044f \u043a \u0442\u0435\u043b\u0443 \u0442\u043a\u0430\u043d\u044c.<\/p>\n<p>\u0414\u043b\u044f \u043f\u0440\u043e\u0438\u0437\u0432\u043e\u0434\u0441\u0442\u0432\u0430 \u0438\u0441\u043f\u043e\u043b\u044c\u0437\u0443\u044e\u0442\u0441\u044f \u043a\u0430\u0447\u0435\u0441\u0442\u0432\u0435\u043d\u043d\u044b\u0435 \u0442\u043a\u0430\u043d\u0438, \u0441\u0435\u0440\u0442\u0438\u0444\u0438\u0446\u0438\u0440\u043e\u0432\u0430\u043d\u043d\u044b\u0435 \u043f\u043e OEKO-TEX Standard 100.<\/p>\n","protected":false},"excerpt":{"rendered":"<p>\u0418\u0437\u044f\u0449\u043d\u0430\u044f \u043c\u0435\u0434\u0438\u0446\u0438\u043d\u0441\u043a\u0430\u044f \u0431\u043b\u0443\u0437\u0430<\/p>\n","protected":false},"featured_media":51483,"comment_status":"closed","ping_status":"closed","template":"","meta":{"_acf_changed":false},"product_brand":[],"product_cat":[21,38,328],"product_tag":[],"class_list":{"0":"post-51482","1":"product","2":"type-product","3":"status-publish","4":"has-post-thumbnail","6":"product_cat-palaidines","7":"product_cat-medicinine-apranga-moterims","8":"product_cat-medicinines-aprangos-ispardavimas","9":"pa_color-vandenynas","10":"pa_size-3xl","11":"pa_size-xxs","13":"first","14":"instock","15":"sale","16":"taxable","17":"shipping-taxable","18":"purchasable","19":"product-type-variable"},"acf":[],"yoast_head":"<!-- This site is optimized with the Yoast SEO plugin v27.4 - https:\/\/yoast.com\/product\/yoast-seo-wordpress\/ -->\n<title>Medicinin\u0117s aprangos i\u0161pardavimas | Medicininiai R\u016bbai - Medaksa<\/title>\n<meta name=\"description\" content=\"J\u016bs\u0173 pamilti medicininiai drabu\u017ei\u0173 modeliai su nuolaida. MEDAKSA - nei\u0161matuojamai stilinga med. apranga.\" \/>\n<meta name=\"robots\" content=\"index, follow, max-snippet:-1, max-image-preview:large, max-video-preview:-1\" \/>\n<link rel=\"canonical\" href=\"https:\/\/medaksa.lt\/ru\/produktas\/tendo-sale\/\" \/>\n<meta property=\"og:locale\" content=\"ru_RU\" \/>\n<meta property=\"og:type\" content=\"article\" \/>\n<meta property=\"og:title\" content=\"Medicinin\u0117s aprangos i\u0161pardavimas | Medicininiai R\u016bbai - Medaksa\" \/>\n<meta property=\"og:description\" content=\"J\u016bs\u0173 pamilti medicininiai drabu\u017ei\u0173 modeliai su nuolaida. MEDAKSA - nei\u0161matuojamai stilinga med. apranga.\" \/>\n<meta property=\"og:url\" content=\"https:\/\/medaksa.lt\/ru\/produktas\/tendo-sale\/\" \/>\n<meta property=\"og:site_name\" content=\"Medaksa\" \/>\n<meta property=\"article:modified_time\" content=\"2026-04-13T20:41:41+00:00\" \/>\n<meta property=\"og:image\" content=\"https:\/\/medaksa.lt\/wp-content\/uploads\/2023\/11\/Medaksa-10-142969-1.webp\" \/>\n\t<meta property=\"og:image:width\" content=\"1024\" \/>\n\t<meta property=\"og:image:height\" content=\"1024\" \/>\n\t<meta property=\"og:image:type\" content=\"image\/webp\" \/>\n<meta name=\"twitter:card\" content=\"summary_large_image\" \/>\n<script type=\"application\/ld+json\" class=\"yoast-schema-graph\">{\"@context\":\"https:\\\/\\\/schema.org\",\"@graph\":[{\"@type\":\"WebPage\",\"@id\":\"https:\\\/\\\/medaksa.lt\\\/ru\\\/produktas\\\/tendo-sale\\\/\",\"url\":\"https:\\\/\\\/medaksa.lt\\\/ru\\\/produktas\\\/tendo-sale\\\/\",\"name\":\"Medicinin\u0117s aprangos i\u0161pardavimas | Medicininiai R\u016bbai - Medaksa\",\"isPartOf\":{\"@id\":\"https:\\\/\\\/medaksa.lt\\\/ru\\\/#website\"},\"primaryImageOfPage\":{\"@id\":\"https:\\\/\\\/medaksa.lt\\\/ru\\\/produktas\\\/tendo-sale\\\/#primaryimage\"},\"image\":{\"@id\":\"https:\\\/\\\/medaksa.lt\\\/ru\\\/produktas\\\/tendo-sale\\\/#primaryimage\"},\"thumbnailUrl\":\"https:\\\/\\\/medaksa.lt\\\/wp-content\\\/uploads\\\/2023\\\/11\\\/Medaksa-10-142969-1.webp\",\"datePublished\":\"2025-02-13T12:09:32+00:00\",\"dateModified\":\"2026-04-13T20:41:41+00:00\",\"description\":\"J\u016bs\u0173 pamilti medicininiai drabu\u017ei\u0173 modeliai su nuolaida. MEDAKSA - nei\u0161matuojamai stilinga med. apranga.\",\"breadcrumb\":{\"@id\":\"https:\\\/\\\/medaksa.lt\\\/ru\\\/produktas\\\/tendo-sale\\\/#breadcrumb\"},\"inLanguage\":\"ru-RU\",\"potentialAction\":[{\"@type\":\"ReadAction\",\"target\":[\"https:\\\/\\\/medaksa.lt\\\/ru\\\/produktas\\\/tendo-sale\\\/\"]}]},{\"@type\":\"ImageObject\",\"inLanguage\":\"ru-RU\",\"@id\":\"https:\\\/\\\/medaksa.lt\\\/ru\\\/produktas\\\/tendo-sale\\\/#primaryimage\",\"url\":\"https:\\\/\\\/medaksa.lt\\\/wp-content\\\/uploads\\\/2023\\\/11\\\/Medaksa-10-142969-1.webp\",\"contentUrl\":\"https:\\\/\\\/medaksa.lt\\\/wp-content\\\/uploads\\\/2023\\\/11\\\/Medaksa-10-142969-1.webp\",\"width\":1024,\"height\":1024,\"caption\":\"medicinine apranga\"},{\"@type\":\"BreadcrumbList\",\"@id\":\"https:\\\/\\\/medaksa.lt\\\/ru\\\/produktas\\\/tendo-sale\\\/#breadcrumb\",\"itemListElement\":[{\"@type\":\"ListItem\",\"position\":1,\"name\":\"Home\",\"item\":\"https:\\\/\\\/medaksa.lt\\\/ru\\\/\"},{\"@type\":\"ListItem\",\"position\":2,\"name\":\"\u041c\u0430\u0433\u0430\u0437\u0438\u043d\",\"item\":\"https:\\\/\\\/medaksa.lt\\\/parduotuve\\\/\"},{\"@type\":\"ListItem\",\"position\":3,\"name\":\"\u0416\u0415\u041d\u0421\u041a\u0410\u042f \u041c\u0415\u0414\u0418\u0426\u0418\u041d\u0421\u041a\u0410\u042f \u0411\u041b\u0423\u0417\u0410 TENDO\u2122 SALE\"}]},{\"@type\":\"WebSite\",\"@id\":\"https:\\\/\\\/medaksa.lt\\\/ru\\\/#website\",\"url\":\"https:\\\/\\\/medaksa.lt\\\/ru\\\/\",\"name\":\"Medaksa\",\"description\":\"\",\"publisher\":{\"@id\":\"https:\\\/\\\/medaksa.lt\\\/ru\\\/#organization\"},\"potentialAction\":[{\"@type\":\"SearchAction\",\"target\":{\"@type\":\"EntryPoint\",\"urlTemplate\":\"https:\\\/\\\/medaksa.lt\\\/ru\\\/?s={search_term_string}\"},\"query-input\":{\"@type\":\"PropertyValueSpecification\",\"valueRequired\":true,\"valueName\":\"search_term_string\"}}],\"inLanguage\":\"ru-RU\"},{\"@type\":\"Organization\",\"@id\":\"https:\\\/\\\/medaksa.lt\\\/ru\\\/#organization\",\"name\":\"Medaksa\",\"url\":\"https:\\\/\\\/medaksa.lt\\\/ru\\\/\",\"logo\":{\"@type\":\"ImageObject\",\"inLanguage\":\"ru-RU\",\"@id\":\"https:\\\/\\\/medaksa.lt\\\/ru\\\/#\\\/schema\\\/logo\\\/image\\\/\",\"url\":\"https:\\\/\\\/medaksa.lt\\\/wp-content\\\/uploads\\\/2020\\\/11\\\/cropped-Medaksa_logo-png-1.png\",\"contentUrl\":\"https:\\\/\\\/medaksa.lt\\\/wp-content\\\/uploads\\\/2020\\\/11\\\/cropped-Medaksa_logo-png-1.png\",\"width\":512,\"height\":512,\"caption\":\"Medaksa\"},\"image\":{\"@id\":\"https:\\\/\\\/medaksa.lt\\\/ru\\\/#\\\/schema\\\/logo\\\/image\\\/\"}}]}<\/script>\n<!-- \/ Yoast SEO plugin. -->","yoast_head_json":{"title":"Medicinin\u0117s aprangos i\u0161pardavimas | Medicininiai R\u016bbai - Medaksa","description":"J\u016bs\u0173 pamilti medicininiai drabu\u017ei\u0173 modeliai su nuolaida. MEDAKSA - nei\u0161matuojamai stilinga med. apranga.","robots":{"index":"index","follow":"follow","max-snippet":"max-snippet:-1","max-image-preview":"max-image-preview:large","max-video-preview":"max-video-preview:-1"},"canonical":"https:\/\/medaksa.lt\/ru\/produktas\/tendo-sale\/","og_locale":"ru_RU","og_type":"article","og_title":"Medicinin\u0117s aprangos i\u0161pardavimas | Medicininiai R\u016bbai - Medaksa","og_description":"J\u016bs\u0173 pamilti medicininiai drabu\u017ei\u0173 modeliai su nuolaida. MEDAKSA - nei\u0161matuojamai stilinga med. apranga.","og_url":"https:\/\/medaksa.lt\/ru\/produktas\/tendo-sale\/","og_site_name":"Medaksa","article_modified_time":"2026-04-13T20:41:41+00:00","og_image":[{"width":1024,"height":1024,"url":"https:\/\/medaksa.lt\/wp-content\/uploads\/2023\/11\/Medaksa-10-142969-1.webp","type":"image\/webp"}],"twitter_card":"summary_large_image","schema":{"@context":"https:\/\/schema.org","@graph":[{"@type":"WebPage","@id":"https:\/\/medaksa.lt\/ru\/produktas\/tendo-sale\/","url":"https:\/\/medaksa.lt\/ru\/produktas\/tendo-sale\/","name":"Medicinin\u0117s aprangos i\u0161pardavimas | Medicininiai R\u016bbai - Medaksa","isPartOf":{"@id":"https:\/\/medaksa.lt\/ru\/#website"},"primaryImageOfPage":{"@id":"https:\/\/medaksa.lt\/ru\/produktas\/tendo-sale\/#primaryimage"},"image":{"@id":"https:\/\/medaksa.lt\/ru\/produktas\/tendo-sale\/#primaryimage"},"thumbnailUrl":"https:\/\/medaksa.lt\/wp-content\/uploads\/2023\/11\/Medaksa-10-142969-1.webp","datePublished":"2025-02-13T12:09:32+00:00","dateModified":"2026-04-13T20:41:41+00:00","description":"J\u016bs\u0173 pamilti medicininiai drabu\u017ei\u0173 modeliai su nuolaida. MEDAKSA - nei\u0161matuojamai stilinga med. apranga.","breadcrumb":{"@id":"https:\/\/medaksa.lt\/ru\/produktas\/tendo-sale\/#breadcrumb"},"inLanguage":"ru-RU","potentialAction":[{"@type":"ReadAction","target":["https:\/\/medaksa.lt\/ru\/produktas\/tendo-sale\/"]}]},{"@type":"ImageObject","inLanguage":"ru-RU","@id":"https:\/\/medaksa.lt\/ru\/produktas\/tendo-sale\/#primaryimage","url":"https:\/\/medaksa.lt\/wp-content\/uploads\/2023\/11\/Medaksa-10-142969-1.webp","contentUrl":"https:\/\/medaksa.lt\/wp-content\/uploads\/2023\/11\/Medaksa-10-142969-1.webp","width":1024,"height":1024,"caption":"medicinine apranga"},{"@type":"BreadcrumbList","@id":"https:\/\/medaksa.lt\/ru\/produktas\/tendo-sale\/#breadcrumb","itemListElement":[{"@type":"ListItem","position":1,"name":"Home","item":"https:\/\/medaksa.lt\/ru\/"},{"@type":"ListItem","position":2,"name":"\u041c\u0430\u0433\u0430\u0437\u0438\u043d","item":"https:\/\/medaksa.lt\/parduotuve\/"},{"@type":"ListItem","position":3,"name":"\u0416\u0415\u041d\u0421\u041a\u0410\u042f \u041c\u0415\u0414\u0418\u0426\u0418\u041d\u0421\u041a\u0410\u042f \u0411\u041b\u0423\u0417\u0410 TENDO\u2122 SALE"}]},{"@type":"WebSite","@id":"https:\/\/medaksa.lt\/ru\/#website","url":"https:\/\/medaksa.lt\/ru\/","name":"Medaksa","description":"","publisher":{"@id":"https:\/\/medaksa.lt\/ru\/#organization"},"potentialAction":[{"@type":"SearchAction","target":{"@type":"EntryPoint","urlTemplate":"https:\/\/medaksa.lt\/ru\/?s={search_term_string}"},"query-input":{"@type":"PropertyValueSpecification","valueRequired":true,"valueName":"search_term_string"}}],"inLanguage":"ru-RU"},{"@type":"Organization","@id":"https:\/\/medaksa.lt\/ru\/#organization","name":"Medaksa","url":"https:\/\/medaksa.lt\/ru\/","logo":{"@type":"ImageObject","inLanguage":"ru-RU","@id":"https:\/\/medaksa.lt\/ru\/#\/schema\/logo\/image\/","url":"https:\/\/medaksa.lt\/wp-content\/uploads\/2020\/11\/cropped-Medaksa_logo-png-1.png","contentUrl":"https:\/\/medaksa.lt\/wp-content\/uploads\/2020\/11\/cropped-Medaksa_logo-png-1.png","width":512,"height":512,"caption":"Medaksa"},"image":{"@id":"https:\/\/medaksa.lt\/ru\/#\/schema\/logo\/image\/"}}]}},"_links":{"self":[{"href":"https:\/\/medaksa.lt\/ru\/wp-json\/wp\/v2\/product\/51482","targetHints":{"allow":["GET"]}}],"collection":[{"href":"https:\/\/medaksa.lt\/ru\/wp-json\/wp\/v2\/product"}],"about":[{"href":"https:\/\/medaksa.lt\/ru\/wp-json\/wp\/v2\/types\/product"}],"replies":[{"embeddable":true,"href":"https:\/\/medaksa.lt\/ru\/wp-json\/wp\/v2\/comments?post=51482"}],"wp:featuredmedia":[{"embeddable":true,"href":"https:\/\/medaksa.lt\/ru\/wp-json\/wp\/v2\/media\/51483"}],"wp:attachment":[{"href":"https:\/\/medaksa.lt\/ru\/wp-json\/wp\/v2\/media?parent=51482"}],"wp:term":[{"taxonomy":"product_brand","embeddable":true,"href":"https:\/\/medaksa.lt\/ru\/wp-json\/wp\/v2\/product_brand?post=51482"},{"taxonomy":"product_cat","embeddable":true,"href":"https:\/\/medaksa.lt\/ru\/wp-json\/wp\/v2\/product_cat?post=51482"},{"taxonomy":"product_tag","embeddable":true,"href":"https:\/\/medaksa.lt\/ru\/wp-json\/wp\/v2\/product_tag?post=51482"}],"curies":[{"name":"wp","href":"https:\/\/api.w.org\/{rel}","templated":true}]}}