{"id":51259,"date":"2024-12-11T00:04:50","date_gmt":"2024-12-10T21:04:50","guid":{"rendered":"https:\/\/medaksa.lt\/produktas\/terra\/"},"modified":"2026-04-13T23:40:27","modified_gmt":"2026-04-13T20:40:27","slug":"terra","status":"publish","type":"product","link":"https:\/\/medaksa.lt\/ru\/produktas\/terra\/","title":{"rendered":"\u0416\u0415\u041d\u0421\u041a\u0410\u042f \u041c\u0415\u0414\u0418\u0426\u0418\u041d\u0421\u041a\u0410\u042f \u0411\u041b\u0423\u0417\u0410 TERRA\u2122"},"content":{"rendered":"<p><b>\u041f\u0440\u0435\u0434\u0437\u0430\u043a\u0430\u0437. \u041f\u043e\u0441\u043b\u0435 \u043e\u0444\u043e\u0440\u043c\u043b\u0435\u043d\u0438\u044f \u0437\u0430\u043a\u0430\u0437 \u043f\u0435\u0440\u0435\u0434\u0430\u0451\u0442\u0441\u044f \u0432 \u0430\u0442\u0435\u043b\u044c\u0435 \u0438 \u043d\u0430\u0447\u0438\u043d\u0430\u0435\u0442 \u0432\u044b\u043f\u043e\u043b\u043d\u044f\u0442\u044c\u0441\u044f. \u041e\u0434\u0435\u0436\u0434\u0430 \u0448\u044c\u0451\u0442\u0441\u044f \u0432 \u041b\u0438\u0442\u0432\u0435. \u0421\u0440\u043e\u043a \u0432\u044b\u043f\u043e\u043b\u043d\u0435\u043d\u0438\u044f \u0437\u0430\u043a\u0430\u0437\u0430 15\u201320 \u0440\u0430\u0431\u043e\u0447\u0438\u0445 \u0434\u043d\u0435\u0439.<\/b><\/p>\n<p>\u041c\u0435\u0434\u0438\u0446\u0438\u043d\u0441\u043a\u0430\u044f \u0444\u0443\u0442\u0431\u043e\u043b\u043a\u0430 \u043f\u043e\u043b\u043e \u043f\u0440\u0438\u0431\u044b\u0432\u0430\u0435\u0442 \u0432 \u0432\u0430\u0448 \u0440\u0430\u0431\u043e\u0447\u0438\u0439 \u0433\u0430\u0440\u0434\u0435\u0440\u043e\u0431. \u041e\u0442\u043b\u0438\u0447\u043d\u043e \u0441\u043e\u0447\u0435\u0442\u0430\u0435\u0442\u0441\u044f \u0441 \u0443\u0436\u0435 \u0438\u043c\u0435\u044e\u0449\u0438\u043c\u0438\u0441\u044f \u0431\u0440\u044e\u043a\u0430\u043c\u0438 <a href=\"https:\/\/medaksa.lt\/ru\/produktas\/tamen\/\"><b>TAMEN<\/b><\/a>, <a href=\"https:\/\/medaksa.lt\/ru\/produktas\/aura\/\"><b>AURA<\/b><\/a> \u0438 <a href=\"https:\/\/medaksa.lt\/ru\/produktas\/ignis\/\"><b>IGNIS<\/b><\/a><\/p>\n<ul>\n<li>\u0414\u0432\u0430 \u0443\u0434\u043e\u0431\u043d\u044b\u0445 \u043a\u0430\u0440\u043c\u0430\u043d\u0430 \u2014 \u0441\u0430\u043c\u043e\u0435 \u043d\u0435\u043e\u0431\u0445\u043e\u0434\u0438\u043c\u043e\u0435 \u0432\u0441\u0435\u0433\u0434\u0430 \u0440\u044f\u0434\u043e\u043c.<\/li>\n<li>\u0420\u0430\u0437\u0440\u0435\u0437\u044b \u0432 \u043e\u0431\u043b\u0430\u0441\u0442\u0438 \u0431\u0451\u0434\u0435\u0440 \u043f\u043e\u0437\u0432\u043e\u043b\u044f\u0442 \u0447\u0443\u0432\u0441\u0442\u0432\u043e\u0432\u0430\u0442\u044c \u0441\u0435\u0431\u044f \u043c\u0430\u043a\u0441\u0438\u043c\u0430\u043b\u044c\u043d\u043e \u043a\u043e\u043c\u0444\u043e\u0440\u0442\u043d\u043e \u0438 \u043d\u0435 \u0431\u0443\u0434\u0443\u0442 \u0441\u043a\u043e\u0432\u044b\u0432\u0430\u0442\u044c \u0434\u0432\u0438\u0436\u0435\u043d\u0438\u044f.<\/li>\n<li>\u0414\u043b\u044f \u043f\u0440\u043e\u0438\u0437\u0432\u043e\u0434\u0441\u0442\u0432\u0430 \u0438\u0441\u043f\u043e\u043b\u044c\u0437\u0443\u044e\u0442\u0441\u044f \u043a\u0430\u0447\u0435\u0441\u0442\u0432\u0435\u043d\u043d\u044b\u0435 \u0442\u043a\u0430\u043d\u0438, \u0441\u0435\u0440\u0442\u0438\u0444\u0438\u0446\u0438\u0440\u043e\u0432\u0430\u043d\u043d\u044b\u0435 \u043f\u043e OEKO-TEX Standard 100.<\/li>\n<\/ul>\n","protected":false},"excerpt":{"rendered":"<p>\u041a\u043b\u0430\u0441\u0441\u0438\u0447\u0435\u0441\u043a\u0430\u044f \u043c\u0435\u0434\u0438\u0446\u0438\u043d\u0441\u043a\u0430\u044f \u0431\u043b\u0443\u0437\u0430 \u043f\u043e\u043b\u043e<\/p>\n","protected":false},"featured_media":51260,"comment_status":"closed","ping_status":"closed","template":"","meta":{"_acf_changed":false},"product_brand":[],"product_cat":[21,70,38,97],"product_tag":[],"class_list":{"0":"post-51259","1":"product","2":"type-product","3":"status-publish","4":"has-post-thumbnail","6":"product_cat-palaidines","7":"product_cat-klasikines-palaidines-moterims","8":"product_cat-medicinine-apranga-moterims","9":"product_cat-nauja-kolekcija","10":"pa_color-balta","11":"pa_color-betonas","12":"pa_color-latte","13":"pa_color-dangus","14":"pa_color-oniksas","15":"pa_color-rasalai","16":"pa_size-2xl","17":"pa_size-3xl","18":"pa_size-l","19":"pa_size-m","20":"pa_size-s","21":"pa_size-xl","22":"pa_size-xs","24":"first","25":"instock","26":"taxable","27":"shipping-taxable","28":"purchasable","29":"product-type-variable"},"acf":[],"yoast_head":"<!-- This site is optimized with the Yoast SEO plugin v27.4 - https:\/\/yoast.com\/product\/yoast-seo-wordpress\/ -->\n<title>Medicinin\u0117 Polo Palaidin\u0117 TERRA | Medicininiai R\u016bbai - Medaksa<\/title>\n<meta name=\"description\" content=\"Polo medicininiai mar\u0161kin\u0117liai. MEDAKSA - nei\u0161matuojamai stilinga med. apranga.\" \/>\n<meta name=\"robots\" content=\"index, follow, max-snippet:-1, max-image-preview:large, max-video-preview:-1\" \/>\n<link rel=\"canonical\" href=\"https:\/\/medaksa.lt\/ru\/produktas\/terra\/\" \/>\n<meta property=\"og:locale\" content=\"ru_RU\" \/>\n<meta property=\"og:type\" content=\"article\" \/>\n<meta property=\"og:title\" content=\"Medicinin\u0117 Polo Palaidin\u0117 TERRA | Medicininiai R\u016bbai - Medaksa\" \/>\n<meta property=\"og:description\" content=\"Polo medicininiai mar\u0161kin\u0117liai. MEDAKSA - nei\u0161matuojamai stilinga med. apranga.\" \/>\n<meta property=\"og:url\" content=\"https:\/\/medaksa.lt\/ru\/produktas\/terra\/\" \/>\n<meta property=\"og:site_name\" content=\"Medaksa\" \/>\n<meta property=\"article:modified_time\" content=\"2026-04-13T20:40:27+00:00\" \/>\n<meta property=\"og:image\" content=\"https:\/\/medaksa.lt\/wp-content\/uploads\/2024\/12\/Medaksa-11-2110352.webp\" \/>\n\t<meta property=\"og:image:width\" content=\"1024\" \/>\n\t<meta property=\"og:image:height\" content=\"1024\" \/>\n\t<meta property=\"og:image:type\" content=\"image\/webp\" \/>\n<meta name=\"twitter:card\" content=\"summary_large_image\" \/>\n<script type=\"application\/ld+json\" class=\"yoast-schema-graph\">{\"@context\":\"https:\\\/\\\/schema.org\",\"@graph\":[{\"@type\":\"WebPage\",\"@id\":\"https:\\\/\\\/medaksa.lt\\\/ru\\\/produktas\\\/terra\\\/\",\"url\":\"https:\\\/\\\/medaksa.lt\\\/ru\\\/produktas\\\/terra\\\/\",\"name\":\"Medicinin\u0117 Polo Palaidin\u0117 TERRA | Medicininiai R\u016bbai - Medaksa\",\"isPartOf\":{\"@id\":\"https:\\\/\\\/medaksa.lt\\\/ru\\\/#website\"},\"primaryImageOfPage\":{\"@id\":\"https:\\\/\\\/medaksa.lt\\\/ru\\\/produktas\\\/terra\\\/#primaryimage\"},\"image\":{\"@id\":\"https:\\\/\\\/medaksa.lt\\\/ru\\\/produktas\\\/terra\\\/#primaryimage\"},\"thumbnailUrl\":\"https:\\\/\\\/medaksa.lt\\\/wp-content\\\/uploads\\\/2024\\\/12\\\/Medaksa-11-2110352.webp\",\"datePublished\":\"2024-12-10T21:04:50+00:00\",\"dateModified\":\"2026-04-13T20:40:27+00:00\",\"description\":\"Polo medicininiai mar\u0161kin\u0117liai. MEDAKSA - nei\u0161matuojamai stilinga med. apranga.\",\"breadcrumb\":{\"@id\":\"https:\\\/\\\/medaksa.lt\\\/ru\\\/produktas\\\/terra\\\/#breadcrumb\"},\"inLanguage\":\"ru-RU\",\"potentialAction\":[{\"@type\":\"ReadAction\",\"target\":[\"https:\\\/\\\/medaksa.lt\\\/ru\\\/produktas\\\/terra\\\/\"]}]},{\"@type\":\"ImageObject\",\"inLanguage\":\"ru-RU\",\"@id\":\"https:\\\/\\\/medaksa.lt\\\/ru\\\/produktas\\\/terra\\\/#primaryimage\",\"url\":\"https:\\\/\\\/medaksa.lt\\\/wp-content\\\/uploads\\\/2024\\\/12\\\/Medaksa-11-2110352.webp\",\"contentUrl\":\"https:\\\/\\\/medaksa.lt\\\/wp-content\\\/uploads\\\/2024\\\/12\\\/Medaksa-11-2110352.webp\",\"width\":1024,\"height\":1024,\"caption\":\"Produck\\\/Product photography studio\"},{\"@type\":\"BreadcrumbList\",\"@id\":\"https:\\\/\\\/medaksa.lt\\\/ru\\\/produktas\\\/terra\\\/#breadcrumb\",\"itemListElement\":[{\"@type\":\"ListItem\",\"position\":1,\"name\":\"Home\",\"item\":\"https:\\\/\\\/medaksa.lt\\\/ru\\\/\"},{\"@type\":\"ListItem\",\"position\":2,\"name\":\"\u041c\u0430\u0433\u0430\u0437\u0438\u043d\",\"item\":\"https:\\\/\\\/medaksa.lt\\\/parduotuve\\\/\"},{\"@type\":\"ListItem\",\"position\":3,\"name\":\"\u0416\u0415\u041d\u0421\u041a\u0410\u042f \u041c\u0415\u0414\u0418\u0426\u0418\u041d\u0421\u041a\u0410\u042f \u0411\u041b\u0423\u0417\u0410 TERRA\u2122\"}]},{\"@type\":\"WebSite\",\"@id\":\"https:\\\/\\\/medaksa.lt\\\/ru\\\/#website\",\"url\":\"https:\\\/\\\/medaksa.lt\\\/ru\\\/\",\"name\":\"Medaksa\",\"description\":\"\",\"publisher\":{\"@id\":\"https:\\\/\\\/medaksa.lt\\\/ru\\\/#organization\"},\"potentialAction\":[{\"@type\":\"SearchAction\",\"target\":{\"@type\":\"EntryPoint\",\"urlTemplate\":\"https:\\\/\\\/medaksa.lt\\\/ru\\\/?s={search_term_string}\"},\"query-input\":{\"@type\":\"PropertyValueSpecification\",\"valueRequired\":true,\"valueName\":\"search_term_string\"}}],\"inLanguage\":\"ru-RU\"},{\"@type\":\"Organization\",\"@id\":\"https:\\\/\\\/medaksa.lt\\\/ru\\\/#organization\",\"name\":\"Medaksa\",\"url\":\"https:\\\/\\\/medaksa.lt\\\/ru\\\/\",\"logo\":{\"@type\":\"ImageObject\",\"inLanguage\":\"ru-RU\",\"@id\":\"https:\\\/\\\/medaksa.lt\\\/ru\\\/#\\\/schema\\\/logo\\\/image\\\/\",\"url\":\"https:\\\/\\\/medaksa.lt\\\/wp-content\\\/uploads\\\/2020\\\/11\\\/cropped-Medaksa_logo-png-1.png\",\"contentUrl\":\"https:\\\/\\\/medaksa.lt\\\/wp-content\\\/uploads\\\/2020\\\/11\\\/cropped-Medaksa_logo-png-1.png\",\"width\":512,\"height\":512,\"caption\":\"Medaksa\"},\"image\":{\"@id\":\"https:\\\/\\\/medaksa.lt\\\/ru\\\/#\\\/schema\\\/logo\\\/image\\\/\"}}]}<\/script>\n<!-- \/ Yoast SEO plugin. -->","yoast_head_json":{"title":"Medicinin\u0117 Polo Palaidin\u0117 TERRA | Medicininiai R\u016bbai - Medaksa","description":"Polo medicininiai mar\u0161kin\u0117liai. MEDAKSA - nei\u0161matuojamai stilinga med. apranga.","robots":{"index":"index","follow":"follow","max-snippet":"max-snippet:-1","max-image-preview":"max-image-preview:large","max-video-preview":"max-video-preview:-1"},"canonical":"https:\/\/medaksa.lt\/ru\/produktas\/terra\/","og_locale":"ru_RU","og_type":"article","og_title":"Medicinin\u0117 Polo Palaidin\u0117 TERRA | Medicininiai R\u016bbai - Medaksa","og_description":"Polo medicininiai mar\u0161kin\u0117liai. MEDAKSA - nei\u0161matuojamai stilinga med. apranga.","og_url":"https:\/\/medaksa.lt\/ru\/produktas\/terra\/","og_site_name":"Medaksa","article_modified_time":"2026-04-13T20:40:27+00:00","og_image":[{"width":1024,"height":1024,"url":"https:\/\/medaksa.lt\/wp-content\/uploads\/2024\/12\/Medaksa-11-2110352.webp","type":"image\/webp"}],"twitter_card":"summary_large_image","schema":{"@context":"https:\/\/schema.org","@graph":[{"@type":"WebPage","@id":"https:\/\/medaksa.lt\/ru\/produktas\/terra\/","url":"https:\/\/medaksa.lt\/ru\/produktas\/terra\/","name":"Medicinin\u0117 Polo Palaidin\u0117 TERRA | Medicininiai R\u016bbai - Medaksa","isPartOf":{"@id":"https:\/\/medaksa.lt\/ru\/#website"},"primaryImageOfPage":{"@id":"https:\/\/medaksa.lt\/ru\/produktas\/terra\/#primaryimage"},"image":{"@id":"https:\/\/medaksa.lt\/ru\/produktas\/terra\/#primaryimage"},"thumbnailUrl":"https:\/\/medaksa.lt\/wp-content\/uploads\/2024\/12\/Medaksa-11-2110352.webp","datePublished":"2024-12-10T21:04:50+00:00","dateModified":"2026-04-13T20:40:27+00:00","description":"Polo medicininiai mar\u0161kin\u0117liai. MEDAKSA - nei\u0161matuojamai stilinga med. apranga.","breadcrumb":{"@id":"https:\/\/medaksa.lt\/ru\/produktas\/terra\/#breadcrumb"},"inLanguage":"ru-RU","potentialAction":[{"@type":"ReadAction","target":["https:\/\/medaksa.lt\/ru\/produktas\/terra\/"]}]},{"@type":"ImageObject","inLanguage":"ru-RU","@id":"https:\/\/medaksa.lt\/ru\/produktas\/terra\/#primaryimage","url":"https:\/\/medaksa.lt\/wp-content\/uploads\/2024\/12\/Medaksa-11-2110352.webp","contentUrl":"https:\/\/medaksa.lt\/wp-content\/uploads\/2024\/12\/Medaksa-11-2110352.webp","width":1024,"height":1024,"caption":"Produck\/Product photography studio"},{"@type":"BreadcrumbList","@id":"https:\/\/medaksa.lt\/ru\/produktas\/terra\/#breadcrumb","itemListElement":[{"@type":"ListItem","position":1,"name":"Home","item":"https:\/\/medaksa.lt\/ru\/"},{"@type":"ListItem","position":2,"name":"\u041c\u0430\u0433\u0430\u0437\u0438\u043d","item":"https:\/\/medaksa.lt\/parduotuve\/"},{"@type":"ListItem","position":3,"name":"\u0416\u0415\u041d\u0421\u041a\u0410\u042f \u041c\u0415\u0414\u0418\u0426\u0418\u041d\u0421\u041a\u0410\u042f \u0411\u041b\u0423\u0417\u0410 TERRA\u2122"}]},{"@type":"WebSite","@id":"https:\/\/medaksa.lt\/ru\/#website","url":"https:\/\/medaksa.lt\/ru\/","name":"Medaksa","description":"","publisher":{"@id":"https:\/\/medaksa.lt\/ru\/#organization"},"potentialAction":[{"@type":"SearchAction","target":{"@type":"EntryPoint","urlTemplate":"https:\/\/medaksa.lt\/ru\/?s={search_term_string}"},"query-input":{"@type":"PropertyValueSpecification","valueRequired":true,"valueName":"search_term_string"}}],"inLanguage":"ru-RU"},{"@type":"Organization","@id":"https:\/\/medaksa.lt\/ru\/#organization","name":"Medaksa","url":"https:\/\/medaksa.lt\/ru\/","logo":{"@type":"ImageObject","inLanguage":"ru-RU","@id":"https:\/\/medaksa.lt\/ru\/#\/schema\/logo\/image\/","url":"https:\/\/medaksa.lt\/wp-content\/uploads\/2020\/11\/cropped-Medaksa_logo-png-1.png","contentUrl":"https:\/\/medaksa.lt\/wp-content\/uploads\/2020\/11\/cropped-Medaksa_logo-png-1.png","width":512,"height":512,"caption":"Medaksa"},"image":{"@id":"https:\/\/medaksa.lt\/ru\/#\/schema\/logo\/image\/"}}]}},"_links":{"self":[{"href":"https:\/\/medaksa.lt\/ru\/wp-json\/wp\/v2\/product\/51259","targetHints":{"allow":["GET"]}}],"collection":[{"href":"https:\/\/medaksa.lt\/ru\/wp-json\/wp\/v2\/product"}],"about":[{"href":"https:\/\/medaksa.lt\/ru\/wp-json\/wp\/v2\/types\/product"}],"replies":[{"embeddable":true,"href":"https:\/\/medaksa.lt\/ru\/wp-json\/wp\/v2\/comments?post=51259"}],"wp:featuredmedia":[{"embeddable":true,"href":"https:\/\/medaksa.lt\/ru\/wp-json\/wp\/v2\/media\/51260"}],"wp:attachment":[{"href":"https:\/\/medaksa.lt\/ru\/wp-json\/wp\/v2\/media?parent=51259"}],"wp:term":[{"taxonomy":"product_brand","embeddable":true,"href":"https:\/\/medaksa.lt\/ru\/wp-json\/wp\/v2\/product_brand?post=51259"},{"taxonomy":"product_cat","embeddable":true,"href":"https:\/\/medaksa.lt\/ru\/wp-json\/wp\/v2\/product_cat?post=51259"},{"taxonomy":"product_tag","embeddable":true,"href":"https:\/\/medaksa.lt\/ru\/wp-json\/wp\/v2\/product_tag?post=51259"}],"curies":[{"name":"wp","href":"https:\/\/api.w.org\/{rel}","templated":true}]}}