{"id":50532,"date":"2022-04-21T14:27:33","date_gmt":"2022-04-21T11:27:33","guid":{"rendered":"https:\/\/medaksa.lt\/produktas\/masculum\/"},"modified":"2026-04-13T23:38:20","modified_gmt":"2026-04-13T20:38:20","slug":"masculum","status":"publish","type":"product","link":"https:\/\/medaksa.lt\/ru\/produktas\/masculum\/","title":{"rendered":"\u041c\u0435\u0434\u0438\u0446\u0438\u043d\u0441\u043a\u0438\u0439 \u043c\u0443\u0436\u0441\u043a\u043e\u0439 \u0445\u0430\u043b\u0430\u0442 MASCULUM\u2122"},"content":{"rendered":"<p><b>\u041f\u0440\u0435\u0434\u0437\u0430\u043a\u0430\u0437. \u041f\u043e\u0441\u043b\u0435 \u043e\u0444\u043e\u0440\u043c\u043b\u0435\u043d\u0438\u044f \u0437\u0430\u043a\u0430\u0437 \u043f\u0435\u0440\u0435\u0434\u0430\u0451\u0442\u0441\u044f \u0432 \u0430\u0442\u0435\u043b\u044c\u0435 \u0438 \u043d\u0430\u0447\u0438\u043d\u0430\u0435\u0442 \u0432\u044b\u043f\u043e\u043b\u043d\u044f\u0442\u044c\u0441\u044f. \u041e\u0434\u0435\u0436\u0434\u0430 \u0448\u044c\u0451\u0442\u0441\u044f \u0432 \u041b\u0438\u0442\u0432\u0435. \u0421\u0440\u043e\u043a \u0432\u044b\u043f\u043e\u043b\u043d\u0435\u043d\u0438\u044f \u0437\u0430\u043a\u0430\u0437\u0430 15\u201320 \u0440\u0430\u0431\u043e\u0447\u0438\u0445 \u0434\u043d\u0435\u0439.<\/b><\/p>\n<p><p>\u041a\u043b\u0430\u0441\u0441\u0438\u0447\u0435\u0441\u043a\u0438\u0439 \u043f\u0440\u0438\u0442\u0430\u043b\u0435\u043d\u043d\u044b\u0439 \u0445\u0430\u043b\u0430\u0442 \u0434\u043b\u044f \u043f\u043e\u0432\u0441\u0435\u0434\u043d\u0435\u0432\u043d\u043e\u0439 \u0440\u0430\u0431\u043e\u0442\u044b. V-\u043e\u0431\u0440\u0430\u0437\u043d\u044b\u0439 \u0432\u043e\u0440\u043e\u0442\u043d\u0438\u043a.<\/p>\n<p><p>\u042d\u043b\u0430\u0441\u0442\u0438\u0447\u043d\u0430\u044f \u0438 \u0434\u044b\u0448\u0430\u0449\u0430\u044f \u0442\u043a\u0430\u043d\u044c. \u041c\u0438\u043d\u0438\u043c\u0430\u043b\u044c\u043d\u043e\u0435 \u0441\u043c\u0438\u043d\u0430\u043d\u0438\u0435 \u0433\u0430\u0440\u0430\u043d\u0442\u0438\u0440\u043e\u0432\u0430\u043d\u043e.<\/p>\n<p><p>\u0424\u0443\u043d\u043a\u0446\u0438\u043e\u043d\u0430\u043b\u044c\u043d\u044b\u0439 \u0438 \u043b\u0435\u0433\u043a\u043e \u0430\u0434\u0430\u043f\u0442\u0438\u0440\u0443\u0435\u043c\u044b\u0439. \u0422\u0421\u0421\u2026 \u0412 \u044d\u0442\u043e\u043c \u0445\u0430\u043b\u0430\u0442\u0435 \u0446\u0435\u043b\u044b\u0445 \u043f\u044f\u0442\u044c \u043a\u0430\u0440\u043c\u0430\u043d\u043e\u0432!<\/p>\n<p><p>\u041e\u0434\u0438\u043d \u043d\u0430 \u0433\u0440\u0443\u0434\u0438, \u0434\u0432\u0430 \u0432 \u0443\u0434\u043e\u0431\u043d\u043e\u043c \u043f\u043e\u043b\u043e\u0436\u0435\u043d\u0438\u0438 \u043d\u0430 \u0431\u0451\u0434\u0440\u0430\u0445 \u0441\u043d\u0430\u0440\u0443\u0436\u0438 \u0445\u0430\u043b\u0430\u0442\u0430 \u0438 \u043e\u0434\u0438\u043d \u0441 \u0432\u043d\u0443\u0442\u0440\u0435\u043d\u043d\u0435\u0439 \u0441\u0442\u043e\u0440\u043e\u043d\u044b \u2014 \u0432\u0441\u0451 \u043d\u0435\u043e\u0431\u0445\u043e\u0434\u0438\u043c\u043e\u0435 \u0432\u0441\u0435\u0433\u0434\u0430 \u0431\u0443\u0434\u0435\u0442 \u043f\u043e\u0434 \u0440\u0443\u043a\u043e\u0439.<\/p>\n<p><p>\u0414\u043b\u044f \u043f\u0440\u043e\u0438\u0437\u0432\u043e\u0434\u0441\u0442\u0432\u0430 \u0438\u0441\u043f\u043e\u043b\u044c\u0437\u0443\u044e\u0442\u0441\u044f \u043a\u0430\u0447\u0435\u0441\u0442\u0432\u0435\u043d\u043d\u044b\u0435 \u0442\u043a\u0430\u043d\u0438, \u0441\u0435\u0440\u0442\u0438\u0444\u0438\u0446\u0438\u0440\u043e\u0432\u0430\u043d\u043d\u044b\u0435 \u043f\u043e OEKO-TEX Standard 100.<\/p>\n<p>\n","protected":false},"excerpt":{"rendered":"<p>\u041c\u0435\u0434\u0438\u0446\u0438\u043d\u0441\u043a\u0438\u0439 \u043c\u0443\u0436\u0441\u043a\u043e\u0439 \u0445\u0430\u043b\u0430\u0442<\/p>\n","protected":false},"featured_media":50533,"comment_status":"closed","ping_status":"closed","template":"","meta":{"_acf_changed":false},"product_brand":[],"product_cat":[353,413],"product_tag":[],"class_list":{"0":"post-50532","1":"product","2":"type-product","3":"status-publish","4":"has-post-thumbnail","6":"product_cat-medicinskaya-odezhda-muzhchiny","7":"product_cat-chalatai-vyrams-ru","8":"pa_color-balta-ru","9":"pa_size-2xl","10":"pa_size-3xl","11":"pa_size-4xl","12":"pa_size-l","13":"pa_size-m","14":"pa_size-s","15":"pa_size-xl","16":"pa_size-xs","18":"first","19":"instock","20":"taxable","21":"shipping-taxable","22":"purchasable","23":"product-type-variable","24":"has-default-attributes"},"acf":[],"yoast_head":"<!-- This site is optimized with the Yoast SEO plugin v27.4 - https:\/\/yoast.com\/product\/yoast-seo-wordpress\/ -->\n<title>Medicininis Chalatas \u041c\u0435\u0434\u0438\u0446\u0438\u043d\u0441\u043a\u0438\u0439 \u043c\u0443\u0436\u0441\u043a\u043e\u0439 \u0445\u0430\u043b\u0430\u0442 MASCULUM\u2122 | Medicininiai r\u016bbai - Medaksa<\/title>\n<meta name=\"description\" content=\"Vyri\u0161kas medicininis chalatas Masculum\u2122. Klasikinis \u012eliemenuotas chalatas kasdieniam darbui. V formos apykakl\u0117, \u0161velnus vidinis apkra\u0161tavimas\" \/>\n<meta name=\"robots\" content=\"index, follow, max-snippet:-1, max-image-preview:large, max-video-preview:-1\" \/>\n<link rel=\"canonical\" href=\"https:\/\/medaksa.lt\/ru\/produktas\/masculum\/\" \/>\n<meta property=\"og:locale\" content=\"ru_RU\" \/>\n<meta property=\"og:type\" content=\"article\" \/>\n<meta property=\"og:title\" content=\"Medaksa\" \/>\n<meta property=\"og:description\" content=\"Medaksa\" \/>\n<meta property=\"og:url\" content=\"https:\/\/medaksa.lt\/ru\/produktas\/masculum\/\" \/>\n<meta property=\"og:site_name\" content=\"Medaksa\" \/>\n<meta property=\"article:modified_time\" content=\"2026-04-13T20:38:20+00:00\" \/>\n<meta property=\"og:image\" content=\"http:\/\/medaksa.lt\/wp-content\/uploads\/2020\/11\/cropped-Medaksa_logo-png-1-300x300.png\" \/>\n<meta name=\"twitter:card\" content=\"summary_large_image\" \/>\n<script type=\"application\/ld+json\" class=\"yoast-schema-graph\">{\"@context\":\"https:\\\/\\\/schema.org\",\"@graph\":[{\"@type\":\"WebPage\",\"@id\":\"https:\\\/\\\/medaksa.lt\\\/ru\\\/produktas\\\/masculum\\\/\",\"url\":\"https:\\\/\\\/medaksa.lt\\\/ru\\\/produktas\\\/masculum\\\/\",\"name\":\"Medicininis Chalatas \u041c\u0435\u0434\u0438\u0446\u0438\u043d\u0441\u043a\u0438\u0439 \u043c\u0443\u0436\u0441\u043a\u043e\u0439 \u0445\u0430\u043b\u0430\u0442 MASCULUM\u2122 | Medicininiai r\u016bbai - Medaksa\",\"isPartOf\":{\"@id\":\"https:\\\/\\\/medaksa.lt\\\/ru\\\/#website\"},\"primaryImageOfPage\":{\"@id\":\"https:\\\/\\\/medaksa.lt\\\/ru\\\/produktas\\\/masculum\\\/#primaryimage\"},\"image\":{\"@id\":\"https:\\\/\\\/medaksa.lt\\\/ru\\\/produktas\\\/masculum\\\/#primaryimage\"},\"thumbnailUrl\":\"https:\\\/\\\/medaksa.lt\\\/wp-content\\\/uploads\\\/2022\\\/04\\\/Musculum1.webp\",\"datePublished\":\"2022-04-21T11:27:33+00:00\",\"dateModified\":\"2026-04-13T20:38:20+00:00\",\"description\":\"Vyri\u0161kas medicininis chalatas Masculum\u2122. Klasikinis \u012eliemenuotas chalatas kasdieniam darbui. V formos apykakl\u0117, \u0161velnus vidinis apkra\u0161tavimas\",\"breadcrumb\":{\"@id\":\"https:\\\/\\\/medaksa.lt\\\/ru\\\/produktas\\\/masculum\\\/#breadcrumb\"},\"inLanguage\":\"ru-RU\",\"potentialAction\":[{\"@type\":\"ReadAction\",\"target\":[\"https:\\\/\\\/medaksa.lt\\\/ru\\\/produktas\\\/masculum\\\/\"]}]},{\"@type\":\"ImageObject\",\"inLanguage\":\"ru-RU\",\"@id\":\"https:\\\/\\\/medaksa.lt\\\/ru\\\/produktas\\\/masculum\\\/#primaryimage\",\"url\":\"https:\\\/\\\/medaksa.lt\\\/wp-content\\\/uploads\\\/2022\\\/04\\\/Musculum1.webp\",\"contentUrl\":\"https:\\\/\\\/medaksa.lt\\\/wp-content\\\/uploads\\\/2022\\\/04\\\/Musculum1.webp\",\"width\":2000,\"height\":2000,\"caption\":\"medicininis chalatas\"},{\"@type\":\"BreadcrumbList\",\"@id\":\"https:\\\/\\\/medaksa.lt\\\/ru\\\/produktas\\\/masculum\\\/#breadcrumb\",\"itemListElement\":[{\"@type\":\"ListItem\",\"position\":1,\"name\":\"Home\",\"item\":\"https:\\\/\\\/medaksa.lt\\\/ru\\\/\"},{\"@type\":\"ListItem\",\"position\":2,\"name\":\"\u041c\u0430\u0433\u0430\u0437\u0438\u043d\",\"item\":\"https:\\\/\\\/medaksa.lt\\\/parduotuve\\\/\"},{\"@type\":\"ListItem\",\"position\":3,\"name\":\"\u041c\u0435\u0434\u0438\u0446\u0438\u043d\u0441\u043a\u0438\u0439 \u043c\u0443\u0436\u0441\u043a\u043e\u0439 \u0445\u0430\u043b\u0430\u0442 MASCULUM\u2122\"}]},{\"@type\":\"WebSite\",\"@id\":\"https:\\\/\\\/medaksa.lt\\\/ru\\\/#website\",\"url\":\"https:\\\/\\\/medaksa.lt\\\/ru\\\/\",\"name\":\"Medaksa\",\"description\":\"\",\"publisher\":{\"@id\":\"https:\\\/\\\/medaksa.lt\\\/ru\\\/#organization\"},\"potentialAction\":[{\"@type\":\"SearchAction\",\"target\":{\"@type\":\"EntryPoint\",\"urlTemplate\":\"https:\\\/\\\/medaksa.lt\\\/ru\\\/?s={search_term_string}\"},\"query-input\":{\"@type\":\"PropertyValueSpecification\",\"valueRequired\":true,\"valueName\":\"search_term_string\"}}],\"inLanguage\":\"ru-RU\"},{\"@type\":\"Organization\",\"@id\":\"https:\\\/\\\/medaksa.lt\\\/ru\\\/#organization\",\"name\":\"Medaksa\",\"url\":\"https:\\\/\\\/medaksa.lt\\\/ru\\\/\",\"logo\":{\"@type\":\"ImageObject\",\"inLanguage\":\"ru-RU\",\"@id\":\"https:\\\/\\\/medaksa.lt\\\/ru\\\/#\\\/schema\\\/logo\\\/image\\\/\",\"url\":\"https:\\\/\\\/medaksa.lt\\\/wp-content\\\/uploads\\\/2020\\\/11\\\/cropped-Medaksa_logo-png-1.png\",\"contentUrl\":\"https:\\\/\\\/medaksa.lt\\\/wp-content\\\/uploads\\\/2020\\\/11\\\/cropped-Medaksa_logo-png-1.png\",\"width\":512,\"height\":512,\"caption\":\"Medaksa\"},\"image\":{\"@id\":\"https:\\\/\\\/medaksa.lt\\\/ru\\\/#\\\/schema\\\/logo\\\/image\\\/\"}}]}<\/script>\n<!-- \/ Yoast SEO plugin. -->","yoast_head_json":{"title":"Medicininis Chalatas \u041c\u0435\u0434\u0438\u0446\u0438\u043d\u0441\u043a\u0438\u0439 \u043c\u0443\u0436\u0441\u043a\u043e\u0439 \u0445\u0430\u043b\u0430\u0442 MASCULUM\u2122 | Medicininiai r\u016bbai - Medaksa","description":"Vyri\u0161kas medicininis chalatas Masculum\u2122. Klasikinis \u012eliemenuotas chalatas kasdieniam darbui. V formos apykakl\u0117, \u0161velnus vidinis apkra\u0161tavimas","robots":{"index":"index","follow":"follow","max-snippet":"max-snippet:-1","max-image-preview":"max-image-preview:large","max-video-preview":"max-video-preview:-1"},"canonical":"https:\/\/medaksa.lt\/ru\/produktas\/masculum\/","og_locale":"ru_RU","og_type":"article","og_title":"Medaksa","og_description":"Medaksa","og_url":"https:\/\/medaksa.lt\/ru\/produktas\/masculum\/","og_site_name":"Medaksa","article_modified_time":"2026-04-13T20:38:20+00:00","og_image":[{"url":"http:\/\/medaksa.lt\/wp-content\/uploads\/2020\/11\/cropped-Medaksa_logo-png-1-300x300.png","type":"","width":"","height":""}],"twitter_card":"summary_large_image","schema":{"@context":"https:\/\/schema.org","@graph":[{"@type":"WebPage","@id":"https:\/\/medaksa.lt\/ru\/produktas\/masculum\/","url":"https:\/\/medaksa.lt\/ru\/produktas\/masculum\/","name":"Medicininis Chalatas \u041c\u0435\u0434\u0438\u0446\u0438\u043d\u0441\u043a\u0438\u0439 \u043c\u0443\u0436\u0441\u043a\u043e\u0439 \u0445\u0430\u043b\u0430\u0442 MASCULUM\u2122 | Medicininiai r\u016bbai - Medaksa","isPartOf":{"@id":"https:\/\/medaksa.lt\/ru\/#website"},"primaryImageOfPage":{"@id":"https:\/\/medaksa.lt\/ru\/produktas\/masculum\/#primaryimage"},"image":{"@id":"https:\/\/medaksa.lt\/ru\/produktas\/masculum\/#primaryimage"},"thumbnailUrl":"https:\/\/medaksa.lt\/wp-content\/uploads\/2022\/04\/Musculum1.webp","datePublished":"2022-04-21T11:27:33+00:00","dateModified":"2026-04-13T20:38:20+00:00","description":"Vyri\u0161kas medicininis chalatas Masculum\u2122. Klasikinis \u012eliemenuotas chalatas kasdieniam darbui. V formos apykakl\u0117, \u0161velnus vidinis apkra\u0161tavimas","breadcrumb":{"@id":"https:\/\/medaksa.lt\/ru\/produktas\/masculum\/#breadcrumb"},"inLanguage":"ru-RU","potentialAction":[{"@type":"ReadAction","target":["https:\/\/medaksa.lt\/ru\/produktas\/masculum\/"]}]},{"@type":"ImageObject","inLanguage":"ru-RU","@id":"https:\/\/medaksa.lt\/ru\/produktas\/masculum\/#primaryimage","url":"https:\/\/medaksa.lt\/wp-content\/uploads\/2022\/04\/Musculum1.webp","contentUrl":"https:\/\/medaksa.lt\/wp-content\/uploads\/2022\/04\/Musculum1.webp","width":2000,"height":2000,"caption":"medicininis chalatas"},{"@type":"BreadcrumbList","@id":"https:\/\/medaksa.lt\/ru\/produktas\/masculum\/#breadcrumb","itemListElement":[{"@type":"ListItem","position":1,"name":"Home","item":"https:\/\/medaksa.lt\/ru\/"},{"@type":"ListItem","position":2,"name":"\u041c\u0430\u0433\u0430\u0437\u0438\u043d","item":"https:\/\/medaksa.lt\/parduotuve\/"},{"@type":"ListItem","position":3,"name":"\u041c\u0435\u0434\u0438\u0446\u0438\u043d\u0441\u043a\u0438\u0439 \u043c\u0443\u0436\u0441\u043a\u043e\u0439 \u0445\u0430\u043b\u0430\u0442 MASCULUM\u2122"}]},{"@type":"WebSite","@id":"https:\/\/medaksa.lt\/ru\/#website","url":"https:\/\/medaksa.lt\/ru\/","name":"Medaksa","description":"","publisher":{"@id":"https:\/\/medaksa.lt\/ru\/#organization"},"potentialAction":[{"@type":"SearchAction","target":{"@type":"EntryPoint","urlTemplate":"https:\/\/medaksa.lt\/ru\/?s={search_term_string}"},"query-input":{"@type":"PropertyValueSpecification","valueRequired":true,"valueName":"search_term_string"}}],"inLanguage":"ru-RU"},{"@type":"Organization","@id":"https:\/\/medaksa.lt\/ru\/#organization","name":"Medaksa","url":"https:\/\/medaksa.lt\/ru\/","logo":{"@type":"ImageObject","inLanguage":"ru-RU","@id":"https:\/\/medaksa.lt\/ru\/#\/schema\/logo\/image\/","url":"https:\/\/medaksa.lt\/wp-content\/uploads\/2020\/11\/cropped-Medaksa_logo-png-1.png","contentUrl":"https:\/\/medaksa.lt\/wp-content\/uploads\/2020\/11\/cropped-Medaksa_logo-png-1.png","width":512,"height":512,"caption":"Medaksa"},"image":{"@id":"https:\/\/medaksa.lt\/ru\/#\/schema\/logo\/image\/"}}]}},"_links":{"self":[{"href":"https:\/\/medaksa.lt\/ru\/wp-json\/wp\/v2\/product\/50532","targetHints":{"allow":["GET"]}}],"collection":[{"href":"https:\/\/medaksa.lt\/ru\/wp-json\/wp\/v2\/product"}],"about":[{"href":"https:\/\/medaksa.lt\/ru\/wp-json\/wp\/v2\/types\/product"}],"replies":[{"embeddable":true,"href":"https:\/\/medaksa.lt\/ru\/wp-json\/wp\/v2\/comments?post=50532"}],"wp:featuredmedia":[{"embeddable":true,"href":"https:\/\/medaksa.lt\/ru\/wp-json\/wp\/v2\/media\/50533"}],"wp:attachment":[{"href":"https:\/\/medaksa.lt\/ru\/wp-json\/wp\/v2\/media?parent=50532"}],"wp:term":[{"taxonomy":"product_brand","embeddable":true,"href":"https:\/\/medaksa.lt\/ru\/wp-json\/wp\/v2\/product_brand?post=50532"},{"taxonomy":"product_cat","embeddable":true,"href":"https:\/\/medaksa.lt\/ru\/wp-json\/wp\/v2\/product_cat?post=50532"},{"taxonomy":"product_tag","embeddable":true,"href":"https:\/\/medaksa.lt\/ru\/wp-json\/wp\/v2\/product_tag?post=50532"}],"curies":[{"name":"wp","href":"https:\/\/api.w.org\/{rel}","templated":true}]}}