{"id":50441,"date":"2021-04-24T15:14:14","date_gmt":"2021-04-24T12:14:14","guid":{"rendered":"https:\/\/medaksa.lt\/produktas\/medicinine-kepure-vyrams\/"},"modified":"2026-04-13T23:37:09","modified_gmt":"2026-04-13T20:37:09","slug":"medicinine-kepure-vyrams","status":"publish","type":"product","link":"https:\/\/medaksa.lt\/ru\/produktas\/medicinine-kepure-vyrams\/","title":{"rendered":"\u041c\u0415\u0414\u0418\u0426\u0418\u041d\u0421\u041a\u0410\u042f \u0428\u0410\u041f\u041e\u0427\u041a\u0410"},"content":{"rendered":"<p><strong>\u041c\u0435\u0434\u0438\u0446\u0438\u043d\u0441\u043a\u0430\u044f \u0448\u0430\u043f\u043e\u0447\u043a\u0430, \u0440\u0435\u0433\u0443\u043b\u0438\u0440\u0443\u0435\u043c\u0430\u044f \u0437\u0430\u0432\u044f\u0437\u043a\u0430\u043c\u0438.<\/strong><\/p>\n<p>\u041b\u0451\u0433\u043a\u0430\u044f \u0438 \u044d\u043b\u0430\u0441\u0442\u0438\u0447\u043d\u0430\u044f \u0442\u043a\u0430\u043d\u044c.<\/p>\n<p>\u0421\u043e\u0432\u0440\u0435\u043c\u0435\u043d\u043d\u044b\u0439 \u0434\u0438\u0437\u0430\u0439\u043d.<\/p>\n<ul>\n<li>\u041c\u044f\u0433\u043a\u0430\u044f \u0441\u0435\u0442\u043a\u0430 \u043d\u0430\u0434\u043e \u043b\u0431\u043e\u043c, \u0432\u043f\u0438\u0442\u044b\u0432\u0430\u044e\u0449\u0430\u044f \u043f\u043e\u0442.<\/li>\n<\/ul>\n<p>\u0428\u0430\u043f\u043e\u0447\u043a\u0430 \u043f\u043e\u0437\u0432\u043e\u043b\u0438\u0442 \u0447\u0443\u0432\u0441\u0442\u0432\u043e\u0432\u0430\u0442\u044c \u0441\u0435\u0431\u044f \u043a\u043e\u043c\u0444\u043e\u0440\u0442\u043d\u043e \u0438 \u0443\u0432\u0435\u0440\u0435\u043d\u043d\u043e.<\/p>\n","protected":false},"excerpt":{"rendered":"<p>\u041c\u0435\u0434\u0438\u0446\u0438\u043d\u0441\u043a\u0430\u044f \u0448\u0430\u043f\u043e\u0447\u043a\u0430<\/p>\n","protected":false},"featured_media":50442,"comment_status":"closed","ping_status":"closed","template":"","meta":{"_acf_changed":false},"product_brand":[],"product_cat":[52],"product_tag":[],"class_list":{"0":"post-50441","1":"product","2":"type-product","3":"status-publish","4":"has-post-thumbnail","6":"product_cat-vyru-aksesuarai","7":"pa_color-ametistas","8":"pa_color-balta","9":"pa_color-betonas","10":"pa_color-kraujas","11":"pa_color-levanda","12":"pa_color-latte","13":"pa_color-samanos","14":"pa_color-dangus","15":"pa_color-oniksas","16":"pa_color-rasalai","17":"pa_color-sokoladas","19":"first","20":"instock","21":"sale","22":"sold-individually","23":"taxable","24":"shipping-taxable","25":"purchasable","26":"product-type-variable"},"acf":[],"yoast_head":"<!-- This site is optimized with the Yoast SEO plugin v27.4 - https:\/\/yoast.com\/product\/yoast-seo-wordpress\/ -->\n<title>Medicinin\u0117 Kepur\u0117 Vyrams | Medicininiai Drabu\u017eiai - Medaksa<\/title>\n<meta name=\"description\" content=\"Medicinin\u0117 kepur\u0117 vyrams. Mink\u0161tas tinklelis ties kakta, sugeriantis prakait\u0105. Kepur\u0117 leis jaustis patogiai ir saugiai.\" \/>\n<meta name=\"robots\" content=\"index, follow, max-snippet:-1, max-image-preview:large, max-video-preview:-1\" \/>\n<link rel=\"canonical\" href=\"https:\/\/medaksa.lt\/ru\/produktas\/medicinine-kepure-vyrams\/\" \/>\n<meta property=\"og:locale\" content=\"ru_RU\" \/>\n<meta property=\"og:type\" content=\"article\" \/>\n<meta property=\"og:title\" content=\"Medicinin\u0117 Kepur\u0117 Vyrams | Medicininiai Drabu\u017eiai - Medaksa\" \/>\n<meta property=\"og:description\" content=\"Medicinin\u0117 kepur\u0117 vyrams. Mink\u0161tas tinklelis ties kakta, sugeriantis prakait\u0105. Kepur\u0117 leis jaustis patogiai ir saugiai.\" \/>\n<meta property=\"og:url\" content=\"https:\/\/medaksa.lt\/ru\/produktas\/medicinine-kepure-vyrams\/\" \/>\n<meta property=\"og:site_name\" content=\"Medaksa\" \/>\n<meta property=\"article:modified_time\" content=\"2026-04-13T20:37:09+00:00\" \/>\n<meta property=\"og:image\" content=\"https:\/\/medaksa.lt\/wp-content\/uploads\/2022\/11\/Medaksa-04-276863.webp\" \/>\n\t<meta property=\"og:image:width\" content=\"1024\" \/>\n\t<meta property=\"og:image:height\" content=\"1024\" \/>\n\t<meta property=\"og:image:type\" content=\"image\/webp\" \/>\n<meta name=\"twitter:card\" content=\"summary_large_image\" \/>\n<meta name=\"twitter:label1\" content=\"\u041f\u0440\u0438\u043c\u0435\u0440\u043d\u043e\u0435 \u0432\u0440\u0435\u043c\u044f \u0434\u043b\u044f \u0447\u0442\u0435\u043d\u0438\u044f\" \/>\n\t<meta name=\"twitter:data1\" content=\"1 \u043c\u0438\u043d\u0443\u0442\u0430\" \/>\n<script type=\"application\/ld+json\" class=\"yoast-schema-graph\">{\"@context\":\"https:\\\/\\\/schema.org\",\"@graph\":[{\"@type\":\"WebPage\",\"@id\":\"https:\\\/\\\/medaksa.lt\\\/ru\\\/produktas\\\/medicinine-kepure-vyrams\\\/\",\"url\":\"https:\\\/\\\/medaksa.lt\\\/ru\\\/produktas\\\/medicinine-kepure-vyrams\\\/\",\"name\":\"Medicinin\u0117 Kepur\u0117 Vyrams | Medicininiai Drabu\u017eiai - Medaksa\",\"isPartOf\":{\"@id\":\"https:\\\/\\\/medaksa.lt\\\/ru\\\/#website\"},\"primaryImageOfPage\":{\"@id\":\"https:\\\/\\\/medaksa.lt\\\/ru\\\/produktas\\\/medicinine-kepure-vyrams\\\/#primaryimage\"},\"image\":{\"@id\":\"https:\\\/\\\/medaksa.lt\\\/ru\\\/produktas\\\/medicinine-kepure-vyrams\\\/#primaryimage\"},\"thumbnailUrl\":\"https:\\\/\\\/medaksa.lt\\\/wp-content\\\/uploads\\\/2022\\\/11\\\/Medaksa-04-276863.webp\",\"datePublished\":\"2021-04-24T12:14:14+00:00\",\"dateModified\":\"2026-04-13T20:37:09+00:00\",\"description\":\"Medicinin\u0117 kepur\u0117 vyrams. Mink\u0161tas tinklelis ties kakta, sugeriantis prakait\u0105. Kepur\u0117 leis jaustis patogiai ir saugiai.\",\"breadcrumb\":{\"@id\":\"https:\\\/\\\/medaksa.lt\\\/ru\\\/produktas\\\/medicinine-kepure-vyrams\\\/#breadcrumb\"},\"inLanguage\":\"ru-RU\",\"potentialAction\":[{\"@type\":\"ReadAction\",\"target\":[\"https:\\\/\\\/medaksa.lt\\\/ru\\\/produktas\\\/medicinine-kepure-vyrams\\\/\"]}]},{\"@type\":\"ImageObject\",\"inLanguage\":\"ru-RU\",\"@id\":\"https:\\\/\\\/medaksa.lt\\\/ru\\\/produktas\\\/medicinine-kepure-vyrams\\\/#primaryimage\",\"url\":\"https:\\\/\\\/medaksa.lt\\\/wp-content\\\/uploads\\\/2022\\\/11\\\/Medaksa-04-276863.webp\",\"contentUrl\":\"https:\\\/\\\/medaksa.lt\\\/wp-content\\\/uploads\\\/2022\\\/11\\\/Medaksa-04-276863.webp\",\"width\":1024,\"height\":1024},{\"@type\":\"BreadcrumbList\",\"@id\":\"https:\\\/\\\/medaksa.lt\\\/ru\\\/produktas\\\/medicinine-kepure-vyrams\\\/#breadcrumb\",\"itemListElement\":[{\"@type\":\"ListItem\",\"position\":1,\"name\":\"Home\",\"item\":\"https:\\\/\\\/medaksa.lt\\\/ru\\\/\"},{\"@type\":\"ListItem\",\"position\":2,\"name\":\"\u041c\u0430\u0433\u0430\u0437\u0438\u043d\",\"item\":\"https:\\\/\\\/medaksa.lt\\\/parduotuve\\\/\"},{\"@type\":\"ListItem\",\"position\":3,\"name\":\"\u041c\u0415\u0414\u0418\u0426\u0418\u041d\u0421\u041a\u0410\u042f \u0428\u0410\u041f\u041e\u0427\u041a\u0410\"}]},{\"@type\":\"WebSite\",\"@id\":\"https:\\\/\\\/medaksa.lt\\\/ru\\\/#website\",\"url\":\"https:\\\/\\\/medaksa.lt\\\/ru\\\/\",\"name\":\"Medaksa\",\"description\":\"\",\"publisher\":{\"@id\":\"https:\\\/\\\/medaksa.lt\\\/ru\\\/#organization\"},\"potentialAction\":[{\"@type\":\"SearchAction\",\"target\":{\"@type\":\"EntryPoint\",\"urlTemplate\":\"https:\\\/\\\/medaksa.lt\\\/ru\\\/?s={search_term_string}\"},\"query-input\":{\"@type\":\"PropertyValueSpecification\",\"valueRequired\":true,\"valueName\":\"search_term_string\"}}],\"inLanguage\":\"ru-RU\"},{\"@type\":\"Organization\",\"@id\":\"https:\\\/\\\/medaksa.lt\\\/ru\\\/#organization\",\"name\":\"Medaksa\",\"url\":\"https:\\\/\\\/medaksa.lt\\\/ru\\\/\",\"logo\":{\"@type\":\"ImageObject\",\"inLanguage\":\"ru-RU\",\"@id\":\"https:\\\/\\\/medaksa.lt\\\/ru\\\/#\\\/schema\\\/logo\\\/image\\\/\",\"url\":\"https:\\\/\\\/medaksa.lt\\\/wp-content\\\/uploads\\\/2020\\\/11\\\/cropped-Medaksa_logo-png-1.png\",\"contentUrl\":\"https:\\\/\\\/medaksa.lt\\\/wp-content\\\/uploads\\\/2020\\\/11\\\/cropped-Medaksa_logo-png-1.png\",\"width\":512,\"height\":512,\"caption\":\"Medaksa\"},\"image\":{\"@id\":\"https:\\\/\\\/medaksa.lt\\\/ru\\\/#\\\/schema\\\/logo\\\/image\\\/\"}}]}<\/script>\n<!-- \/ Yoast SEO plugin. -->","yoast_head_json":{"title":"Medicinin\u0117 Kepur\u0117 Vyrams | Medicininiai Drabu\u017eiai - Medaksa","description":"Medicinin\u0117 kepur\u0117 vyrams. Mink\u0161tas tinklelis ties kakta, sugeriantis prakait\u0105. Kepur\u0117 leis jaustis patogiai ir saugiai.","robots":{"index":"index","follow":"follow","max-snippet":"max-snippet:-1","max-image-preview":"max-image-preview:large","max-video-preview":"max-video-preview:-1"},"canonical":"https:\/\/medaksa.lt\/ru\/produktas\/medicinine-kepure-vyrams\/","og_locale":"ru_RU","og_type":"article","og_title":"Medicinin\u0117 Kepur\u0117 Vyrams | Medicininiai Drabu\u017eiai - Medaksa","og_description":"Medicinin\u0117 kepur\u0117 vyrams. Mink\u0161tas tinklelis ties kakta, sugeriantis prakait\u0105. Kepur\u0117 leis jaustis patogiai ir saugiai.","og_url":"https:\/\/medaksa.lt\/ru\/produktas\/medicinine-kepure-vyrams\/","og_site_name":"Medaksa","article_modified_time":"2026-04-13T20:37:09+00:00","og_image":[{"width":1024,"height":1024,"url":"https:\/\/medaksa.lt\/wp-content\/uploads\/2022\/11\/Medaksa-04-276863.webp","type":"image\/webp"}],"twitter_card":"summary_large_image","twitter_misc":{"\u041f\u0440\u0438\u043c\u0435\u0440\u043d\u043e\u0435 \u0432\u0440\u0435\u043c\u044f \u0434\u043b\u044f \u0447\u0442\u0435\u043d\u0438\u044f":"1 \u043c\u0438\u043d\u0443\u0442\u0430"},"schema":{"@context":"https:\/\/schema.org","@graph":[{"@type":"WebPage","@id":"https:\/\/medaksa.lt\/ru\/produktas\/medicinine-kepure-vyrams\/","url":"https:\/\/medaksa.lt\/ru\/produktas\/medicinine-kepure-vyrams\/","name":"Medicinin\u0117 Kepur\u0117 Vyrams | Medicininiai Drabu\u017eiai - Medaksa","isPartOf":{"@id":"https:\/\/medaksa.lt\/ru\/#website"},"primaryImageOfPage":{"@id":"https:\/\/medaksa.lt\/ru\/produktas\/medicinine-kepure-vyrams\/#primaryimage"},"image":{"@id":"https:\/\/medaksa.lt\/ru\/produktas\/medicinine-kepure-vyrams\/#primaryimage"},"thumbnailUrl":"https:\/\/medaksa.lt\/wp-content\/uploads\/2022\/11\/Medaksa-04-276863.webp","datePublished":"2021-04-24T12:14:14+00:00","dateModified":"2026-04-13T20:37:09+00:00","description":"Medicinin\u0117 kepur\u0117 vyrams. Mink\u0161tas tinklelis ties kakta, sugeriantis prakait\u0105. Kepur\u0117 leis jaustis patogiai ir saugiai.","breadcrumb":{"@id":"https:\/\/medaksa.lt\/ru\/produktas\/medicinine-kepure-vyrams\/#breadcrumb"},"inLanguage":"ru-RU","potentialAction":[{"@type":"ReadAction","target":["https:\/\/medaksa.lt\/ru\/produktas\/medicinine-kepure-vyrams\/"]}]},{"@type":"ImageObject","inLanguage":"ru-RU","@id":"https:\/\/medaksa.lt\/ru\/produktas\/medicinine-kepure-vyrams\/#primaryimage","url":"https:\/\/medaksa.lt\/wp-content\/uploads\/2022\/11\/Medaksa-04-276863.webp","contentUrl":"https:\/\/medaksa.lt\/wp-content\/uploads\/2022\/11\/Medaksa-04-276863.webp","width":1024,"height":1024},{"@type":"BreadcrumbList","@id":"https:\/\/medaksa.lt\/ru\/produktas\/medicinine-kepure-vyrams\/#breadcrumb","itemListElement":[{"@type":"ListItem","position":1,"name":"Home","item":"https:\/\/medaksa.lt\/ru\/"},{"@type":"ListItem","position":2,"name":"\u041c\u0430\u0433\u0430\u0437\u0438\u043d","item":"https:\/\/medaksa.lt\/parduotuve\/"},{"@type":"ListItem","position":3,"name":"\u041c\u0415\u0414\u0418\u0426\u0418\u041d\u0421\u041a\u0410\u042f \u0428\u0410\u041f\u041e\u0427\u041a\u0410"}]},{"@type":"WebSite","@id":"https:\/\/medaksa.lt\/ru\/#website","url":"https:\/\/medaksa.lt\/ru\/","name":"Medaksa","description":"","publisher":{"@id":"https:\/\/medaksa.lt\/ru\/#organization"},"potentialAction":[{"@type":"SearchAction","target":{"@type":"EntryPoint","urlTemplate":"https:\/\/medaksa.lt\/ru\/?s={search_term_string}"},"query-input":{"@type":"PropertyValueSpecification","valueRequired":true,"valueName":"search_term_string"}}],"inLanguage":"ru-RU"},{"@type":"Organization","@id":"https:\/\/medaksa.lt\/ru\/#organization","name":"Medaksa","url":"https:\/\/medaksa.lt\/ru\/","logo":{"@type":"ImageObject","inLanguage":"ru-RU","@id":"https:\/\/medaksa.lt\/ru\/#\/schema\/logo\/image\/","url":"https:\/\/medaksa.lt\/wp-content\/uploads\/2020\/11\/cropped-Medaksa_logo-png-1.png","contentUrl":"https:\/\/medaksa.lt\/wp-content\/uploads\/2020\/11\/cropped-Medaksa_logo-png-1.png","width":512,"height":512,"caption":"Medaksa"},"image":{"@id":"https:\/\/medaksa.lt\/ru\/#\/schema\/logo\/image\/"}}]}},"_links":{"self":[{"href":"https:\/\/medaksa.lt\/ru\/wp-json\/wp\/v2\/product\/50441","targetHints":{"allow":["GET"]}}],"collection":[{"href":"https:\/\/medaksa.lt\/ru\/wp-json\/wp\/v2\/product"}],"about":[{"href":"https:\/\/medaksa.lt\/ru\/wp-json\/wp\/v2\/types\/product"}],"replies":[{"embeddable":true,"href":"https:\/\/medaksa.lt\/ru\/wp-json\/wp\/v2\/comments?post=50441"}],"wp:featuredmedia":[{"embeddable":true,"href":"https:\/\/medaksa.lt\/ru\/wp-json\/wp\/v2\/media\/50442"}],"wp:attachment":[{"href":"https:\/\/medaksa.lt\/ru\/wp-json\/wp\/v2\/media?parent=50441"}],"wp:term":[{"taxonomy":"product_brand","embeddable":true,"href":"https:\/\/medaksa.lt\/ru\/wp-json\/wp\/v2\/product_brand?post=50441"},{"taxonomy":"product_cat","embeddable":true,"href":"https:\/\/medaksa.lt\/ru\/wp-json\/wp\/v2\/product_cat?post=50441"},{"taxonomy":"product_tag","embeddable":true,"href":"https:\/\/medaksa.lt\/ru\/wp-json\/wp\/v2\/product_tag?post=50441"}],"curies":[{"name":"wp","href":"https:\/\/api.w.org\/{rel}","templated":true}]}}