{"id":50365,"date":"2020-11-04T03:30:53","date_gmt":"2020-11-04T00:30:53","guid":{"rendered":"https:\/\/medaksa.lt\/kontaktai\/"},"modified":"2026-04-13T23:49:24","modified_gmt":"2026-04-13T20:49:24","slug":"kontaktai","status":"publish","type":"page","link":"https:\/\/medaksa.lt\/ru\/kontaktai\/","title":{"rendered":"\u041a\u043e\u043d\u0442\u0430\u043a\u0442\u044b"},"content":{"rendered":"<h2>\u041d\u0430\u043f\u0438\u0448\u0438\u0442\u0435 \u043d\u0430\u043c<\/h2>\n<p><strong>\u041c\u0430\u0433\u0430\u0437\u0438\u043d \u0432 \u0412\u0438\u043b\u044c\u043d\u044e\u0441\u0435<\/strong><br \/><em><span style=\"color: #0f0f49;\"><a style=\"color: #0f0f49;\" href=\"https:\/\/goo.gl\/maps\/qRmmMi9gQENGYCNHA\" target=\"_blank\" rel=\"noopener\">\u0443\u043b. \u0421. \u0416\u0443\u043a\u0430\u0443\u0441\u043a\u043e 26, \u0412\u0438\u043b\u044c\u043d\u044e\u0441 08239<\/a><\/span><\/em><\/p>\n<p>\u042d\u043b. \u043f\u043e\u0447\u0442\u0430: <span style=\"color: #0f0f49;\"><a style=\"color: #0f0f49;\" href=\"mailto:pagalba@medaksa.lt\">pagalba@medaksa.lt<\/a><\/span><br \/>\u0422\u0435\u043b\u0435\u0444\u043e\u043d<strong>: <\/strong><span style=\"color: #0f0f49;\"><a style=\"color: #0f0f49;\" href=\"tel:+37065559394\">+370 (655) 59 394<\/a><\/span><\/p>\n<p><strong>MB MEDAKSA<\/strong><br \/>\u041a\u043e\u0434 \u043a\u043e\u043c\u043f\u0430\u043d\u0438\u0438: 304222528<br \/>\u041a\u043e\u0434 \u043f\u043b\u0430\u0442\u0435\u043b\u044c\u0449\u0438\u043a\u0430 \u041d\u0414\u0421: LT100014071412<br \/>\u0411\u0430\u043d\u043a\u043e\u0432\u0441\u043a\u0438\u0439 \u0441\u0447\u0451\u0442: LT777300010146412313 (Swedbank)<\/p>\n<p class=\"open-hours\"><strong>\u0427\u0430\u0441\u044b \u0440\u0430\u0431\u043e\u0442\u044b:<\/strong><br \/>\u041f\u043e\u043d\u0435\u0434\u0435\u043b\u044c\u043d\u0438\u043a \u2014 \u041f\u044f\u0442\u043d\u0438\u0446\u0430: 10:00 \u2013 18:00<br \/>\u0421\u0443\u0431\u0431\u043e\u0442\u0430 \u0438 \u0412\u043e\u0441\u043a\u0440\u0435\u0441\u0435\u043d\u044c\u0435: \u043d\u0435 \u0440\u0430\u0431\u043e\u0442\u0430\u0435\u043c<\/p>\n\n\n<p><\/p>\n","protected":false},"excerpt":{"rendered":"<p>\u041d\u0430\u043f\u0438\u0448\u0438\u0442\u0435 \u043d\u0430\u043c \u041c\u0430\u0433\u0430\u0437\u0438\u043d \u0432 \u0412\u0438\u043b\u044c\u043d\u044e\u0441\u0435\u0443\u043b. \u0421. \u0416\u0443\u043a\u0430\u0443\u0441\u043a\u043e 26, \u0412\u0438\u043b\u044c\u043d\u044e\u0441 08239 \u042d\u043b. \u043f\u043e\u0447\u0442\u0430: pagalba@medaksa.lt\u0422\u0435\u043b\u0435\u0444\u043e\u043d: +370 (655) 59 394 MB MEDAKSA\u041a\u043e\u0434 \u043a\u043e\u043c\u043f\u0430\u043d\u0438\u0438: 304222528\u041a\u043e\u0434 \u043f\u043b\u0430\u0442\u0435\u043b\u044c\u0449\u0438\u043a\u0430 \u041d\u0414\u0421: LT100014071412\u0411\u0430\u043d\u043a\u043e\u0432\u0441\u043a\u0438\u0439 \u0441\u0447\u0451\u0442: LT777300010146412313 (Swedbank) \u0427\u0430\u0441\u044b \u0440\u0430\u0431\u043e\u0442\u044b:\u041f\u043e\u043d\u0435\u0434\u0435\u043b\u044c\u043d\u0438\u043a \u2014&hellip;<\/p>\n","protected":false},"author":1,"featured_media":0,"parent":0,"menu_order":19,"comment_status":"closed","ping_status":"closed","template":"template-kontaktai.php","meta":{"_acf_changed":false,"footnotes":""},"class_list":["post-50365","page","type-page","status-publish","hentry"],"acf":[],"yoast_head":"<!-- This site is optimized with the Yoast SEO plugin v27.3 - https:\/\/yoast.com\/product\/yoast-seo-wordpress\/ -->\n<title>Medicinin\u0117 Apranga Su Elastanu - Apie Medikus Pagalvota<\/title>\n<meta name=\"description\" content=\"B\u016bkite pasiruo\u0161\u0119 pamilti savo medicinin\u0119 aprang\u0105. Stilingos pi\u017eamos medikams, mediciniai chalatai.\" \/>\n<meta name=\"robots\" content=\"index, follow, max-snippet:-1, max-image-preview:large, max-video-preview:-1\" \/>\n<link rel=\"canonical\" href=\"https:\/\/medaksa.lt\/ru\/kontaktai\/\" \/>\n<meta property=\"og:locale\" content=\"ru_RU\" \/>\n<meta property=\"og:type\" content=\"article\" \/>\n<meta property=\"og:title\" content=\"Medicinin\u0117 Apranga Su Elastanu - Apie Medikus Pagalvota\" \/>\n<meta property=\"og:description\" content=\"B\u016bkite pasiruo\u0161\u0119 pamilti savo medicinin\u0119 aprang\u0105. Stilingos pi\u017eamos medikams, mediciniai chalatai.\" \/>\n<meta property=\"og:url\" content=\"https:\/\/medaksa.lt\/ru\/kontaktai\/\" \/>\n<meta property=\"og:site_name\" content=\"Medaksa\" \/>\n<meta property=\"article:modified_time\" content=\"2026-04-13T20:49:24+00:00\" \/>\n<meta property=\"og:image\" content=\"https:\/\/medaksa.lt\/wp-content\/uploads\/2020\/11\/cropped-Medaksa_logo-png-1.webp\" \/>\n\t<meta property=\"og:image:width\" content=\"512\" \/>\n\t<meta property=\"og:image:height\" content=\"512\" \/>\n\t<meta property=\"og:image:type\" content=\"image\/webp\" \/>\n<meta name=\"twitter:card\" content=\"summary_large_image\" \/>\n<meta name=\"twitter:label1\" content=\"\u041f\u0440\u0438\u043c\u0435\u0440\u043d\u043e\u0435 \u0432\u0440\u0435\u043c\u044f \u0434\u043b\u044f \u0447\u0442\u0435\u043d\u0438\u044f\" \/>\n\t<meta name=\"twitter:data1\" content=\"1 \u043c\u0438\u043d\u0443\u0442\u0430\" \/>\n<script type=\"application\/ld+json\" class=\"yoast-schema-graph\">{\"@context\":\"https:\\\/\\\/schema.org\",\"@graph\":[{\"@type\":[\"WebPage\",\"ContactPage\"],\"@id\":\"https:\\\/\\\/medaksa.lt\\\/ru\\\/kontaktai\\\/\",\"url\":\"https:\\\/\\\/medaksa.lt\\\/ru\\\/kontaktai\\\/\",\"name\":\"Medicinin\u0117 Apranga Su Elastanu - Apie Medikus Pagalvota\",\"isPartOf\":{\"@id\":\"https:\\\/\\\/medaksa.lt\\\/ru\\\/#website\"},\"datePublished\":\"2020-11-04T00:30:53+00:00\",\"dateModified\":\"2026-04-13T20:49:24+00:00\",\"description\":\"B\u016bkite pasiruo\u0161\u0119 pamilti savo medicinin\u0119 aprang\u0105. Stilingos pi\u017eamos medikams, mediciniai chalatai.\",\"breadcrumb\":{\"@id\":\"https:\\\/\\\/medaksa.lt\\\/ru\\\/kontaktai\\\/#breadcrumb\"},\"inLanguage\":\"ru-RU\",\"potentialAction\":[{\"@type\":\"ReadAction\",\"target\":[\"https:\\\/\\\/medaksa.lt\\\/ru\\\/kontaktai\\\/\"]}]},{\"@type\":\"BreadcrumbList\",\"@id\":\"https:\\\/\\\/medaksa.lt\\\/ru\\\/kontaktai\\\/#breadcrumb\",\"itemListElement\":[{\"@type\":\"ListItem\",\"position\":1,\"name\":\"Home\",\"item\":\"https:\\\/\\\/medaksa.lt\\\/ru\\\/\"},{\"@type\":\"ListItem\",\"position\":2,\"name\":\"\u041a\u043e\u043d\u0442\u0430\u043a\u0442\u044b\"}]},{\"@type\":\"WebSite\",\"@id\":\"https:\\\/\\\/medaksa.lt\\\/ru\\\/#website\",\"url\":\"https:\\\/\\\/medaksa.lt\\\/ru\\\/\",\"name\":\"Medaksa\",\"description\":\"\",\"publisher\":{\"@id\":\"https:\\\/\\\/medaksa.lt\\\/ru\\\/#organization\"},\"potentialAction\":[{\"@type\":\"SearchAction\",\"target\":{\"@type\":\"EntryPoint\",\"urlTemplate\":\"https:\\\/\\\/medaksa.lt\\\/ru\\\/?s={search_term_string}\"},\"query-input\":{\"@type\":\"PropertyValueSpecification\",\"valueRequired\":true,\"valueName\":\"search_term_string\"}}],\"inLanguage\":\"ru-RU\"},{\"@type\":\"Organization\",\"@id\":\"https:\\\/\\\/medaksa.lt\\\/ru\\\/#organization\",\"name\":\"Medaksa\",\"url\":\"https:\\\/\\\/medaksa.lt\\\/ru\\\/\",\"logo\":{\"@type\":\"ImageObject\",\"inLanguage\":\"ru-RU\",\"@id\":\"https:\\\/\\\/medaksa.lt\\\/ru\\\/#\\\/schema\\\/logo\\\/image\\\/\",\"url\":\"https:\\\/\\\/medaksa.lt\\\/wp-content\\\/uploads\\\/2020\\\/11\\\/cropped-Medaksa_logo-png-1.png\",\"contentUrl\":\"https:\\\/\\\/medaksa.lt\\\/wp-content\\\/uploads\\\/2020\\\/11\\\/cropped-Medaksa_logo-png-1.png\",\"width\":512,\"height\":512,\"caption\":\"Medaksa\"},\"image\":{\"@id\":\"https:\\\/\\\/medaksa.lt\\\/ru\\\/#\\\/schema\\\/logo\\\/image\\\/\"}}]}<\/script>\n<!-- \/ Yoast SEO plugin. -->","yoast_head_json":{"title":"Medicinin\u0117 Apranga Su Elastanu - Apie Medikus Pagalvota","description":"B\u016bkite pasiruo\u0161\u0119 pamilti savo medicinin\u0119 aprang\u0105. Stilingos pi\u017eamos medikams, mediciniai chalatai.","robots":{"index":"index","follow":"follow","max-snippet":"max-snippet:-1","max-image-preview":"max-image-preview:large","max-video-preview":"max-video-preview:-1"},"canonical":"https:\/\/medaksa.lt\/ru\/kontaktai\/","og_locale":"ru_RU","og_type":"article","og_title":"Medicinin\u0117 Apranga Su Elastanu - Apie Medikus Pagalvota","og_description":"B\u016bkite pasiruo\u0161\u0119 pamilti savo medicinin\u0119 aprang\u0105. Stilingos pi\u017eamos medikams, mediciniai chalatai.","og_url":"https:\/\/medaksa.lt\/ru\/kontaktai\/","og_site_name":"Medaksa","article_modified_time":"2026-04-13T20:49:24+00:00","og_image":[{"width":512,"height":512,"url":"https:\/\/medaksa.lt\/wp-content\/uploads\/2020\/11\/cropped-Medaksa_logo-png-1.webp","type":"image\/webp"}],"twitter_card":"summary_large_image","twitter_misc":{"\u041f\u0440\u0438\u043c\u0435\u0440\u043d\u043e\u0435 \u0432\u0440\u0435\u043c\u044f \u0434\u043b\u044f \u0447\u0442\u0435\u043d\u0438\u044f":"1 \u043c\u0438\u043d\u0443\u0442\u0430"},"schema":{"@context":"https:\/\/schema.org","@graph":[{"@type":["WebPage","ContactPage"],"@id":"https:\/\/medaksa.lt\/ru\/kontaktai\/","url":"https:\/\/medaksa.lt\/ru\/kontaktai\/","name":"Medicinin\u0117 Apranga Su Elastanu - Apie Medikus Pagalvota","isPartOf":{"@id":"https:\/\/medaksa.lt\/ru\/#website"},"datePublished":"2020-11-04T00:30:53+00:00","dateModified":"2026-04-13T20:49:24+00:00","description":"B\u016bkite pasiruo\u0161\u0119 pamilti savo medicinin\u0119 aprang\u0105. Stilingos pi\u017eamos medikams, mediciniai chalatai.","breadcrumb":{"@id":"https:\/\/medaksa.lt\/ru\/kontaktai\/#breadcrumb"},"inLanguage":"ru-RU","potentialAction":[{"@type":"ReadAction","target":["https:\/\/medaksa.lt\/ru\/kontaktai\/"]}]},{"@type":"BreadcrumbList","@id":"https:\/\/medaksa.lt\/ru\/kontaktai\/#breadcrumb","itemListElement":[{"@type":"ListItem","position":1,"name":"Home","item":"https:\/\/medaksa.lt\/ru\/"},{"@type":"ListItem","position":2,"name":"\u041a\u043e\u043d\u0442\u0430\u043a\u0442\u044b"}]},{"@type":"WebSite","@id":"https:\/\/medaksa.lt\/ru\/#website","url":"https:\/\/medaksa.lt\/ru\/","name":"Medaksa","description":"","publisher":{"@id":"https:\/\/medaksa.lt\/ru\/#organization"},"potentialAction":[{"@type":"SearchAction","target":{"@type":"EntryPoint","urlTemplate":"https:\/\/medaksa.lt\/ru\/?s={search_term_string}"},"query-input":{"@type":"PropertyValueSpecification","valueRequired":true,"valueName":"search_term_string"}}],"inLanguage":"ru-RU"},{"@type":"Organization","@id":"https:\/\/medaksa.lt\/ru\/#organization","name":"Medaksa","url":"https:\/\/medaksa.lt\/ru\/","logo":{"@type":"ImageObject","inLanguage":"ru-RU","@id":"https:\/\/medaksa.lt\/ru\/#\/schema\/logo\/image\/","url":"https:\/\/medaksa.lt\/wp-content\/uploads\/2020\/11\/cropped-Medaksa_logo-png-1.png","contentUrl":"https:\/\/medaksa.lt\/wp-content\/uploads\/2020\/11\/cropped-Medaksa_logo-png-1.png","width":512,"height":512,"caption":"Medaksa"},"image":{"@id":"https:\/\/medaksa.lt\/ru\/#\/schema\/logo\/image\/"}}]}},"_links":{"self":[{"href":"https:\/\/medaksa.lt\/ru\/wp-json\/wp\/v2\/pages\/50365","targetHints":{"allow":["GET"]}}],"collection":[{"href":"https:\/\/medaksa.lt\/ru\/wp-json\/wp\/v2\/pages"}],"about":[{"href":"https:\/\/medaksa.lt\/ru\/wp-json\/wp\/v2\/types\/page"}],"author":[{"embeddable":true,"href":"https:\/\/medaksa.lt\/ru\/wp-json\/wp\/v2\/users\/1"}],"replies":[{"embeddable":true,"href":"https:\/\/medaksa.lt\/ru\/wp-json\/wp\/v2\/comments?post=50365"}],"version-history":[{"count":2,"href":"https:\/\/medaksa.lt\/ru\/wp-json\/wp\/v2\/pages\/50365\/revisions"}],"predecessor-version":[{"id":52065,"href":"https:\/\/medaksa.lt\/ru\/wp-json\/wp\/v2\/pages\/50365\/revisions\/52065"}],"wp:attachment":[{"href":"https:\/\/medaksa.lt\/ru\/wp-json\/wp\/v2\/media?parent=50365"}],"curies":[{"name":"wp","href":"https:\/\/api.w.org\/{rel}","templated":true}]}}