{"id":50363,"date":"2020-11-04T03:30:53","date_gmt":"2020-11-04T00:30:53","guid":{"rendered":"https:\/\/medaksa.lt\/mes\/"},"modified":"2026-04-13T23:20:20","modified_gmt":"2026-04-13T20:20:20","slug":"mes","status":"publish","type":"page","link":"https:\/\/medaksa.lt\/ru\/mes\/","title":{"rendered":"\u041e \u043d\u0430\u0441"},"content":{"rendered":"","protected":false},"excerpt":{"rendered":"","protected":false},"author":1,"featured_media":0,"parent":0,"menu_order":17,"comment_status":"closed","ping_status":"open","template":"template-apie-mus.php","meta":{"_acf_changed":false,"footnotes":""},"class_list":["post-50363","page","type-page","status-publish","hentry"],"acf":[],"yoast_head":"<!-- This site is optimized with the Yoast SEO plugin v27.3 - https:\/\/yoast.com\/product\/yoast-seo-wordpress\/ -->\n<title>Medaksa - Apie Mus - Patogiausia Medicinin\u0117 Apranga<\/title>\n<meta name=\"description\" content=\"Med. apranga pagaminta Lietuvoje, pi\u017eamos, medicininiai chalatai - pagalvota apie patogum\u0105 ir funkcionalum\u0105. Stilingi medicinos r\u016bbai.\" \/>\n<meta name=\"robots\" content=\"index, follow, max-snippet:-1, max-image-preview:large, max-video-preview:-1\" \/>\n<link rel=\"canonical\" href=\"https:\/\/medaksa.lt\/ru\/mes\/\" \/>\n<meta property=\"og:locale\" content=\"ru_RU\" \/>\n<meta property=\"og:type\" content=\"article\" \/>\n<meta property=\"og:title\" content=\"Medaksa - Apie Mus - Patogiausia Medicinin\u0117 Apranga\" \/>\n<meta property=\"og:description\" content=\"Med. apranga pagaminta Lietuvoje, pi\u017eamos, medicininiai chalatai - pagalvota apie patogum\u0105 ir funkcionalum\u0105. Stilingi medicinos r\u016bbai.\" \/>\n<meta property=\"og:url\" content=\"https:\/\/medaksa.lt\/ru\/mes\/\" \/>\n<meta property=\"og:site_name\" content=\"Medaksa\" \/>\n<meta property=\"article:modified_time\" content=\"2026-04-13T20:20:20+00:00\" \/>\n<meta property=\"og:image\" content=\"https:\/\/medaksa.lt\/wp-content\/uploads\/2020\/11\/cropped-Medaksa_logo-png-1.webp\" \/>\n\t<meta property=\"og:image:width\" content=\"512\" \/>\n\t<meta property=\"og:image:height\" content=\"512\" \/>\n\t<meta property=\"og:image:type\" content=\"image\/webp\" \/>\n<meta name=\"twitter:card\" content=\"summary_large_image\" \/>\n<script type=\"application\/ld+json\" class=\"yoast-schema-graph\">{\"@context\":\"https:\\\/\\\/schema.org\",\"@graph\":[{\"@type\":[\"WebPage\",\"AboutPage\"],\"@id\":\"https:\\\/\\\/medaksa.lt\\\/ru\\\/mes\\\/\",\"url\":\"https:\\\/\\\/medaksa.lt\\\/ru\\\/mes\\\/\",\"name\":\"Medaksa - Apie Mus - Patogiausia Medicinin\u0117 Apranga\",\"isPartOf\":{\"@id\":\"https:\\\/\\\/medaksa.lt\\\/ru\\\/#website\"},\"datePublished\":\"2020-11-04T00:30:53+00:00\",\"dateModified\":\"2026-04-13T20:20:20+00:00\",\"description\":\"Med. apranga pagaminta Lietuvoje, pi\u017eamos, medicininiai chalatai - pagalvota apie patogum\u0105 ir funkcionalum\u0105. Stilingi medicinos r\u016bbai.\",\"breadcrumb\":{\"@id\":\"https:\\\/\\\/medaksa.lt\\\/ru\\\/mes\\\/#breadcrumb\"},\"inLanguage\":\"ru-RU\",\"potentialAction\":[{\"@type\":\"ReadAction\",\"target\":[\"https:\\\/\\\/medaksa.lt\\\/ru\\\/mes\\\/\"]}]},{\"@type\":\"BreadcrumbList\",\"@id\":\"https:\\\/\\\/medaksa.lt\\\/ru\\\/mes\\\/#breadcrumb\",\"itemListElement\":[{\"@type\":\"ListItem\",\"position\":1,\"name\":\"Home\",\"item\":\"https:\\\/\\\/medaksa.lt\\\/ru\\\/\"},{\"@type\":\"ListItem\",\"position\":2,\"name\":\"\u041e \u043d\u0430\u0441\"}]},{\"@type\":\"WebSite\",\"@id\":\"https:\\\/\\\/medaksa.lt\\\/ru\\\/#website\",\"url\":\"https:\\\/\\\/medaksa.lt\\\/ru\\\/\",\"name\":\"Medaksa\",\"description\":\"\",\"publisher\":{\"@id\":\"https:\\\/\\\/medaksa.lt\\\/ru\\\/#organization\"},\"potentialAction\":[{\"@type\":\"SearchAction\",\"target\":{\"@type\":\"EntryPoint\",\"urlTemplate\":\"https:\\\/\\\/medaksa.lt\\\/ru\\\/?s={search_term_string}\"},\"query-input\":{\"@type\":\"PropertyValueSpecification\",\"valueRequired\":true,\"valueName\":\"search_term_string\"}}],\"inLanguage\":\"ru-RU\"},{\"@type\":\"Organization\",\"@id\":\"https:\\\/\\\/medaksa.lt\\\/ru\\\/#organization\",\"name\":\"Medaksa\",\"url\":\"https:\\\/\\\/medaksa.lt\\\/ru\\\/\",\"logo\":{\"@type\":\"ImageObject\",\"inLanguage\":\"ru-RU\",\"@id\":\"https:\\\/\\\/medaksa.lt\\\/ru\\\/#\\\/schema\\\/logo\\\/image\\\/\",\"url\":\"https:\\\/\\\/medaksa.lt\\\/wp-content\\\/uploads\\\/2020\\\/11\\\/cropped-Medaksa_logo-png-1.png\",\"contentUrl\":\"https:\\\/\\\/medaksa.lt\\\/wp-content\\\/uploads\\\/2020\\\/11\\\/cropped-Medaksa_logo-png-1.png\",\"width\":512,\"height\":512,\"caption\":\"Medaksa\"},\"image\":{\"@id\":\"https:\\\/\\\/medaksa.lt\\\/ru\\\/#\\\/schema\\\/logo\\\/image\\\/\"}}]}<\/script>\n<!-- \/ Yoast SEO plugin. -->","yoast_head_json":{"title":"Medaksa - Apie Mus - Patogiausia Medicinin\u0117 Apranga","description":"Med. apranga pagaminta Lietuvoje, pi\u017eamos, medicininiai chalatai - pagalvota apie patogum\u0105 ir funkcionalum\u0105. Stilingi medicinos r\u016bbai.","robots":{"index":"index","follow":"follow","max-snippet":"max-snippet:-1","max-image-preview":"max-image-preview:large","max-video-preview":"max-video-preview:-1"},"canonical":"https:\/\/medaksa.lt\/ru\/mes\/","og_locale":"ru_RU","og_type":"article","og_title":"Medaksa - Apie Mus - Patogiausia Medicinin\u0117 Apranga","og_description":"Med. apranga pagaminta Lietuvoje, pi\u017eamos, medicininiai chalatai - pagalvota apie patogum\u0105 ir funkcionalum\u0105. Stilingi medicinos r\u016bbai.","og_url":"https:\/\/medaksa.lt\/ru\/mes\/","og_site_name":"Medaksa","article_modified_time":"2026-04-13T20:20:20+00:00","og_image":[{"width":512,"height":512,"url":"https:\/\/medaksa.lt\/wp-content\/uploads\/2020\/11\/cropped-Medaksa_logo-png-1.webp","type":"image\/webp"}],"twitter_card":"summary_large_image","schema":{"@context":"https:\/\/schema.org","@graph":[{"@type":["WebPage","AboutPage"],"@id":"https:\/\/medaksa.lt\/ru\/mes\/","url":"https:\/\/medaksa.lt\/ru\/mes\/","name":"Medaksa - Apie Mus - Patogiausia Medicinin\u0117 Apranga","isPartOf":{"@id":"https:\/\/medaksa.lt\/ru\/#website"},"datePublished":"2020-11-04T00:30:53+00:00","dateModified":"2026-04-13T20:20:20+00:00","description":"Med. apranga pagaminta Lietuvoje, pi\u017eamos, medicininiai chalatai - pagalvota apie patogum\u0105 ir funkcionalum\u0105. Stilingi medicinos r\u016bbai.","breadcrumb":{"@id":"https:\/\/medaksa.lt\/ru\/mes\/#breadcrumb"},"inLanguage":"ru-RU","potentialAction":[{"@type":"ReadAction","target":["https:\/\/medaksa.lt\/ru\/mes\/"]}]},{"@type":"BreadcrumbList","@id":"https:\/\/medaksa.lt\/ru\/mes\/#breadcrumb","itemListElement":[{"@type":"ListItem","position":1,"name":"Home","item":"https:\/\/medaksa.lt\/ru\/"},{"@type":"ListItem","position":2,"name":"\u041e \u043d\u0430\u0441"}]},{"@type":"WebSite","@id":"https:\/\/medaksa.lt\/ru\/#website","url":"https:\/\/medaksa.lt\/ru\/","name":"Medaksa","description":"","publisher":{"@id":"https:\/\/medaksa.lt\/ru\/#organization"},"potentialAction":[{"@type":"SearchAction","target":{"@type":"EntryPoint","urlTemplate":"https:\/\/medaksa.lt\/ru\/?s={search_term_string}"},"query-input":{"@type":"PropertyValueSpecification","valueRequired":true,"valueName":"search_term_string"}}],"inLanguage":"ru-RU"},{"@type":"Organization","@id":"https:\/\/medaksa.lt\/ru\/#organization","name":"Medaksa","url":"https:\/\/medaksa.lt\/ru\/","logo":{"@type":"ImageObject","inLanguage":"ru-RU","@id":"https:\/\/medaksa.lt\/ru\/#\/schema\/logo\/image\/","url":"https:\/\/medaksa.lt\/wp-content\/uploads\/2020\/11\/cropped-Medaksa_logo-png-1.png","contentUrl":"https:\/\/medaksa.lt\/wp-content\/uploads\/2020\/11\/cropped-Medaksa_logo-png-1.png","width":512,"height":512,"caption":"Medaksa"},"image":{"@id":"https:\/\/medaksa.lt\/ru\/#\/schema\/logo\/image\/"}}]}},"_links":{"self":[{"href":"https:\/\/medaksa.lt\/ru\/wp-json\/wp\/v2\/pages\/50363","targetHints":{"allow":["GET"]}}],"collection":[{"href":"https:\/\/medaksa.lt\/ru\/wp-json\/wp\/v2\/pages"}],"about":[{"href":"https:\/\/medaksa.lt\/ru\/wp-json\/wp\/v2\/types\/page"}],"author":[{"embeddable":true,"href":"https:\/\/medaksa.lt\/ru\/wp-json\/wp\/v2\/users\/1"}],"replies":[{"embeddable":true,"href":"https:\/\/medaksa.lt\/ru\/wp-json\/wp\/v2\/comments?post=50363"}],"version-history":[{"count":1,"href":"https:\/\/medaksa.lt\/ru\/wp-json\/wp\/v2\/pages\/50363\/revisions"}],"predecessor-version":[{"id":50418,"href":"https:\/\/medaksa.lt\/ru\/wp-json\/wp\/v2\/pages\/50363\/revisions\/50418"}],"wp:attachment":[{"href":"https:\/\/medaksa.lt\/ru\/wp-json\/wp\/v2\/media?parent=50363"}],"curies":[{"name":"wp","href":"https:\/\/api.w.org\/{rel}","templated":true}]}}