{"id":54080,"date":"2025-02-13T16:21:38","date_gmt":"2025-02-13T13:21:38","guid":{"rendered":"https:\/\/medaksa.lt\/produktas\/tamen-sale\/"},"modified":"2025-02-13T16:21:38","modified_gmt":"2025-02-13T13:21:38","slug":"tamen-sale","status":"publish","type":"product","link":"https:\/\/medaksa.lt\/pl\/produktas\/tamen-sale\/","title":{"rendered":"DAMSKIE SPODNIE MEDYCZNE TAMEN\u2122 WYPRZEDA\u017b"},"content":{"rendered":"<p><strong>MAMY NA STANIE &#8211; WYSY\u0141AMY OD R\u0118KI<\/strong><\/p>\n<p>Klasyczne i eleganckie spodnie medyczne o prostym kroju.<\/p>\n<p>Dwie kieszenie w okolicy ud zapewni\u0105, \u017ce Twoje rzeczy b\u0119d\u0105 zawsze pod r\u0119k\u0105.<\/p>\n<p>Wysoki stan oraz pas regulowany sznurkami &#8211; dok\u0142adnie to, czego potrzebujesz przy cz\u0119stym poruszaniu si\u0119 i wielu godzinach sp\u0119dzonych w pracy.<\/p>\n<p>Do produkcji wykorzystywane s\u0105 wysokiej jako\u015bci tkaniny certyfikowane OEKO-TEX Standard 100.<\/p>\n","protected":false},"excerpt":{"rendered":"<p>Klasyczne spodnie medyczne<\/p>\n","protected":false},"featured_media":54081,"comment_status":"closed","ping_status":"closed","template":"","meta":{"_acf_changed":false},"product_brand":[],"product_cat":[38,22,328],"product_tag":[],"class_list":{"0":"post-54080","1":"product","2":"type-product","3":"status-publish","4":"has-post-thumbnail","6":"product_cat-medicinine-apranga-moterims","7":"product_cat-medicinines-kelnes","8":"product_cat-medicinines-aprangos-ispardavimas","9":"pa_color-karamele","10":"pa_color-vandenynas","11":"pa_color-roze","12":"pa_color-smaragdas","13":"pa_size-3xl","14":"pa_size-4xl","15":"pa_size-s","16":"pa_size-xl","17":"pa_size-xxs","19":"first","20":"instock","21":"sale","22":"taxable","23":"shipping-taxable","24":"purchasable","25":"product-type-variable"},"acf":[],"yoast_head":"<!-- This site is optimized with the Yoast SEO plugin v27.4 - https:\/\/yoast.com\/product\/yoast-seo-wordpress\/ -->\n<title>DAMSKIE SPODNIE MEDYCZNE TAMEN\u2122 WYPRZEDA\u017b - Medaksa<\/title>\n<meta name=\"robots\" content=\"index, follow, max-snippet:-1, max-image-preview:large, max-video-preview:-1\" \/>\n<link rel=\"canonical\" href=\"https:\/\/medaksa.lt\/pl\/produktas\/tamen-sale\/\" \/>\n<meta property=\"og:locale\" content=\"pl_PL\" \/>\n<meta property=\"og:type\" content=\"article\" \/>\n<meta property=\"og:title\" content=\"DAMSKIE SPODNIE MEDYCZNE TAMEN\u2122 WYPRZEDA\u017b - Medaksa\" \/>\n<meta property=\"og:description\" content=\"Klasyczne spodnie medyczne\" \/>\n<meta property=\"og:url\" content=\"https:\/\/medaksa.lt\/pl\/produktas\/tamen-sale\/\" \/>\n<meta property=\"og:site_name\" content=\"Medaksa\" \/>\n<meta property=\"og:image\" content=\"https:\/\/medaksa.lt\/wp-content\/uploads\/2020\/11\/cropped-Medaksa_logo-png-1.webp\" \/>\n\t<meta property=\"og:image:width\" content=\"512\" \/>\n\t<meta property=\"og:image:height\" content=\"512\" \/>\n\t<meta property=\"og:image:type\" content=\"image\/webp\" \/>\n<meta name=\"twitter:card\" content=\"summary_large_image\" \/>\n<script type=\"application\/ld+json\" class=\"yoast-schema-graph\">{\"@context\":\"https:\\\/\\\/schema.org\",\"@graph\":[{\"@type\":\"WebPage\",\"@id\":\"https:\\\/\\\/medaksa.lt\\\/pl\\\/produktas\\\/tamen-sale\\\/\",\"url\":\"https:\\\/\\\/medaksa.lt\\\/pl\\\/produktas\\\/tamen-sale\\\/\",\"name\":\"DAMSKIE SPODNIE MEDYCZNE TAMEN\u2122 WYPRZEDA\u017b - Medaksa\",\"isPartOf\":{\"@id\":\"https:\\\/\\\/medaksa.lt\\\/pl\\\/#website\"},\"primaryImageOfPage\":{\"@id\":\"https:\\\/\\\/medaksa.lt\\\/pl\\\/produktas\\\/tamen-sale\\\/#primaryimage\"},\"image\":{\"@id\":\"https:\\\/\\\/medaksa.lt\\\/pl\\\/produktas\\\/tamen-sale\\\/#primaryimage\"},\"thumbnailUrl\":\"https:\\\/\\\/medaksa.lt\\\/wp-content\\\/uploads\\\/2023\\\/11\\\/Medaksa-10-143164-1.webp\",\"datePublished\":\"2025-02-13T13:21:38+00:00\",\"breadcrumb\":{\"@id\":\"https:\\\/\\\/medaksa.lt\\\/pl\\\/produktas\\\/tamen-sale\\\/#breadcrumb\"},\"inLanguage\":\"pl-PL\",\"potentialAction\":[{\"@type\":\"ReadAction\",\"target\":[\"https:\\\/\\\/medaksa.lt\\\/pl\\\/produktas\\\/tamen-sale\\\/\"]}]},{\"@type\":\"ImageObject\",\"inLanguage\":\"pl-PL\",\"@id\":\"https:\\\/\\\/medaksa.lt\\\/pl\\\/produktas\\\/tamen-sale\\\/#primaryimage\",\"url\":\"https:\\\/\\\/medaksa.lt\\\/wp-content\\\/uploads\\\/2023\\\/11\\\/Medaksa-10-143164-1.webp\",\"contentUrl\":\"https:\\\/\\\/medaksa.lt\\\/wp-content\\\/uploads\\\/2023\\\/11\\\/Medaksa-10-143164-1.webp\",\"width\":1024,\"height\":1024,\"caption\":\"medicinine apranga\"},{\"@type\":\"BreadcrumbList\",\"@id\":\"https:\\\/\\\/medaksa.lt\\\/pl\\\/produktas\\\/tamen-sale\\\/#breadcrumb\",\"itemListElement\":[{\"@type\":\"ListItem\",\"position\":1,\"name\":\"Home\",\"item\":\"https:\\\/\\\/medaksa.lt\\\/pl\\\/\"},{\"@type\":\"ListItem\",\"position\":2,\"name\":\"Sklep\",\"item\":\"https:\\\/\\\/medaksa.lt\\\/parduotuve\\\/\"},{\"@type\":\"ListItem\",\"position\":3,\"name\":\"MOTERI\u0160KOS MEDICININ\u0116S KELN\u0116S TAMEN\u2122 SALE\"}]},{\"@type\":\"WebSite\",\"@id\":\"https:\\\/\\\/medaksa.lt\\\/pl\\\/#website\",\"url\":\"https:\\\/\\\/medaksa.lt\\\/pl\\\/\",\"name\":\"Medaksa\",\"description\":\"\",\"publisher\":{\"@id\":\"https:\\\/\\\/medaksa.lt\\\/pl\\\/#organization\"},\"potentialAction\":[{\"@type\":\"SearchAction\",\"target\":{\"@type\":\"EntryPoint\",\"urlTemplate\":\"https:\\\/\\\/medaksa.lt\\\/pl\\\/?s={search_term_string}\"},\"query-input\":{\"@type\":\"PropertyValueSpecification\",\"valueRequired\":true,\"valueName\":\"search_term_string\"}}],\"inLanguage\":\"pl-PL\"},{\"@type\":\"Organization\",\"@id\":\"https:\\\/\\\/medaksa.lt\\\/pl\\\/#organization\",\"name\":\"Medaksa\",\"url\":\"https:\\\/\\\/medaksa.lt\\\/pl\\\/\",\"logo\":{\"@type\":\"ImageObject\",\"inLanguage\":\"pl-PL\",\"@id\":\"https:\\\/\\\/medaksa.lt\\\/pl\\\/#\\\/schema\\\/logo\\\/image\\\/\",\"url\":\"https:\\\/\\\/medaksa.lt\\\/wp-content\\\/uploads\\\/2020\\\/11\\\/cropped-Medaksa_logo-png-1.png\",\"contentUrl\":\"https:\\\/\\\/medaksa.lt\\\/wp-content\\\/uploads\\\/2020\\\/11\\\/cropped-Medaksa_logo-png-1.png\",\"width\":512,\"height\":512,\"caption\":\"Medaksa\"},\"image\":{\"@id\":\"https:\\\/\\\/medaksa.lt\\\/pl\\\/#\\\/schema\\\/logo\\\/image\\\/\"}}]}<\/script>\n<!-- \/ Yoast SEO plugin. -->","yoast_head_json":{"title":"DAMSKIE SPODNIE MEDYCZNE TAMEN\u2122 WYPRZEDA\u017b - Medaksa","robots":{"index":"index","follow":"follow","max-snippet":"max-snippet:-1","max-image-preview":"max-image-preview:large","max-video-preview":"max-video-preview:-1"},"canonical":"https:\/\/medaksa.lt\/pl\/produktas\/tamen-sale\/","og_locale":"pl_PL","og_type":"article","og_title":"DAMSKIE SPODNIE MEDYCZNE TAMEN\u2122 WYPRZEDA\u017b - Medaksa","og_description":"Klasyczne spodnie medyczne","og_url":"https:\/\/medaksa.lt\/pl\/produktas\/tamen-sale\/","og_site_name":"Medaksa","og_image":[{"width":512,"height":512,"url":"https:\/\/medaksa.lt\/wp-content\/uploads\/2020\/11\/cropped-Medaksa_logo-png-1.webp","type":"image\/webp"}],"twitter_card":"summary_large_image","schema":{"@context":"https:\/\/schema.org","@graph":[{"@type":"WebPage","@id":"https:\/\/medaksa.lt\/pl\/produktas\/tamen-sale\/","url":"https:\/\/medaksa.lt\/pl\/produktas\/tamen-sale\/","name":"DAMSKIE SPODNIE MEDYCZNE TAMEN\u2122 WYPRZEDA\u017b - Medaksa","isPartOf":{"@id":"https:\/\/medaksa.lt\/pl\/#website"},"primaryImageOfPage":{"@id":"https:\/\/medaksa.lt\/pl\/produktas\/tamen-sale\/#primaryimage"},"image":{"@id":"https:\/\/medaksa.lt\/pl\/produktas\/tamen-sale\/#primaryimage"},"thumbnailUrl":"https:\/\/medaksa.lt\/wp-content\/uploads\/2023\/11\/Medaksa-10-143164-1.webp","datePublished":"2025-02-13T13:21:38+00:00","breadcrumb":{"@id":"https:\/\/medaksa.lt\/pl\/produktas\/tamen-sale\/#breadcrumb"},"inLanguage":"pl-PL","potentialAction":[{"@type":"ReadAction","target":["https:\/\/medaksa.lt\/pl\/produktas\/tamen-sale\/"]}]},{"@type":"ImageObject","inLanguage":"pl-PL","@id":"https:\/\/medaksa.lt\/pl\/produktas\/tamen-sale\/#primaryimage","url":"https:\/\/medaksa.lt\/wp-content\/uploads\/2023\/11\/Medaksa-10-143164-1.webp","contentUrl":"https:\/\/medaksa.lt\/wp-content\/uploads\/2023\/11\/Medaksa-10-143164-1.webp","width":1024,"height":1024,"caption":"medicinine apranga"},{"@type":"BreadcrumbList","@id":"https:\/\/medaksa.lt\/pl\/produktas\/tamen-sale\/#breadcrumb","itemListElement":[{"@type":"ListItem","position":1,"name":"Home","item":"https:\/\/medaksa.lt\/pl\/"},{"@type":"ListItem","position":2,"name":"Sklep","item":"https:\/\/medaksa.lt\/parduotuve\/"},{"@type":"ListItem","position":3,"name":"MOTERI\u0160KOS MEDICININ\u0116S KELN\u0116S TAMEN\u2122 SALE"}]},{"@type":"WebSite","@id":"https:\/\/medaksa.lt\/pl\/#website","url":"https:\/\/medaksa.lt\/pl\/","name":"Medaksa","description":"","publisher":{"@id":"https:\/\/medaksa.lt\/pl\/#organization"},"potentialAction":[{"@type":"SearchAction","target":{"@type":"EntryPoint","urlTemplate":"https:\/\/medaksa.lt\/pl\/?s={search_term_string}"},"query-input":{"@type":"PropertyValueSpecification","valueRequired":true,"valueName":"search_term_string"}}],"inLanguage":"pl-PL"},{"@type":"Organization","@id":"https:\/\/medaksa.lt\/pl\/#organization","name":"Medaksa","url":"https:\/\/medaksa.lt\/pl\/","logo":{"@type":"ImageObject","inLanguage":"pl-PL","@id":"https:\/\/medaksa.lt\/pl\/#\/schema\/logo\/image\/","url":"https:\/\/medaksa.lt\/wp-content\/uploads\/2020\/11\/cropped-Medaksa_logo-png-1.png","contentUrl":"https:\/\/medaksa.lt\/wp-content\/uploads\/2020\/11\/cropped-Medaksa_logo-png-1.png","width":512,"height":512,"caption":"Medaksa"},"image":{"@id":"https:\/\/medaksa.lt\/pl\/#\/schema\/logo\/image\/"}}]}},"_links":{"self":[{"href":"https:\/\/medaksa.lt\/pl\/wp-json\/wp\/v2\/product\/54080","targetHints":{"allow":["GET"]}}],"collection":[{"href":"https:\/\/medaksa.lt\/pl\/wp-json\/wp\/v2\/product"}],"about":[{"href":"https:\/\/medaksa.lt\/pl\/wp-json\/wp\/v2\/types\/product"}],"replies":[{"embeddable":true,"href":"https:\/\/medaksa.lt\/pl\/wp-json\/wp\/v2\/comments?post=54080"}],"wp:featuredmedia":[{"embeddable":true,"href":"https:\/\/medaksa.lt\/pl\/wp-json\/wp\/v2\/media\/54081"}],"wp:attachment":[{"href":"https:\/\/medaksa.lt\/pl\/wp-json\/wp\/v2\/media?parent=54080"}],"wp:term":[{"taxonomy":"product_brand","embeddable":true,"href":"https:\/\/medaksa.lt\/pl\/wp-json\/wp\/v2\/product_brand?post=54080"},{"taxonomy":"product_cat","embeddable":true,"href":"https:\/\/medaksa.lt\/pl\/wp-json\/wp\/v2\/product_cat?post=54080"},{"taxonomy":"product_tag","embeddable":true,"href":"https:\/\/medaksa.lt\/pl\/wp-json\/wp\/v2\/product_tag?post=54080"}],"curies":[{"name":"wp","href":"https:\/\/api.w.org\/{rel}","templated":true}]}}