{"id":54042,"date":"2025-01-24T13:06:38","date_gmt":"2025-01-24T10:06:38","guid":{"rendered":"https:\/\/medaksa.lt\/produktas\/divum\/"},"modified":"2025-01-24T13:06:38","modified_gmt":"2025-01-24T10:06:38","slug":"divum","status":"publish","type":"product","link":"https:\/\/medaksa.lt\/pl\/produktas\/divum\/","title":{"rendered":"Damski fartuch medyczny DIVUM\u2122"},"content":{"rendered":"<p><strong>Zam\u00f3wienie przedpremierowe<\/strong>. <strong>Po z\u0142o\u017ceniu zam\u00f3wienia jest ono przekazywane do szwalni i rozpoczynana jest realizacja. Odzie\u017c szyta jest na Litwie. Czas realizacji zam\u00f3wienia 15-20 dni roboczych.<\/strong><\/p>\n<p><p>Je\u015bli szukasz klasycznego damskiego fartucha medycznego do wyj\u0105tkowych zada\u0144 \u2013 jeste\u015b we w\u0142a\u015bciwym miejscu!<\/p>\n<p>\u015awietnie pasuje do posiadanych ju\u017c spodni <a href=\"https:\/\/medaksa.lt\/pl\/produktas\/tamen\/\"><b>TAMEN<\/b><\/a>, <a href=\"https:\/\/medaksa.lt\/pl\/produktas\/aura\/\"><b>AURA<\/b><\/a> oraz <a href=\"https:\/\/medaksa.lt\/pl\/produktas\/ignis\/\"><b>IGNIS<\/b><\/a>.<\/p>\n<p>Dzi\u0119ki elastyczno\u015bci tkaniny klasyczny fartuch medyczny z kolekcji ELITE\u2122 zapewnia pe\u0142n\u0105 swobod\u0119 ruch\u00f3w, nawet gdy jest zapi\u0119ty.<\/p>\n<p>Prosty design fartucha oraz subtelny ko\u0142nierzyk typu st\u00f3jka podkre\u015blaj\u0105 klasyczny styl tego modelu i sprawiaj\u0105, \u017ce ka\u017cda kobieta nosz\u0105c\u0105 nasz klasyczny fartuch medyczny prezentuje si\u0119 bardzo profesjonalnie.<\/p>\n<p>Do produkcji wykorzystywane s\u0105 wysokiej jako\u015bci tkaniny certyfikowane OEKO-TEX Standard 100.<\/p>\n<p>\n","protected":false},"excerpt":{"rendered":"<p>Damski fartuch medyczny<\/p>\n","protected":false},"featured_media":54043,"comment_status":"closed","ping_status":"closed","template":"","meta":{"_acf_changed":false},"product_brand":[],"product_cat":[476,448,459,430],"product_tag":[],"class_list":{"0":"post-54042","1":"product","2":"type-product","3":"status-publish","4":"has-post-thumbnail","6":"product_cat-elite-fartuchy-kobiety","7":"product_cat-fartuchy-medyczne-kobiety","8":"product_cat-nowa-kolekcja-kobiety","9":"product_cat-odziez-medyczna-dla-kobiet","10":"pa_color-balta","11":"pa_size-2xl","12":"pa_size-3xl","13":"pa_size-l","14":"pa_size-m","15":"pa_size-s","16":"pa_size-xl","17":"pa_size-xs","19":"first","20":"instock","21":"taxable","22":"shipping-taxable","23":"purchasable","24":"product-type-variable","25":"has-default-attributes"},"acf":[],"yoast_head":"<!-- This site is optimized with the Yoast SEO plugin v27.4 - https:\/\/yoast.com\/product\/yoast-seo-wordpress\/ -->\n<title>Damski fartuch medyczny DIVUM\u2122 - Medaksa<\/title>\n<meta name=\"robots\" content=\"index, follow, max-snippet:-1, max-image-preview:large, max-video-preview:-1\" \/>\n<link rel=\"canonical\" href=\"https:\/\/medaksa.lt\/pl\/produktas\/divum\/\" \/>\n<meta property=\"og:locale\" content=\"pl_PL\" \/>\n<meta property=\"og:type\" content=\"article\" \/>\n<meta property=\"og:title\" content=\"Damski fartuch medyczny DIVUM\u2122 - Medaksa\" \/>\n<meta property=\"og:description\" content=\"Damski fartuch medyczny\" \/>\n<meta property=\"og:url\" content=\"https:\/\/medaksa.lt\/pl\/produktas\/divum\/\" \/>\n<meta property=\"og:site_name\" content=\"Medaksa\" \/>\n<meta property=\"og:image\" content=\"https:\/\/medaksa.lt\/wp-content\/uploads\/2020\/11\/cropped-Medaksa_logo-png-1.webp\" \/>\n\t<meta property=\"og:image:width\" content=\"512\" \/>\n\t<meta property=\"og:image:height\" content=\"512\" \/>\n\t<meta property=\"og:image:type\" content=\"image\/webp\" \/>\n<meta name=\"twitter:card\" content=\"summary_large_image\" \/>\n<meta name=\"twitter:label1\" content=\"Szacowany czas czytania\" \/>\n\t<meta name=\"twitter:data1\" content=\"1 minuta\" \/>\n<script type=\"application\/ld+json\" class=\"yoast-schema-graph\">{\"@context\":\"https:\\\/\\\/schema.org\",\"@graph\":[{\"@type\":\"WebPage\",\"@id\":\"https:\\\/\\\/medaksa.lt\\\/pl\\\/produktas\\\/divum\\\/\",\"url\":\"https:\\\/\\\/medaksa.lt\\\/pl\\\/produktas\\\/divum\\\/\",\"name\":\"Damski fartuch medyczny DIVUM\u2122 - Medaksa\",\"isPartOf\":{\"@id\":\"https:\\\/\\\/medaksa.lt\\\/pl\\\/#website\"},\"primaryImageOfPage\":{\"@id\":\"https:\\\/\\\/medaksa.lt\\\/pl\\\/produktas\\\/divum\\\/#primaryimage\"},\"image\":{\"@id\":\"https:\\\/\\\/medaksa.lt\\\/pl\\\/produktas\\\/divum\\\/#primaryimage\"},\"thumbnailUrl\":\"https:\\\/\\\/medaksa.lt\\\/wp-content\\\/uploads\\\/2024\\\/12\\\/Medaksa-11-2110597.webp\",\"datePublished\":\"2025-01-24T10:06:38+00:00\",\"breadcrumb\":{\"@id\":\"https:\\\/\\\/medaksa.lt\\\/pl\\\/produktas\\\/divum\\\/#breadcrumb\"},\"inLanguage\":\"pl-PL\",\"potentialAction\":[{\"@type\":\"ReadAction\",\"target\":[\"https:\\\/\\\/medaksa.lt\\\/pl\\\/produktas\\\/divum\\\/\"]}]},{\"@type\":\"ImageObject\",\"inLanguage\":\"pl-PL\",\"@id\":\"https:\\\/\\\/medaksa.lt\\\/pl\\\/produktas\\\/divum\\\/#primaryimage\",\"url\":\"https:\\\/\\\/medaksa.lt\\\/wp-content\\\/uploads\\\/2024\\\/12\\\/Medaksa-11-2110597.webp\",\"contentUrl\":\"https:\\\/\\\/medaksa.lt\\\/wp-content\\\/uploads\\\/2024\\\/12\\\/Medaksa-11-2110597.webp\",\"width\":1024,\"height\":1024,\"caption\":\"Produck\\\/Product photography studio\"},{\"@type\":\"BreadcrumbList\",\"@id\":\"https:\\\/\\\/medaksa.lt\\\/pl\\\/produktas\\\/divum\\\/#breadcrumb\",\"itemListElement\":[{\"@type\":\"ListItem\",\"position\":1,\"name\":\"Home\",\"item\":\"https:\\\/\\\/medaksa.lt\\\/pl\\\/\"},{\"@type\":\"ListItem\",\"position\":2,\"name\":\"Sklep\",\"item\":\"https:\\\/\\\/medaksa.lt\\\/parduotuve\\\/\"},{\"@type\":\"ListItem\",\"position\":3,\"name\":\"Medicininis moteri\u0161kas chalatas DIVUM\u2122\"}]},{\"@type\":\"WebSite\",\"@id\":\"https:\\\/\\\/medaksa.lt\\\/pl\\\/#website\",\"url\":\"https:\\\/\\\/medaksa.lt\\\/pl\\\/\",\"name\":\"Medaksa\",\"description\":\"\",\"publisher\":{\"@id\":\"https:\\\/\\\/medaksa.lt\\\/pl\\\/#organization\"},\"potentialAction\":[{\"@type\":\"SearchAction\",\"target\":{\"@type\":\"EntryPoint\",\"urlTemplate\":\"https:\\\/\\\/medaksa.lt\\\/pl\\\/?s={search_term_string}\"},\"query-input\":{\"@type\":\"PropertyValueSpecification\",\"valueRequired\":true,\"valueName\":\"search_term_string\"}}],\"inLanguage\":\"pl-PL\"},{\"@type\":\"Organization\",\"@id\":\"https:\\\/\\\/medaksa.lt\\\/pl\\\/#organization\",\"name\":\"Medaksa\",\"url\":\"https:\\\/\\\/medaksa.lt\\\/pl\\\/\",\"logo\":{\"@type\":\"ImageObject\",\"inLanguage\":\"pl-PL\",\"@id\":\"https:\\\/\\\/medaksa.lt\\\/pl\\\/#\\\/schema\\\/logo\\\/image\\\/\",\"url\":\"https:\\\/\\\/medaksa.lt\\\/wp-content\\\/uploads\\\/2020\\\/11\\\/cropped-Medaksa_logo-png-1.png\",\"contentUrl\":\"https:\\\/\\\/medaksa.lt\\\/wp-content\\\/uploads\\\/2020\\\/11\\\/cropped-Medaksa_logo-png-1.png\",\"width\":512,\"height\":512,\"caption\":\"Medaksa\"},\"image\":{\"@id\":\"https:\\\/\\\/medaksa.lt\\\/pl\\\/#\\\/schema\\\/logo\\\/image\\\/\"}}]}<\/script>\n<!-- \/ Yoast SEO plugin. -->","yoast_head_json":{"title":"Damski fartuch medyczny DIVUM\u2122 - Medaksa","robots":{"index":"index","follow":"follow","max-snippet":"max-snippet:-1","max-image-preview":"max-image-preview:large","max-video-preview":"max-video-preview:-1"},"canonical":"https:\/\/medaksa.lt\/pl\/produktas\/divum\/","og_locale":"pl_PL","og_type":"article","og_title":"Damski fartuch medyczny DIVUM\u2122 - Medaksa","og_description":"Damski fartuch medyczny","og_url":"https:\/\/medaksa.lt\/pl\/produktas\/divum\/","og_site_name":"Medaksa","og_image":[{"width":512,"height":512,"url":"https:\/\/medaksa.lt\/wp-content\/uploads\/2020\/11\/cropped-Medaksa_logo-png-1.webp","type":"image\/webp"}],"twitter_card":"summary_large_image","twitter_misc":{"Szacowany czas czytania":"1 minuta"},"schema":{"@context":"https:\/\/schema.org","@graph":[{"@type":"WebPage","@id":"https:\/\/medaksa.lt\/pl\/produktas\/divum\/","url":"https:\/\/medaksa.lt\/pl\/produktas\/divum\/","name":"Damski fartuch medyczny DIVUM\u2122 - Medaksa","isPartOf":{"@id":"https:\/\/medaksa.lt\/pl\/#website"},"primaryImageOfPage":{"@id":"https:\/\/medaksa.lt\/pl\/produktas\/divum\/#primaryimage"},"image":{"@id":"https:\/\/medaksa.lt\/pl\/produktas\/divum\/#primaryimage"},"thumbnailUrl":"https:\/\/medaksa.lt\/wp-content\/uploads\/2024\/12\/Medaksa-11-2110597.webp","datePublished":"2025-01-24T10:06:38+00:00","breadcrumb":{"@id":"https:\/\/medaksa.lt\/pl\/produktas\/divum\/#breadcrumb"},"inLanguage":"pl-PL","potentialAction":[{"@type":"ReadAction","target":["https:\/\/medaksa.lt\/pl\/produktas\/divum\/"]}]},{"@type":"ImageObject","inLanguage":"pl-PL","@id":"https:\/\/medaksa.lt\/pl\/produktas\/divum\/#primaryimage","url":"https:\/\/medaksa.lt\/wp-content\/uploads\/2024\/12\/Medaksa-11-2110597.webp","contentUrl":"https:\/\/medaksa.lt\/wp-content\/uploads\/2024\/12\/Medaksa-11-2110597.webp","width":1024,"height":1024,"caption":"Produck\/Product photography studio"},{"@type":"BreadcrumbList","@id":"https:\/\/medaksa.lt\/pl\/produktas\/divum\/#breadcrumb","itemListElement":[{"@type":"ListItem","position":1,"name":"Home","item":"https:\/\/medaksa.lt\/pl\/"},{"@type":"ListItem","position":2,"name":"Sklep","item":"https:\/\/medaksa.lt\/parduotuve\/"},{"@type":"ListItem","position":3,"name":"Medicininis moteri\u0161kas chalatas DIVUM\u2122"}]},{"@type":"WebSite","@id":"https:\/\/medaksa.lt\/pl\/#website","url":"https:\/\/medaksa.lt\/pl\/","name":"Medaksa","description":"","publisher":{"@id":"https:\/\/medaksa.lt\/pl\/#organization"},"potentialAction":[{"@type":"SearchAction","target":{"@type":"EntryPoint","urlTemplate":"https:\/\/medaksa.lt\/pl\/?s={search_term_string}"},"query-input":{"@type":"PropertyValueSpecification","valueRequired":true,"valueName":"search_term_string"}}],"inLanguage":"pl-PL"},{"@type":"Organization","@id":"https:\/\/medaksa.lt\/pl\/#organization","name":"Medaksa","url":"https:\/\/medaksa.lt\/pl\/","logo":{"@type":"ImageObject","inLanguage":"pl-PL","@id":"https:\/\/medaksa.lt\/pl\/#\/schema\/logo\/image\/","url":"https:\/\/medaksa.lt\/wp-content\/uploads\/2020\/11\/cropped-Medaksa_logo-png-1.png","contentUrl":"https:\/\/medaksa.lt\/wp-content\/uploads\/2020\/11\/cropped-Medaksa_logo-png-1.png","width":512,"height":512,"caption":"Medaksa"},"image":{"@id":"https:\/\/medaksa.lt\/pl\/#\/schema\/logo\/image\/"}}]}},"_links":{"self":[{"href":"https:\/\/medaksa.lt\/pl\/wp-json\/wp\/v2\/product\/54042","targetHints":{"allow":["GET"]}}],"collection":[{"href":"https:\/\/medaksa.lt\/pl\/wp-json\/wp\/v2\/product"}],"about":[{"href":"https:\/\/medaksa.lt\/pl\/wp-json\/wp\/v2\/types\/product"}],"replies":[{"embeddable":true,"href":"https:\/\/medaksa.lt\/pl\/wp-json\/wp\/v2\/comments?post=54042"}],"wp:featuredmedia":[{"embeddable":true,"href":"https:\/\/medaksa.lt\/pl\/wp-json\/wp\/v2\/media\/54043"}],"wp:attachment":[{"href":"https:\/\/medaksa.lt\/pl\/wp-json\/wp\/v2\/media?parent=54042"}],"wp:term":[{"taxonomy":"product_brand","embeddable":true,"href":"https:\/\/medaksa.lt\/pl\/wp-json\/wp\/v2\/product_brand?post=54042"},{"taxonomy":"product_cat","embeddable":true,"href":"https:\/\/medaksa.lt\/pl\/wp-json\/wp\/v2\/product_cat?post=54042"},{"taxonomy":"product_tag","embeddable":true,"href":"https:\/\/medaksa.lt\/pl\/wp-json\/wp\/v2\/product_tag?post=54042"}],"curies":[{"name":"wp","href":"https:\/\/api.w.org\/{rel}","templated":true}]}}