{"id":53428,"date":"2023-11-04T11:23:49","date_gmt":"2023-11-04T08:23:49","guid":{"rendered":"https:\/\/medaksa.lt\/produktas\/pectus\/"},"modified":"2023-11-04T11:23:49","modified_gmt":"2023-11-04T08:23:49","slug":"pectus","status":"publish","type":"product","link":"https:\/\/medaksa.lt\/pl\/produktas\/pectus\/","title":{"rendered":"Damski \u017cakiet medyczny PECTUS\u2122"},"content":{"rendered":"<p><strong>MAMY NA STANIE &#8211; Wysy\u0142amy od r\u0119ki!<\/strong><\/p>\n<p>Niezmiernie wygodny \u017cakiet z d\u0142ugimi r\u0119kawami do codziennej pracy oraz dy\u017cur\u00f3w.<\/p>\n<p>Mo\u017cna \u0142\u0105czy\u0107 ze spodniami <a href=\"https:\/\/medaksa.lt\/pl\/produktas\/ignis\/\"><b>IGNIS<\/b><\/a>, <a href=\"https:\/\/medaksa.lt\/pl\/produktas\/tamen\/\"><b>TAMEN<\/b><\/a>\u00a0oraz <a href=\"https:\/\/medaksa.lt\/pl\/produktas\/aura\/\"><b>AURA<\/b><\/a>. \u015awietnie sprawdza si\u0119 r\u00f3wnie\u017c jako wierzchnia warstwa noszona na bluzy <a href=\"https:\/\/medaksa.lt\/pl\/produktas\/terra\/\"><b>TERRA<\/b><\/a>, <a href=\"https:\/\/medaksa.lt\/pl\/produktas\/supra\/\"><b>SUPRA<\/b><\/a> i <a href=\"https:\/\/medaksa.lt\/pl\/produktas\/tendo\/\"><b>TENDO<\/b><\/a>.<\/p>\n<ul>\n<li>Zapi\u0119cie na napy<\/li>\n<li>Trzy kieszenie<\/li>\n<li>Mankiety w stylu koszulki<\/li>\n<\/ul>\n<p>Do produkcji wykorzystywane s\u0105 wysokiej jako\u015bci tkaniny certyfikowane OEKO-TEX Standard 100.<\/p>\n","protected":false},"excerpt":{"rendered":"<p>\u017bakiet medyczny<\/p>\n","protected":false},"featured_media":53429,"comment_status":"closed","ping_status":"closed","template":"","meta":{"_acf_changed":false},"product_brand":[],"product_cat":[461,430,472],"product_tag":[],"class_list":{"0":"post-53428","1":"product","2":"type-product","3":"status-publish","4":"has-post-thumbnail","6":"product_cat-bluzy-kobiety","7":"product_cat-odziez-medyczna-dla-kobiet","8":"product_cat-wyprzedaz-kobiety","9":"pa_color-balta","10":"pa_color-rasalai","11":"pa_color-samanos","12":"pa_color-latte","13":"pa_color-dangus","14":"pa_color-oniksas","15":"pa_size-2xl","16":"pa_size-3xl","17":"pa_size-4xl","18":"pa_size-m","19":"pa_size-s","20":"pa_size-xl","21":"pa_size-xs","23":"first","24":"instock","25":"sale","26":"taxable","27":"shipping-taxable","28":"purchasable","29":"product-type-variable"},"acf":[],"yoast_head":"<!-- This site is optimized with the Yoast SEO plugin v27.4 - https:\/\/yoast.com\/product\/yoast-seo-wordpress\/ -->\n<title>Damski \u017cakiet medyczny PECTUS\u2122 - Medaksa<\/title>\n<meta name=\"robots\" content=\"index, follow, max-snippet:-1, max-image-preview:large, max-video-preview:-1\" \/>\n<link rel=\"canonical\" href=\"https:\/\/medaksa.lt\/pl\/produktas\/pectus\/\" \/>\n<meta property=\"og:locale\" content=\"pl_PL\" \/>\n<meta property=\"og:type\" content=\"article\" \/>\n<meta property=\"og:title\" content=\"Damski \u017cakiet medyczny PECTUS\u2122 - Medaksa\" \/>\n<meta property=\"og:description\" content=\"\u017bakiet medyczny\" \/>\n<meta property=\"og:url\" content=\"https:\/\/medaksa.lt\/pl\/produktas\/pectus\/\" \/>\n<meta property=\"og:site_name\" content=\"Medaksa\" \/>\n<meta property=\"og:image\" content=\"https:\/\/medaksa.lt\/wp-content\/uploads\/2020\/11\/cropped-Medaksa_logo-png-1.webp\" \/>\n\t<meta property=\"og:image:width\" content=\"512\" \/>\n\t<meta property=\"og:image:height\" content=\"512\" \/>\n\t<meta property=\"og:image:type\" content=\"image\/webp\" \/>\n<meta name=\"twitter:card\" content=\"summary_large_image\" \/>\n<script type=\"application\/ld+json\" class=\"yoast-schema-graph\">{\"@context\":\"https:\\\/\\\/schema.org\",\"@graph\":[{\"@type\":\"WebPage\",\"@id\":\"https:\\\/\\\/medaksa.lt\\\/pl\\\/produktas\\\/pectus\\\/\",\"url\":\"https:\\\/\\\/medaksa.lt\\\/pl\\\/produktas\\\/pectus\\\/\",\"name\":\"Damski \u017cakiet medyczny PECTUS\u2122 - Medaksa\",\"isPartOf\":{\"@id\":\"https:\\\/\\\/medaksa.lt\\\/pl\\\/#website\"},\"primaryImageOfPage\":{\"@id\":\"https:\\\/\\\/medaksa.lt\\\/pl\\\/produktas\\\/pectus\\\/#primaryimage\"},\"image\":{\"@id\":\"https:\\\/\\\/medaksa.lt\\\/pl\\\/produktas\\\/pectus\\\/#primaryimage\"},\"thumbnailUrl\":\"https:\\\/\\\/medaksa.lt\\\/wp-content\\\/uploads\\\/2023\\\/11\\\/Medaksa-10-143518-1.webp\",\"datePublished\":\"2023-11-04T08:23:49+00:00\",\"breadcrumb\":{\"@id\":\"https:\\\/\\\/medaksa.lt\\\/pl\\\/produktas\\\/pectus\\\/#breadcrumb\"},\"inLanguage\":\"pl-PL\",\"potentialAction\":[{\"@type\":\"ReadAction\",\"target\":[\"https:\\\/\\\/medaksa.lt\\\/pl\\\/produktas\\\/pectus\\\/\"]}]},{\"@type\":\"ImageObject\",\"inLanguage\":\"pl-PL\",\"@id\":\"https:\\\/\\\/medaksa.lt\\\/pl\\\/produktas\\\/pectus\\\/#primaryimage\",\"url\":\"https:\\\/\\\/medaksa.lt\\\/wp-content\\\/uploads\\\/2023\\\/11\\\/Medaksa-10-143518-1.webp\",\"contentUrl\":\"https:\\\/\\\/medaksa.lt\\\/wp-content\\\/uploads\\\/2023\\\/11\\\/Medaksa-10-143518-1.webp\",\"width\":1024,\"height\":1024,\"caption\":\"medicinine apranga\"},{\"@type\":\"BreadcrumbList\",\"@id\":\"https:\\\/\\\/medaksa.lt\\\/pl\\\/produktas\\\/pectus\\\/#breadcrumb\",\"itemListElement\":[{\"@type\":\"ListItem\",\"position\":1,\"name\":\"Home\",\"item\":\"https:\\\/\\\/medaksa.lt\\\/pl\\\/\"},{\"@type\":\"ListItem\",\"position\":2,\"name\":\"Sklep\",\"item\":\"https:\\\/\\\/medaksa.lt\\\/parduotuve\\\/\"},{\"@type\":\"ListItem\",\"position\":3,\"name\":\"Medicininis moteri\u0161kas \u0161varkelis PECTUS\u2122\"}]},{\"@type\":\"WebSite\",\"@id\":\"https:\\\/\\\/medaksa.lt\\\/pl\\\/#website\",\"url\":\"https:\\\/\\\/medaksa.lt\\\/pl\\\/\",\"name\":\"Medaksa\",\"description\":\"\",\"publisher\":{\"@id\":\"https:\\\/\\\/medaksa.lt\\\/pl\\\/#organization\"},\"potentialAction\":[{\"@type\":\"SearchAction\",\"target\":{\"@type\":\"EntryPoint\",\"urlTemplate\":\"https:\\\/\\\/medaksa.lt\\\/pl\\\/?s={search_term_string}\"},\"query-input\":{\"@type\":\"PropertyValueSpecification\",\"valueRequired\":true,\"valueName\":\"search_term_string\"}}],\"inLanguage\":\"pl-PL\"},{\"@type\":\"Organization\",\"@id\":\"https:\\\/\\\/medaksa.lt\\\/pl\\\/#organization\",\"name\":\"Medaksa\",\"url\":\"https:\\\/\\\/medaksa.lt\\\/pl\\\/\",\"logo\":{\"@type\":\"ImageObject\",\"inLanguage\":\"pl-PL\",\"@id\":\"https:\\\/\\\/medaksa.lt\\\/pl\\\/#\\\/schema\\\/logo\\\/image\\\/\",\"url\":\"https:\\\/\\\/medaksa.lt\\\/wp-content\\\/uploads\\\/2020\\\/11\\\/cropped-Medaksa_logo-png-1.png\",\"contentUrl\":\"https:\\\/\\\/medaksa.lt\\\/wp-content\\\/uploads\\\/2020\\\/11\\\/cropped-Medaksa_logo-png-1.png\",\"width\":512,\"height\":512,\"caption\":\"Medaksa\"},\"image\":{\"@id\":\"https:\\\/\\\/medaksa.lt\\\/pl\\\/#\\\/schema\\\/logo\\\/image\\\/\"}}]}<\/script>\n<!-- \/ Yoast SEO plugin. -->","yoast_head_json":{"title":"Damski \u017cakiet medyczny PECTUS\u2122 - Medaksa","robots":{"index":"index","follow":"follow","max-snippet":"max-snippet:-1","max-image-preview":"max-image-preview:large","max-video-preview":"max-video-preview:-1"},"canonical":"https:\/\/medaksa.lt\/pl\/produktas\/pectus\/","og_locale":"pl_PL","og_type":"article","og_title":"Damski \u017cakiet medyczny PECTUS\u2122 - Medaksa","og_description":"\u017bakiet medyczny","og_url":"https:\/\/medaksa.lt\/pl\/produktas\/pectus\/","og_site_name":"Medaksa","og_image":[{"width":512,"height":512,"url":"https:\/\/medaksa.lt\/wp-content\/uploads\/2020\/11\/cropped-Medaksa_logo-png-1.webp","type":"image\/webp"}],"twitter_card":"summary_large_image","schema":{"@context":"https:\/\/schema.org","@graph":[{"@type":"WebPage","@id":"https:\/\/medaksa.lt\/pl\/produktas\/pectus\/","url":"https:\/\/medaksa.lt\/pl\/produktas\/pectus\/","name":"Damski \u017cakiet medyczny PECTUS\u2122 - Medaksa","isPartOf":{"@id":"https:\/\/medaksa.lt\/pl\/#website"},"primaryImageOfPage":{"@id":"https:\/\/medaksa.lt\/pl\/produktas\/pectus\/#primaryimage"},"image":{"@id":"https:\/\/medaksa.lt\/pl\/produktas\/pectus\/#primaryimage"},"thumbnailUrl":"https:\/\/medaksa.lt\/wp-content\/uploads\/2023\/11\/Medaksa-10-143518-1.webp","datePublished":"2023-11-04T08:23:49+00:00","breadcrumb":{"@id":"https:\/\/medaksa.lt\/pl\/produktas\/pectus\/#breadcrumb"},"inLanguage":"pl-PL","potentialAction":[{"@type":"ReadAction","target":["https:\/\/medaksa.lt\/pl\/produktas\/pectus\/"]}]},{"@type":"ImageObject","inLanguage":"pl-PL","@id":"https:\/\/medaksa.lt\/pl\/produktas\/pectus\/#primaryimage","url":"https:\/\/medaksa.lt\/wp-content\/uploads\/2023\/11\/Medaksa-10-143518-1.webp","contentUrl":"https:\/\/medaksa.lt\/wp-content\/uploads\/2023\/11\/Medaksa-10-143518-1.webp","width":1024,"height":1024,"caption":"medicinine apranga"},{"@type":"BreadcrumbList","@id":"https:\/\/medaksa.lt\/pl\/produktas\/pectus\/#breadcrumb","itemListElement":[{"@type":"ListItem","position":1,"name":"Home","item":"https:\/\/medaksa.lt\/pl\/"},{"@type":"ListItem","position":2,"name":"Sklep","item":"https:\/\/medaksa.lt\/parduotuve\/"},{"@type":"ListItem","position":3,"name":"Medicininis moteri\u0161kas \u0161varkelis PECTUS\u2122"}]},{"@type":"WebSite","@id":"https:\/\/medaksa.lt\/pl\/#website","url":"https:\/\/medaksa.lt\/pl\/","name":"Medaksa","description":"","publisher":{"@id":"https:\/\/medaksa.lt\/pl\/#organization"},"potentialAction":[{"@type":"SearchAction","target":{"@type":"EntryPoint","urlTemplate":"https:\/\/medaksa.lt\/pl\/?s={search_term_string}"},"query-input":{"@type":"PropertyValueSpecification","valueRequired":true,"valueName":"search_term_string"}}],"inLanguage":"pl-PL"},{"@type":"Organization","@id":"https:\/\/medaksa.lt\/pl\/#organization","name":"Medaksa","url":"https:\/\/medaksa.lt\/pl\/","logo":{"@type":"ImageObject","inLanguage":"pl-PL","@id":"https:\/\/medaksa.lt\/pl\/#\/schema\/logo\/image\/","url":"https:\/\/medaksa.lt\/wp-content\/uploads\/2020\/11\/cropped-Medaksa_logo-png-1.png","contentUrl":"https:\/\/medaksa.lt\/wp-content\/uploads\/2020\/11\/cropped-Medaksa_logo-png-1.png","width":512,"height":512,"caption":"Medaksa"},"image":{"@id":"https:\/\/medaksa.lt\/pl\/#\/schema\/logo\/image\/"}}]}},"_links":{"self":[{"href":"https:\/\/medaksa.lt\/pl\/wp-json\/wp\/v2\/product\/53428","targetHints":{"allow":["GET"]}}],"collection":[{"href":"https:\/\/medaksa.lt\/pl\/wp-json\/wp\/v2\/product"}],"about":[{"href":"https:\/\/medaksa.lt\/pl\/wp-json\/wp\/v2\/types\/product"}],"replies":[{"embeddable":true,"href":"https:\/\/medaksa.lt\/pl\/wp-json\/wp\/v2\/comments?post=53428"}],"wp:featuredmedia":[{"embeddable":true,"href":"https:\/\/medaksa.lt\/pl\/wp-json\/wp\/v2\/media\/53429"}],"wp:attachment":[{"href":"https:\/\/medaksa.lt\/pl\/wp-json\/wp\/v2\/media?parent=53428"}],"wp:term":[{"taxonomy":"product_brand","embeddable":true,"href":"https:\/\/medaksa.lt\/pl\/wp-json\/wp\/v2\/product_brand?post=53428"},{"taxonomy":"product_cat","embeddable":true,"href":"https:\/\/medaksa.lt\/pl\/wp-json\/wp\/v2\/product_cat?post=53428"},{"taxonomy":"product_tag","embeddable":true,"href":"https:\/\/medaksa.lt\/pl\/wp-json\/wp\/v2\/product_tag?post=53428"}],"curies":[{"name":"wp","href":"https:\/\/api.w.org\/{rel}","templated":true}]}}