{"id":52661,"date":"2022-11-24T02:12:21","date_gmt":"2022-11-23T23:12:21","guid":{"rendered":"https:\/\/medaksa.lt\/produktas\/amare\/"},"modified":"2022-11-24T02:12:21","modified_gmt":"2022-11-23T23:12:21","slug":"amare","status":"publish","type":"product","link":"https:\/\/medaksa.lt\/pl\/produktas\/amare\/","title":{"rendered":"DAMSKA BLUZA MEDYCZNA AMARE\u2122"},"content":{"rendered":"<p><b>Zam\u00f3wienie przedpremierowe &#8211; Po z\u0142o\u017ceniu zam\u00f3wienia jest ono przekazywane do szwalni i rozpoczynana jest realizacja. Odzie\u017c szyta jest na Litwie. Czas realizacji zam\u00f3wienia 15-20 dni roboczych.<\/b><\/p>\n<p><p>Wi\u0105zana, dopasowana w talii bluza medyczna &#8211; gdy zale\u017cy Ci na lekkim i romantycznym wizerunku w pracy.<\/p>\n<ul>\n<li>Wygodne r\u0119kawy 3\/4<\/li>\n<li>Dwie kieszenie<\/li>\n<li>Wygodna regulacja rozmiaru sznurkami<\/li>\n<\/ul>\n<p>D\u0142u\u017cszy model zakrywaj\u0105cy biodra.<\/p>\n<p><p>Do produkcji wykorzystywane s\u0105 wysokiej jako\u015bci tkaniny certyfikowane OEKO-TEX Standard 100.<\/p>\n","protected":false},"excerpt":{"rendered":"<p>\u017bakiet medyczny<\/p>\n","protected":false},"featured_media":52662,"comment_status":"closed","ping_status":"closed","template":"","meta":{"_acf_changed":false},"product_brand":[],"product_cat":[461,460,430],"product_tag":[],"class_list":{"0":"post-52661","1":"product","2":"type-product","3":"status-publish","4":"has-post-thumbnail","6":"product_cat-bluzy-kobiety","7":"product_cat-klasyczne-bluzy-kobiety","8":"product_cat-odziez-medyczna-dla-kobiet","9":"pa_color-betonas","10":"pa_color-balta","11":"pa_color-sokoladas","12":"pa_color-rasalai","13":"pa_color-samanos","14":"pa_color-latte","15":"pa_color-dangus","16":"pa_color-oniksas","17":"pa_size-2xl","18":"pa_size-3xl","19":"pa_size-4xl","20":"pa_size-l","21":"pa_size-m","22":"pa_size-s","23":"pa_size-xl","24":"pa_size-xs","26":"first","27":"instock","28":"taxable","29":"shipping-taxable","30":"purchasable","31":"product-type-variable"},"acf":[],"yoast_head":"<!-- This site is optimized with the Yoast SEO plugin v27.4 - https:\/\/yoast.com\/product\/yoast-seo-wordpress\/ -->\n<title>DAMSKA BLUZA MEDYCZNA AMARE\u2122 - Medaksa<\/title>\n<meta name=\"robots\" content=\"index, follow, max-snippet:-1, max-image-preview:large, max-video-preview:-1\" \/>\n<link rel=\"canonical\" href=\"https:\/\/medaksa.lt\/pl\/produktas\/amare\/\" \/>\n<meta property=\"og:locale\" content=\"pl_PL\" \/>\n<meta property=\"og:type\" content=\"article\" \/>\n<meta property=\"og:title\" content=\"DAMSKA BLUZA MEDYCZNA AMARE\u2122 - Medaksa\" \/>\n<meta property=\"og:description\" content=\"\u017bakiet medyczny\" \/>\n<meta property=\"og:url\" content=\"https:\/\/medaksa.lt\/pl\/produktas\/amare\/\" \/>\n<meta property=\"og:site_name\" content=\"Medaksa\" \/>\n<meta property=\"og:image\" content=\"https:\/\/medaksa.lt\/wp-content\/uploads\/2020\/11\/cropped-Medaksa_logo-png-1.webp\" \/>\n\t<meta property=\"og:image:width\" content=\"512\" \/>\n\t<meta property=\"og:image:height\" content=\"512\" \/>\n\t<meta property=\"og:image:type\" content=\"image\/webp\" \/>\n<meta name=\"twitter:card\" content=\"summary_large_image\" \/>\n<script type=\"application\/ld+json\" class=\"yoast-schema-graph\">{\"@context\":\"https:\\\/\\\/schema.org\",\"@graph\":[{\"@type\":\"WebPage\",\"@id\":\"https:\\\/\\\/medaksa.lt\\\/pl\\\/produktas\\\/amare\\\/\",\"url\":\"https:\\\/\\\/medaksa.lt\\\/pl\\\/produktas\\\/amare\\\/\",\"name\":\"DAMSKA BLUZA MEDYCZNA AMARE\u2122 - Medaksa\",\"isPartOf\":{\"@id\":\"https:\\\/\\\/medaksa.lt\\\/pl\\\/#website\"},\"primaryImageOfPage\":{\"@id\":\"https:\\\/\\\/medaksa.lt\\\/pl\\\/produktas\\\/amare\\\/#primaryimage\"},\"image\":{\"@id\":\"https:\\\/\\\/medaksa.lt\\\/pl\\\/produktas\\\/amare\\\/#primaryimage\"},\"thumbnailUrl\":\"https:\\\/\\\/medaksa.lt\\\/wp-content\\\/uploads\\\/2022\\\/11\\\/Medaksa-10-2917830.webp\",\"datePublished\":\"2022-11-23T23:12:21+00:00\",\"breadcrumb\":{\"@id\":\"https:\\\/\\\/medaksa.lt\\\/pl\\\/produktas\\\/amare\\\/#breadcrumb\"},\"inLanguage\":\"pl-PL\",\"potentialAction\":[{\"@type\":\"ReadAction\",\"target\":[\"https:\\\/\\\/medaksa.lt\\\/pl\\\/produktas\\\/amare\\\/\"]}]},{\"@type\":\"ImageObject\",\"inLanguage\":\"pl-PL\",\"@id\":\"https:\\\/\\\/medaksa.lt\\\/pl\\\/produktas\\\/amare\\\/#primaryimage\",\"url\":\"https:\\\/\\\/medaksa.lt\\\/wp-content\\\/uploads\\\/2022\\\/11\\\/Medaksa-10-2917830.webp\",\"contentUrl\":\"https:\\\/\\\/medaksa.lt\\\/wp-content\\\/uploads\\\/2022\\\/11\\\/Medaksa-10-2917830.webp\",\"width\":1024,\"height\":1024,\"caption\":\"medicinine apranga\"},{\"@type\":\"BreadcrumbList\",\"@id\":\"https:\\\/\\\/medaksa.lt\\\/pl\\\/produktas\\\/amare\\\/#breadcrumb\",\"itemListElement\":[{\"@type\":\"ListItem\",\"position\":1,\"name\":\"Home\",\"item\":\"https:\\\/\\\/medaksa.lt\\\/pl\\\/\"},{\"@type\":\"ListItem\",\"position\":2,\"name\":\"Sklep\",\"item\":\"https:\\\/\\\/medaksa.lt\\\/parduotuve\\\/\"},{\"@type\":\"ListItem\",\"position\":3,\"name\":\"MOTERI\u0160KA MEDICININ\u0116 PALAIDIN\u0116 AMARE\u2122\"}]},{\"@type\":\"WebSite\",\"@id\":\"https:\\\/\\\/medaksa.lt\\\/pl\\\/#website\",\"url\":\"https:\\\/\\\/medaksa.lt\\\/pl\\\/\",\"name\":\"Medaksa\",\"description\":\"\",\"publisher\":{\"@id\":\"https:\\\/\\\/medaksa.lt\\\/pl\\\/#organization\"},\"potentialAction\":[{\"@type\":\"SearchAction\",\"target\":{\"@type\":\"EntryPoint\",\"urlTemplate\":\"https:\\\/\\\/medaksa.lt\\\/pl\\\/?s={search_term_string}\"},\"query-input\":{\"@type\":\"PropertyValueSpecification\",\"valueRequired\":true,\"valueName\":\"search_term_string\"}}],\"inLanguage\":\"pl-PL\"},{\"@type\":\"Organization\",\"@id\":\"https:\\\/\\\/medaksa.lt\\\/pl\\\/#organization\",\"name\":\"Medaksa\",\"url\":\"https:\\\/\\\/medaksa.lt\\\/pl\\\/\",\"logo\":{\"@type\":\"ImageObject\",\"inLanguage\":\"pl-PL\",\"@id\":\"https:\\\/\\\/medaksa.lt\\\/pl\\\/#\\\/schema\\\/logo\\\/image\\\/\",\"url\":\"https:\\\/\\\/medaksa.lt\\\/wp-content\\\/uploads\\\/2020\\\/11\\\/cropped-Medaksa_logo-png-1.png\",\"contentUrl\":\"https:\\\/\\\/medaksa.lt\\\/wp-content\\\/uploads\\\/2020\\\/11\\\/cropped-Medaksa_logo-png-1.png\",\"width\":512,\"height\":512,\"caption\":\"Medaksa\"},\"image\":{\"@id\":\"https:\\\/\\\/medaksa.lt\\\/pl\\\/#\\\/schema\\\/logo\\\/image\\\/\"}}]}<\/script>\n<!-- \/ Yoast SEO plugin. -->","yoast_head_json":{"title":"DAMSKA BLUZA MEDYCZNA AMARE\u2122 - Medaksa","robots":{"index":"index","follow":"follow","max-snippet":"max-snippet:-1","max-image-preview":"max-image-preview:large","max-video-preview":"max-video-preview:-1"},"canonical":"https:\/\/medaksa.lt\/pl\/produktas\/amare\/","og_locale":"pl_PL","og_type":"article","og_title":"DAMSKA BLUZA MEDYCZNA AMARE\u2122 - Medaksa","og_description":"\u017bakiet medyczny","og_url":"https:\/\/medaksa.lt\/pl\/produktas\/amare\/","og_site_name":"Medaksa","og_image":[{"width":512,"height":512,"url":"https:\/\/medaksa.lt\/wp-content\/uploads\/2020\/11\/cropped-Medaksa_logo-png-1.webp","type":"image\/webp"}],"twitter_card":"summary_large_image","schema":{"@context":"https:\/\/schema.org","@graph":[{"@type":"WebPage","@id":"https:\/\/medaksa.lt\/pl\/produktas\/amare\/","url":"https:\/\/medaksa.lt\/pl\/produktas\/amare\/","name":"DAMSKA BLUZA MEDYCZNA AMARE\u2122 - Medaksa","isPartOf":{"@id":"https:\/\/medaksa.lt\/pl\/#website"},"primaryImageOfPage":{"@id":"https:\/\/medaksa.lt\/pl\/produktas\/amare\/#primaryimage"},"image":{"@id":"https:\/\/medaksa.lt\/pl\/produktas\/amare\/#primaryimage"},"thumbnailUrl":"https:\/\/medaksa.lt\/wp-content\/uploads\/2022\/11\/Medaksa-10-2917830.webp","datePublished":"2022-11-23T23:12:21+00:00","breadcrumb":{"@id":"https:\/\/medaksa.lt\/pl\/produktas\/amare\/#breadcrumb"},"inLanguage":"pl-PL","potentialAction":[{"@type":"ReadAction","target":["https:\/\/medaksa.lt\/pl\/produktas\/amare\/"]}]},{"@type":"ImageObject","inLanguage":"pl-PL","@id":"https:\/\/medaksa.lt\/pl\/produktas\/amare\/#primaryimage","url":"https:\/\/medaksa.lt\/wp-content\/uploads\/2022\/11\/Medaksa-10-2917830.webp","contentUrl":"https:\/\/medaksa.lt\/wp-content\/uploads\/2022\/11\/Medaksa-10-2917830.webp","width":1024,"height":1024,"caption":"medicinine apranga"},{"@type":"BreadcrumbList","@id":"https:\/\/medaksa.lt\/pl\/produktas\/amare\/#breadcrumb","itemListElement":[{"@type":"ListItem","position":1,"name":"Home","item":"https:\/\/medaksa.lt\/pl\/"},{"@type":"ListItem","position":2,"name":"Sklep","item":"https:\/\/medaksa.lt\/parduotuve\/"},{"@type":"ListItem","position":3,"name":"MOTERI\u0160KA MEDICININ\u0116 PALAIDIN\u0116 AMARE\u2122"}]},{"@type":"WebSite","@id":"https:\/\/medaksa.lt\/pl\/#website","url":"https:\/\/medaksa.lt\/pl\/","name":"Medaksa","description":"","publisher":{"@id":"https:\/\/medaksa.lt\/pl\/#organization"},"potentialAction":[{"@type":"SearchAction","target":{"@type":"EntryPoint","urlTemplate":"https:\/\/medaksa.lt\/pl\/?s={search_term_string}"},"query-input":{"@type":"PropertyValueSpecification","valueRequired":true,"valueName":"search_term_string"}}],"inLanguage":"pl-PL"},{"@type":"Organization","@id":"https:\/\/medaksa.lt\/pl\/#organization","name":"Medaksa","url":"https:\/\/medaksa.lt\/pl\/","logo":{"@type":"ImageObject","inLanguage":"pl-PL","@id":"https:\/\/medaksa.lt\/pl\/#\/schema\/logo\/image\/","url":"https:\/\/medaksa.lt\/wp-content\/uploads\/2020\/11\/cropped-Medaksa_logo-png-1.png","contentUrl":"https:\/\/medaksa.lt\/wp-content\/uploads\/2020\/11\/cropped-Medaksa_logo-png-1.png","width":512,"height":512,"caption":"Medaksa"},"image":{"@id":"https:\/\/medaksa.lt\/pl\/#\/schema\/logo\/image\/"}}]}},"_links":{"self":[{"href":"https:\/\/medaksa.lt\/pl\/wp-json\/wp\/v2\/product\/52661","targetHints":{"allow":["GET"]}}],"collection":[{"href":"https:\/\/medaksa.lt\/pl\/wp-json\/wp\/v2\/product"}],"about":[{"href":"https:\/\/medaksa.lt\/pl\/wp-json\/wp\/v2\/types\/product"}],"replies":[{"embeddable":true,"href":"https:\/\/medaksa.lt\/pl\/wp-json\/wp\/v2\/comments?post=52661"}],"wp:featuredmedia":[{"embeddable":true,"href":"https:\/\/medaksa.lt\/pl\/wp-json\/wp\/v2\/media\/52662"}],"wp:attachment":[{"href":"https:\/\/medaksa.lt\/pl\/wp-json\/wp\/v2\/media?parent=52661"}],"wp:term":[{"taxonomy":"product_brand","embeddable":true,"href":"https:\/\/medaksa.lt\/pl\/wp-json\/wp\/v2\/product_brand?post=52661"},{"taxonomy":"product_cat","embeddable":true,"href":"https:\/\/medaksa.lt\/pl\/wp-json\/wp\/v2\/product_cat?post=52661"},{"taxonomy":"product_tag","embeddable":true,"href":"https:\/\/medaksa.lt\/pl\/wp-json\/wp\/v2\/product_tag?post=52661"}],"curies":[{"name":"wp","href":"https:\/\/api.w.org\/{rel}","templated":true}]}}