{"id":52274,"date":"2021-09-11T12:21:08","date_gmt":"2021-09-11T09:21:08","guid":{"rendered":"https:\/\/medaksa.lt\/produktas\/medicininis-chalatas-spatiosa\/"},"modified":"2021-09-11T12:21:08","modified_gmt":"2021-09-11T09:21:08","slug":"medicininis-chalatas-spatiosa","status":"publish","type":"product","link":"https:\/\/medaksa.lt\/pl\/produktas\/medicininis-chalatas-spatiosa\/","title":{"rendered":"Damski fartuch medyczny SPATIOSA\u2122"},"content":{"rendered":"<p><b>Zam\u00f3wienie przedpremierowe. Po z\u0142o\u017ceniu zam\u00f3wienia jest ono przekazywane do szwalni i rozpoczynana jest realizacja. Odzie\u017c szyta jest na Litwie. Czas realizacji zam\u00f3wienia 15-20 dni roboczych.<\/b><\/p>\n<p><p>Klasyczny fartuch dopasowany w talii do codziennej pracy. Dekolt w kszta\u0142cie litery V.<\/p>\n<p>Elastyczny i oddychaj\u0105cy materia\u0142. Minimalna gniotliwo\u015b\u0107 gwarantowana.<\/p>\n<p>Funkcjonalny i \u0142atwo dopasowuj\u0105cy si\u0119 &#8211; ukryty pasek w r\u0119kawie, dzi\u0119ki kt\u00f3remu r\u0119kawy staj\u0105 si\u0119 d\u0142ugo\u015bci 3\/4!<\/p>\n<p>PSST.. Ten fartuch ma a\u017c sze\u015b\u0107 kieszeni!<\/p>\n<p>Jedna na piersi, trzy wygodnie umieszczone na biodrach po zewn\u0119trznej stronie fartucha oraz dwie po wewn\u0119trznej stronie &#8211; wszystko, czego potrzebujesz, zawsze b\u0119dzie pod r\u0119k\u0105.<\/p>\n<p>Do produkcji wykorzystywane s\u0105 wysokiej jako\u015bci tkaniny certyfikowane OEKO-TEX Standard 100.<\/p>\n","protected":false},"excerpt":{"rendered":"<p>Damski fartuch medyczny<\/p>\n","protected":false},"featured_media":52275,"comment_status":"closed","ping_status":"closed","template":"","meta":{"_acf_changed":false},"product_brand":[],"product_cat":[448,447,430],"product_tag":[],"class_list":{"0":"post-52274","1":"product","2":"type-product","3":"status-publish","4":"has-post-thumbnail","6":"product_cat-fartuchy-medyczne-kobiety","7":"product_cat-light-fartuchy-kobiety","8":"product_cat-odziez-medyczna-dla-kobiet","9":"pa_color-balta","10":"pa_size-2xl","11":"pa_size-3xl","12":"pa_size-l","13":"pa_size-m","14":"pa_size-s","15":"pa_size-xl","16":"pa_size-xs","18":"first","19":"instock","20":"taxable","21":"shipping-taxable","22":"purchasable","23":"product-type-variable","24":"has-default-attributes"},"acf":[],"yoast_head":"<!-- This site is optimized with the Yoast SEO plugin v27.4 - https:\/\/yoast.com\/product\/yoast-seo-wordpress\/ -->\n<title>Damski fartuch medyczny SPATIOSA\u2122 - Medaksa<\/title>\n<meta name=\"robots\" content=\"index, follow, max-snippet:-1, max-image-preview:large, max-video-preview:-1\" \/>\n<link rel=\"canonical\" href=\"https:\/\/medaksa.lt\/pl\/produktas\/medicininis-chalatas-spatiosa\/\" \/>\n<meta property=\"og:locale\" content=\"pl_PL\" \/>\n<meta property=\"og:type\" content=\"article\" \/>\n<meta property=\"og:title\" content=\"Damski fartuch medyczny SPATIOSA\u2122 - Medaksa\" \/>\n<meta property=\"og:description\" content=\"Damski fartuch medyczny\" \/>\n<meta property=\"og:url\" content=\"https:\/\/medaksa.lt\/pl\/produktas\/medicininis-chalatas-spatiosa\/\" \/>\n<meta property=\"og:site_name\" content=\"Medaksa\" \/>\n<meta property=\"og:image\" content=\"https:\/\/medaksa.lt\/wp-content\/uploads\/2020\/11\/cropped-Medaksa_logo-png-1.webp\" \/>\n\t<meta property=\"og:image:width\" content=\"512\" \/>\n\t<meta property=\"og:image:height\" content=\"512\" \/>\n\t<meta property=\"og:image:type\" content=\"image\/webp\" \/>\n<meta name=\"twitter:card\" content=\"summary_large_image\" \/>\n<meta name=\"twitter:label1\" content=\"Szacowany czas czytania\" \/>\n\t<meta name=\"twitter:data1\" content=\"1 minuta\" \/>\n<script type=\"application\/ld+json\" class=\"yoast-schema-graph\">{\"@context\":\"https:\\\/\\\/schema.org\",\"@graph\":[{\"@type\":\"WebPage\",\"@id\":\"https:\\\/\\\/medaksa.lt\\\/pl\\\/produktas\\\/medicininis-chalatas-spatiosa\\\/\",\"url\":\"https:\\\/\\\/medaksa.lt\\\/pl\\\/produktas\\\/medicininis-chalatas-spatiosa\\\/\",\"name\":\"Damski fartuch medyczny SPATIOSA\u2122 - Medaksa\",\"isPartOf\":{\"@id\":\"https:\\\/\\\/medaksa.lt\\\/pl\\\/#website\"},\"primaryImageOfPage\":{\"@id\":\"https:\\\/\\\/medaksa.lt\\\/pl\\\/produktas\\\/medicininis-chalatas-spatiosa\\\/#primaryimage\"},\"image\":{\"@id\":\"https:\\\/\\\/medaksa.lt\\\/pl\\\/produktas\\\/medicininis-chalatas-spatiosa\\\/#primaryimage\"},\"thumbnailUrl\":\"https:\\\/\\\/medaksa.lt\\\/wp-content\\\/uploads\\\/2021\\\/09\\\/Medaksa-09-109192-scaled.webp\",\"datePublished\":\"2021-09-11T09:21:08+00:00\",\"breadcrumb\":{\"@id\":\"https:\\\/\\\/medaksa.lt\\\/pl\\\/produktas\\\/medicininis-chalatas-spatiosa\\\/#breadcrumb\"},\"inLanguage\":\"pl-PL\",\"potentialAction\":[{\"@type\":\"ReadAction\",\"target\":[\"https:\\\/\\\/medaksa.lt\\\/pl\\\/produktas\\\/medicininis-chalatas-spatiosa\\\/\"]}]},{\"@type\":\"ImageObject\",\"inLanguage\":\"pl-PL\",\"@id\":\"https:\\\/\\\/medaksa.lt\\\/pl\\\/produktas\\\/medicininis-chalatas-spatiosa\\\/#primaryimage\",\"url\":\"https:\\\/\\\/medaksa.lt\\\/wp-content\\\/uploads\\\/2021\\\/09\\\/Medaksa-09-109192-scaled.webp\",\"contentUrl\":\"https:\\\/\\\/medaksa.lt\\\/wp-content\\\/uploads\\\/2021\\\/09\\\/Medaksa-09-109192-scaled.webp\",\"width\":2560,\"height\":2560},{\"@type\":\"BreadcrumbList\",\"@id\":\"https:\\\/\\\/medaksa.lt\\\/pl\\\/produktas\\\/medicininis-chalatas-spatiosa\\\/#breadcrumb\",\"itemListElement\":[{\"@type\":\"ListItem\",\"position\":1,\"name\":\"Home\",\"item\":\"https:\\\/\\\/medaksa.lt\\\/pl\\\/\"},{\"@type\":\"ListItem\",\"position\":2,\"name\":\"Sklep\",\"item\":\"https:\\\/\\\/medaksa.lt\\\/parduotuve\\\/\"},{\"@type\":\"ListItem\",\"position\":3,\"name\":\"Medicininis moteri\u0161kas chalatas SPATIOSA\u2122\"}]},{\"@type\":\"WebSite\",\"@id\":\"https:\\\/\\\/medaksa.lt\\\/pl\\\/#website\",\"url\":\"https:\\\/\\\/medaksa.lt\\\/pl\\\/\",\"name\":\"Medaksa\",\"description\":\"\",\"publisher\":{\"@id\":\"https:\\\/\\\/medaksa.lt\\\/pl\\\/#organization\"},\"potentialAction\":[{\"@type\":\"SearchAction\",\"target\":{\"@type\":\"EntryPoint\",\"urlTemplate\":\"https:\\\/\\\/medaksa.lt\\\/pl\\\/?s={search_term_string}\"},\"query-input\":{\"@type\":\"PropertyValueSpecification\",\"valueRequired\":true,\"valueName\":\"search_term_string\"}}],\"inLanguage\":\"pl-PL\"},{\"@type\":\"Organization\",\"@id\":\"https:\\\/\\\/medaksa.lt\\\/pl\\\/#organization\",\"name\":\"Medaksa\",\"url\":\"https:\\\/\\\/medaksa.lt\\\/pl\\\/\",\"logo\":{\"@type\":\"ImageObject\",\"inLanguage\":\"pl-PL\",\"@id\":\"https:\\\/\\\/medaksa.lt\\\/pl\\\/#\\\/schema\\\/logo\\\/image\\\/\",\"url\":\"https:\\\/\\\/medaksa.lt\\\/wp-content\\\/uploads\\\/2020\\\/11\\\/cropped-Medaksa_logo-png-1.png\",\"contentUrl\":\"https:\\\/\\\/medaksa.lt\\\/wp-content\\\/uploads\\\/2020\\\/11\\\/cropped-Medaksa_logo-png-1.png\",\"width\":512,\"height\":512,\"caption\":\"Medaksa\"},\"image\":{\"@id\":\"https:\\\/\\\/medaksa.lt\\\/pl\\\/#\\\/schema\\\/logo\\\/image\\\/\"}}]}<\/script>\n<!-- \/ Yoast SEO plugin. -->","yoast_head_json":{"title":"Damski fartuch medyczny SPATIOSA\u2122 - Medaksa","robots":{"index":"index","follow":"follow","max-snippet":"max-snippet:-1","max-image-preview":"max-image-preview:large","max-video-preview":"max-video-preview:-1"},"canonical":"https:\/\/medaksa.lt\/pl\/produktas\/medicininis-chalatas-spatiosa\/","og_locale":"pl_PL","og_type":"article","og_title":"Damski fartuch medyczny SPATIOSA\u2122 - Medaksa","og_description":"Damski fartuch medyczny","og_url":"https:\/\/medaksa.lt\/pl\/produktas\/medicininis-chalatas-spatiosa\/","og_site_name":"Medaksa","og_image":[{"width":512,"height":512,"url":"https:\/\/medaksa.lt\/wp-content\/uploads\/2020\/11\/cropped-Medaksa_logo-png-1.webp","type":"image\/webp"}],"twitter_card":"summary_large_image","twitter_misc":{"Szacowany czas czytania":"1 minuta"},"schema":{"@context":"https:\/\/schema.org","@graph":[{"@type":"WebPage","@id":"https:\/\/medaksa.lt\/pl\/produktas\/medicininis-chalatas-spatiosa\/","url":"https:\/\/medaksa.lt\/pl\/produktas\/medicininis-chalatas-spatiosa\/","name":"Damski fartuch medyczny SPATIOSA\u2122 - Medaksa","isPartOf":{"@id":"https:\/\/medaksa.lt\/pl\/#website"},"primaryImageOfPage":{"@id":"https:\/\/medaksa.lt\/pl\/produktas\/medicininis-chalatas-spatiosa\/#primaryimage"},"image":{"@id":"https:\/\/medaksa.lt\/pl\/produktas\/medicininis-chalatas-spatiosa\/#primaryimage"},"thumbnailUrl":"https:\/\/medaksa.lt\/wp-content\/uploads\/2021\/09\/Medaksa-09-109192-scaled.webp","datePublished":"2021-09-11T09:21:08+00:00","breadcrumb":{"@id":"https:\/\/medaksa.lt\/pl\/produktas\/medicininis-chalatas-spatiosa\/#breadcrumb"},"inLanguage":"pl-PL","potentialAction":[{"@type":"ReadAction","target":["https:\/\/medaksa.lt\/pl\/produktas\/medicininis-chalatas-spatiosa\/"]}]},{"@type":"ImageObject","inLanguage":"pl-PL","@id":"https:\/\/medaksa.lt\/pl\/produktas\/medicininis-chalatas-spatiosa\/#primaryimage","url":"https:\/\/medaksa.lt\/wp-content\/uploads\/2021\/09\/Medaksa-09-109192-scaled.webp","contentUrl":"https:\/\/medaksa.lt\/wp-content\/uploads\/2021\/09\/Medaksa-09-109192-scaled.webp","width":2560,"height":2560},{"@type":"BreadcrumbList","@id":"https:\/\/medaksa.lt\/pl\/produktas\/medicininis-chalatas-spatiosa\/#breadcrumb","itemListElement":[{"@type":"ListItem","position":1,"name":"Home","item":"https:\/\/medaksa.lt\/pl\/"},{"@type":"ListItem","position":2,"name":"Sklep","item":"https:\/\/medaksa.lt\/parduotuve\/"},{"@type":"ListItem","position":3,"name":"Medicininis moteri\u0161kas chalatas SPATIOSA\u2122"}]},{"@type":"WebSite","@id":"https:\/\/medaksa.lt\/pl\/#website","url":"https:\/\/medaksa.lt\/pl\/","name":"Medaksa","description":"","publisher":{"@id":"https:\/\/medaksa.lt\/pl\/#organization"},"potentialAction":[{"@type":"SearchAction","target":{"@type":"EntryPoint","urlTemplate":"https:\/\/medaksa.lt\/pl\/?s={search_term_string}"},"query-input":{"@type":"PropertyValueSpecification","valueRequired":true,"valueName":"search_term_string"}}],"inLanguage":"pl-PL"},{"@type":"Organization","@id":"https:\/\/medaksa.lt\/pl\/#organization","name":"Medaksa","url":"https:\/\/medaksa.lt\/pl\/","logo":{"@type":"ImageObject","inLanguage":"pl-PL","@id":"https:\/\/medaksa.lt\/pl\/#\/schema\/logo\/image\/","url":"https:\/\/medaksa.lt\/wp-content\/uploads\/2020\/11\/cropped-Medaksa_logo-png-1.png","contentUrl":"https:\/\/medaksa.lt\/wp-content\/uploads\/2020\/11\/cropped-Medaksa_logo-png-1.png","width":512,"height":512,"caption":"Medaksa"},"image":{"@id":"https:\/\/medaksa.lt\/pl\/#\/schema\/logo\/image\/"}}]}},"_links":{"self":[{"href":"https:\/\/medaksa.lt\/pl\/wp-json\/wp\/v2\/product\/52274","targetHints":{"allow":["GET"]}}],"collection":[{"href":"https:\/\/medaksa.lt\/pl\/wp-json\/wp\/v2\/product"}],"about":[{"href":"https:\/\/medaksa.lt\/pl\/wp-json\/wp\/v2\/types\/product"}],"replies":[{"embeddable":true,"href":"https:\/\/medaksa.lt\/pl\/wp-json\/wp\/v2\/comments?post=52274"}],"wp:featuredmedia":[{"embeddable":true,"href":"https:\/\/medaksa.lt\/pl\/wp-json\/wp\/v2\/media\/52275"}],"wp:attachment":[{"href":"https:\/\/medaksa.lt\/pl\/wp-json\/wp\/v2\/media?parent=52274"}],"wp:term":[{"taxonomy":"product_brand","embeddable":true,"href":"https:\/\/medaksa.lt\/pl\/wp-json\/wp\/v2\/product_brand?post=52274"},{"taxonomy":"product_cat","embeddable":true,"href":"https:\/\/medaksa.lt\/pl\/wp-json\/wp\/v2\/product_cat?post=52274"},{"taxonomy":"product_tag","embeddable":true,"href":"https:\/\/medaksa.lt\/pl\/wp-json\/wp\/v2\/product_tag?post=52274"}],"curies":[{"name":"wp","href":"https:\/\/api.w.org\/{rel}","templated":true}]}}