{"id":52213,"date":"2021-04-24T15:14:14","date_gmt":"2021-04-24T12:14:14","guid":{"rendered":"https:\/\/medaksa.lt\/produktas\/medicinine-kepure-vyrams\/"},"modified":"2021-04-24T15:14:14","modified_gmt":"2021-04-24T12:14:14","slug":"medicinine-kepure-vyrams","status":"publish","type":"product","link":"https:\/\/medaksa.lt\/pl\/produktas\/medicinine-kepure-vyrams\/","title":{"rendered":"CZEPEK MEDYCZNY"},"content":{"rendered":"<p><strong>Czepek medyczny regulowany sznurkami.<\/strong><\/p>\n<p>Lekki i elastyczny materia\u0142.<\/p>\n<p>Nowoczesny design.<\/p>\n<ul>\n<li>Mi\u0119kka siateczka na czole, wch\u0142aniaj\u0105ca pot.<\/li>\n<\/ul>\n<p>Czepek zapewni komfort i poczucie bezpiecze\u0144stwa.<\/p>\n","protected":false},"excerpt":{"rendered":"<p>Czepek medyczny<\/p>\n","protected":false},"featured_media":52214,"comment_status":"closed","ping_status":"closed","template":"","meta":{"_acf_changed":false},"product_brand":[],"product_cat":[52],"product_tag":[],"class_list":{"0":"post-52213","1":"product","2":"type-product","3":"status-publish","4":"has-post-thumbnail","6":"product_cat-vyru-aksesuarai","7":"pa_color-ametistas","8":"pa_color-betonas","9":"pa_color-balta","10":"pa_color-kraujas","11":"pa_color-sokoladas","12":"pa_color-rasalai","13":"pa_color-samanos","14":"pa_color-latte","15":"pa_color-levanda","16":"pa_color-dangus","17":"pa_color-oniksas","19":"first","20":"instock","21":"sale","22":"sold-individually","23":"taxable","24":"shipping-taxable","25":"purchasable","26":"product-type-variable"},"acf":[],"yoast_head":"<!-- This site is optimized with the Yoast SEO plugin v27.4 - https:\/\/yoast.com\/product\/yoast-seo-wordpress\/ -->\n<title>CZEPEK MEDYCZNY - Medaksa<\/title>\n<meta name=\"robots\" content=\"index, follow, max-snippet:-1, max-image-preview:large, max-video-preview:-1\" \/>\n<link rel=\"canonical\" href=\"https:\/\/medaksa.lt\/pl\/produktas\/medicinine-kepure-vyrams\/\" \/>\n<meta property=\"og:locale\" content=\"pl_PL\" \/>\n<meta property=\"og:type\" content=\"article\" \/>\n<meta property=\"og:title\" content=\"CZEPEK MEDYCZNY - Medaksa\" \/>\n<meta property=\"og:description\" content=\"Czepek medyczny\" \/>\n<meta property=\"og:url\" content=\"https:\/\/medaksa.lt\/pl\/produktas\/medicinine-kepure-vyrams\/\" \/>\n<meta property=\"og:site_name\" content=\"Medaksa\" \/>\n<meta property=\"og:image\" content=\"https:\/\/medaksa.lt\/wp-content\/uploads\/2020\/11\/cropped-Medaksa_logo-png-1.webp\" \/>\n\t<meta property=\"og:image:width\" content=\"512\" \/>\n\t<meta property=\"og:image:height\" content=\"512\" \/>\n\t<meta property=\"og:image:type\" content=\"image\/webp\" \/>\n<meta name=\"twitter:card\" content=\"summary_large_image\" \/>\n<script type=\"application\/ld+json\" class=\"yoast-schema-graph\">{\"@context\":\"https:\\\/\\\/schema.org\",\"@graph\":[{\"@type\":\"WebPage\",\"@id\":\"https:\\\/\\\/medaksa.lt\\\/pl\\\/produktas\\\/medicinine-kepure-vyrams\\\/\",\"url\":\"https:\\\/\\\/medaksa.lt\\\/pl\\\/produktas\\\/medicinine-kepure-vyrams\\\/\",\"name\":\"CZEPEK MEDYCZNY - Medaksa\",\"isPartOf\":{\"@id\":\"https:\\\/\\\/medaksa.lt\\\/pl\\\/#website\"},\"primaryImageOfPage\":{\"@id\":\"https:\\\/\\\/medaksa.lt\\\/pl\\\/produktas\\\/medicinine-kepure-vyrams\\\/#primaryimage\"},\"image\":{\"@id\":\"https:\\\/\\\/medaksa.lt\\\/pl\\\/produktas\\\/medicinine-kepure-vyrams\\\/#primaryimage\"},\"thumbnailUrl\":\"https:\\\/\\\/medaksa.lt\\\/wp-content\\\/uploads\\\/2022\\\/11\\\/Medaksa-04-276863.webp\",\"datePublished\":\"2021-04-24T12:14:14+00:00\",\"breadcrumb\":{\"@id\":\"https:\\\/\\\/medaksa.lt\\\/pl\\\/produktas\\\/medicinine-kepure-vyrams\\\/#breadcrumb\"},\"inLanguage\":\"pl-PL\",\"potentialAction\":[{\"@type\":\"ReadAction\",\"target\":[\"https:\\\/\\\/medaksa.lt\\\/pl\\\/produktas\\\/medicinine-kepure-vyrams\\\/\"]}]},{\"@type\":\"ImageObject\",\"inLanguage\":\"pl-PL\",\"@id\":\"https:\\\/\\\/medaksa.lt\\\/pl\\\/produktas\\\/medicinine-kepure-vyrams\\\/#primaryimage\",\"url\":\"https:\\\/\\\/medaksa.lt\\\/wp-content\\\/uploads\\\/2022\\\/11\\\/Medaksa-04-276863.webp\",\"contentUrl\":\"https:\\\/\\\/medaksa.lt\\\/wp-content\\\/uploads\\\/2022\\\/11\\\/Medaksa-04-276863.webp\",\"width\":1024,\"height\":1024},{\"@type\":\"BreadcrumbList\",\"@id\":\"https:\\\/\\\/medaksa.lt\\\/pl\\\/produktas\\\/medicinine-kepure-vyrams\\\/#breadcrumb\",\"itemListElement\":[{\"@type\":\"ListItem\",\"position\":1,\"name\":\"Home\",\"item\":\"https:\\\/\\\/medaksa.lt\\\/pl\\\/\"},{\"@type\":\"ListItem\",\"position\":2,\"name\":\"Sklep\",\"item\":\"https:\\\/\\\/medaksa.lt\\\/parduotuve\\\/\"},{\"@type\":\"ListItem\",\"position\":3,\"name\":\"MEDICININ\u0116 KEPUR\u0116\"}]},{\"@type\":\"WebSite\",\"@id\":\"https:\\\/\\\/medaksa.lt\\\/pl\\\/#website\",\"url\":\"https:\\\/\\\/medaksa.lt\\\/pl\\\/\",\"name\":\"Medaksa\",\"description\":\"\",\"publisher\":{\"@id\":\"https:\\\/\\\/medaksa.lt\\\/pl\\\/#organization\"},\"potentialAction\":[{\"@type\":\"SearchAction\",\"target\":{\"@type\":\"EntryPoint\",\"urlTemplate\":\"https:\\\/\\\/medaksa.lt\\\/pl\\\/?s={search_term_string}\"},\"query-input\":{\"@type\":\"PropertyValueSpecification\",\"valueRequired\":true,\"valueName\":\"search_term_string\"}}],\"inLanguage\":\"pl-PL\"},{\"@type\":\"Organization\",\"@id\":\"https:\\\/\\\/medaksa.lt\\\/pl\\\/#organization\",\"name\":\"Medaksa\",\"url\":\"https:\\\/\\\/medaksa.lt\\\/pl\\\/\",\"logo\":{\"@type\":\"ImageObject\",\"inLanguage\":\"pl-PL\",\"@id\":\"https:\\\/\\\/medaksa.lt\\\/pl\\\/#\\\/schema\\\/logo\\\/image\\\/\",\"url\":\"https:\\\/\\\/medaksa.lt\\\/wp-content\\\/uploads\\\/2020\\\/11\\\/cropped-Medaksa_logo-png-1.png\",\"contentUrl\":\"https:\\\/\\\/medaksa.lt\\\/wp-content\\\/uploads\\\/2020\\\/11\\\/cropped-Medaksa_logo-png-1.png\",\"width\":512,\"height\":512,\"caption\":\"Medaksa\"},\"image\":{\"@id\":\"https:\\\/\\\/medaksa.lt\\\/pl\\\/#\\\/schema\\\/logo\\\/image\\\/\"}}]}<\/script>\n<!-- \/ Yoast SEO plugin. -->","yoast_head_json":{"title":"CZEPEK MEDYCZNY - Medaksa","robots":{"index":"index","follow":"follow","max-snippet":"max-snippet:-1","max-image-preview":"max-image-preview:large","max-video-preview":"max-video-preview:-1"},"canonical":"https:\/\/medaksa.lt\/pl\/produktas\/medicinine-kepure-vyrams\/","og_locale":"pl_PL","og_type":"article","og_title":"CZEPEK MEDYCZNY - Medaksa","og_description":"Czepek medyczny","og_url":"https:\/\/medaksa.lt\/pl\/produktas\/medicinine-kepure-vyrams\/","og_site_name":"Medaksa","og_image":[{"width":512,"height":512,"url":"https:\/\/medaksa.lt\/wp-content\/uploads\/2020\/11\/cropped-Medaksa_logo-png-1.webp","type":"image\/webp"}],"twitter_card":"summary_large_image","schema":{"@context":"https:\/\/schema.org","@graph":[{"@type":"WebPage","@id":"https:\/\/medaksa.lt\/pl\/produktas\/medicinine-kepure-vyrams\/","url":"https:\/\/medaksa.lt\/pl\/produktas\/medicinine-kepure-vyrams\/","name":"CZEPEK MEDYCZNY - Medaksa","isPartOf":{"@id":"https:\/\/medaksa.lt\/pl\/#website"},"primaryImageOfPage":{"@id":"https:\/\/medaksa.lt\/pl\/produktas\/medicinine-kepure-vyrams\/#primaryimage"},"image":{"@id":"https:\/\/medaksa.lt\/pl\/produktas\/medicinine-kepure-vyrams\/#primaryimage"},"thumbnailUrl":"https:\/\/medaksa.lt\/wp-content\/uploads\/2022\/11\/Medaksa-04-276863.webp","datePublished":"2021-04-24T12:14:14+00:00","breadcrumb":{"@id":"https:\/\/medaksa.lt\/pl\/produktas\/medicinine-kepure-vyrams\/#breadcrumb"},"inLanguage":"pl-PL","potentialAction":[{"@type":"ReadAction","target":["https:\/\/medaksa.lt\/pl\/produktas\/medicinine-kepure-vyrams\/"]}]},{"@type":"ImageObject","inLanguage":"pl-PL","@id":"https:\/\/medaksa.lt\/pl\/produktas\/medicinine-kepure-vyrams\/#primaryimage","url":"https:\/\/medaksa.lt\/wp-content\/uploads\/2022\/11\/Medaksa-04-276863.webp","contentUrl":"https:\/\/medaksa.lt\/wp-content\/uploads\/2022\/11\/Medaksa-04-276863.webp","width":1024,"height":1024},{"@type":"BreadcrumbList","@id":"https:\/\/medaksa.lt\/pl\/produktas\/medicinine-kepure-vyrams\/#breadcrumb","itemListElement":[{"@type":"ListItem","position":1,"name":"Home","item":"https:\/\/medaksa.lt\/pl\/"},{"@type":"ListItem","position":2,"name":"Sklep","item":"https:\/\/medaksa.lt\/parduotuve\/"},{"@type":"ListItem","position":3,"name":"MEDICININ\u0116 KEPUR\u0116"}]},{"@type":"WebSite","@id":"https:\/\/medaksa.lt\/pl\/#website","url":"https:\/\/medaksa.lt\/pl\/","name":"Medaksa","description":"","publisher":{"@id":"https:\/\/medaksa.lt\/pl\/#organization"},"potentialAction":[{"@type":"SearchAction","target":{"@type":"EntryPoint","urlTemplate":"https:\/\/medaksa.lt\/pl\/?s={search_term_string}"},"query-input":{"@type":"PropertyValueSpecification","valueRequired":true,"valueName":"search_term_string"}}],"inLanguage":"pl-PL"},{"@type":"Organization","@id":"https:\/\/medaksa.lt\/pl\/#organization","name":"Medaksa","url":"https:\/\/medaksa.lt\/pl\/","logo":{"@type":"ImageObject","inLanguage":"pl-PL","@id":"https:\/\/medaksa.lt\/pl\/#\/schema\/logo\/image\/","url":"https:\/\/medaksa.lt\/wp-content\/uploads\/2020\/11\/cropped-Medaksa_logo-png-1.png","contentUrl":"https:\/\/medaksa.lt\/wp-content\/uploads\/2020\/11\/cropped-Medaksa_logo-png-1.png","width":512,"height":512,"caption":"Medaksa"},"image":{"@id":"https:\/\/medaksa.lt\/pl\/#\/schema\/logo\/image\/"}}]}},"_links":{"self":[{"href":"https:\/\/medaksa.lt\/pl\/wp-json\/wp\/v2\/product\/52213","targetHints":{"allow":["GET"]}}],"collection":[{"href":"https:\/\/medaksa.lt\/pl\/wp-json\/wp\/v2\/product"}],"about":[{"href":"https:\/\/medaksa.lt\/pl\/wp-json\/wp\/v2\/types\/product"}],"replies":[{"embeddable":true,"href":"https:\/\/medaksa.lt\/pl\/wp-json\/wp\/v2\/comments?post=52213"}],"wp:featuredmedia":[{"embeddable":true,"href":"https:\/\/medaksa.lt\/pl\/wp-json\/wp\/v2\/media\/52214"}],"wp:attachment":[{"href":"https:\/\/medaksa.lt\/pl\/wp-json\/wp\/v2\/media?parent=52213"}],"wp:term":[{"taxonomy":"product_brand","embeddable":true,"href":"https:\/\/medaksa.lt\/pl\/wp-json\/wp\/v2\/product_brand?post=52213"},{"taxonomy":"product_cat","embeddable":true,"href":"https:\/\/medaksa.lt\/pl\/wp-json\/wp\/v2\/product_cat?post=52213"},{"taxonomy":"product_tag","embeddable":true,"href":"https:\/\/medaksa.lt\/pl\/wp-json\/wp\/v2\/product_tag?post=52213"}],"curies":[{"name":"wp","href":"https:\/\/api.w.org\/{rel}","templated":true}]}}