{"id":52186,"date":"2020-11-05T05:44:18","date_gmt":"2020-11-05T02:44:18","guid":{"rendered":"https:\/\/medaksa.lt\/prekiu-grazinimas-ir-garantija\/"},"modified":"2026-04-14T15:23:45","modified_gmt":"2026-04-14T12:23:45","slug":"zwroty-gwarancja","status":"publish","type":"page","link":"https:\/\/medaksa.lt\/pl\/zwroty-gwarancja\/","title":{"rendered":"Zwroty i Gwarancja"},"content":{"rendered":"\n<p><strong>Aby zwr\u00f3ci\u0107\/wymieni\u0107 zakupion\u0105 odzie\u017c, prosimy o kontakt e-mailem <a href=\"mailto:info@medaksa.lt\">info@medaksa.lt<\/a> lub telefonicznie <a href=\"tel:+37065559394\">+370 (655) 59 394<\/a><\/strong><\/p>\n\n\n\n<h2 class=\"wp-block-heading\">Og\u00f3lne zasady zwrot\u00f3w<\/h2>\n\n\n\n<p>Kupuj\u0105cy (konsumenci) sklepu internetowego \u201ewww.medaksa.lt&#8221; maj\u0105 prawo do odst\u0105pienia od umowy kupna-sprzeda\u017cy bez podania przyczyny, informuj\u0105c o tym sprzedawc\u0119 pisemnie w ci\u0105gu 14 dni od dostarczenia lub odbioru towaru.<\/p>\n\n\n\n<p>Towary mog\u0105 by\u0107 zwracane na adres wskazany przez sprzedawc\u0119 \u201ewww.medaksa.lt&#8221;.<\/p>\n\n\n\n<p>Po otrzymaniu zwr\u00f3conego towaru i ocenie jego stanu Sprzedawca w ci\u0105gu 14 dni od otrzymania pisemnego zawiadomienia o odst\u0105pieniu od umowy kupna-sprzeda\u017cy zwraca kupuj\u0105cemu pieni\u0105dze za towar.<\/p>\n\n\n\n<p>Towar musi by\u0107 zwr\u00f3cony w oryginalnym opakowaniu. W formularzu zwrotu nale\u017cy poda\u0107 numer zam\u00f3wienia lub imi\u0119 i nazwisko zamawiaj\u0105cego.<\/p>\n\n\n\n<p>Za kompletno\u015b\u0107 zwracanego towaru odpowiada kupuj\u0105cy. Je\u015bli towar jest niekompletny, sprzedawca nie przyjmuje zwrotu.<\/p>\n\n\n\n<p>Towar nie mo\u017ce by\u0107 uszkodzony.<\/p>\n\n\n\n<p>Prawo Kupuj\u0105cego do odst\u0105pienia od umowy kupna-sprzeda\u017cy zawartej w sklepie internetowym ze sprzedawc\u0105 nie ma zastosowania do:<\/p>\n\n\n\n<ul class=\"wp-block-list\">\n<li>um\u00f3w dotycz\u0105cych towar\u00f3w \u0142atwo psuj\u0105cych si\u0119 lub towar\u00f3w o kr\u00f3tkim terminie przydatno\u015bci;<\/li>\n\n\n\n<li>um\u00f3w dotycz\u0105cych towar\u00f3w zapakowanych, kt\u00f3re zosta\u0142y rozpakowane po dostawie i kt\u00f3rych nie mo\u017cna zwr\u00f3ci\u0107 ze wzgl\u0119d\u00f3w ochrony zdrowia lub higieny;<\/li>\n\n\n\n<li>um\u00f3w dotycz\u0105cych towar\u00f3w, kt\u00f3re ze wzgl\u0119du na sw\u00f3j charakter po dostawie nieod\u0142\u0105cznie mieszaj\u0105 si\u0119 z innymi rzeczami;<\/li>\n\n\n\n<li>um\u00f3w dotycz\u0105cych zapakowanych nagra\u0144 wizualnych lub d\u017awi\u0119kowych albo zapakowanego oprogramowania, kt\u00f3re zosta\u0142y rozpakowane po dostawie.<\/li>\n<\/ul>\n\n\n\n<p>Udzielana przez sprzedawc\u0119 gwarancja jako\u015bci nie ogranicza ani nie narusza praw kupuj\u0105cego (konsumenta), kt\u00f3re po nabyciu towaru lub us\u0142ugi nieodpowiedniej jako\u015bci okre\u015blaj\u0105 przepisy prawa.<\/p>\n\n\n\n<p>Na wszystkie Pa\u0144stwa pytania ch\u0119tnie odpowiemy drog\u0105 elektroniczn\u0105 <a href=\"mailto:info@medaksa.lt\">info@medaksa.lt<\/a><\/p>\n\n\n\n<p>Wnioski lub reklamacje dotycz\u0105ce towaru lub us\u0142ugi zakupionej w naszym sklepie internetowym mo\u017cna sk\u0142ada\u0107 drog\u0105 elektroniczn\u0105: <a href=\"mailto:info@medaksa.lt\">info@medaksa.lt<\/a><\/p>\n\n\n\n<h2 class=\"wp-block-heading\">Towary wadliwe lub niekompletne<\/h2>\n\n\n\n<p>Kupuj\u0105cy, kt\u00f3ry chce z\u0142o\u017cy\u0107 reklamacj\u0119 dotycz\u0105c\u0105 towaru wadliwego lub niekompletnego, mo\u017ce to zrobi\u0107 drog\u0105 elektroniczn\u0105 <a href=\"mailto:info@medaksa.lt\">info@medaksa.lt<\/a><\/p>\n\n\n\n<h3 class=\"wp-block-heading\">Sk\u0142adaj\u0105c reklamacj\u0119 kupuj\u0105cy musi poda\u0107 nast\u0119puj\u0105ce informacje:<\/h3>\n\n\n\n<ol class=\"wp-block-list\">\n<li>Numer zam\u00f3wienia towaru (lub imi\u0119 i nazwisko zamawiaj\u0105cego, kt\u00f3re by\u0142o u\u017cyte przy rejestracji).<\/li>\n\n\n\n<li>Zdj\u0119cie towaru, zdj\u0119cie uszkodzonego miejsca (je\u015bli jest to uszkodzenie mechaniczne i mo\u017cna je sfotografowa\u0107).<\/li>\n\n\n\n<li>Zdj\u0119cie opakowania towaru.<\/li>\n\n\n\n<li>Opisa\u0107 oznaki wady, uszkodzenia towaru lub wskaza\u0107 brakuj\u0105c\u0105 cz\u0119\u015b\u0107.<\/li>\n<\/ol>\n\n\n\n<h3 class=\"wp-block-heading\">Sk\u0142adaj\u0105c reklamacj\u0119 kupuj\u0105cy musi wskaza\u0107, w jaki spos\u00f3b chce, aby reklamacja zosta\u0142a rozpatrzona:<\/h3>\n\n\n\n<ol class=\"wp-block-list\" type=\"a\">\n<li>Pro\u015bba o wymian\u0119 wadliwego towaru na towar pe\u0142nowarto\u015bciowy.<\/li>\n\n\n\n<li>Pro\u015bba o uzupe\u0142nienie niekompletnego towaru o brakuj\u0105ce cz\u0119\u015bci sk\u0142adowe.<\/li>\n\n\n\n<li>Pro\u015bba o zwrot wp\u0142aconych pieni\u0119dzy.<\/li>\n<\/ol>\n\n\n\n<p>*Je\u017celi sprzedawca nie mo\u017ce zrealizowa\u0107 punkt\u00f3w a) i b) wskazanych powy\u017cej, sprzedawca zwraca pe\u0142n\u0105 kwot\u0119 pieni\u0119dzy.<\/p>\n\n\n\n<p>Po rozpatrzeniu reklamacji odpowied\u017a udzielana jest w ci\u0105gu 10 dni.<\/p>\n\n\n\n<h2 class=\"wp-block-heading\">Gwarancja<\/h2>\n\n\n\n<p><strong>Gwarancja nie obowi\u0105zuje w nast\u0119puj\u0105cych przypadkach:<\/strong><\/p>\n\n\n\n<ul class=\"wp-block-list\">\n<li>Nieumy\u015blnych lub umy\u015blnych uszkodze\u0144 mechanicznych (rozdar\u0107, przeci\u0119\u0107 itp.).<\/li>\n\n\n\n<li>Zam\u00f3wionej wraz z odzie\u017c\u0105 medyczn\u0105 personalizacji. Haftowanie liter lub znaczk\u00f3w.<\/li>\n<\/ul>\n\n\n\n<p>Klient zwraca towar za po\u015brednictwem paczkomat\u00f3w OMNIVA (jak opisano na g\u00f3rze strony) lub wybranym przez siebie sposobem na adres wskazany przez sprzedawc\u0119. Przy wysy\u0142ce wymienionym wy\u017cej sposobem koszty wysy\u0142ki pokrywa sprzedawca, w pozosta\u0142ych przypadkach koszty pokrywa kupuj\u0105cy.<\/p>\n\n\n\n<p>Po otrzymaniu towaru w ci\u0105gu 10 dni roboczych zostanie udzielona odpowied\u017a od producenta, czy towar jest obj\u0119ty gwarancj\u0105.<\/p>\n\n\n\n<p>Je\u017celi towar jest wadliwy lub niezgodny z opisem, koszty zwrotu pokrywa sprzedawca (do 5\u20ac), w pozosta\u0142ych przypadkach koszty zwrotu pokrywa kupuj\u0105cy.<\/p>\n","protected":false},"excerpt":{"rendered":"<p>Aby zwr\u00f3ci\u0107\/wymieni\u0107 zakupion\u0105 odzie\u017c, prosimy o kontakt e-mailem info@medaksa.lt lub telefonicznie +370 (655) 59 394 Og\u00f3lne zasady zwrot\u00f3w Kupuj\u0105cy (konsumenci) sklepu internetowego \u201ewww.medaksa.lt&#8221; maj\u0105 prawo do odst\u0105pienia od umowy kupna-sprzeda\u017cy&hellip;<\/p>\n","protected":false},"author":1,"featured_media":0,"parent":0,"menu_order":15,"comment_status":"closed","ping_status":"closed","template":"template-policy.php","meta":{"_acf_changed":false,"footnotes":""},"class_list":["post-52186","page","type-page","status-publish","hentry"],"acf":[],"yoast_head":"<!-- This site is optimized with the Yoast SEO plugin v27.4 - https:\/\/yoast.com\/product\/yoast-seo-wordpress\/ -->\n<title>Zwroty i Gwarancja - Medaksa<\/title>\n<meta name=\"robots\" content=\"noindex, nofollow\" \/>\n<meta property=\"og:locale\" content=\"pl_PL\" \/>\n<meta property=\"og:type\" content=\"article\" \/>\n<meta property=\"og:title\" content=\"Zwroty i Gwarancja - Medaksa\" \/>\n<meta property=\"og:description\" content=\"Aby zwr\u00f3ci\u0107\/wymieni\u0107 zakupion\u0105 odzie\u017c, prosimy o kontakt e-mailem info@medaksa.lt lub telefonicznie +370 (655) 59 394 Og\u00f3lne zasady zwrot\u00f3w Kupuj\u0105cy (konsumenci) sklepu internetowego \u201ewww.medaksa.lt&#8221; maj\u0105 prawo do odst\u0105pienia od umowy kupna-sprzeda\u017cy&hellip;\" \/>\n<meta property=\"og:url\" content=\"https:\/\/medaksa.lt\/pl\/zwroty-gwarancja\/\" \/>\n<meta property=\"og:site_name\" content=\"Medaksa\" \/>\n<meta property=\"article:modified_time\" content=\"2026-04-14T12:23:45+00:00\" \/>\n<meta property=\"og:image\" content=\"https:\/\/medaksa.lt\/wp-content\/uploads\/2020\/11\/cropped-Medaksa_logo-png-1.webp\" \/>\n\t<meta property=\"og:image:width\" content=\"512\" \/>\n\t<meta property=\"og:image:height\" content=\"512\" \/>\n\t<meta property=\"og:image:type\" content=\"image\/webp\" \/>\n<meta name=\"twitter:card\" content=\"summary_large_image\" \/>\n<meta name=\"twitter:label1\" content=\"Szacowany czas czytania\" \/>\n\t<meta name=\"twitter:data1\" content=\"3 minuty\" \/>\n<script type=\"application\/ld+json\" class=\"yoast-schema-graph\">{\"@context\":\"https:\\\/\\\/schema.org\",\"@graph\":[{\"@type\":\"WebPage\",\"@id\":\"https:\\\/\\\/medaksa.lt\\\/pl\\\/zwroty-gwarancja\\\/\",\"url\":\"https:\\\/\\\/medaksa.lt\\\/pl\\\/zwroty-gwarancja\\\/\",\"name\":\"Zwroty i Gwarancja - Medaksa\",\"isPartOf\":{\"@id\":\"https:\\\/\\\/medaksa.lt\\\/pl\\\/#website\"},\"datePublished\":\"2020-11-05T02:44:18+00:00\",\"dateModified\":\"2026-04-14T12:23:45+00:00\",\"breadcrumb\":{\"@id\":\"https:\\\/\\\/medaksa.lt\\\/pl\\\/zwroty-gwarancja\\\/#breadcrumb\"},\"inLanguage\":\"pl-PL\",\"potentialAction\":[{\"@type\":\"ReadAction\",\"target\":[\"https:\\\/\\\/medaksa.lt\\\/pl\\\/zwroty-gwarancja\\\/\"]}]},{\"@type\":\"BreadcrumbList\",\"@id\":\"https:\\\/\\\/medaksa.lt\\\/pl\\\/zwroty-gwarancja\\\/#breadcrumb\",\"itemListElement\":[{\"@type\":\"ListItem\",\"position\":1,\"name\":\"Home\",\"item\":\"https:\\\/\\\/medaksa.lt\\\/pl\\\/\"},{\"@type\":\"ListItem\",\"position\":2,\"name\":\"Zwroty i Gwarancja\"}]},{\"@type\":\"WebSite\",\"@id\":\"https:\\\/\\\/medaksa.lt\\\/pl\\\/#website\",\"url\":\"https:\\\/\\\/medaksa.lt\\\/pl\\\/\",\"name\":\"Medaksa\",\"description\":\"\",\"publisher\":{\"@id\":\"https:\\\/\\\/medaksa.lt\\\/pl\\\/#organization\"},\"potentialAction\":[{\"@type\":\"SearchAction\",\"target\":{\"@type\":\"EntryPoint\",\"urlTemplate\":\"https:\\\/\\\/medaksa.lt\\\/pl\\\/?s={search_term_string}\"},\"query-input\":{\"@type\":\"PropertyValueSpecification\",\"valueRequired\":true,\"valueName\":\"search_term_string\"}}],\"inLanguage\":\"pl-PL\"},{\"@type\":\"Organization\",\"@id\":\"https:\\\/\\\/medaksa.lt\\\/pl\\\/#organization\",\"name\":\"Medaksa\",\"url\":\"https:\\\/\\\/medaksa.lt\\\/pl\\\/\",\"logo\":{\"@type\":\"ImageObject\",\"inLanguage\":\"pl-PL\",\"@id\":\"https:\\\/\\\/medaksa.lt\\\/pl\\\/#\\\/schema\\\/logo\\\/image\\\/\",\"url\":\"https:\\\/\\\/medaksa.lt\\\/wp-content\\\/uploads\\\/2020\\\/11\\\/cropped-Medaksa_logo-png-1.png\",\"contentUrl\":\"https:\\\/\\\/medaksa.lt\\\/wp-content\\\/uploads\\\/2020\\\/11\\\/cropped-Medaksa_logo-png-1.png\",\"width\":512,\"height\":512,\"caption\":\"Medaksa\"},\"image\":{\"@id\":\"https:\\\/\\\/medaksa.lt\\\/pl\\\/#\\\/schema\\\/logo\\\/image\\\/\"}}]}<\/script>\n<!-- \/ Yoast SEO plugin. -->","yoast_head_json":{"title":"Zwroty i Gwarancja - Medaksa","robots":{"index":"noindex","follow":"nofollow"},"og_locale":"pl_PL","og_type":"article","og_title":"Zwroty i Gwarancja - Medaksa","og_description":"Aby zwr\u00f3ci\u0107\/wymieni\u0107 zakupion\u0105 odzie\u017c, prosimy o kontakt e-mailem info@medaksa.lt lub telefonicznie +370 (655) 59 394 Og\u00f3lne zasady zwrot\u00f3w Kupuj\u0105cy (konsumenci) sklepu internetowego \u201ewww.medaksa.lt&#8221; maj\u0105 prawo do odst\u0105pienia od umowy kupna-sprzeda\u017cy&hellip;","og_url":"https:\/\/medaksa.lt\/pl\/zwroty-gwarancja\/","og_site_name":"Medaksa","article_modified_time":"2026-04-14T12:23:45+00:00","og_image":[{"width":512,"height":512,"url":"https:\/\/medaksa.lt\/wp-content\/uploads\/2020\/11\/cropped-Medaksa_logo-png-1.webp","type":"image\/webp"}],"twitter_card":"summary_large_image","twitter_misc":{"Szacowany czas czytania":"3 minuty"},"schema":{"@context":"https:\/\/schema.org","@graph":[{"@type":"WebPage","@id":"https:\/\/medaksa.lt\/pl\/zwroty-gwarancja\/","url":"https:\/\/medaksa.lt\/pl\/zwroty-gwarancja\/","name":"Zwroty i Gwarancja - Medaksa","isPartOf":{"@id":"https:\/\/medaksa.lt\/pl\/#website"},"datePublished":"2020-11-05T02:44:18+00:00","dateModified":"2026-04-14T12:23:45+00:00","breadcrumb":{"@id":"https:\/\/medaksa.lt\/pl\/zwroty-gwarancja\/#breadcrumb"},"inLanguage":"pl-PL","potentialAction":[{"@type":"ReadAction","target":["https:\/\/medaksa.lt\/pl\/zwroty-gwarancja\/"]}]},{"@type":"BreadcrumbList","@id":"https:\/\/medaksa.lt\/pl\/zwroty-gwarancja\/#breadcrumb","itemListElement":[{"@type":"ListItem","position":1,"name":"Home","item":"https:\/\/medaksa.lt\/pl\/"},{"@type":"ListItem","position":2,"name":"Zwroty i Gwarancja"}]},{"@type":"WebSite","@id":"https:\/\/medaksa.lt\/pl\/#website","url":"https:\/\/medaksa.lt\/pl\/","name":"Medaksa","description":"","publisher":{"@id":"https:\/\/medaksa.lt\/pl\/#organization"},"potentialAction":[{"@type":"SearchAction","target":{"@type":"EntryPoint","urlTemplate":"https:\/\/medaksa.lt\/pl\/?s={search_term_string}"},"query-input":{"@type":"PropertyValueSpecification","valueRequired":true,"valueName":"search_term_string"}}],"inLanguage":"pl-PL"},{"@type":"Organization","@id":"https:\/\/medaksa.lt\/pl\/#organization","name":"Medaksa","url":"https:\/\/medaksa.lt\/pl\/","logo":{"@type":"ImageObject","inLanguage":"pl-PL","@id":"https:\/\/medaksa.lt\/pl\/#\/schema\/logo\/image\/","url":"https:\/\/medaksa.lt\/wp-content\/uploads\/2020\/11\/cropped-Medaksa_logo-png-1.png","contentUrl":"https:\/\/medaksa.lt\/wp-content\/uploads\/2020\/11\/cropped-Medaksa_logo-png-1.png","width":512,"height":512,"caption":"Medaksa"},"image":{"@id":"https:\/\/medaksa.lt\/pl\/#\/schema\/logo\/image\/"}}]}},"_links":{"self":[{"href":"https:\/\/medaksa.lt\/pl\/wp-json\/wp\/v2\/pages\/52186","targetHints":{"allow":["GET"]}}],"collection":[{"href":"https:\/\/medaksa.lt\/pl\/wp-json\/wp\/v2\/pages"}],"about":[{"href":"https:\/\/medaksa.lt\/pl\/wp-json\/wp\/v2\/types\/page"}],"author":[{"embeddable":true,"href":"https:\/\/medaksa.lt\/pl\/wp-json\/wp\/v2\/users\/1"}],"replies":[{"embeddable":true,"href":"https:\/\/medaksa.lt\/pl\/wp-json\/wp\/v2\/comments?post=52186"}],"version-history":[{"count":1,"href":"https:\/\/medaksa.lt\/pl\/wp-json\/wp\/v2\/pages\/52186\/revisions"}],"predecessor-version":[{"id":54292,"href":"https:\/\/medaksa.lt\/pl\/wp-json\/wp\/v2\/pages\/52186\/revisions\/54292"}],"wp:attachment":[{"href":"https:\/\/medaksa.lt\/pl\/wp-json\/wp\/v2\/media?parent=52186"}],"curies":[{"name":"wp","href":"https:\/\/api.w.org\/{rel}","templated":true}]}}