{"id":56393,"date":"2025-08-08T13:14:25","date_gmt":"2025-08-08T10:14:25","guid":{"rendered":"https:\/\/medaksa.lt\/produktas\/sena-kolekcija-kelnes-alvo\/"},"modified":"2025-08-08T13:14:25","modified_gmt":"2025-08-08T10:14:25","slug":"sena-kolekcija-kelnes-alvo","status":"publish","type":"product","link":"https:\/\/medaksa.lt\/lv\/produktas\/sena-kolekcija-kelnes-alvo\/","title":{"rendered":"VEC\u0100 KOLEKCIJA &#8211; BIKSES ALVO\u2122"},"content":{"rendered":"<p><strong>MUMS IR NOLIKTAV\u0100 &#8211; NOS\u016aT\u0100M UZREIZ<\/strong><\/p>\n<p>VEC\u0100S KOLEKCIJAS PRECE. Klasiskas un elegantas taisna piegriezuma medic\u012bnisk\u0101s bikses. \u012apa\u0161i \u0113rts m\u012bksts materi\u0101ls.<\/p>\n<ul>\n<li>Divas ietilp\u012bgas kabatas.<\/li>\n<li>Augsts un ar sait\u0113m regul\u0113jams viduklis &#8211; tie\u0161i tas, kas nepiecie\u0161ams, daudz kustoties un pavadot daudzas stundas darb\u0101.<\/li>\n<li>Ra\u017eo\u0161an\u0101 tiek izmantoti kvalitat\u012bvi OEKO-TEX Standard 100 sertific\u0113ti\u00a0audumi.<\/li>\n<\/ul>\n","protected":false},"excerpt":{"rendered":"<p>Medic\u012bnisk\u0101s taisna piegriezuma bikses<\/p>\n","protected":false},"featured_media":56394,"comment_status":"closed","ping_status":"closed","template":"","meta":{"_acf_changed":false},"product_brand":[],"product_cat":[532],"product_tag":[],"class_list":{"0":"post-56393","1":"product","2":"type-product","3":"status-publish","4":"has-post-thumbnail","6":"product_cat-izpardosana-sievietem","7":"pa_color-balta","8":"pa_color-roze","9":"pa_size-3xl","10":"pa_size-xs","12":"first","13":"instock","14":"sale","15":"taxable","16":"shipping-taxable","17":"purchasable","18":"product-type-variable"},"acf":[],"yoast_head":"<!-- This site is optimized with the Yoast SEO plugin v27.4 - https:\/\/yoast.com\/product\/yoast-seo-wordpress\/ -->\n<title>VEC\u0100 KOLEKCIJA - BIKSES ALVO\u2122 - Medaksa<\/title>\n<meta name=\"robots\" content=\"index, follow, max-snippet:-1, max-image-preview:large, max-video-preview:-1\" \/>\n<link rel=\"canonical\" href=\"https:\/\/medaksa.lt\/lv\/produktas\/sena-kolekcija-kelnes-alvo\/\" \/>\n<meta property=\"og:locale\" content=\"lv_LV\" \/>\n<meta property=\"og:type\" content=\"article\" \/>\n<meta property=\"og:title\" content=\"VEC\u0100 KOLEKCIJA - BIKSES ALVO\u2122 - Medaksa\" \/>\n<meta property=\"og:description\" content=\"Medic\u012bnisk\u0101s taisna piegriezuma bikses\" \/>\n<meta property=\"og:url\" content=\"https:\/\/medaksa.lt\/lv\/produktas\/sena-kolekcija-kelnes-alvo\/\" \/>\n<meta property=\"og:site_name\" content=\"Medaksa\" \/>\n<meta property=\"og:image\" content=\"https:\/\/medaksa.lt\/wp-content\/uploads\/2020\/11\/cropped-Medaksa_logo-png-1.webp\" \/>\n\t<meta property=\"og:image:width\" content=\"512\" \/>\n\t<meta property=\"og:image:height\" content=\"512\" \/>\n\t<meta property=\"og:image:type\" content=\"image\/webp\" \/>\n<meta name=\"twitter:card\" content=\"summary_large_image\" \/>\n<script type=\"application\/ld+json\" class=\"yoast-schema-graph\">{\"@context\":\"https:\\\/\\\/schema.org\",\"@graph\":[{\"@type\":\"WebPage\",\"@id\":\"https:\\\/\\\/medaksa.lt\\\/lv\\\/produktas\\\/sena-kolekcija-kelnes-alvo\\\/\",\"url\":\"https:\\\/\\\/medaksa.lt\\\/lv\\\/produktas\\\/sena-kolekcija-kelnes-alvo\\\/\",\"name\":\"VEC\u0100 KOLEKCIJA - BIKSES ALVO\u2122 - Medaksa\",\"isPartOf\":{\"@id\":\"https:\\\/\\\/medaksa.lt\\\/lv\\\/#website\"},\"primaryImageOfPage\":{\"@id\":\"https:\\\/\\\/medaksa.lt\\\/lv\\\/produktas\\\/sena-kolekcija-kelnes-alvo\\\/#primaryimage\"},\"image\":{\"@id\":\"https:\\\/\\\/medaksa.lt\\\/lv\\\/produktas\\\/sena-kolekcija-kelnes-alvo\\\/#primaryimage\"},\"thumbnailUrl\":\"https:\\\/\\\/medaksa.lt\\\/wp-content\\\/uploads\\\/2021\\\/11\\\/alvo_balta-2-scaled.webp\",\"datePublished\":\"2025-08-08T10:14:25+00:00\",\"breadcrumb\":{\"@id\":\"https:\\\/\\\/medaksa.lt\\\/lv\\\/produktas\\\/sena-kolekcija-kelnes-alvo\\\/#breadcrumb\"},\"inLanguage\":\"lv-LV\",\"potentialAction\":[{\"@type\":\"ReadAction\",\"target\":[\"https:\\\/\\\/medaksa.lt\\\/lv\\\/produktas\\\/sena-kolekcija-kelnes-alvo\\\/\"]}]},{\"@type\":\"ImageObject\",\"inLanguage\":\"lv-LV\",\"@id\":\"https:\\\/\\\/medaksa.lt\\\/lv\\\/produktas\\\/sena-kolekcija-kelnes-alvo\\\/#primaryimage\",\"url\":\"https:\\\/\\\/medaksa.lt\\\/wp-content\\\/uploads\\\/2021\\\/11\\\/alvo_balta-2-scaled.webp\",\"contentUrl\":\"https:\\\/\\\/medaksa.lt\\\/wp-content\\\/uploads\\\/2021\\\/11\\\/alvo_balta-2-scaled.webp\",\"width\":2560,\"height\":2560},{\"@type\":\"BreadcrumbList\",\"@id\":\"https:\\\/\\\/medaksa.lt\\\/lv\\\/produktas\\\/sena-kolekcija-kelnes-alvo\\\/#breadcrumb\",\"itemListElement\":[{\"@type\":\"ListItem\",\"position\":1,\"name\":\"Home\",\"item\":\"https:\\\/\\\/medaksa.lt\\\/lv\\\/medicinine-apranga\\\/\"},{\"@type\":\"ListItem\",\"position\":2,\"name\":\"Parduotuv\u0117\",\"item\":\"https:\\\/\\\/medaksa.lt\\\/lv\\\/parduotuve\\\/\"},{\"@type\":\"ListItem\",\"position\":3,\"name\":\"SENA KOLEKCIJA &#8211; KELN\u0116S ALVO\u2122\"}]},{\"@type\":\"WebSite\",\"@id\":\"https:\\\/\\\/medaksa.lt\\\/lv\\\/#website\",\"url\":\"https:\\\/\\\/medaksa.lt\\\/lv\\\/\",\"name\":\"Medaksa\",\"description\":\"\",\"publisher\":{\"@id\":\"https:\\\/\\\/medaksa.lt\\\/lv\\\/#organization\"},\"potentialAction\":[{\"@type\":\"SearchAction\",\"target\":{\"@type\":\"EntryPoint\",\"urlTemplate\":\"https:\\\/\\\/medaksa.lt\\\/lv\\\/?s={search_term_string}\"},\"query-input\":{\"@type\":\"PropertyValueSpecification\",\"valueRequired\":true,\"valueName\":\"search_term_string\"}}],\"inLanguage\":\"lv-LV\"},{\"@type\":\"Organization\",\"@id\":\"https:\\\/\\\/medaksa.lt\\\/lv\\\/#organization\",\"name\":\"Medaksa\",\"url\":\"https:\\\/\\\/medaksa.lt\\\/lv\\\/\",\"logo\":{\"@type\":\"ImageObject\",\"inLanguage\":\"lv-LV\",\"@id\":\"https:\\\/\\\/medaksa.lt\\\/lv\\\/#\\\/schema\\\/logo\\\/image\\\/\",\"url\":\"https:\\\/\\\/medaksa.lt\\\/wp-content\\\/uploads\\\/2020\\\/11\\\/cropped-Medaksa_logo-png-1.png\",\"contentUrl\":\"https:\\\/\\\/medaksa.lt\\\/wp-content\\\/uploads\\\/2020\\\/11\\\/cropped-Medaksa_logo-png-1.png\",\"width\":512,\"height\":512,\"caption\":\"Medaksa\"},\"image\":{\"@id\":\"https:\\\/\\\/medaksa.lt\\\/lv\\\/#\\\/schema\\\/logo\\\/image\\\/\"}}]}<\/script>\n<!-- \/ Yoast SEO plugin. -->","yoast_head_json":{"title":"VEC\u0100 KOLEKCIJA - BIKSES ALVO\u2122 - Medaksa","robots":{"index":"index","follow":"follow","max-snippet":"max-snippet:-1","max-image-preview":"max-image-preview:large","max-video-preview":"max-video-preview:-1"},"canonical":"https:\/\/medaksa.lt\/lv\/produktas\/sena-kolekcija-kelnes-alvo\/","og_locale":"lv_LV","og_type":"article","og_title":"VEC\u0100 KOLEKCIJA - BIKSES ALVO\u2122 - Medaksa","og_description":"Medic\u012bnisk\u0101s taisna piegriezuma bikses","og_url":"https:\/\/medaksa.lt\/lv\/produktas\/sena-kolekcija-kelnes-alvo\/","og_site_name":"Medaksa","og_image":[{"width":512,"height":512,"url":"https:\/\/medaksa.lt\/wp-content\/uploads\/2020\/11\/cropped-Medaksa_logo-png-1.webp","type":"image\/webp"}],"twitter_card":"summary_large_image","schema":{"@context":"https:\/\/schema.org","@graph":[{"@type":"WebPage","@id":"https:\/\/medaksa.lt\/lv\/produktas\/sena-kolekcija-kelnes-alvo\/","url":"https:\/\/medaksa.lt\/lv\/produktas\/sena-kolekcija-kelnes-alvo\/","name":"VEC\u0100 KOLEKCIJA - BIKSES ALVO\u2122 - Medaksa","isPartOf":{"@id":"https:\/\/medaksa.lt\/lv\/#website"},"primaryImageOfPage":{"@id":"https:\/\/medaksa.lt\/lv\/produktas\/sena-kolekcija-kelnes-alvo\/#primaryimage"},"image":{"@id":"https:\/\/medaksa.lt\/lv\/produktas\/sena-kolekcija-kelnes-alvo\/#primaryimage"},"thumbnailUrl":"https:\/\/medaksa.lt\/wp-content\/uploads\/2021\/11\/alvo_balta-2-scaled.webp","datePublished":"2025-08-08T10:14:25+00:00","breadcrumb":{"@id":"https:\/\/medaksa.lt\/lv\/produktas\/sena-kolekcija-kelnes-alvo\/#breadcrumb"},"inLanguage":"lv-LV","potentialAction":[{"@type":"ReadAction","target":["https:\/\/medaksa.lt\/lv\/produktas\/sena-kolekcija-kelnes-alvo\/"]}]},{"@type":"ImageObject","inLanguage":"lv-LV","@id":"https:\/\/medaksa.lt\/lv\/produktas\/sena-kolekcija-kelnes-alvo\/#primaryimage","url":"https:\/\/medaksa.lt\/wp-content\/uploads\/2021\/11\/alvo_balta-2-scaled.webp","contentUrl":"https:\/\/medaksa.lt\/wp-content\/uploads\/2021\/11\/alvo_balta-2-scaled.webp","width":2560,"height":2560},{"@type":"BreadcrumbList","@id":"https:\/\/medaksa.lt\/lv\/produktas\/sena-kolekcija-kelnes-alvo\/#breadcrumb","itemListElement":[{"@type":"ListItem","position":1,"name":"Home","item":"https:\/\/medaksa.lt\/lv\/medicinine-apranga\/"},{"@type":"ListItem","position":2,"name":"Parduotuv\u0117","item":"https:\/\/medaksa.lt\/lv\/parduotuve\/"},{"@type":"ListItem","position":3,"name":"SENA KOLEKCIJA &#8211; KELN\u0116S ALVO\u2122"}]},{"@type":"WebSite","@id":"https:\/\/medaksa.lt\/lv\/#website","url":"https:\/\/medaksa.lt\/lv\/","name":"Medaksa","description":"","publisher":{"@id":"https:\/\/medaksa.lt\/lv\/#organization"},"potentialAction":[{"@type":"SearchAction","target":{"@type":"EntryPoint","urlTemplate":"https:\/\/medaksa.lt\/lv\/?s={search_term_string}"},"query-input":{"@type":"PropertyValueSpecification","valueRequired":true,"valueName":"search_term_string"}}],"inLanguage":"lv-LV"},{"@type":"Organization","@id":"https:\/\/medaksa.lt\/lv\/#organization","name":"Medaksa","url":"https:\/\/medaksa.lt\/lv\/","logo":{"@type":"ImageObject","inLanguage":"lv-LV","@id":"https:\/\/medaksa.lt\/lv\/#\/schema\/logo\/image\/","url":"https:\/\/medaksa.lt\/wp-content\/uploads\/2020\/11\/cropped-Medaksa_logo-png-1.png","contentUrl":"https:\/\/medaksa.lt\/wp-content\/uploads\/2020\/11\/cropped-Medaksa_logo-png-1.png","width":512,"height":512,"caption":"Medaksa"},"image":{"@id":"https:\/\/medaksa.lt\/lv\/#\/schema\/logo\/image\/"}}]}},"_links":{"self":[{"href":"https:\/\/medaksa.lt\/lv\/wp-json\/wp\/v2\/product\/56393","targetHints":{"allow":["GET"]}}],"collection":[{"href":"https:\/\/medaksa.lt\/lv\/wp-json\/wp\/v2\/product"}],"about":[{"href":"https:\/\/medaksa.lt\/lv\/wp-json\/wp\/v2\/types\/product"}],"replies":[{"embeddable":true,"href":"https:\/\/medaksa.lt\/lv\/wp-json\/wp\/v2\/comments?post=56393"}],"wp:featuredmedia":[{"embeddable":true,"href":"https:\/\/medaksa.lt\/lv\/wp-json\/wp\/v2\/media\/56394"}],"wp:attachment":[{"href":"https:\/\/medaksa.lt\/lv\/wp-json\/wp\/v2\/media?parent=56393"}],"wp:term":[{"taxonomy":"product_brand","embeddable":true,"href":"https:\/\/medaksa.lt\/lv\/wp-json\/wp\/v2\/product_brand?post=56393"},{"taxonomy":"product_cat","embeddable":true,"href":"https:\/\/medaksa.lt\/lv\/wp-json\/wp\/v2\/product_cat?post=56393"},{"taxonomy":"product_tag","embeddable":true,"href":"https:\/\/medaksa.lt\/lv\/wp-json\/wp\/v2\/product_tag?post=56393"}],"curies":[{"name":"wp","href":"https:\/\/api.w.org\/{rel}","templated":true}]}}