{"id":56211,"date":"2025-01-24T13:06:38","date_gmt":"2025-01-24T10:06:38","guid":{"rendered":"https:\/\/medaksa.lt\/produktas\/divum\/"},"modified":"2025-01-24T13:06:38","modified_gmt":"2025-01-24T10:06:38","slug":"divum","status":"publish","type":"product","link":"https:\/\/medaksa.lt\/lv\/produktas\/divum\/","title":{"rendered":"Medic\u012bniskais sievie\u0161u hal\u0101ts DIVUM\u2122"},"content":{"rendered":"<p><strong>Priek\u0161pas\u016bt\u012bjums<\/strong>. <strong>P\u0113c pas\u016bt\u012bjuma iesnieg\u0161anas tas tiek nodots \u0161\u016b\u0161anas darbn\u012bcai un uzs\u0101kta izpilde. Ap\u0123\u0113rbs tiek \u0161\u016bts Lietuv\u0101. Pas\u016bt\u012bjuma izpildes laiks 15-20 d.d.<\/strong><\/p>\n<p><p>Ja mekl\u0113jat klasisku sievie\u0161u medic\u012bnisko hal\u0101tu \u012bpa\u0161iem uzdevumiem &#8211; esat \u012bstaj\u0101 viet\u0101!<\/p>\n<p>Lieliski piem\u0113rots pie jau eso\u0161aj\u0101m <a href=\"https:\/\/medaksa.lt\/lv\/produktas\/tamen\/\"><b>TAMEN<\/b><\/a>, <a href=\"https:\/\/medaksa.lt\/lv\/produktas\/aura\/\"><b>AURA<\/b><\/a> un <a href=\"https:\/\/medaksa.lt\/lv\/produktas\/ignis\/\"><b>IGNIS<\/b><\/a> biks\u0113m.<\/p>\n<p>Pateicoties auduma elast\u012bbai, klasiskais ELITE\u2122 kolekcijas medic\u012bniskais hal\u0101ts sniedz piln\u012bgu kust\u012bbu br\u012bv\u012bbu pat tad, kad tas ir aizpog\u0101ts.<\/p>\n<p>Vienk\u0101r\u0161ais hal\u0101ta dizains un smalk\u0101 st\u0101vapkakles forma izce\u013c \u0161\u012b mode\u013ca klasisko stilu un nodro\u0161ina, ka katra sieviete, valk\u0101jot m\u016bsu klasisko medic\u012bnisko hal\u0101tu, izskat\u012bsies \u013coti profesion\u0101li.<\/p>\n<p>Ra\u017eo\u0161an\u0101 tiek izmantoti kvalitat\u012bvi OEKO-TEX Standard 100 sertific\u0113ti\u00a0audumi.<\/p>\n<p>\n","protected":false},"excerpt":{"rendered":"<p>Medic\u012bniskais sievie\u0161u hal\u0101ts<\/p>\n","protected":false},"featured_media":56212,"comment_status":"closed","ping_status":"closed","template":"","meta":{"_acf_changed":false},"product_brand":[],"product_cat":[536,519,491,508],"product_tag":[],"class_list":{"0":"post-56211","1":"product","2":"type-product","3":"status-publish","4":"has-post-thumbnail","6":"product_cat-elite-halati-sievietem","7":"product_cat-jauna-kolekcija-sievietem","8":"product_cat-medicinas-apgerbs-sievietem","9":"product_cat-medicinas-halati-sievietem","10":"pa_color-balta","11":"pa_size-2xl","12":"pa_size-3xl","13":"pa_size-l","14":"pa_size-m","15":"pa_size-s","16":"pa_size-xl","17":"pa_size-xs","19":"first","20":"instock","21":"taxable","22":"shipping-taxable","23":"purchasable","24":"product-type-variable","25":"has-default-attributes"},"acf":[],"yoast_head":"<!-- This site is optimized with the Yoast SEO plugin v27.4 - https:\/\/yoast.com\/product\/yoast-seo-wordpress\/ -->\n<title>Medic\u012bniskais sievie\u0161u hal\u0101ts DIVUM\u2122 - Medaksa<\/title>\n<meta name=\"robots\" content=\"index, follow, max-snippet:-1, max-image-preview:large, max-video-preview:-1\" \/>\n<link rel=\"canonical\" href=\"https:\/\/medaksa.lt\/lv\/produktas\/divum\/\" \/>\n<meta property=\"og:locale\" content=\"lv_LV\" \/>\n<meta property=\"og:type\" content=\"article\" \/>\n<meta property=\"og:title\" content=\"Medic\u012bniskais sievie\u0161u hal\u0101ts DIVUM\u2122 - Medaksa\" \/>\n<meta property=\"og:description\" content=\"Medic\u012bniskais sievie\u0161u hal\u0101ts\" \/>\n<meta property=\"og:url\" content=\"https:\/\/medaksa.lt\/lv\/produktas\/divum\/\" \/>\n<meta property=\"og:site_name\" content=\"Medaksa\" \/>\n<meta property=\"og:image\" content=\"https:\/\/medaksa.lt\/wp-content\/uploads\/2020\/11\/cropped-Medaksa_logo-png-1.webp\" \/>\n\t<meta property=\"og:image:width\" content=\"512\" \/>\n\t<meta property=\"og:image:height\" content=\"512\" \/>\n\t<meta property=\"og:image:type\" content=\"image\/webp\" \/>\n<meta name=\"twitter:card\" content=\"summary_large_image\" \/>\n<meta name=\"twitter:label1\" content=\"Est. reading time\" \/>\n\t<meta name=\"twitter:data1\" content=\"1 minute\" \/>\n<script type=\"application\/ld+json\" class=\"yoast-schema-graph\">{\"@context\":\"https:\\\/\\\/schema.org\",\"@graph\":[{\"@type\":\"WebPage\",\"@id\":\"https:\\\/\\\/medaksa.lt\\\/lv\\\/produktas\\\/divum\\\/\",\"url\":\"https:\\\/\\\/medaksa.lt\\\/lv\\\/produktas\\\/divum\\\/\",\"name\":\"Medic\u012bniskais sievie\u0161u hal\u0101ts DIVUM\u2122 - Medaksa\",\"isPartOf\":{\"@id\":\"https:\\\/\\\/medaksa.lt\\\/lv\\\/#website\"},\"primaryImageOfPage\":{\"@id\":\"https:\\\/\\\/medaksa.lt\\\/lv\\\/produktas\\\/divum\\\/#primaryimage\"},\"image\":{\"@id\":\"https:\\\/\\\/medaksa.lt\\\/lv\\\/produktas\\\/divum\\\/#primaryimage\"},\"thumbnailUrl\":\"https:\\\/\\\/medaksa.lt\\\/wp-content\\\/uploads\\\/2024\\\/12\\\/Medaksa-11-2110597.webp\",\"datePublished\":\"2025-01-24T10:06:38+00:00\",\"breadcrumb\":{\"@id\":\"https:\\\/\\\/medaksa.lt\\\/lv\\\/produktas\\\/divum\\\/#breadcrumb\"},\"inLanguage\":\"lv-LV\",\"potentialAction\":[{\"@type\":\"ReadAction\",\"target\":[\"https:\\\/\\\/medaksa.lt\\\/lv\\\/produktas\\\/divum\\\/\"]}]},{\"@type\":\"ImageObject\",\"inLanguage\":\"lv-LV\",\"@id\":\"https:\\\/\\\/medaksa.lt\\\/lv\\\/produktas\\\/divum\\\/#primaryimage\",\"url\":\"https:\\\/\\\/medaksa.lt\\\/wp-content\\\/uploads\\\/2024\\\/12\\\/Medaksa-11-2110597.webp\",\"contentUrl\":\"https:\\\/\\\/medaksa.lt\\\/wp-content\\\/uploads\\\/2024\\\/12\\\/Medaksa-11-2110597.webp\",\"width\":1024,\"height\":1024,\"caption\":\"Produck\\\/Product photography studio\"},{\"@type\":\"BreadcrumbList\",\"@id\":\"https:\\\/\\\/medaksa.lt\\\/lv\\\/produktas\\\/divum\\\/#breadcrumb\",\"itemListElement\":[{\"@type\":\"ListItem\",\"position\":1,\"name\":\"Home\",\"item\":\"https:\\\/\\\/medaksa.lt\\\/lv\\\/medicinine-apranga\\\/\"},{\"@type\":\"ListItem\",\"position\":2,\"name\":\"Parduotuv\u0117\",\"item\":\"https:\\\/\\\/medaksa.lt\\\/lv\\\/parduotuve\\\/\"},{\"@type\":\"ListItem\",\"position\":3,\"name\":\"Medicininis moteri\u0161kas chalatas DIVUM\u2122\"}]},{\"@type\":\"WebSite\",\"@id\":\"https:\\\/\\\/medaksa.lt\\\/lv\\\/#website\",\"url\":\"https:\\\/\\\/medaksa.lt\\\/lv\\\/\",\"name\":\"Medaksa\",\"description\":\"\",\"publisher\":{\"@id\":\"https:\\\/\\\/medaksa.lt\\\/lv\\\/#organization\"},\"potentialAction\":[{\"@type\":\"SearchAction\",\"target\":{\"@type\":\"EntryPoint\",\"urlTemplate\":\"https:\\\/\\\/medaksa.lt\\\/lv\\\/?s={search_term_string}\"},\"query-input\":{\"@type\":\"PropertyValueSpecification\",\"valueRequired\":true,\"valueName\":\"search_term_string\"}}],\"inLanguage\":\"lv-LV\"},{\"@type\":\"Organization\",\"@id\":\"https:\\\/\\\/medaksa.lt\\\/lv\\\/#organization\",\"name\":\"Medaksa\",\"url\":\"https:\\\/\\\/medaksa.lt\\\/lv\\\/\",\"logo\":{\"@type\":\"ImageObject\",\"inLanguage\":\"lv-LV\",\"@id\":\"https:\\\/\\\/medaksa.lt\\\/lv\\\/#\\\/schema\\\/logo\\\/image\\\/\",\"url\":\"https:\\\/\\\/medaksa.lt\\\/wp-content\\\/uploads\\\/2020\\\/11\\\/cropped-Medaksa_logo-png-1.png\",\"contentUrl\":\"https:\\\/\\\/medaksa.lt\\\/wp-content\\\/uploads\\\/2020\\\/11\\\/cropped-Medaksa_logo-png-1.png\",\"width\":512,\"height\":512,\"caption\":\"Medaksa\"},\"image\":{\"@id\":\"https:\\\/\\\/medaksa.lt\\\/lv\\\/#\\\/schema\\\/logo\\\/image\\\/\"}}]}<\/script>\n<!-- \/ Yoast SEO plugin. -->","yoast_head_json":{"title":"Medic\u012bniskais sievie\u0161u hal\u0101ts DIVUM\u2122 - Medaksa","robots":{"index":"index","follow":"follow","max-snippet":"max-snippet:-1","max-image-preview":"max-image-preview:large","max-video-preview":"max-video-preview:-1"},"canonical":"https:\/\/medaksa.lt\/lv\/produktas\/divum\/","og_locale":"lv_LV","og_type":"article","og_title":"Medic\u012bniskais sievie\u0161u hal\u0101ts DIVUM\u2122 - Medaksa","og_description":"Medic\u012bniskais sievie\u0161u hal\u0101ts","og_url":"https:\/\/medaksa.lt\/lv\/produktas\/divum\/","og_site_name":"Medaksa","og_image":[{"width":512,"height":512,"url":"https:\/\/medaksa.lt\/wp-content\/uploads\/2020\/11\/cropped-Medaksa_logo-png-1.webp","type":"image\/webp"}],"twitter_card":"summary_large_image","twitter_misc":{"Est. reading time":"1 minute"},"schema":{"@context":"https:\/\/schema.org","@graph":[{"@type":"WebPage","@id":"https:\/\/medaksa.lt\/lv\/produktas\/divum\/","url":"https:\/\/medaksa.lt\/lv\/produktas\/divum\/","name":"Medic\u012bniskais sievie\u0161u hal\u0101ts DIVUM\u2122 - Medaksa","isPartOf":{"@id":"https:\/\/medaksa.lt\/lv\/#website"},"primaryImageOfPage":{"@id":"https:\/\/medaksa.lt\/lv\/produktas\/divum\/#primaryimage"},"image":{"@id":"https:\/\/medaksa.lt\/lv\/produktas\/divum\/#primaryimage"},"thumbnailUrl":"https:\/\/medaksa.lt\/wp-content\/uploads\/2024\/12\/Medaksa-11-2110597.webp","datePublished":"2025-01-24T10:06:38+00:00","breadcrumb":{"@id":"https:\/\/medaksa.lt\/lv\/produktas\/divum\/#breadcrumb"},"inLanguage":"lv-LV","potentialAction":[{"@type":"ReadAction","target":["https:\/\/medaksa.lt\/lv\/produktas\/divum\/"]}]},{"@type":"ImageObject","inLanguage":"lv-LV","@id":"https:\/\/medaksa.lt\/lv\/produktas\/divum\/#primaryimage","url":"https:\/\/medaksa.lt\/wp-content\/uploads\/2024\/12\/Medaksa-11-2110597.webp","contentUrl":"https:\/\/medaksa.lt\/wp-content\/uploads\/2024\/12\/Medaksa-11-2110597.webp","width":1024,"height":1024,"caption":"Produck\/Product photography studio"},{"@type":"BreadcrumbList","@id":"https:\/\/medaksa.lt\/lv\/produktas\/divum\/#breadcrumb","itemListElement":[{"@type":"ListItem","position":1,"name":"Home","item":"https:\/\/medaksa.lt\/lv\/medicinine-apranga\/"},{"@type":"ListItem","position":2,"name":"Parduotuv\u0117","item":"https:\/\/medaksa.lt\/lv\/parduotuve\/"},{"@type":"ListItem","position":3,"name":"Medicininis moteri\u0161kas chalatas DIVUM\u2122"}]},{"@type":"WebSite","@id":"https:\/\/medaksa.lt\/lv\/#website","url":"https:\/\/medaksa.lt\/lv\/","name":"Medaksa","description":"","publisher":{"@id":"https:\/\/medaksa.lt\/lv\/#organization"},"potentialAction":[{"@type":"SearchAction","target":{"@type":"EntryPoint","urlTemplate":"https:\/\/medaksa.lt\/lv\/?s={search_term_string}"},"query-input":{"@type":"PropertyValueSpecification","valueRequired":true,"valueName":"search_term_string"}}],"inLanguage":"lv-LV"},{"@type":"Organization","@id":"https:\/\/medaksa.lt\/lv\/#organization","name":"Medaksa","url":"https:\/\/medaksa.lt\/lv\/","logo":{"@type":"ImageObject","inLanguage":"lv-LV","@id":"https:\/\/medaksa.lt\/lv\/#\/schema\/logo\/image\/","url":"https:\/\/medaksa.lt\/wp-content\/uploads\/2020\/11\/cropped-Medaksa_logo-png-1.png","contentUrl":"https:\/\/medaksa.lt\/wp-content\/uploads\/2020\/11\/cropped-Medaksa_logo-png-1.png","width":512,"height":512,"caption":"Medaksa"},"image":{"@id":"https:\/\/medaksa.lt\/lv\/#\/schema\/logo\/image\/"}}]}},"_links":{"self":[{"href":"https:\/\/medaksa.lt\/lv\/wp-json\/wp\/v2\/product\/56211","targetHints":{"allow":["GET"]}}],"collection":[{"href":"https:\/\/medaksa.lt\/lv\/wp-json\/wp\/v2\/product"}],"about":[{"href":"https:\/\/medaksa.lt\/lv\/wp-json\/wp\/v2\/types\/product"}],"replies":[{"embeddable":true,"href":"https:\/\/medaksa.lt\/lv\/wp-json\/wp\/v2\/comments?post=56211"}],"wp:featuredmedia":[{"embeddable":true,"href":"https:\/\/medaksa.lt\/lv\/wp-json\/wp\/v2\/media\/56212"}],"wp:attachment":[{"href":"https:\/\/medaksa.lt\/lv\/wp-json\/wp\/v2\/media?parent=56211"}],"wp:term":[{"taxonomy":"product_brand","embeddable":true,"href":"https:\/\/medaksa.lt\/lv\/wp-json\/wp\/v2\/product_brand?post=56211"},{"taxonomy":"product_cat","embeddable":true,"href":"https:\/\/medaksa.lt\/lv\/wp-json\/wp\/v2\/product_cat?post=56211"},{"taxonomy":"product_tag","embeddable":true,"href":"https:\/\/medaksa.lt\/lv\/wp-json\/wp\/v2\/product_tag?post=56211"}],"curies":[{"name":"wp","href":"https:\/\/api.w.org\/{rel}","templated":true}]}}