{"id":55597,"date":"2023-11-04T11:23:49","date_gmt":"2023-11-04T08:23:49","guid":{"rendered":"https:\/\/medaksa.lt\/produktas\/pectus\/"},"modified":"2023-11-04T11:23:49","modified_gmt":"2023-11-04T08:23:49","slug":"pectus","status":"publish","type":"product","link":"https:\/\/medaksa.lt\/lv\/produktas\/pectus\/","title":{"rendered":"Medic\u012bniskais sievie\u0161u \u017eakets PECTUS\u2122"},"content":{"rendered":"<p><strong>MUMS IR NOLIKTAV\u0100 &#8211; NOS\u016aT\u0100M UZREIZ!<\/strong><\/p>\n<p>Neizm\u0113rojami \u0113rts \u017eakets ar gar\u0101m piedurkn\u0113m J\u016bsu ikdienas darbam un de\u017e\u016br\u0101m.<\/p>\n<p>Var kombin\u0113t ar <a href=\"https:\/\/medaksa.lt\/lv\/produktas\/ignis\/\"><b>IGNIS<\/b><\/a>, <a href=\"https:\/\/medaksa.lt\/lv\/produktas\/tamen\/\"><b>TAMEN<\/b><\/a>\u00a0un <a href=\"https:\/\/medaksa.lt\/lv\/produktas\/aura\/\"><b>AURA<\/b><\/a> biks\u0113m. T\u0101pat piem\u0113rots valk\u0101\u0161anai k\u0101 virs\u0113jais sl\u0101nis p\u0101r <a href=\"https:\/\/medaksa.lt\/lv\/produktas\/terra\/\"><b>TERRA<\/b><\/a>, <a href=\"https:\/\/medaksa.lt\/lv\/produktas\/supra\/\"><b>SUPRA<\/b><\/a> un <a href=\"https:\/\/medaksa.lt\/lv\/produktas\/tendo\/\"><b>TENDO<\/b><\/a> bl\u016bz\u0113m.<\/p>\n<ul>\n<li>Aizdare ar spiedpog\u0101m<\/li>\n<li>Tr\u012bs kabatas<\/li>\n<li>T-krekla tipa aproces<\/li>\n<\/ul>\n<p>Ra\u017eo\u0161an\u0101 tiek izmantoti kvalitat\u012bvi OEKO-TEX Standard 100 sertific\u0113ti\u00a0audumi.<\/p>\n","protected":false},"excerpt":{"rendered":"<p>Medic\u012bniskais \u017eakets<\/p>\n","protected":false},"featured_media":55598,"comment_status":"closed","ping_status":"closed","template":"","meta":{"_acf_changed":false},"product_brand":[],"product_cat":[21,328,38],"product_tag":[],"class_list":{"0":"post-55597","1":"product","2":"type-product","3":"status-publish","4":"has-post-thumbnail","6":"product_cat-palaidines","7":"product_cat-medicinines-aprangos-ispardavimas","8":"product_cat-medicinine-apranga-moterims","9":"pa_color-balta","10":"pa_color-dangus","11":"pa_color-samanos","12":"pa_color-latte","13":"pa_color-oniksas","14":"pa_color-rasalai","15":"pa_size-2xl","16":"pa_size-3xl","17":"pa_size-4xl","18":"pa_size-m","19":"pa_size-s","20":"pa_size-xl","21":"pa_size-xs","23":"first","24":"instock","25":"sale","26":"taxable","27":"shipping-taxable","28":"purchasable","29":"product-type-variable"},"acf":[],"yoast_head":"<!-- This site is optimized with the Yoast SEO plugin v27.4 - https:\/\/yoast.com\/product\/yoast-seo-wordpress\/ -->\n<title>Medic\u012bniskais sievie\u0161u \u017eakets PECTUS\u2122 - Medaksa<\/title>\n<meta name=\"robots\" content=\"index, follow, max-snippet:-1, max-image-preview:large, max-video-preview:-1\" \/>\n<link rel=\"canonical\" href=\"https:\/\/medaksa.lt\/lv\/produktas\/pectus\/\" \/>\n<meta property=\"og:locale\" content=\"lv_LV\" \/>\n<meta property=\"og:type\" content=\"article\" \/>\n<meta property=\"og:title\" content=\"Medic\u012bniskais sievie\u0161u \u017eakets PECTUS\u2122 - Medaksa\" \/>\n<meta property=\"og:description\" content=\"Medic\u012bniskais \u017eakets\" \/>\n<meta property=\"og:url\" content=\"https:\/\/medaksa.lt\/lv\/produktas\/pectus\/\" \/>\n<meta property=\"og:site_name\" content=\"Medaksa\" \/>\n<meta property=\"og:image\" content=\"https:\/\/medaksa.lt\/wp-content\/uploads\/2020\/11\/cropped-Medaksa_logo-png-1.webp\" \/>\n\t<meta property=\"og:image:width\" content=\"512\" \/>\n\t<meta property=\"og:image:height\" content=\"512\" \/>\n\t<meta property=\"og:image:type\" content=\"image\/webp\" \/>\n<meta name=\"twitter:card\" content=\"summary_large_image\" \/>\n<script type=\"application\/ld+json\" class=\"yoast-schema-graph\">{\"@context\":\"https:\\\/\\\/schema.org\",\"@graph\":[{\"@type\":\"WebPage\",\"@id\":\"https:\\\/\\\/medaksa.lt\\\/lv\\\/produktas\\\/pectus\\\/\",\"url\":\"https:\\\/\\\/medaksa.lt\\\/lv\\\/produktas\\\/pectus\\\/\",\"name\":\"Medic\u012bniskais sievie\u0161u \u017eakets PECTUS\u2122 - Medaksa\",\"isPartOf\":{\"@id\":\"https:\\\/\\\/medaksa.lt\\\/lv\\\/#website\"},\"primaryImageOfPage\":{\"@id\":\"https:\\\/\\\/medaksa.lt\\\/lv\\\/produktas\\\/pectus\\\/#primaryimage\"},\"image\":{\"@id\":\"https:\\\/\\\/medaksa.lt\\\/lv\\\/produktas\\\/pectus\\\/#primaryimage\"},\"thumbnailUrl\":\"https:\\\/\\\/medaksa.lt\\\/wp-content\\\/uploads\\\/2023\\\/11\\\/Medaksa-10-143518-1.webp\",\"datePublished\":\"2023-11-04T08:23:49+00:00\",\"breadcrumb\":{\"@id\":\"https:\\\/\\\/medaksa.lt\\\/lv\\\/produktas\\\/pectus\\\/#breadcrumb\"},\"inLanguage\":\"lv-LV\",\"potentialAction\":[{\"@type\":\"ReadAction\",\"target\":[\"https:\\\/\\\/medaksa.lt\\\/lv\\\/produktas\\\/pectus\\\/\"]}]},{\"@type\":\"ImageObject\",\"inLanguage\":\"lv-LV\",\"@id\":\"https:\\\/\\\/medaksa.lt\\\/lv\\\/produktas\\\/pectus\\\/#primaryimage\",\"url\":\"https:\\\/\\\/medaksa.lt\\\/wp-content\\\/uploads\\\/2023\\\/11\\\/Medaksa-10-143518-1.webp\",\"contentUrl\":\"https:\\\/\\\/medaksa.lt\\\/wp-content\\\/uploads\\\/2023\\\/11\\\/Medaksa-10-143518-1.webp\",\"width\":1024,\"height\":1024,\"caption\":\"medicinine apranga\"},{\"@type\":\"BreadcrumbList\",\"@id\":\"https:\\\/\\\/medaksa.lt\\\/lv\\\/produktas\\\/pectus\\\/#breadcrumb\",\"itemListElement\":[{\"@type\":\"ListItem\",\"position\":1,\"name\":\"Home\",\"item\":\"https:\\\/\\\/medaksa.lt\\\/lv\\\/medicinine-apranga\\\/\"},{\"@type\":\"ListItem\",\"position\":2,\"name\":\"Parduotuv\u0117\",\"item\":\"https:\\\/\\\/medaksa.lt\\\/lv\\\/parduotuve\\\/\"},{\"@type\":\"ListItem\",\"position\":3,\"name\":\"Medicininis moteri\u0161kas \u0161varkelis PECTUS\u2122\"}]},{\"@type\":\"WebSite\",\"@id\":\"https:\\\/\\\/medaksa.lt\\\/lv\\\/#website\",\"url\":\"https:\\\/\\\/medaksa.lt\\\/lv\\\/\",\"name\":\"Medaksa\",\"description\":\"\",\"publisher\":{\"@id\":\"https:\\\/\\\/medaksa.lt\\\/lv\\\/#organization\"},\"potentialAction\":[{\"@type\":\"SearchAction\",\"target\":{\"@type\":\"EntryPoint\",\"urlTemplate\":\"https:\\\/\\\/medaksa.lt\\\/lv\\\/?s={search_term_string}\"},\"query-input\":{\"@type\":\"PropertyValueSpecification\",\"valueRequired\":true,\"valueName\":\"search_term_string\"}}],\"inLanguage\":\"lv-LV\"},{\"@type\":\"Organization\",\"@id\":\"https:\\\/\\\/medaksa.lt\\\/lv\\\/#organization\",\"name\":\"Medaksa\",\"url\":\"https:\\\/\\\/medaksa.lt\\\/lv\\\/\",\"logo\":{\"@type\":\"ImageObject\",\"inLanguage\":\"lv-LV\",\"@id\":\"https:\\\/\\\/medaksa.lt\\\/lv\\\/#\\\/schema\\\/logo\\\/image\\\/\",\"url\":\"https:\\\/\\\/medaksa.lt\\\/wp-content\\\/uploads\\\/2020\\\/11\\\/cropped-Medaksa_logo-png-1.png\",\"contentUrl\":\"https:\\\/\\\/medaksa.lt\\\/wp-content\\\/uploads\\\/2020\\\/11\\\/cropped-Medaksa_logo-png-1.png\",\"width\":512,\"height\":512,\"caption\":\"Medaksa\"},\"image\":{\"@id\":\"https:\\\/\\\/medaksa.lt\\\/lv\\\/#\\\/schema\\\/logo\\\/image\\\/\"}}]}<\/script>\n<!-- \/ Yoast SEO plugin. -->","yoast_head_json":{"title":"Medic\u012bniskais sievie\u0161u \u017eakets PECTUS\u2122 - Medaksa","robots":{"index":"index","follow":"follow","max-snippet":"max-snippet:-1","max-image-preview":"max-image-preview:large","max-video-preview":"max-video-preview:-1"},"canonical":"https:\/\/medaksa.lt\/lv\/produktas\/pectus\/","og_locale":"lv_LV","og_type":"article","og_title":"Medic\u012bniskais sievie\u0161u \u017eakets PECTUS\u2122 - Medaksa","og_description":"Medic\u012bniskais \u017eakets","og_url":"https:\/\/medaksa.lt\/lv\/produktas\/pectus\/","og_site_name":"Medaksa","og_image":[{"width":512,"height":512,"url":"https:\/\/medaksa.lt\/wp-content\/uploads\/2020\/11\/cropped-Medaksa_logo-png-1.webp","type":"image\/webp"}],"twitter_card":"summary_large_image","schema":{"@context":"https:\/\/schema.org","@graph":[{"@type":"WebPage","@id":"https:\/\/medaksa.lt\/lv\/produktas\/pectus\/","url":"https:\/\/medaksa.lt\/lv\/produktas\/pectus\/","name":"Medic\u012bniskais sievie\u0161u \u017eakets PECTUS\u2122 - Medaksa","isPartOf":{"@id":"https:\/\/medaksa.lt\/lv\/#website"},"primaryImageOfPage":{"@id":"https:\/\/medaksa.lt\/lv\/produktas\/pectus\/#primaryimage"},"image":{"@id":"https:\/\/medaksa.lt\/lv\/produktas\/pectus\/#primaryimage"},"thumbnailUrl":"https:\/\/medaksa.lt\/wp-content\/uploads\/2023\/11\/Medaksa-10-143518-1.webp","datePublished":"2023-11-04T08:23:49+00:00","breadcrumb":{"@id":"https:\/\/medaksa.lt\/lv\/produktas\/pectus\/#breadcrumb"},"inLanguage":"lv-LV","potentialAction":[{"@type":"ReadAction","target":["https:\/\/medaksa.lt\/lv\/produktas\/pectus\/"]}]},{"@type":"ImageObject","inLanguage":"lv-LV","@id":"https:\/\/medaksa.lt\/lv\/produktas\/pectus\/#primaryimage","url":"https:\/\/medaksa.lt\/wp-content\/uploads\/2023\/11\/Medaksa-10-143518-1.webp","contentUrl":"https:\/\/medaksa.lt\/wp-content\/uploads\/2023\/11\/Medaksa-10-143518-1.webp","width":1024,"height":1024,"caption":"medicinine apranga"},{"@type":"BreadcrumbList","@id":"https:\/\/medaksa.lt\/lv\/produktas\/pectus\/#breadcrumb","itemListElement":[{"@type":"ListItem","position":1,"name":"Home","item":"https:\/\/medaksa.lt\/lv\/medicinine-apranga\/"},{"@type":"ListItem","position":2,"name":"Parduotuv\u0117","item":"https:\/\/medaksa.lt\/lv\/parduotuve\/"},{"@type":"ListItem","position":3,"name":"Medicininis moteri\u0161kas \u0161varkelis PECTUS\u2122"}]},{"@type":"WebSite","@id":"https:\/\/medaksa.lt\/lv\/#website","url":"https:\/\/medaksa.lt\/lv\/","name":"Medaksa","description":"","publisher":{"@id":"https:\/\/medaksa.lt\/lv\/#organization"},"potentialAction":[{"@type":"SearchAction","target":{"@type":"EntryPoint","urlTemplate":"https:\/\/medaksa.lt\/lv\/?s={search_term_string}"},"query-input":{"@type":"PropertyValueSpecification","valueRequired":true,"valueName":"search_term_string"}}],"inLanguage":"lv-LV"},{"@type":"Organization","@id":"https:\/\/medaksa.lt\/lv\/#organization","name":"Medaksa","url":"https:\/\/medaksa.lt\/lv\/","logo":{"@type":"ImageObject","inLanguage":"lv-LV","@id":"https:\/\/medaksa.lt\/lv\/#\/schema\/logo\/image\/","url":"https:\/\/medaksa.lt\/wp-content\/uploads\/2020\/11\/cropped-Medaksa_logo-png-1.png","contentUrl":"https:\/\/medaksa.lt\/wp-content\/uploads\/2020\/11\/cropped-Medaksa_logo-png-1.png","width":512,"height":512,"caption":"Medaksa"},"image":{"@id":"https:\/\/medaksa.lt\/lv\/#\/schema\/logo\/image\/"}}]}},"_links":{"self":[{"href":"https:\/\/medaksa.lt\/lv\/wp-json\/wp\/v2\/product\/55597","targetHints":{"allow":["GET"]}}],"collection":[{"href":"https:\/\/medaksa.lt\/lv\/wp-json\/wp\/v2\/product"}],"about":[{"href":"https:\/\/medaksa.lt\/lv\/wp-json\/wp\/v2\/types\/product"}],"replies":[{"embeddable":true,"href":"https:\/\/medaksa.lt\/lv\/wp-json\/wp\/v2\/comments?post=55597"}],"wp:featuredmedia":[{"embeddable":true,"href":"https:\/\/medaksa.lt\/lv\/wp-json\/wp\/v2\/media\/55598"}],"wp:attachment":[{"href":"https:\/\/medaksa.lt\/lv\/wp-json\/wp\/v2\/media?parent=55597"}],"wp:term":[{"taxonomy":"product_brand","embeddable":true,"href":"https:\/\/medaksa.lt\/lv\/wp-json\/wp\/v2\/product_brand?post=55597"},{"taxonomy":"product_cat","embeddable":true,"href":"https:\/\/medaksa.lt\/lv\/wp-json\/wp\/v2\/product_cat?post=55597"},{"taxonomy":"product_tag","embeddable":true,"href":"https:\/\/medaksa.lt\/lv\/wp-json\/wp\/v2\/product_tag?post=55597"}],"curies":[{"name":"wp","href":"https:\/\/api.w.org\/{rel}","templated":true}]}}