{"id":54429,"date":"2021-09-11T12:04:30","date_gmt":"2021-09-11T09:04:30","guid":{"rendered":"https:\/\/medaksa.lt\/produktas\/medicininis-chalatas-simplex\/"},"modified":"2021-09-11T12:04:30","modified_gmt":"2021-09-11T09:04:30","slug":"medicininis-chalatas-simplex","status":"publish","type":"product","link":"https:\/\/medaksa.lt\/lv\/produktas\/medicininis-chalatas-simplex\/","title":{"rendered":"Medic\u012bniskais sievie\u0161u hal\u0101ts SIMPLEX\u2122"},"content":{"rendered":"<p><b>Priek\u0161pas\u016bt\u012bjums. P\u0113c pas\u016bt\u012bjuma iesnieg\u0161anas tas tiek nodots \u0161\u016b\u0161anas darbn\u012bcai un uzs\u0101kta izpilde. Ap\u0123\u0113rbs tiek \u0161\u016bts Lietuv\u0101. Pas\u016bt\u012bjuma izpildes laiks 15-20 d.d.<\/b><\/p>\n<p><p>Viegls un elegants hal\u0101ts ar noapa\u013cot\u0101m mal\u0101m ikdienas darbam.<\/p>\n<p><p>Piegu\u013co\u0161s siluets. Elast\u012bgs un elpojo\u0161s materi\u0101ls.<\/p>\n<p><p>Garant\u0113ti minim\u0101li burz\u0101s.<\/p>\n<p><p>Funkcion\u0101ls un viegli piel\u0101gojams &#8211; sl\u0113pta siksni\u0146a piedurkn\u0113, ar kuras pal\u012bdz\u012bbu piedurknes k\u013c\u016bst 3\/4 garum\u0101!<\/p>\n<p><p>Tr\u012bs ietilp\u012bgas kabatas &#8211; viena uz kr\u016bt\u012bm un divas \u0113rt\u0101 viet\u0101 uz gurniem.<\/p>\n<p><p>Ra\u017eo\u0161an\u0101 tiek izmantoti kvalitat\u012bvi OEKO-TEX Standard 100 sertific\u0113ti\u00a0audumi.<\/p>\n<p>\n","protected":false},"excerpt":{"rendered":"<p>Medic\u012bniskais sievie\u0161u hal\u0101ts<\/p>\n","protected":false},"featured_media":54430,"comment_status":"closed","ping_status":"closed","template":"","meta":{"_acf_changed":false},"product_brand":[],"product_cat":[507,491,508],"product_tag":[],"class_list":{"0":"post-54429","1":"product","2":"type-product","3":"status-publish","4":"has-post-thumbnail","6":"product_cat-light-halati-sievietem","7":"product_cat-medicinas-apgerbs-sievietem","8":"product_cat-medicinas-halati-sievietem","9":"pa_color-balta","10":"pa_size-2xl","11":"pa_size-3xl","12":"pa_size-4xl","13":"pa_size-l","14":"pa_size-m","15":"pa_size-s","16":"pa_size-xl","17":"pa_size-xs","19":"first","20":"instock","21":"taxable","22":"shipping-taxable","23":"purchasable","24":"product-type-variable","25":"has-default-attributes"},"acf":[],"yoast_head":"<!-- This site is optimized with the Yoast SEO plugin v27.4 - https:\/\/yoast.com\/product\/yoast-seo-wordpress\/ -->\n<title>Medic\u012bniskais sievie\u0161u hal\u0101ts SIMPLEX\u2122 - Medaksa<\/title>\n<meta name=\"robots\" content=\"index, follow, max-snippet:-1, max-image-preview:large, max-video-preview:-1\" \/>\n<link rel=\"canonical\" href=\"https:\/\/medaksa.lt\/lv\/produktas\/medicininis-chalatas-simplex\/\" \/>\n<meta property=\"og:locale\" content=\"lv_LV\" \/>\n<meta property=\"og:type\" content=\"article\" \/>\n<meta property=\"og:title\" content=\"Medic\u012bniskais sievie\u0161u hal\u0101ts SIMPLEX\u2122 - Medaksa\" \/>\n<meta property=\"og:description\" content=\"Medic\u012bniskais sievie\u0161u hal\u0101ts\" \/>\n<meta property=\"og:url\" content=\"https:\/\/medaksa.lt\/lv\/produktas\/medicininis-chalatas-simplex\/\" \/>\n<meta property=\"og:site_name\" content=\"Medaksa\" \/>\n<meta property=\"og:image\" content=\"https:\/\/medaksa.lt\/wp-content\/uploads\/2020\/11\/cropped-Medaksa_logo-png-1.webp\" \/>\n\t<meta property=\"og:image:width\" content=\"512\" \/>\n\t<meta property=\"og:image:height\" content=\"512\" \/>\n\t<meta property=\"og:image:type\" content=\"image\/webp\" \/>\n<meta name=\"twitter:card\" content=\"summary_large_image\" \/>\n<meta name=\"twitter:label1\" content=\"Est. reading time\" \/>\n\t<meta name=\"twitter:data1\" content=\"1 minute\" \/>\n<script type=\"application\/ld+json\" class=\"yoast-schema-graph\">{\"@context\":\"https:\\\/\\\/schema.org\",\"@graph\":[{\"@type\":\"WebPage\",\"@id\":\"https:\\\/\\\/medaksa.lt\\\/lv\\\/produktas\\\/medicininis-chalatas-simplex\\\/\",\"url\":\"https:\\\/\\\/medaksa.lt\\\/lv\\\/produktas\\\/medicininis-chalatas-simplex\\\/\",\"name\":\"Medic\u012bniskais sievie\u0161u hal\u0101ts SIMPLEX\u2122 - Medaksa\",\"isPartOf\":{\"@id\":\"https:\\\/\\\/medaksa.lt\\\/lv\\\/#website\"},\"primaryImageOfPage\":{\"@id\":\"https:\\\/\\\/medaksa.lt\\\/lv\\\/produktas\\\/medicininis-chalatas-simplex\\\/#primaryimage\"},\"image\":{\"@id\":\"https:\\\/\\\/medaksa.lt\\\/lv\\\/produktas\\\/medicininis-chalatas-simplex\\\/#primaryimage\"},\"thumbnailUrl\":\"https:\\\/\\\/medaksa.lt\\\/wp-content\\\/uploads\\\/2021\\\/09\\\/Medaksa-09-109074-scaled.webp\",\"datePublished\":\"2021-09-11T09:04:30+00:00\",\"breadcrumb\":{\"@id\":\"https:\\\/\\\/medaksa.lt\\\/lv\\\/produktas\\\/medicininis-chalatas-simplex\\\/#breadcrumb\"},\"inLanguage\":\"lv-LV\",\"potentialAction\":[{\"@type\":\"ReadAction\",\"target\":[\"https:\\\/\\\/medaksa.lt\\\/lv\\\/produktas\\\/medicininis-chalatas-simplex\\\/\"]}]},{\"@type\":\"ImageObject\",\"inLanguage\":\"lv-LV\",\"@id\":\"https:\\\/\\\/medaksa.lt\\\/lv\\\/produktas\\\/medicininis-chalatas-simplex\\\/#primaryimage\",\"url\":\"https:\\\/\\\/medaksa.lt\\\/wp-content\\\/uploads\\\/2021\\\/09\\\/Medaksa-09-109074-scaled.webp\",\"contentUrl\":\"https:\\\/\\\/medaksa.lt\\\/wp-content\\\/uploads\\\/2021\\\/09\\\/Medaksa-09-109074-scaled.webp\",\"width\":2560,\"height\":2560,\"caption\":\"medicininis chalatas\"},{\"@type\":\"BreadcrumbList\",\"@id\":\"https:\\\/\\\/medaksa.lt\\\/lv\\\/produktas\\\/medicininis-chalatas-simplex\\\/#breadcrumb\",\"itemListElement\":[{\"@type\":\"ListItem\",\"position\":1,\"name\":\"Home\",\"item\":\"https:\\\/\\\/medaksa.lt\\\/lv\\\/medicinine-apranga\\\/\"},{\"@type\":\"ListItem\",\"position\":2,\"name\":\"Parduotuv\u0117\",\"item\":\"https:\\\/\\\/medaksa.lt\\\/lv\\\/parduotuve\\\/\"},{\"@type\":\"ListItem\",\"position\":3,\"name\":\"Medicininis moteri\u0161kas chalatas SIMPLEX\u2122\"}]},{\"@type\":\"WebSite\",\"@id\":\"https:\\\/\\\/medaksa.lt\\\/lv\\\/#website\",\"url\":\"https:\\\/\\\/medaksa.lt\\\/lv\\\/\",\"name\":\"Medaksa\",\"description\":\"\",\"publisher\":{\"@id\":\"https:\\\/\\\/medaksa.lt\\\/lv\\\/#organization\"},\"potentialAction\":[{\"@type\":\"SearchAction\",\"target\":{\"@type\":\"EntryPoint\",\"urlTemplate\":\"https:\\\/\\\/medaksa.lt\\\/lv\\\/?s={search_term_string}\"},\"query-input\":{\"@type\":\"PropertyValueSpecification\",\"valueRequired\":true,\"valueName\":\"search_term_string\"}}],\"inLanguage\":\"lv-LV\"},{\"@type\":\"Organization\",\"@id\":\"https:\\\/\\\/medaksa.lt\\\/lv\\\/#organization\",\"name\":\"Medaksa\",\"url\":\"https:\\\/\\\/medaksa.lt\\\/lv\\\/\",\"logo\":{\"@type\":\"ImageObject\",\"inLanguage\":\"lv-LV\",\"@id\":\"https:\\\/\\\/medaksa.lt\\\/lv\\\/#\\\/schema\\\/logo\\\/image\\\/\",\"url\":\"https:\\\/\\\/medaksa.lt\\\/wp-content\\\/uploads\\\/2020\\\/11\\\/cropped-Medaksa_logo-png-1.png\",\"contentUrl\":\"https:\\\/\\\/medaksa.lt\\\/wp-content\\\/uploads\\\/2020\\\/11\\\/cropped-Medaksa_logo-png-1.png\",\"width\":512,\"height\":512,\"caption\":\"Medaksa\"},\"image\":{\"@id\":\"https:\\\/\\\/medaksa.lt\\\/lv\\\/#\\\/schema\\\/logo\\\/image\\\/\"}}]}<\/script>\n<!-- \/ Yoast SEO plugin. -->","yoast_head_json":{"title":"Medic\u012bniskais sievie\u0161u hal\u0101ts SIMPLEX\u2122 - Medaksa","robots":{"index":"index","follow":"follow","max-snippet":"max-snippet:-1","max-image-preview":"max-image-preview:large","max-video-preview":"max-video-preview:-1"},"canonical":"https:\/\/medaksa.lt\/lv\/produktas\/medicininis-chalatas-simplex\/","og_locale":"lv_LV","og_type":"article","og_title":"Medic\u012bniskais sievie\u0161u hal\u0101ts SIMPLEX\u2122 - Medaksa","og_description":"Medic\u012bniskais sievie\u0161u hal\u0101ts","og_url":"https:\/\/medaksa.lt\/lv\/produktas\/medicininis-chalatas-simplex\/","og_site_name":"Medaksa","og_image":[{"width":512,"height":512,"url":"https:\/\/medaksa.lt\/wp-content\/uploads\/2020\/11\/cropped-Medaksa_logo-png-1.webp","type":"image\/webp"}],"twitter_card":"summary_large_image","twitter_misc":{"Est. reading time":"1 minute"},"schema":{"@context":"https:\/\/schema.org","@graph":[{"@type":"WebPage","@id":"https:\/\/medaksa.lt\/lv\/produktas\/medicininis-chalatas-simplex\/","url":"https:\/\/medaksa.lt\/lv\/produktas\/medicininis-chalatas-simplex\/","name":"Medic\u012bniskais sievie\u0161u hal\u0101ts SIMPLEX\u2122 - Medaksa","isPartOf":{"@id":"https:\/\/medaksa.lt\/lv\/#website"},"primaryImageOfPage":{"@id":"https:\/\/medaksa.lt\/lv\/produktas\/medicininis-chalatas-simplex\/#primaryimage"},"image":{"@id":"https:\/\/medaksa.lt\/lv\/produktas\/medicininis-chalatas-simplex\/#primaryimage"},"thumbnailUrl":"https:\/\/medaksa.lt\/wp-content\/uploads\/2021\/09\/Medaksa-09-109074-scaled.webp","datePublished":"2021-09-11T09:04:30+00:00","breadcrumb":{"@id":"https:\/\/medaksa.lt\/lv\/produktas\/medicininis-chalatas-simplex\/#breadcrumb"},"inLanguage":"lv-LV","potentialAction":[{"@type":"ReadAction","target":["https:\/\/medaksa.lt\/lv\/produktas\/medicininis-chalatas-simplex\/"]}]},{"@type":"ImageObject","inLanguage":"lv-LV","@id":"https:\/\/medaksa.lt\/lv\/produktas\/medicininis-chalatas-simplex\/#primaryimage","url":"https:\/\/medaksa.lt\/wp-content\/uploads\/2021\/09\/Medaksa-09-109074-scaled.webp","contentUrl":"https:\/\/medaksa.lt\/wp-content\/uploads\/2021\/09\/Medaksa-09-109074-scaled.webp","width":2560,"height":2560,"caption":"medicininis chalatas"},{"@type":"BreadcrumbList","@id":"https:\/\/medaksa.lt\/lv\/produktas\/medicininis-chalatas-simplex\/#breadcrumb","itemListElement":[{"@type":"ListItem","position":1,"name":"Home","item":"https:\/\/medaksa.lt\/lv\/medicinine-apranga\/"},{"@type":"ListItem","position":2,"name":"Parduotuv\u0117","item":"https:\/\/medaksa.lt\/lv\/parduotuve\/"},{"@type":"ListItem","position":3,"name":"Medicininis moteri\u0161kas chalatas SIMPLEX\u2122"}]},{"@type":"WebSite","@id":"https:\/\/medaksa.lt\/lv\/#website","url":"https:\/\/medaksa.lt\/lv\/","name":"Medaksa","description":"","publisher":{"@id":"https:\/\/medaksa.lt\/lv\/#organization"},"potentialAction":[{"@type":"SearchAction","target":{"@type":"EntryPoint","urlTemplate":"https:\/\/medaksa.lt\/lv\/?s={search_term_string}"},"query-input":{"@type":"PropertyValueSpecification","valueRequired":true,"valueName":"search_term_string"}}],"inLanguage":"lv-LV"},{"@type":"Organization","@id":"https:\/\/medaksa.lt\/lv\/#organization","name":"Medaksa","url":"https:\/\/medaksa.lt\/lv\/","logo":{"@type":"ImageObject","inLanguage":"lv-LV","@id":"https:\/\/medaksa.lt\/lv\/#\/schema\/logo\/image\/","url":"https:\/\/medaksa.lt\/wp-content\/uploads\/2020\/11\/cropped-Medaksa_logo-png-1.png","contentUrl":"https:\/\/medaksa.lt\/wp-content\/uploads\/2020\/11\/cropped-Medaksa_logo-png-1.png","width":512,"height":512,"caption":"Medaksa"},"image":{"@id":"https:\/\/medaksa.lt\/lv\/#\/schema\/logo\/image\/"}}]}},"_links":{"self":[{"href":"https:\/\/medaksa.lt\/lv\/wp-json\/wp\/v2\/product\/54429","targetHints":{"allow":["GET"]}}],"collection":[{"href":"https:\/\/medaksa.lt\/lv\/wp-json\/wp\/v2\/product"}],"about":[{"href":"https:\/\/medaksa.lt\/lv\/wp-json\/wp\/v2\/types\/product"}],"replies":[{"embeddable":true,"href":"https:\/\/medaksa.lt\/lv\/wp-json\/wp\/v2\/comments?post=54429"}],"wp:featuredmedia":[{"embeddable":true,"href":"https:\/\/medaksa.lt\/lv\/wp-json\/wp\/v2\/media\/54430"}],"wp:attachment":[{"href":"https:\/\/medaksa.lt\/lv\/wp-json\/wp\/v2\/media?parent=54429"}],"wp:term":[{"taxonomy":"product_brand","embeddable":true,"href":"https:\/\/medaksa.lt\/lv\/wp-json\/wp\/v2\/product_brand?post=54429"},{"taxonomy":"product_cat","embeddable":true,"href":"https:\/\/medaksa.lt\/lv\/wp-json\/wp\/v2\/product_cat?post=54429"},{"taxonomy":"product_tag","embeddable":true,"href":"https:\/\/medaksa.lt\/lv\/wp-json\/wp\/v2\/product_tag?post=54429"}],"curies":[{"name":"wp","href":"https:\/\/api.w.org\/{rel}","templated":true}]}}