{"id":54405,"date":"2021-04-24T17:49:32","date_gmt":"2021-04-24T14:49:32","guid":{"rendered":"https:\/\/medaksa.lt\/produktas\/medicinine-kepure-moterims\/"},"modified":"2021-04-24T17:49:32","modified_gmt":"2021-04-24T14:49:32","slug":"medicinine-kepure-moterims","status":"publish","type":"product","link":"https:\/\/medaksa.lt\/lv\/produktas\/medicinine-kepure-moterims\/","title":{"rendered":"MEDIC\u012aNISK\u0100 CEPURE"},"content":{"rendered":"<p><strong>Ar sait\u0113m regul\u0113jama medic\u012bnisk\u0101 cepure.<\/strong><\/p>\n<p>Viegls un elast\u012bgs materi\u0101ls.<\/p>\n<p>M\u016bsdien\u012bgs dizains.<\/p>\n<ul>\n<li>M\u012bksts t\u012bkli\u0146\u0161 pie pieres, kas uzs\u016bc sviedrus.<\/li>\n<\/ul>\n<p>Cepure \u013caus justies \u0113rti un dro\u0161i<\/p>\n","protected":false},"excerpt":{"rendered":"<p>Medic\u012bnisk\u0101 cepure<\/p>\n","protected":false},"featured_media":54383,"comment_status":"closed","ping_status":"closed","template":"","meta":{"_acf_changed":false},"product_brand":[],"product_cat":[53,38],"product_tag":[],"class_list":{"0":"post-54405","1":"product","2":"type-product","3":"status-publish","4":"has-post-thumbnail","6":"product_cat-moteru-aksesuarai","7":"product_cat-medicinine-apranga-moterims","8":"pa_color-ametistas","9":"pa_color-balta","10":"pa_color-betonas","11":"pa_color-kraujas","12":"pa_color-dangus","13":"pa_color-samanos","14":"pa_color-latte","15":"pa_color-levanda","16":"pa_color-oniksas","17":"pa_color-sokoladas","18":"pa_color-rasalai","20":"first","21":"instock","22":"sale","23":"taxable","24":"shipping-taxable","25":"purchasable","26":"product-type-variable"},"acf":[],"yoast_head":"<!-- This site is optimized with the Yoast SEO plugin v27.4 - https:\/\/yoast.com\/product\/yoast-seo-wordpress\/ -->\n<title>MEDIC\u012aNISK\u0100 CEPURE - Medaksa<\/title>\n<meta name=\"robots\" content=\"index, follow, max-snippet:-1, max-image-preview:large, max-video-preview:-1\" \/>\n<link rel=\"canonical\" href=\"https:\/\/medaksa.lt\/lv\/produktas\/medicinine-kepure-moterims\/\" \/>\n<meta property=\"og:locale\" content=\"lv_LV\" \/>\n<meta property=\"og:type\" content=\"article\" \/>\n<meta property=\"og:title\" content=\"MEDIC\u012aNISK\u0100 CEPURE - Medaksa\" \/>\n<meta property=\"og:description\" content=\"Medic\u012bnisk\u0101 cepure\" \/>\n<meta property=\"og:url\" content=\"https:\/\/medaksa.lt\/lv\/produktas\/medicinine-kepure-moterims\/\" \/>\n<meta property=\"og:site_name\" content=\"Medaksa\" \/>\n<meta property=\"og:image\" content=\"https:\/\/medaksa.lt\/wp-content\/uploads\/2020\/11\/cropped-Medaksa_logo-png-1.webp\" \/>\n\t<meta property=\"og:image:width\" content=\"512\" \/>\n\t<meta property=\"og:image:height\" content=\"512\" \/>\n\t<meta property=\"og:image:type\" content=\"image\/webp\" \/>\n<meta name=\"twitter:card\" content=\"summary_large_image\" \/>\n<script type=\"application\/ld+json\" class=\"yoast-schema-graph\">{\"@context\":\"https:\\\/\\\/schema.org\",\"@graph\":[{\"@type\":\"WebPage\",\"@id\":\"https:\\\/\\\/medaksa.lt\\\/lv\\\/produktas\\\/medicinine-kepure-moterims\\\/\",\"url\":\"https:\\\/\\\/medaksa.lt\\\/lv\\\/produktas\\\/medicinine-kepure-moterims\\\/\",\"name\":\"MEDIC\u012aNISK\u0100 CEPURE - Medaksa\",\"isPartOf\":{\"@id\":\"https:\\\/\\\/medaksa.lt\\\/lv\\\/#website\"},\"primaryImageOfPage\":{\"@id\":\"https:\\\/\\\/medaksa.lt\\\/lv\\\/produktas\\\/medicinine-kepure-moterims\\\/#primaryimage\"},\"image\":{\"@id\":\"https:\\\/\\\/medaksa.lt\\\/lv\\\/produktas\\\/medicinine-kepure-moterims\\\/#primaryimage\"},\"thumbnailUrl\":\"https:\\\/\\\/medaksa.lt\\\/wp-content\\\/uploads\\\/2022\\\/11\\\/Medaksa-04-276863.webp\",\"datePublished\":\"2021-04-24T14:49:32+00:00\",\"breadcrumb\":{\"@id\":\"https:\\\/\\\/medaksa.lt\\\/lv\\\/produktas\\\/medicinine-kepure-moterims\\\/#breadcrumb\"},\"inLanguage\":\"lv-LV\",\"potentialAction\":[{\"@type\":\"ReadAction\",\"target\":[\"https:\\\/\\\/medaksa.lt\\\/lv\\\/produktas\\\/medicinine-kepure-moterims\\\/\"]}]},{\"@type\":\"ImageObject\",\"inLanguage\":\"lv-LV\",\"@id\":\"https:\\\/\\\/medaksa.lt\\\/lv\\\/produktas\\\/medicinine-kepure-moterims\\\/#primaryimage\",\"url\":\"https:\\\/\\\/medaksa.lt\\\/wp-content\\\/uploads\\\/2022\\\/11\\\/Medaksa-04-276863.webp\",\"contentUrl\":\"https:\\\/\\\/medaksa.lt\\\/wp-content\\\/uploads\\\/2022\\\/11\\\/Medaksa-04-276863.webp\",\"width\":1024,\"height\":1024},{\"@type\":\"BreadcrumbList\",\"@id\":\"https:\\\/\\\/medaksa.lt\\\/lv\\\/produktas\\\/medicinine-kepure-moterims\\\/#breadcrumb\",\"itemListElement\":[{\"@type\":\"ListItem\",\"position\":1,\"name\":\"Home\",\"item\":\"https:\\\/\\\/medaksa.lt\\\/lv\\\/medicinine-apranga\\\/\"},{\"@type\":\"ListItem\",\"position\":2,\"name\":\"Parduotuv\u0117\",\"item\":\"https:\\\/\\\/medaksa.lt\\\/lv\\\/parduotuve\\\/\"},{\"@type\":\"ListItem\",\"position\":3,\"name\":\"MEDICININ\u0116 KEPUR\u0116\"}]},{\"@type\":\"WebSite\",\"@id\":\"https:\\\/\\\/medaksa.lt\\\/lv\\\/#website\",\"url\":\"https:\\\/\\\/medaksa.lt\\\/lv\\\/\",\"name\":\"Medaksa\",\"description\":\"\",\"publisher\":{\"@id\":\"https:\\\/\\\/medaksa.lt\\\/lv\\\/#organization\"},\"potentialAction\":[{\"@type\":\"SearchAction\",\"target\":{\"@type\":\"EntryPoint\",\"urlTemplate\":\"https:\\\/\\\/medaksa.lt\\\/lv\\\/?s={search_term_string}\"},\"query-input\":{\"@type\":\"PropertyValueSpecification\",\"valueRequired\":true,\"valueName\":\"search_term_string\"}}],\"inLanguage\":\"lv-LV\"},{\"@type\":\"Organization\",\"@id\":\"https:\\\/\\\/medaksa.lt\\\/lv\\\/#organization\",\"name\":\"Medaksa\",\"url\":\"https:\\\/\\\/medaksa.lt\\\/lv\\\/\",\"logo\":{\"@type\":\"ImageObject\",\"inLanguage\":\"lv-LV\",\"@id\":\"https:\\\/\\\/medaksa.lt\\\/lv\\\/#\\\/schema\\\/logo\\\/image\\\/\",\"url\":\"https:\\\/\\\/medaksa.lt\\\/wp-content\\\/uploads\\\/2020\\\/11\\\/cropped-Medaksa_logo-png-1.png\",\"contentUrl\":\"https:\\\/\\\/medaksa.lt\\\/wp-content\\\/uploads\\\/2020\\\/11\\\/cropped-Medaksa_logo-png-1.png\",\"width\":512,\"height\":512,\"caption\":\"Medaksa\"},\"image\":{\"@id\":\"https:\\\/\\\/medaksa.lt\\\/lv\\\/#\\\/schema\\\/logo\\\/image\\\/\"}}]}<\/script>\n<!-- \/ Yoast SEO plugin. -->","yoast_head_json":{"title":"MEDIC\u012aNISK\u0100 CEPURE - Medaksa","robots":{"index":"index","follow":"follow","max-snippet":"max-snippet:-1","max-image-preview":"max-image-preview:large","max-video-preview":"max-video-preview:-1"},"canonical":"https:\/\/medaksa.lt\/lv\/produktas\/medicinine-kepure-moterims\/","og_locale":"lv_LV","og_type":"article","og_title":"MEDIC\u012aNISK\u0100 CEPURE - Medaksa","og_description":"Medic\u012bnisk\u0101 cepure","og_url":"https:\/\/medaksa.lt\/lv\/produktas\/medicinine-kepure-moterims\/","og_site_name":"Medaksa","og_image":[{"width":512,"height":512,"url":"https:\/\/medaksa.lt\/wp-content\/uploads\/2020\/11\/cropped-Medaksa_logo-png-1.webp","type":"image\/webp"}],"twitter_card":"summary_large_image","schema":{"@context":"https:\/\/schema.org","@graph":[{"@type":"WebPage","@id":"https:\/\/medaksa.lt\/lv\/produktas\/medicinine-kepure-moterims\/","url":"https:\/\/medaksa.lt\/lv\/produktas\/medicinine-kepure-moterims\/","name":"MEDIC\u012aNISK\u0100 CEPURE - Medaksa","isPartOf":{"@id":"https:\/\/medaksa.lt\/lv\/#website"},"primaryImageOfPage":{"@id":"https:\/\/medaksa.lt\/lv\/produktas\/medicinine-kepure-moterims\/#primaryimage"},"image":{"@id":"https:\/\/medaksa.lt\/lv\/produktas\/medicinine-kepure-moterims\/#primaryimage"},"thumbnailUrl":"https:\/\/medaksa.lt\/wp-content\/uploads\/2022\/11\/Medaksa-04-276863.webp","datePublished":"2021-04-24T14:49:32+00:00","breadcrumb":{"@id":"https:\/\/medaksa.lt\/lv\/produktas\/medicinine-kepure-moterims\/#breadcrumb"},"inLanguage":"lv-LV","potentialAction":[{"@type":"ReadAction","target":["https:\/\/medaksa.lt\/lv\/produktas\/medicinine-kepure-moterims\/"]}]},{"@type":"ImageObject","inLanguage":"lv-LV","@id":"https:\/\/medaksa.lt\/lv\/produktas\/medicinine-kepure-moterims\/#primaryimage","url":"https:\/\/medaksa.lt\/wp-content\/uploads\/2022\/11\/Medaksa-04-276863.webp","contentUrl":"https:\/\/medaksa.lt\/wp-content\/uploads\/2022\/11\/Medaksa-04-276863.webp","width":1024,"height":1024},{"@type":"BreadcrumbList","@id":"https:\/\/medaksa.lt\/lv\/produktas\/medicinine-kepure-moterims\/#breadcrumb","itemListElement":[{"@type":"ListItem","position":1,"name":"Home","item":"https:\/\/medaksa.lt\/lv\/medicinine-apranga\/"},{"@type":"ListItem","position":2,"name":"Parduotuv\u0117","item":"https:\/\/medaksa.lt\/lv\/parduotuve\/"},{"@type":"ListItem","position":3,"name":"MEDICININ\u0116 KEPUR\u0116"}]},{"@type":"WebSite","@id":"https:\/\/medaksa.lt\/lv\/#website","url":"https:\/\/medaksa.lt\/lv\/","name":"Medaksa","description":"","publisher":{"@id":"https:\/\/medaksa.lt\/lv\/#organization"},"potentialAction":[{"@type":"SearchAction","target":{"@type":"EntryPoint","urlTemplate":"https:\/\/medaksa.lt\/lv\/?s={search_term_string}"},"query-input":{"@type":"PropertyValueSpecification","valueRequired":true,"valueName":"search_term_string"}}],"inLanguage":"lv-LV"},{"@type":"Organization","@id":"https:\/\/medaksa.lt\/lv\/#organization","name":"Medaksa","url":"https:\/\/medaksa.lt\/lv\/","logo":{"@type":"ImageObject","inLanguage":"lv-LV","@id":"https:\/\/medaksa.lt\/lv\/#\/schema\/logo\/image\/","url":"https:\/\/medaksa.lt\/wp-content\/uploads\/2020\/11\/cropped-Medaksa_logo-png-1.png","contentUrl":"https:\/\/medaksa.lt\/wp-content\/uploads\/2020\/11\/cropped-Medaksa_logo-png-1.png","width":512,"height":512,"caption":"Medaksa"},"image":{"@id":"https:\/\/medaksa.lt\/lv\/#\/schema\/logo\/image\/"}}]}},"_links":{"self":[{"href":"https:\/\/medaksa.lt\/lv\/wp-json\/wp\/v2\/product\/54405","targetHints":{"allow":["GET"]}}],"collection":[{"href":"https:\/\/medaksa.lt\/lv\/wp-json\/wp\/v2\/product"}],"about":[{"href":"https:\/\/medaksa.lt\/lv\/wp-json\/wp\/v2\/types\/product"}],"replies":[{"embeddable":true,"href":"https:\/\/medaksa.lt\/lv\/wp-json\/wp\/v2\/comments?post=54405"}],"wp:featuredmedia":[{"embeddable":true,"href":"https:\/\/medaksa.lt\/lv\/wp-json\/wp\/v2\/media\/54383"}],"wp:attachment":[{"href":"https:\/\/medaksa.lt\/lv\/wp-json\/wp\/v2\/media?parent=54405"}],"wp:term":[{"taxonomy":"product_brand","embeddable":true,"href":"https:\/\/medaksa.lt\/lv\/wp-json\/wp\/v2\/product_brand?post=54405"},{"taxonomy":"product_cat","embeddable":true,"href":"https:\/\/medaksa.lt\/lv\/wp-json\/wp\/v2\/product_cat?post=54405"},{"taxonomy":"product_tag","embeddable":true,"href":"https:\/\/medaksa.lt\/lv\/wp-json\/wp\/v2\/product_tag?post=54405"}],"curies":[{"name":"wp","href":"https:\/\/api.w.org\/{rel}","templated":true}]}}