{"id":54355,"date":"2020-11-05T05:44:18","date_gmt":"2020-11-05T02:44:18","guid":{"rendered":"https:\/\/medaksa.lt\/prekiu-grazinimas-ir-garantija\/"},"modified":"2020-11-05T05:44:18","modified_gmt":"2020-11-05T02:44:18","slug":"precu-atgriesana-garantija","status":"publish","type":"page","link":"https:\/\/medaksa.lt\/lv\/precu-atgriesana-garantija\/","title":{"rendered":"Pre\u010du atgrie\u0161ana un garantija"},"content":{"rendered":"\n<p><strong>Lai atgrieztu\/nomain\u012btu ieg\u0101d\u0101to ap\u0123\u0113rbu, l\u016bdzam sazin\u0101ties ar mums pa e-pastu <a href=\"mailto:info@medaksa.lt\">info@medaksa.lt<\/a> vai t\u0101lruni <a href=\"tel:+37065559394\">+370 (655) 59 394<\/a><\/strong><\/p>\n\n\n\n<h2 class=\"wp-block-heading\">Visp\u0101r\u012bgie atgrie\u0161anas noteikumi<\/h2>\n\n\n\n<p>Interneta veikala \u201ewww.medaksa.lt&#8221; pirc\u0113jiem (pat\u0113r\u0113t\u0101jiem) ir ties\u012bbas, nenor\u0101dot iemeslu, atteikties no preces pirkuma un p\u0101rdo\u0161anas l\u012bguma, par to rakstiski pazi\u0146ojot p\u0101rdev\u0113jam 14 dienu laik\u0101 no preces pieg\u0101des vai sa\u0146em\u0161anas br\u012b\u017ea.<\/p>\n\n\n\n<p>Preces var tikt atgrieztas p\u0101rdev\u0113ja \u201ewww.medaksa.lt&#8221; nor\u0101d\u012btaj\u0101 adres\u0113.<\/p>\n\n\n\n<p>Sa\u0146\u0113mis atgriezto preci un nov\u0113rt\u0113jis t\u0101s kvalit\u0101ti, P\u0101rdev\u0113js 14 dienu laik\u0101 no rakstiska pazi\u0146ojuma par pirkuma un p\u0101rdo\u0161anas l\u012bguma atteikuma sa\u0146em\u0161anas atmaks\u0101 pirc\u0113jam naudu par preci.<\/p>\n\n\n\n<p>Prece j\u0101atgrie\u017e ori\u0123in\u0101laj\u0101 iepakojum\u0101. Atgrie\u0161anas veidlap\u0101 j\u0101nor\u0101da pas\u016bt\u012bjuma numurs vai pas\u016bt\u012bt\u0101ja V\u0101rds un Uzv\u0101rds.<\/p>\n\n\n\n<p>Par atgrie\u017eam\u0101s preces komplekt\u0101ciju atbild pirc\u0113js. Ja prece nav piln\u012bb\u0101 nokomplekt\u0113ta, p\u0101rdev\u0113js atgrie\u017eamo preci nepie\u0146em.<\/p>\n\n\n\n<p>Prece nedr\u012bkst b\u016bt boj\u0101ta.<\/p>\n\n\n\n<p>Pirc\u0113ja ties\u012bbas atteikties no interneta veikal\u0101 ar p\u0101rdev\u0113ju nosl\u0113gt\u0101 pre\u010du pirkuma un p\u0101rdo\u0161anas l\u012bguma netiek piem\u0113rotas:<\/p>\n\n\n\n<ul class=\"wp-block-list\">\n<li>l\u012bgumiem par \u0101tri boj\u0101jo\u0161\u0101m prec\u0113m vai prec\u0113m ar \u012bsu der\u012bguma termi\u0146u;<\/li>\n\n\n\n<li>l\u012bgumiem par iepakot\u0101m prec\u0113m, kuras p\u0113c pieg\u0101des tika izpakotas un kuras nav atgrie\u017eamas vesel\u012bbas aizsardz\u012bbas vai higi\u0113nas apsv\u0113rumu d\u0113\u013c;<\/li>\n\n\n\n<li>l\u012bgumiem par prec\u0113m, kuras p\u0113c pieg\u0101des savas dabas d\u0113\u013c nenov\u0113r\u0161ami sajaucas ar cit\u0101m liet\u0101m;<\/li>\n\n\n\n<li>l\u012bgumiem par iepakotiem video vai audio ierakstiem vai iepakotu programmat\u016bru, kas p\u0113c pieg\u0101des tika izpakota.<\/li>\n<\/ul>\n\n\n\n<p>P\u0101rdev\u0113ja sniegt\u0101 kvalit\u0101tes garantija neierobe\u017eo un nemazina pirc\u0113ja (pat\u0113r\u0113t\u0101ja) ties\u012bbas, kuras, ieg\u0101d\u0101joties nepien\u0101c\u012bgas kvalit\u0101tes preci vai pakalpojumu, nosaka ties\u012bbu akti.<\/p>\n\n\n\n<p>Uz visiem J\u016bsu jaut\u0101jumiem labpr\u0101t atbild\u0113sim pa e-pastu <a href=\"mailto:info@medaksa.lt\">info@medaksa.lt<\/a><\/p>\n\n\n\n<p>L\u016bgumus vai s\u016bdz\u012bbas par m\u016bsu interneta veikal\u0101 ieg\u0101d\u0101tu preci vai pakalpojumu varat iesniegt pa e-pastu: <a href=\"mailto:info@medaksa.lt\">info@medaksa.lt<\/a><\/p>\n\n\n\n<h2 class=\"wp-block-heading\">Boj\u0101tas vai nepilnas komplekt\u0101cijas preces<\/h2>\n\n\n\n<p>Pirc\u0113js, kur\u0161 v\u0113las iesniegt s\u016bdz\u012bbu par boj\u0101tu vai nepilnas komplekt\u0101cijas preci, to var izdar\u012bt pa e-pastu <a href=\"mailto:info@medaksa.lt\">info@medaksa.lt<\/a><\/p>\n\n\n\n<h3 class=\"wp-block-heading\">Iesniedzot s\u016bdz\u012bbu, pirc\u0113jam j\u0101nor\u0101da \u0161\u0101da inform\u0101cija:<\/h3>\n\n\n\n<ol class=\"wp-block-list\">\n<li>Preces pas\u016bt\u012bjuma numurs (vai pas\u016bt\u012bt\u0101ja V\u0101rds un Uzv\u0101rds, kas tika izmantots re\u0123istr\u0101cij\u0101).<\/li>\n\n\n\n<li>Preces fotogr\u0101fija, boj\u0101t\u0101s vietas fotogr\u0101fija (ja tas ir meh\u0101nisks boj\u0101jums un ir iesp\u0113jams nofotograf\u0113t).<\/li>\n\n\n\n<li>Preces iepakojuma fotogr\u0101fija.<\/li>\n\n\n\n<li>Preces boj\u0101juma, defekta paz\u012bmju apraksts vai tr\u016bksto\u0161\u0101s da\u013cas nosaukums.<\/li>\n<\/ol>\n\n\n\n<h3 class=\"wp-block-heading\">Iesniedzot s\u016bdz\u012bbu, pirc\u0113jam j\u0101nor\u0101da, k\u0101 vi\u0146\u0161 v\u0113las, lai pretenzija tiktu atrisin\u0101ta:<\/h3>\n\n\n\n<ol class=\"wp-block-list\" type=\"a\">\n<li>Boj\u0101to preci l\u016bgts nomain\u012bt pret kvalitat\u012bvu preci.<\/li>\n\n\n\n<li>Nepilnas komplekt\u0101cijas preci l\u016bgts papildin\u0101t ar tr\u016bksto\u0161aj\u0101m komplekt\u0113jo\u0161aj\u0101m da\u013c\u0101m.<\/li>\n\n\n\n<li>L\u016bgts atmaks\u0101t samaks\u0101to naudu.<\/li>\n<\/ol>\n\n\n\n<p>*Ja p\u0101rdev\u0113js nevar izpild\u012bt iepriek\u0161 min\u0113tos a) un b) punktus, p\u0101rdev\u0113js atmaks\u0101 pilnu naudas summu.<\/p>\n\n\n\n<p>P\u0113c pretenzijas izskat\u012b\u0161anas atbilde tiek sniegta 10 dienu laik\u0101.<\/p>\n\n\n\n<h2 class=\"wp-block-heading\">Garantija<\/h2>\n\n\n\n<p><strong>Garantija netiek piem\u0113rota \u0161\u0101dos gad\u012bjumos:<\/strong><\/p>\n\n\n\n<ul class=\"wp-block-list\">\n<li>Nejau\u0161u vai t\u012b\u0161u meh\u0101nisku boj\u0101jumu gad\u012bjum\u0101 (sapl\u0113sumi, griezumi u.tml.).<\/li>\n\n\n\n<li>Ja kop\u0101 ar medic\u012bnisko ap\u0123\u0113rbu tiek pas\u016bt\u012bta t\u0101 personaliz\u0101cija. Burtu vai embl\u0113mu iz\u0161\u016b\u0161ana.<\/li>\n<\/ul>\n\n\n\n<p>Preces klients atgrie\u017e, izmantojot OMNIVA pakom\u0101tus (k\u0101 tas aprakst\u012bts lapas aug\u0161pus\u0113), vai sav\u0101 izv\u0113l\u0113taj\u0101 veid\u0101 uz p\u0101rdev\u0113ja nor\u0101d\u012bto adresi. S\u016btot iepriek\u0161 min\u0113taj\u0101 veid\u0101, s\u016bt\u012b\u0161anas izmaksas sedz p\u0101rdev\u0113js, citos gad\u012bjumos t\u0101s sedz pirc\u0113js.<\/p>\n\n\n\n<p>P\u0113c preces sa\u0146em\u0161anas 10 darba dienu laik\u0101 tiks sa\u0146emta atbilde no ra\u017eot\u0101ja par to, vai precei tiek piem\u0113rota garantija.<\/p>\n\n\n\n<p>Ja prece ir nekvalitat\u012bva vai neatbilst aprakstam, atgrie\u0161anas izmaksas sedz p\u0101rdev\u0113js (l\u012bdz 5 \u20ac), citos gad\u012bjumos atgrie\u0161anas izmaksas sedz pirc\u0113js.<\/p>\n","protected":false},"excerpt":{"rendered":"<p>Lai atgrieztu\/nomain\u012btu ieg\u0101d\u0101to ap\u0123\u0113rbu, l\u016bdzam sazin\u0101ties ar mums pa e-pastu info@medaksa.lt vai t\u0101lruni +370 (655) 59 394 Visp\u0101r\u012bgie atgrie\u0161anas noteikumi Interneta veikala \u201ewww.medaksa.lt&#8221; pirc\u0113jiem (pat\u0113r\u0113t\u0101jiem) ir ties\u012bbas, nenor\u0101dot iemeslu, atteikties&hellip;<\/p>\n","protected":false},"author":1,"featured_media":0,"parent":0,"menu_order":15,"comment_status":"closed","ping_status":"closed","template":"template-policy.php","meta":{"_acf_changed":false,"footnotes":""},"class_list":["post-54355","page","type-page","status-publish","hentry"],"acf":[],"yoast_head":"<!-- This site is optimized with the Yoast SEO plugin v27.4 - https:\/\/yoast.com\/product\/yoast-seo-wordpress\/ -->\n<title>Pre\u010du atgrie\u0161ana un garantija - Medaksa<\/title>\n<meta name=\"robots\" content=\"index, follow, max-snippet:-1, max-image-preview:large, max-video-preview:-1\" \/>\n<link rel=\"canonical\" href=\"https:\/\/medaksa.lt\/lv\/precu-atgriesana-garantija\/\" \/>\n<meta property=\"og:locale\" content=\"lv_LV\" \/>\n<meta property=\"og:type\" content=\"article\" \/>\n<meta property=\"og:title\" content=\"Pre\u010du atgrie\u0161ana un garantija - Medaksa\" \/>\n<meta property=\"og:description\" content=\"Lai atgrieztu\/nomain\u012btu ieg\u0101d\u0101to ap\u0123\u0113rbu, l\u016bdzam sazin\u0101ties ar mums pa e-pastu info@medaksa.lt vai t\u0101lruni +370 (655) 59 394 Visp\u0101r\u012bgie atgrie\u0161anas noteikumi Interneta veikala \u201ewww.medaksa.lt&#8221; pirc\u0113jiem (pat\u0113r\u0113t\u0101jiem) ir ties\u012bbas, nenor\u0101dot iemeslu, atteikties&hellip;\" \/>\n<meta property=\"og:url\" content=\"https:\/\/medaksa.lt\/lv\/precu-atgriesana-garantija\/\" \/>\n<meta property=\"og:site_name\" content=\"Medaksa\" \/>\n<meta property=\"og:image\" content=\"https:\/\/medaksa.lt\/wp-content\/uploads\/2020\/11\/cropped-Medaksa_logo-png-1.webp\" \/>\n\t<meta property=\"og:image:width\" content=\"512\" \/>\n\t<meta property=\"og:image:height\" content=\"512\" \/>\n\t<meta property=\"og:image:type\" content=\"image\/webp\" \/>\n<meta name=\"twitter:card\" content=\"summary_large_image\" \/>\n<meta name=\"twitter:label1\" content=\"Est. reading time\" \/>\n\t<meta name=\"twitter:data1\" content=\"4 minutes\" \/>\n<script type=\"application\/ld+json\" class=\"yoast-schema-graph\">{\"@context\":\"https:\\\/\\\/schema.org\",\"@graph\":[{\"@type\":\"WebPage\",\"@id\":\"https:\\\/\\\/medaksa.lt\\\/lv\\\/precu-atgriesana-garantija\\\/\",\"url\":\"https:\\\/\\\/medaksa.lt\\\/lv\\\/precu-atgriesana-garantija\\\/\",\"name\":\"Pre\u010du atgrie\u0161ana un garantija - Medaksa\",\"isPartOf\":{\"@id\":\"https:\\\/\\\/medaksa.lt\\\/lv\\\/#website\"},\"datePublished\":\"2020-11-05T02:44:18+00:00\",\"breadcrumb\":{\"@id\":\"https:\\\/\\\/medaksa.lt\\\/lv\\\/precu-atgriesana-garantija\\\/#breadcrumb\"},\"inLanguage\":\"lv-LV\",\"potentialAction\":[{\"@type\":\"ReadAction\",\"target\":[\"https:\\\/\\\/medaksa.lt\\\/lv\\\/precu-atgriesana-garantija\\\/\"]}]},{\"@type\":\"BreadcrumbList\",\"@id\":\"https:\\\/\\\/medaksa.lt\\\/lv\\\/precu-atgriesana-garantija\\\/#breadcrumb\",\"itemListElement\":[{\"@type\":\"ListItem\",\"position\":1,\"name\":\"Home\",\"item\":\"https:\\\/\\\/medaksa.lt\\\/lv\\\/medicinine-apranga\\\/\"},{\"@type\":\"ListItem\",\"position\":2,\"name\":\"Preki\u0173 gr\u0105\u017einimas ir garantija\"}]},{\"@type\":\"WebSite\",\"@id\":\"https:\\\/\\\/medaksa.lt\\\/lv\\\/#website\",\"url\":\"https:\\\/\\\/medaksa.lt\\\/lv\\\/\",\"name\":\"Medaksa\",\"description\":\"\",\"publisher\":{\"@id\":\"https:\\\/\\\/medaksa.lt\\\/lv\\\/#organization\"},\"potentialAction\":[{\"@type\":\"SearchAction\",\"target\":{\"@type\":\"EntryPoint\",\"urlTemplate\":\"https:\\\/\\\/medaksa.lt\\\/lv\\\/?s={search_term_string}\"},\"query-input\":{\"@type\":\"PropertyValueSpecification\",\"valueRequired\":true,\"valueName\":\"search_term_string\"}}],\"inLanguage\":\"lv-LV\"},{\"@type\":\"Organization\",\"@id\":\"https:\\\/\\\/medaksa.lt\\\/lv\\\/#organization\",\"name\":\"Medaksa\",\"url\":\"https:\\\/\\\/medaksa.lt\\\/lv\\\/\",\"logo\":{\"@type\":\"ImageObject\",\"inLanguage\":\"lv-LV\",\"@id\":\"https:\\\/\\\/medaksa.lt\\\/lv\\\/#\\\/schema\\\/logo\\\/image\\\/\",\"url\":\"https:\\\/\\\/medaksa.lt\\\/wp-content\\\/uploads\\\/2020\\\/11\\\/cropped-Medaksa_logo-png-1.png\",\"contentUrl\":\"https:\\\/\\\/medaksa.lt\\\/wp-content\\\/uploads\\\/2020\\\/11\\\/cropped-Medaksa_logo-png-1.png\",\"width\":512,\"height\":512,\"caption\":\"Medaksa\"},\"image\":{\"@id\":\"https:\\\/\\\/medaksa.lt\\\/lv\\\/#\\\/schema\\\/logo\\\/image\\\/\"}}]}<\/script>\n<!-- \/ Yoast SEO plugin. -->","yoast_head_json":{"title":"Pre\u010du atgrie\u0161ana un garantija - Medaksa","robots":{"index":"index","follow":"follow","max-snippet":"max-snippet:-1","max-image-preview":"max-image-preview:large","max-video-preview":"max-video-preview:-1"},"canonical":"https:\/\/medaksa.lt\/lv\/precu-atgriesana-garantija\/","og_locale":"lv_LV","og_type":"article","og_title":"Pre\u010du atgrie\u0161ana un garantija - Medaksa","og_description":"Lai atgrieztu\/nomain\u012btu ieg\u0101d\u0101to ap\u0123\u0113rbu, l\u016bdzam sazin\u0101ties ar mums pa e-pastu info@medaksa.lt vai t\u0101lruni +370 (655) 59 394 Visp\u0101r\u012bgie atgrie\u0161anas noteikumi Interneta veikala \u201ewww.medaksa.lt&#8221; pirc\u0113jiem (pat\u0113r\u0113t\u0101jiem) ir ties\u012bbas, nenor\u0101dot iemeslu, atteikties&hellip;","og_url":"https:\/\/medaksa.lt\/lv\/precu-atgriesana-garantija\/","og_site_name":"Medaksa","og_image":[{"width":512,"height":512,"url":"https:\/\/medaksa.lt\/wp-content\/uploads\/2020\/11\/cropped-Medaksa_logo-png-1.webp","type":"image\/webp"}],"twitter_card":"summary_large_image","twitter_misc":{"Est. reading time":"4 minutes"},"schema":{"@context":"https:\/\/schema.org","@graph":[{"@type":"WebPage","@id":"https:\/\/medaksa.lt\/lv\/precu-atgriesana-garantija\/","url":"https:\/\/medaksa.lt\/lv\/precu-atgriesana-garantija\/","name":"Pre\u010du atgrie\u0161ana un garantija - Medaksa","isPartOf":{"@id":"https:\/\/medaksa.lt\/lv\/#website"},"datePublished":"2020-11-05T02:44:18+00:00","breadcrumb":{"@id":"https:\/\/medaksa.lt\/lv\/precu-atgriesana-garantija\/#breadcrumb"},"inLanguage":"lv-LV","potentialAction":[{"@type":"ReadAction","target":["https:\/\/medaksa.lt\/lv\/precu-atgriesana-garantija\/"]}]},{"@type":"BreadcrumbList","@id":"https:\/\/medaksa.lt\/lv\/precu-atgriesana-garantija\/#breadcrumb","itemListElement":[{"@type":"ListItem","position":1,"name":"Home","item":"https:\/\/medaksa.lt\/lv\/medicinine-apranga\/"},{"@type":"ListItem","position":2,"name":"Preki\u0173 gr\u0105\u017einimas ir garantija"}]},{"@type":"WebSite","@id":"https:\/\/medaksa.lt\/lv\/#website","url":"https:\/\/medaksa.lt\/lv\/","name":"Medaksa","description":"","publisher":{"@id":"https:\/\/medaksa.lt\/lv\/#organization"},"potentialAction":[{"@type":"SearchAction","target":{"@type":"EntryPoint","urlTemplate":"https:\/\/medaksa.lt\/lv\/?s={search_term_string}"},"query-input":{"@type":"PropertyValueSpecification","valueRequired":true,"valueName":"search_term_string"}}],"inLanguage":"lv-LV"},{"@type":"Organization","@id":"https:\/\/medaksa.lt\/lv\/#organization","name":"Medaksa","url":"https:\/\/medaksa.lt\/lv\/","logo":{"@type":"ImageObject","inLanguage":"lv-LV","@id":"https:\/\/medaksa.lt\/lv\/#\/schema\/logo\/image\/","url":"https:\/\/medaksa.lt\/wp-content\/uploads\/2020\/11\/cropped-Medaksa_logo-png-1.png","contentUrl":"https:\/\/medaksa.lt\/wp-content\/uploads\/2020\/11\/cropped-Medaksa_logo-png-1.png","width":512,"height":512,"caption":"Medaksa"},"image":{"@id":"https:\/\/medaksa.lt\/lv\/#\/schema\/logo\/image\/"}}]}},"_links":{"self":[{"href":"https:\/\/medaksa.lt\/lv\/wp-json\/wp\/v2\/pages\/54355","targetHints":{"allow":["GET"]}}],"collection":[{"href":"https:\/\/medaksa.lt\/lv\/wp-json\/wp\/v2\/pages"}],"about":[{"href":"https:\/\/medaksa.lt\/lv\/wp-json\/wp\/v2\/types\/page"}],"author":[{"embeddable":true,"href":"https:\/\/medaksa.lt\/lv\/wp-json\/wp\/v2\/users\/1"}],"replies":[{"embeddable":true,"href":"https:\/\/medaksa.lt\/lv\/wp-json\/wp\/v2\/comments?post=54355"}],"version-history":[{"count":0,"href":"https:\/\/medaksa.lt\/lv\/wp-json\/wp\/v2\/pages\/54355\/revisions"}],"wp:attachment":[{"href":"https:\/\/medaksa.lt\/lv\/wp-json\/wp\/v2\/media?parent=54355"}],"curies":[{"name":"wp","href":"https:\/\/api.w.org\/{rel}","templated":true}]}}