{"id":54353,"date":"2020-11-04T03:30:53","date_gmt":"2020-11-04T00:30:53","guid":{"rendered":"https:\/\/medaksa.lt\/kontaktai\/"},"modified":"2020-11-04T03:30:53","modified_gmt":"2020-11-04T00:30:53","slug":"kontakti","status":"publish","type":"page","link":"https:\/\/medaksa.lt\/lv\/kontakti\/","title":{"rendered":"Kontakti"},"content":{"rendered":"<h2>Ra\u0161ykite mums<\/h2>\n<p><strong>Parduotuv\u0117 Vilniuje<\/strong><br \/><em><span style=\"color: #0f0f49;\"><a style=\"color: #0f0f49;\" href=\"https:\/\/goo.gl\/maps\/qRmmMi9gQENGYCNHA\" target=\"_blank\" rel=\"noopener\">S. \u017dukausko g. 26, Vilnius 08239<\/a><\/span><\/em><\/p>\n<p>El. pa\u0161tas: <span style=\"color: #0f0f49;\"><a style=\"color: #0f0f49;\" href=\"mailto:pagalba@medaksa.lt\">pagalba@medaksa.lt<\/a><\/span><br \/>Telefono numeris<strong>: <\/strong><span style=\"color: #0f0f49;\"><a style=\"color: #0f0f49;\" href=\"tel:+37065559394\">+370 (655) 59 394<\/a><\/span><\/p>\n<p><strong>MB MEDAKSA<\/strong><br \/>\u012em. kodas: 304222528<br \/>PVM mok\u0117tojo kodas: LT100014071412<br \/>Banko s\u0105skaita: LT777300010146412313 (Swedbank)<\/p>\n<p class=\"open-hours\"><strong>Darbo laikas:<\/strong><br \/>Pirmadienis &#8211; Penktadienis: 10:00 &#8211; 18:00<br \/>\u0160e\u0161tadienis ir Sekmadienis: nedirbame<\/p>\n\n\n<p><\/p>\n","protected":false},"excerpt":{"rendered":"<p>Ra\u0161ykite mums Parduotuv\u0117 VilniujeS. \u017dukausko g. 26, Vilnius 08239 El. pa\u0161tas: pagalba@medaksa.ltTelefono numeris: +370 (655) 59 394 MB MEDAKSA\u012em. kodas: 304222528PVM mok\u0117tojo kodas: LT100014071412Banko s\u0105skaita: LT777300010146412313 (Swedbank) Darbo laikas:Pirmadienis &#8211;&hellip;<\/p>\n","protected":false},"author":1,"featured_media":0,"parent":0,"menu_order":19,"comment_status":"closed","ping_status":"closed","template":"template-kontaktai.php","meta":{"_acf_changed":false,"footnotes":""},"class_list":["post-54353","page","type-page","status-publish","hentry"],"acf":[],"yoast_head":"<!-- This site is optimized with the Yoast SEO plugin v27.4 - https:\/\/yoast.com\/product\/yoast-seo-wordpress\/ -->\n<title>Kontakti - Medaksa<\/title>\n<meta name=\"robots\" content=\"index, follow, max-snippet:-1, max-image-preview:large, max-video-preview:-1\" \/>\n<link rel=\"canonical\" href=\"https:\/\/medaksa.lt\/lv\/kontakti\/\" \/>\n<meta property=\"og:locale\" content=\"lv_LV\" \/>\n<meta property=\"og:type\" content=\"article\" \/>\n<meta property=\"og:title\" content=\"Kontakti - Medaksa\" \/>\n<meta property=\"og:description\" content=\"Ra\u0161ykite mums Parduotuv\u0117 VilniujeS. \u017dukausko g. 26, Vilnius 08239 El. pa\u0161tas: pagalba@medaksa.ltTelefono numeris: +370 (655) 59 394 MB MEDAKSA\u012em. kodas: 304222528PVM mok\u0117tojo kodas: LT100014071412Banko s\u0105skaita: LT777300010146412313 (Swedbank) Darbo laikas:Pirmadienis &#8211;&hellip;\" \/>\n<meta property=\"og:url\" content=\"https:\/\/medaksa.lt\/lv\/kontakti\/\" \/>\n<meta property=\"og:site_name\" content=\"Medaksa\" \/>\n<meta property=\"og:image\" content=\"https:\/\/medaksa.lt\/wp-content\/uploads\/2020\/11\/cropped-Medaksa_logo-png-1.webp\" \/>\n\t<meta property=\"og:image:width\" content=\"512\" \/>\n\t<meta property=\"og:image:height\" content=\"512\" \/>\n\t<meta property=\"og:image:type\" content=\"image\/webp\" \/>\n<meta name=\"twitter:card\" content=\"summary_large_image\" \/>\n<script type=\"application\/ld+json\" class=\"yoast-schema-graph\">{\"@context\":\"https:\\\/\\\/schema.org\",\"@graph\":[{\"@type\":\"WebPage\",\"@id\":\"https:\\\/\\\/medaksa.lt\\\/lv\\\/kontakti\\\/\",\"url\":\"https:\\\/\\\/medaksa.lt\\\/lv\\\/kontakti\\\/\",\"name\":\"Kontakti - Medaksa\",\"isPartOf\":{\"@id\":\"https:\\\/\\\/medaksa.lt\\\/lv\\\/#website\"},\"datePublished\":\"2020-11-04T00:30:53+00:00\",\"breadcrumb\":{\"@id\":\"https:\\\/\\\/medaksa.lt\\\/lv\\\/kontakti\\\/#breadcrumb\"},\"inLanguage\":\"lv-LV\",\"potentialAction\":[{\"@type\":\"ReadAction\",\"target\":[\"https:\\\/\\\/medaksa.lt\\\/lv\\\/kontakti\\\/\"]}]},{\"@type\":\"BreadcrumbList\",\"@id\":\"https:\\\/\\\/medaksa.lt\\\/lv\\\/kontakti\\\/#breadcrumb\",\"itemListElement\":[{\"@type\":\"ListItem\",\"position\":1,\"name\":\"Home\",\"item\":\"https:\\\/\\\/medaksa.lt\\\/lv\\\/medicinine-apranga\\\/\"},{\"@type\":\"ListItem\",\"position\":2,\"name\":\"Kontaktai\"}]},{\"@type\":\"WebSite\",\"@id\":\"https:\\\/\\\/medaksa.lt\\\/lv\\\/#website\",\"url\":\"https:\\\/\\\/medaksa.lt\\\/lv\\\/\",\"name\":\"Medaksa\",\"description\":\"\",\"publisher\":{\"@id\":\"https:\\\/\\\/medaksa.lt\\\/lv\\\/#organization\"},\"potentialAction\":[{\"@type\":\"SearchAction\",\"target\":{\"@type\":\"EntryPoint\",\"urlTemplate\":\"https:\\\/\\\/medaksa.lt\\\/lv\\\/?s={search_term_string}\"},\"query-input\":{\"@type\":\"PropertyValueSpecification\",\"valueRequired\":true,\"valueName\":\"search_term_string\"}}],\"inLanguage\":\"lv-LV\"},{\"@type\":\"Organization\",\"@id\":\"https:\\\/\\\/medaksa.lt\\\/lv\\\/#organization\",\"name\":\"Medaksa\",\"url\":\"https:\\\/\\\/medaksa.lt\\\/lv\\\/\",\"logo\":{\"@type\":\"ImageObject\",\"inLanguage\":\"lv-LV\",\"@id\":\"https:\\\/\\\/medaksa.lt\\\/lv\\\/#\\\/schema\\\/logo\\\/image\\\/\",\"url\":\"https:\\\/\\\/medaksa.lt\\\/wp-content\\\/uploads\\\/2020\\\/11\\\/cropped-Medaksa_logo-png-1.png\",\"contentUrl\":\"https:\\\/\\\/medaksa.lt\\\/wp-content\\\/uploads\\\/2020\\\/11\\\/cropped-Medaksa_logo-png-1.png\",\"width\":512,\"height\":512,\"caption\":\"Medaksa\"},\"image\":{\"@id\":\"https:\\\/\\\/medaksa.lt\\\/lv\\\/#\\\/schema\\\/logo\\\/image\\\/\"}}]}<\/script>\n<!-- \/ Yoast SEO plugin. -->","yoast_head_json":{"title":"Kontakti - Medaksa","robots":{"index":"index","follow":"follow","max-snippet":"max-snippet:-1","max-image-preview":"max-image-preview:large","max-video-preview":"max-video-preview:-1"},"canonical":"https:\/\/medaksa.lt\/lv\/kontakti\/","og_locale":"lv_LV","og_type":"article","og_title":"Kontakti - Medaksa","og_description":"Ra\u0161ykite mums Parduotuv\u0117 VilniujeS. \u017dukausko g. 26, Vilnius 08239 El. pa\u0161tas: pagalba@medaksa.ltTelefono numeris: +370 (655) 59 394 MB MEDAKSA\u012em. kodas: 304222528PVM mok\u0117tojo kodas: LT100014071412Banko s\u0105skaita: LT777300010146412313 (Swedbank) Darbo laikas:Pirmadienis &#8211;&hellip;","og_url":"https:\/\/medaksa.lt\/lv\/kontakti\/","og_site_name":"Medaksa","og_image":[{"width":512,"height":512,"url":"https:\/\/medaksa.lt\/wp-content\/uploads\/2020\/11\/cropped-Medaksa_logo-png-1.webp","type":"image\/webp"}],"twitter_card":"summary_large_image","schema":{"@context":"https:\/\/schema.org","@graph":[{"@type":"WebPage","@id":"https:\/\/medaksa.lt\/lv\/kontakti\/","url":"https:\/\/medaksa.lt\/lv\/kontakti\/","name":"Kontakti - Medaksa","isPartOf":{"@id":"https:\/\/medaksa.lt\/lv\/#website"},"datePublished":"2020-11-04T00:30:53+00:00","breadcrumb":{"@id":"https:\/\/medaksa.lt\/lv\/kontakti\/#breadcrumb"},"inLanguage":"lv-LV","potentialAction":[{"@type":"ReadAction","target":["https:\/\/medaksa.lt\/lv\/kontakti\/"]}]},{"@type":"BreadcrumbList","@id":"https:\/\/medaksa.lt\/lv\/kontakti\/#breadcrumb","itemListElement":[{"@type":"ListItem","position":1,"name":"Home","item":"https:\/\/medaksa.lt\/lv\/medicinine-apranga\/"},{"@type":"ListItem","position":2,"name":"Kontaktai"}]},{"@type":"WebSite","@id":"https:\/\/medaksa.lt\/lv\/#website","url":"https:\/\/medaksa.lt\/lv\/","name":"Medaksa","description":"","publisher":{"@id":"https:\/\/medaksa.lt\/lv\/#organization"},"potentialAction":[{"@type":"SearchAction","target":{"@type":"EntryPoint","urlTemplate":"https:\/\/medaksa.lt\/lv\/?s={search_term_string}"},"query-input":{"@type":"PropertyValueSpecification","valueRequired":true,"valueName":"search_term_string"}}],"inLanguage":"lv-LV"},{"@type":"Organization","@id":"https:\/\/medaksa.lt\/lv\/#organization","name":"Medaksa","url":"https:\/\/medaksa.lt\/lv\/","logo":{"@type":"ImageObject","inLanguage":"lv-LV","@id":"https:\/\/medaksa.lt\/lv\/#\/schema\/logo\/image\/","url":"https:\/\/medaksa.lt\/wp-content\/uploads\/2020\/11\/cropped-Medaksa_logo-png-1.png","contentUrl":"https:\/\/medaksa.lt\/wp-content\/uploads\/2020\/11\/cropped-Medaksa_logo-png-1.png","width":512,"height":512,"caption":"Medaksa"},"image":{"@id":"https:\/\/medaksa.lt\/lv\/#\/schema\/logo\/image\/"}}]}},"_links":{"self":[{"href":"https:\/\/medaksa.lt\/lv\/wp-json\/wp\/v2\/pages\/54353","targetHints":{"allow":["GET"]}}],"collection":[{"href":"https:\/\/medaksa.lt\/lv\/wp-json\/wp\/v2\/pages"}],"about":[{"href":"https:\/\/medaksa.lt\/lv\/wp-json\/wp\/v2\/types\/page"}],"author":[{"embeddable":true,"href":"https:\/\/medaksa.lt\/lv\/wp-json\/wp\/v2\/users\/1"}],"replies":[{"embeddable":true,"href":"https:\/\/medaksa.lt\/lv\/wp-json\/wp\/v2\/comments?post=54353"}],"version-history":[{"count":0,"href":"https:\/\/medaksa.lt\/lv\/wp-json\/wp\/v2\/pages\/54353\/revisions"}],"wp:attachment":[{"href":"https:\/\/medaksa.lt\/lv\/wp-json\/wp\/v2\/media?parent=54353"}],"curies":[{"name":"wp","href":"https:\/\/api.w.org\/{rel}","templated":true}]}}