{"id":58410,"date":"2025-02-17T16:29:36","date_gmt":"2025-02-17T13:29:36","guid":{"rendered":"https:\/\/medaksa.lt\/produktas\/gradum-sale\/"},"modified":"2025-02-17T16:29:36","modified_gmt":"2025-02-17T13:29:36","slug":"gradum-sale","status":"publish","type":"product","link":"https:\/\/medaksa.lt\/et\/produktas\/gradum-sale\/","title":{"rendered":"MEESTE MEDITSIINILISED T-S\u00c4RGID GRADUM\u2122 ALLAHINDLUS"},"content":{"rendered":"<p><strong>LAOS OLEMAS \u2013 SAADAME KOHE<\/strong><\/p>\n<p>Vabaaja stiilis meditsiinilised T-s\u00e4rgid \u00fcmara kaelusega.<\/p>\n<p>Neli taskut \u2013 kaks rinnal ja kaks mugavalt paigutatud puusade k\u00fclgedel.<\/p>\n<p>Siin kohtuvad klassika ja modernsus.<\/p>\n<p>Tootmises kasutatakse kvaliteetseid OEKO-TEX Standard 100 sertifitseeritud kangaid.<\/p>\n","protected":false},"excerpt":{"rendered":"<p>Vabaaja stiilis meditsiinilised T-s\u00e4rgid<\/p>\n","protected":false},"featured_media":58411,"comment_status":"closed","ping_status":"closed","template":"","meta":{"_acf_changed":false},"product_brand":[],"product_cat":[330,46,47],"product_tag":[],"class_list":{"0":"post-58410","1":"product","2":"type-product","3":"status-publish","4":"has-post-thumbnail","6":"product_cat-ispardavimas-vyrai","7":"product_cat-medicinine-apranga-vyrams","8":"product_cat-marskineliai","9":"pa_color-karamele","10":"pa_color-vandenynas","11":"pa_color-smaragdas","12":"pa_size-4xl","13":"pa_size-m","14":"pa_size-s","16":"first","17":"instock","18":"sale","19":"taxable","20":"shipping-taxable","21":"purchasable","22":"product-type-variable"},"acf":[],"yoast_head":"<!-- This site is optimized with the Yoast SEO plugin v27.4 - https:\/\/yoast.com\/product\/yoast-seo-wordpress\/ -->\n<title>MEESTE MEDITSIINILISED T-S\u00c4RGID GRADUM\u2122 ALLAHINDLUS - Medaksa<\/title>\n<meta name=\"robots\" content=\"index, follow, max-snippet:-1, max-image-preview:large, max-video-preview:-1\" \/>\n<link rel=\"canonical\" href=\"https:\/\/medaksa.lt\/et\/produktas\/gradum-sale\/\" \/>\n<meta property=\"og:locale\" content=\"et_EE\" \/>\n<meta property=\"og:type\" content=\"article\" \/>\n<meta property=\"og:title\" content=\"MEESTE MEDITSIINILISED T-S\u00c4RGID GRADUM\u2122 ALLAHINDLUS - Medaksa\" \/>\n<meta property=\"og:description\" content=\"Vabaaja stiilis meditsiinilised T-s\u00e4rgid\" \/>\n<meta property=\"og:url\" content=\"https:\/\/medaksa.lt\/et\/produktas\/gradum-sale\/\" \/>\n<meta property=\"og:site_name\" content=\"Medaksa\" \/>\n<meta property=\"og:image\" content=\"https:\/\/medaksa.lt\/wp-content\/uploads\/2020\/11\/cropped-Medaksa_logo-png-1.webp\" \/>\n\t<meta property=\"og:image:width\" content=\"512\" \/>\n\t<meta property=\"og:image:height\" content=\"512\" \/>\n\t<meta property=\"og:image:type\" content=\"image\/webp\" \/>\n<meta name=\"twitter:card\" content=\"summary_large_image\" \/>\n<script type=\"application\/ld+json\" class=\"yoast-schema-graph\">{\"@context\":\"https:\\\/\\\/schema.org\",\"@graph\":[{\"@type\":\"WebPage\",\"@id\":\"https:\\\/\\\/medaksa.lt\\\/et\\\/produktas\\\/gradum-sale\\\/\",\"url\":\"https:\\\/\\\/medaksa.lt\\\/et\\\/produktas\\\/gradum-sale\\\/\",\"name\":\"MEESTE MEDITSIINILISED T-S\u00c4RGID GRADUM\u2122 ALLAHINDLUS - Medaksa\",\"isPartOf\":{\"@id\":\"https:\\\/\\\/medaksa.lt\\\/et\\\/#website\"},\"primaryImageOfPage\":{\"@id\":\"https:\\\/\\\/medaksa.lt\\\/et\\\/produktas\\\/gradum-sale\\\/#primaryimage\"},\"image\":{\"@id\":\"https:\\\/\\\/medaksa.lt\\\/et\\\/produktas\\\/gradum-sale\\\/#primaryimage\"},\"thumbnailUrl\":\"https:\\\/\\\/medaksa.lt\\\/wp-content\\\/uploads\\\/2024\\\/04\\\/Medaksa-18-Enhanced.webp\",\"datePublished\":\"2025-02-17T13:29:36+00:00\",\"breadcrumb\":{\"@id\":\"https:\\\/\\\/medaksa.lt\\\/et\\\/produktas\\\/gradum-sale\\\/#breadcrumb\"},\"inLanguage\":\"et\",\"potentialAction\":[{\"@type\":\"ReadAction\",\"target\":[\"https:\\\/\\\/medaksa.lt\\\/et\\\/produktas\\\/gradum-sale\\\/\"]}]},{\"@type\":\"ImageObject\",\"inLanguage\":\"et\",\"@id\":\"https:\\\/\\\/medaksa.lt\\\/et\\\/produktas\\\/gradum-sale\\\/#primaryimage\",\"url\":\"https:\\\/\\\/medaksa.lt\\\/wp-content\\\/uploads\\\/2024\\\/04\\\/Medaksa-18-Enhanced.webp\",\"contentUrl\":\"https:\\\/\\\/medaksa.lt\\\/wp-content\\\/uploads\\\/2024\\\/04\\\/Medaksa-18-Enhanced.webp\",\"width\":1024,\"height\":1024,\"caption\":\"Vyriska medicinine apranga\"},{\"@type\":\"BreadcrumbList\",\"@id\":\"https:\\\/\\\/medaksa.lt\\\/et\\\/produktas\\\/gradum-sale\\\/#breadcrumb\",\"itemListElement\":[{\"@type\":\"ListItem\",\"position\":1,\"name\":\"Home\",\"item\":\"https:\\\/\\\/medaksa.lt\\\/et\\\/medicinine-apranga\\\/\"},{\"@type\":\"ListItem\",\"position\":2,\"name\":\"Parduotuv\u0117\",\"item\":\"https:\\\/\\\/medaksa.lt\\\/et\\\/parduotuve\\\/\"},{\"@type\":\"ListItem\",\"position\":3,\"name\":\"VYRI\u0160KI MEDICININIAI MAR\u0160KIN\u0116LIAI GRADUM\u2122 SALE\"}]},{\"@type\":\"WebSite\",\"@id\":\"https:\\\/\\\/medaksa.lt\\\/et\\\/#website\",\"url\":\"https:\\\/\\\/medaksa.lt\\\/et\\\/\",\"name\":\"Medaksa\",\"description\":\"\",\"publisher\":{\"@id\":\"https:\\\/\\\/medaksa.lt\\\/et\\\/#organization\"},\"potentialAction\":[{\"@type\":\"SearchAction\",\"target\":{\"@type\":\"EntryPoint\",\"urlTemplate\":\"https:\\\/\\\/medaksa.lt\\\/et\\\/?s={search_term_string}\"},\"query-input\":{\"@type\":\"PropertyValueSpecification\",\"valueRequired\":true,\"valueName\":\"search_term_string\"}}],\"inLanguage\":\"et\"},{\"@type\":\"Organization\",\"@id\":\"https:\\\/\\\/medaksa.lt\\\/et\\\/#organization\",\"name\":\"Medaksa\",\"url\":\"https:\\\/\\\/medaksa.lt\\\/et\\\/\",\"logo\":{\"@type\":\"ImageObject\",\"inLanguage\":\"et\",\"@id\":\"https:\\\/\\\/medaksa.lt\\\/et\\\/#\\\/schema\\\/logo\\\/image\\\/\",\"url\":\"https:\\\/\\\/medaksa.lt\\\/wp-content\\\/uploads\\\/2020\\\/11\\\/cropped-Medaksa_logo-png-1.png\",\"contentUrl\":\"https:\\\/\\\/medaksa.lt\\\/wp-content\\\/uploads\\\/2020\\\/11\\\/cropped-Medaksa_logo-png-1.png\",\"width\":512,\"height\":512,\"caption\":\"Medaksa\"},\"image\":{\"@id\":\"https:\\\/\\\/medaksa.lt\\\/et\\\/#\\\/schema\\\/logo\\\/image\\\/\"}}]}<\/script>\n<!-- \/ Yoast SEO plugin. -->","yoast_head_json":{"title":"MEESTE MEDITSIINILISED T-S\u00c4RGID GRADUM\u2122 ALLAHINDLUS - Medaksa","robots":{"index":"index","follow":"follow","max-snippet":"max-snippet:-1","max-image-preview":"max-image-preview:large","max-video-preview":"max-video-preview:-1"},"canonical":"https:\/\/medaksa.lt\/et\/produktas\/gradum-sale\/","og_locale":"et_EE","og_type":"article","og_title":"MEESTE MEDITSIINILISED T-S\u00c4RGID GRADUM\u2122 ALLAHINDLUS - Medaksa","og_description":"Vabaaja stiilis meditsiinilised T-s\u00e4rgid","og_url":"https:\/\/medaksa.lt\/et\/produktas\/gradum-sale\/","og_site_name":"Medaksa","og_image":[{"width":512,"height":512,"url":"https:\/\/medaksa.lt\/wp-content\/uploads\/2020\/11\/cropped-Medaksa_logo-png-1.webp","type":"image\/webp"}],"twitter_card":"summary_large_image","schema":{"@context":"https:\/\/schema.org","@graph":[{"@type":"WebPage","@id":"https:\/\/medaksa.lt\/et\/produktas\/gradum-sale\/","url":"https:\/\/medaksa.lt\/et\/produktas\/gradum-sale\/","name":"MEESTE MEDITSIINILISED T-S\u00c4RGID GRADUM\u2122 ALLAHINDLUS - Medaksa","isPartOf":{"@id":"https:\/\/medaksa.lt\/et\/#website"},"primaryImageOfPage":{"@id":"https:\/\/medaksa.lt\/et\/produktas\/gradum-sale\/#primaryimage"},"image":{"@id":"https:\/\/medaksa.lt\/et\/produktas\/gradum-sale\/#primaryimage"},"thumbnailUrl":"https:\/\/medaksa.lt\/wp-content\/uploads\/2024\/04\/Medaksa-18-Enhanced.webp","datePublished":"2025-02-17T13:29:36+00:00","breadcrumb":{"@id":"https:\/\/medaksa.lt\/et\/produktas\/gradum-sale\/#breadcrumb"},"inLanguage":"et","potentialAction":[{"@type":"ReadAction","target":["https:\/\/medaksa.lt\/et\/produktas\/gradum-sale\/"]}]},{"@type":"ImageObject","inLanguage":"et","@id":"https:\/\/medaksa.lt\/et\/produktas\/gradum-sale\/#primaryimage","url":"https:\/\/medaksa.lt\/wp-content\/uploads\/2024\/04\/Medaksa-18-Enhanced.webp","contentUrl":"https:\/\/medaksa.lt\/wp-content\/uploads\/2024\/04\/Medaksa-18-Enhanced.webp","width":1024,"height":1024,"caption":"Vyriska medicinine apranga"},{"@type":"BreadcrumbList","@id":"https:\/\/medaksa.lt\/et\/produktas\/gradum-sale\/#breadcrumb","itemListElement":[{"@type":"ListItem","position":1,"name":"Home","item":"https:\/\/medaksa.lt\/et\/medicinine-apranga\/"},{"@type":"ListItem","position":2,"name":"Parduotuv\u0117","item":"https:\/\/medaksa.lt\/et\/parduotuve\/"},{"@type":"ListItem","position":3,"name":"VYRI\u0160KI MEDICININIAI MAR\u0160KIN\u0116LIAI GRADUM\u2122 SALE"}]},{"@type":"WebSite","@id":"https:\/\/medaksa.lt\/et\/#website","url":"https:\/\/medaksa.lt\/et\/","name":"Medaksa","description":"","publisher":{"@id":"https:\/\/medaksa.lt\/et\/#organization"},"potentialAction":[{"@type":"SearchAction","target":{"@type":"EntryPoint","urlTemplate":"https:\/\/medaksa.lt\/et\/?s={search_term_string}"},"query-input":{"@type":"PropertyValueSpecification","valueRequired":true,"valueName":"search_term_string"}}],"inLanguage":"et"},{"@type":"Organization","@id":"https:\/\/medaksa.lt\/et\/#organization","name":"Medaksa","url":"https:\/\/medaksa.lt\/et\/","logo":{"@type":"ImageObject","inLanguage":"et","@id":"https:\/\/medaksa.lt\/et\/#\/schema\/logo\/image\/","url":"https:\/\/medaksa.lt\/wp-content\/uploads\/2020\/11\/cropped-Medaksa_logo-png-1.png","contentUrl":"https:\/\/medaksa.lt\/wp-content\/uploads\/2020\/11\/cropped-Medaksa_logo-png-1.png","width":512,"height":512,"caption":"Medaksa"},"image":{"@id":"https:\/\/medaksa.lt\/et\/#\/schema\/logo\/image\/"}}]}},"_links":{"self":[{"href":"https:\/\/medaksa.lt\/et\/wp-json\/wp\/v2\/product\/58410","targetHints":{"allow":["GET"]}}],"collection":[{"href":"https:\/\/medaksa.lt\/et\/wp-json\/wp\/v2\/product"}],"about":[{"href":"https:\/\/medaksa.lt\/et\/wp-json\/wp\/v2\/types\/product"}],"replies":[{"embeddable":true,"href":"https:\/\/medaksa.lt\/et\/wp-json\/wp\/v2\/comments?post=58410"}],"wp:featuredmedia":[{"embeddable":true,"href":"https:\/\/medaksa.lt\/et\/wp-json\/wp\/v2\/media\/58411"}],"wp:attachment":[{"href":"https:\/\/medaksa.lt\/et\/wp-json\/wp\/v2\/media?parent=58410"}],"wp:term":[{"taxonomy":"product_brand","embeddable":true,"href":"https:\/\/medaksa.lt\/et\/wp-json\/wp\/v2\/product_brand?post=58410"},{"taxonomy":"product_cat","embeddable":true,"href":"https:\/\/medaksa.lt\/et\/wp-json\/wp\/v2\/product_cat?post=58410"},{"taxonomy":"product_tag","embeddable":true,"href":"https:\/\/medaksa.lt\/et\/wp-json\/wp\/v2\/product_tag?post=58410"}],"curies":[{"name":"wp","href":"https:\/\/api.w.org\/{rel}","templated":true}]}}