{"id":58354,"date":"2025-02-13T16:21:38","date_gmt":"2025-02-13T13:21:38","guid":{"rendered":"https:\/\/medaksa.lt\/produktas\/tamen-sale\/"},"modified":"2025-02-13T16:21:38","modified_gmt":"2025-02-13T13:21:38","slug":"tamen-sale","status":"publish","type":"product","link":"https:\/\/medaksa.lt\/et\/produktas\/tamen-sale\/","title":{"rendered":"NAISTE MEDITSIINILISED P\u00dcKSID TAMEN\u2122 ALLAHINDLUS"},"content":{"rendered":"<p><strong>LAOS OLEMAS \u2013 SAADAME KOHE<\/strong><\/p>\n<p>Klassikalised ja elegantsed sirge l\u00f5ikega meditsiinilised p\u00fcksid.<\/p>\n<p>Kaks taskut reitel hoiavad Teie esemed alati k\u00e4ep\u00e4rast.<\/p>\n<p>K\u00f5rge v\u00f6\u00f6koht ning paeltega reguleeritav v\u00f6\u00f6 \u2013 just see, mida vajate palju liikudes ja pikki tunde t\u00f6\u00f6l veetes.<\/p>\n<p>Tootmises kasutatakse kvaliteetseid OEKO-TEX Standard 100 sertifitseeritud kangaid.<\/p>\n","protected":false},"excerpt":{"rendered":"<p>Klassikalised meditsiinilised p\u00fcksid<\/p>\n","protected":false},"featured_media":58355,"comment_status":"closed","ping_status":"closed","template":"","meta":{"_acf_changed":false},"product_brand":[],"product_cat":[592,551,578],"product_tag":[],"class_list":{"0":"post-58354","1":"product","2":"type-product","3":"status-publish","4":"has-post-thumbnail","6":"product_cat-allahindlus-naistele","7":"product_cat-meditsiinirivad-naistele","8":"product_cat-puksid-naistele","9":"pa_color-karamele","10":"pa_color-vandenynas","11":"pa_color-roze","12":"pa_color-smaragdas","13":"pa_size-3xl","14":"pa_size-4xl","15":"pa_size-s","16":"pa_size-xl","17":"pa_size-xxs","19":"first","20":"instock","21":"sale","22":"taxable","23":"shipping-taxable","24":"purchasable","25":"product-type-variable"},"acf":[],"yoast_head":"<!-- This site is optimized with the Yoast SEO plugin v27.4 - https:\/\/yoast.com\/product\/yoast-seo-wordpress\/ -->\n<title>NAISTE MEDITSIINILISED P\u00dcKSID TAMEN\u2122 ALLAHINDLUS - Medaksa<\/title>\n<meta name=\"robots\" content=\"index, follow, max-snippet:-1, max-image-preview:large, max-video-preview:-1\" \/>\n<link rel=\"canonical\" href=\"https:\/\/medaksa.lt\/et\/produktas\/tamen-sale\/\" \/>\n<meta property=\"og:locale\" content=\"et_EE\" \/>\n<meta property=\"og:type\" content=\"article\" \/>\n<meta property=\"og:title\" content=\"NAISTE MEDITSIINILISED P\u00dcKSID TAMEN\u2122 ALLAHINDLUS - Medaksa\" \/>\n<meta property=\"og:description\" content=\"Klassikalised meditsiinilised p\u00fcksid\" \/>\n<meta property=\"og:url\" content=\"https:\/\/medaksa.lt\/et\/produktas\/tamen-sale\/\" \/>\n<meta property=\"og:site_name\" content=\"Medaksa\" \/>\n<meta property=\"og:image\" content=\"https:\/\/medaksa.lt\/wp-content\/uploads\/2020\/11\/cropped-Medaksa_logo-png-1.webp\" \/>\n\t<meta property=\"og:image:width\" content=\"512\" \/>\n\t<meta property=\"og:image:height\" content=\"512\" \/>\n\t<meta property=\"og:image:type\" content=\"image\/webp\" \/>\n<meta name=\"twitter:card\" content=\"summary_large_image\" \/>\n<script type=\"application\/ld+json\" class=\"yoast-schema-graph\">{\"@context\":\"https:\\\/\\\/schema.org\",\"@graph\":[{\"@type\":\"WebPage\",\"@id\":\"https:\\\/\\\/medaksa.lt\\\/et\\\/produktas\\\/tamen-sale\\\/\",\"url\":\"https:\\\/\\\/medaksa.lt\\\/et\\\/produktas\\\/tamen-sale\\\/\",\"name\":\"NAISTE MEDITSIINILISED P\u00dcKSID TAMEN\u2122 ALLAHINDLUS - Medaksa\",\"isPartOf\":{\"@id\":\"https:\\\/\\\/medaksa.lt\\\/et\\\/#website\"},\"primaryImageOfPage\":{\"@id\":\"https:\\\/\\\/medaksa.lt\\\/et\\\/produktas\\\/tamen-sale\\\/#primaryimage\"},\"image\":{\"@id\":\"https:\\\/\\\/medaksa.lt\\\/et\\\/produktas\\\/tamen-sale\\\/#primaryimage\"},\"thumbnailUrl\":\"https:\\\/\\\/medaksa.lt\\\/wp-content\\\/uploads\\\/2023\\\/11\\\/Medaksa-10-143164-1.webp\",\"datePublished\":\"2025-02-13T13:21:38+00:00\",\"breadcrumb\":{\"@id\":\"https:\\\/\\\/medaksa.lt\\\/et\\\/produktas\\\/tamen-sale\\\/#breadcrumb\"},\"inLanguage\":\"et\",\"potentialAction\":[{\"@type\":\"ReadAction\",\"target\":[\"https:\\\/\\\/medaksa.lt\\\/et\\\/produktas\\\/tamen-sale\\\/\"]}]},{\"@type\":\"ImageObject\",\"inLanguage\":\"et\",\"@id\":\"https:\\\/\\\/medaksa.lt\\\/et\\\/produktas\\\/tamen-sale\\\/#primaryimage\",\"url\":\"https:\\\/\\\/medaksa.lt\\\/wp-content\\\/uploads\\\/2023\\\/11\\\/Medaksa-10-143164-1.webp\",\"contentUrl\":\"https:\\\/\\\/medaksa.lt\\\/wp-content\\\/uploads\\\/2023\\\/11\\\/Medaksa-10-143164-1.webp\",\"width\":1024,\"height\":1024,\"caption\":\"medicinine apranga\"},{\"@type\":\"BreadcrumbList\",\"@id\":\"https:\\\/\\\/medaksa.lt\\\/et\\\/produktas\\\/tamen-sale\\\/#breadcrumb\",\"itemListElement\":[{\"@type\":\"ListItem\",\"position\":1,\"name\":\"Home\",\"item\":\"https:\\\/\\\/medaksa.lt\\\/et\\\/medicinine-apranga\\\/\"},{\"@type\":\"ListItem\",\"position\":2,\"name\":\"Parduotuv\u0117\",\"item\":\"https:\\\/\\\/medaksa.lt\\\/et\\\/parduotuve\\\/\"},{\"@type\":\"ListItem\",\"position\":3,\"name\":\"MOTERI\u0160KOS MEDICININ\u0116S KELN\u0116S TAMEN\u2122 SALE\"}]},{\"@type\":\"WebSite\",\"@id\":\"https:\\\/\\\/medaksa.lt\\\/et\\\/#website\",\"url\":\"https:\\\/\\\/medaksa.lt\\\/et\\\/\",\"name\":\"Medaksa\",\"description\":\"\",\"publisher\":{\"@id\":\"https:\\\/\\\/medaksa.lt\\\/et\\\/#organization\"},\"potentialAction\":[{\"@type\":\"SearchAction\",\"target\":{\"@type\":\"EntryPoint\",\"urlTemplate\":\"https:\\\/\\\/medaksa.lt\\\/et\\\/?s={search_term_string}\"},\"query-input\":{\"@type\":\"PropertyValueSpecification\",\"valueRequired\":true,\"valueName\":\"search_term_string\"}}],\"inLanguage\":\"et\"},{\"@type\":\"Organization\",\"@id\":\"https:\\\/\\\/medaksa.lt\\\/et\\\/#organization\",\"name\":\"Medaksa\",\"url\":\"https:\\\/\\\/medaksa.lt\\\/et\\\/\",\"logo\":{\"@type\":\"ImageObject\",\"inLanguage\":\"et\",\"@id\":\"https:\\\/\\\/medaksa.lt\\\/et\\\/#\\\/schema\\\/logo\\\/image\\\/\",\"url\":\"https:\\\/\\\/medaksa.lt\\\/wp-content\\\/uploads\\\/2020\\\/11\\\/cropped-Medaksa_logo-png-1.png\",\"contentUrl\":\"https:\\\/\\\/medaksa.lt\\\/wp-content\\\/uploads\\\/2020\\\/11\\\/cropped-Medaksa_logo-png-1.png\",\"width\":512,\"height\":512,\"caption\":\"Medaksa\"},\"image\":{\"@id\":\"https:\\\/\\\/medaksa.lt\\\/et\\\/#\\\/schema\\\/logo\\\/image\\\/\"}}]}<\/script>\n<!-- \/ Yoast SEO plugin. -->","yoast_head_json":{"title":"NAISTE MEDITSIINILISED P\u00dcKSID TAMEN\u2122 ALLAHINDLUS - Medaksa","robots":{"index":"index","follow":"follow","max-snippet":"max-snippet:-1","max-image-preview":"max-image-preview:large","max-video-preview":"max-video-preview:-1"},"canonical":"https:\/\/medaksa.lt\/et\/produktas\/tamen-sale\/","og_locale":"et_EE","og_type":"article","og_title":"NAISTE MEDITSIINILISED P\u00dcKSID TAMEN\u2122 ALLAHINDLUS - Medaksa","og_description":"Klassikalised meditsiinilised p\u00fcksid","og_url":"https:\/\/medaksa.lt\/et\/produktas\/tamen-sale\/","og_site_name":"Medaksa","og_image":[{"width":512,"height":512,"url":"https:\/\/medaksa.lt\/wp-content\/uploads\/2020\/11\/cropped-Medaksa_logo-png-1.webp","type":"image\/webp"}],"twitter_card":"summary_large_image","schema":{"@context":"https:\/\/schema.org","@graph":[{"@type":"WebPage","@id":"https:\/\/medaksa.lt\/et\/produktas\/tamen-sale\/","url":"https:\/\/medaksa.lt\/et\/produktas\/tamen-sale\/","name":"NAISTE MEDITSIINILISED P\u00dcKSID TAMEN\u2122 ALLAHINDLUS - Medaksa","isPartOf":{"@id":"https:\/\/medaksa.lt\/et\/#website"},"primaryImageOfPage":{"@id":"https:\/\/medaksa.lt\/et\/produktas\/tamen-sale\/#primaryimage"},"image":{"@id":"https:\/\/medaksa.lt\/et\/produktas\/tamen-sale\/#primaryimage"},"thumbnailUrl":"https:\/\/medaksa.lt\/wp-content\/uploads\/2023\/11\/Medaksa-10-143164-1.webp","datePublished":"2025-02-13T13:21:38+00:00","breadcrumb":{"@id":"https:\/\/medaksa.lt\/et\/produktas\/tamen-sale\/#breadcrumb"},"inLanguage":"et","potentialAction":[{"@type":"ReadAction","target":["https:\/\/medaksa.lt\/et\/produktas\/tamen-sale\/"]}]},{"@type":"ImageObject","inLanguage":"et","@id":"https:\/\/medaksa.lt\/et\/produktas\/tamen-sale\/#primaryimage","url":"https:\/\/medaksa.lt\/wp-content\/uploads\/2023\/11\/Medaksa-10-143164-1.webp","contentUrl":"https:\/\/medaksa.lt\/wp-content\/uploads\/2023\/11\/Medaksa-10-143164-1.webp","width":1024,"height":1024,"caption":"medicinine apranga"},{"@type":"BreadcrumbList","@id":"https:\/\/medaksa.lt\/et\/produktas\/tamen-sale\/#breadcrumb","itemListElement":[{"@type":"ListItem","position":1,"name":"Home","item":"https:\/\/medaksa.lt\/et\/medicinine-apranga\/"},{"@type":"ListItem","position":2,"name":"Parduotuv\u0117","item":"https:\/\/medaksa.lt\/et\/parduotuve\/"},{"@type":"ListItem","position":3,"name":"MOTERI\u0160KOS MEDICININ\u0116S KELN\u0116S TAMEN\u2122 SALE"}]},{"@type":"WebSite","@id":"https:\/\/medaksa.lt\/et\/#website","url":"https:\/\/medaksa.lt\/et\/","name":"Medaksa","description":"","publisher":{"@id":"https:\/\/medaksa.lt\/et\/#organization"},"potentialAction":[{"@type":"SearchAction","target":{"@type":"EntryPoint","urlTemplate":"https:\/\/medaksa.lt\/et\/?s={search_term_string}"},"query-input":{"@type":"PropertyValueSpecification","valueRequired":true,"valueName":"search_term_string"}}],"inLanguage":"et"},{"@type":"Organization","@id":"https:\/\/medaksa.lt\/et\/#organization","name":"Medaksa","url":"https:\/\/medaksa.lt\/et\/","logo":{"@type":"ImageObject","inLanguage":"et","@id":"https:\/\/medaksa.lt\/et\/#\/schema\/logo\/image\/","url":"https:\/\/medaksa.lt\/wp-content\/uploads\/2020\/11\/cropped-Medaksa_logo-png-1.png","contentUrl":"https:\/\/medaksa.lt\/wp-content\/uploads\/2020\/11\/cropped-Medaksa_logo-png-1.png","width":512,"height":512,"caption":"Medaksa"},"image":{"@id":"https:\/\/medaksa.lt\/et\/#\/schema\/logo\/image\/"}}]}},"_links":{"self":[{"href":"https:\/\/medaksa.lt\/et\/wp-json\/wp\/v2\/product\/58354","targetHints":{"allow":["GET"]}}],"collection":[{"href":"https:\/\/medaksa.lt\/et\/wp-json\/wp\/v2\/product"}],"about":[{"href":"https:\/\/medaksa.lt\/et\/wp-json\/wp\/v2\/types\/product"}],"replies":[{"embeddable":true,"href":"https:\/\/medaksa.lt\/et\/wp-json\/wp\/v2\/comments?post=58354"}],"wp:featuredmedia":[{"embeddable":true,"href":"https:\/\/medaksa.lt\/et\/wp-json\/wp\/v2\/media\/58355"}],"wp:attachment":[{"href":"https:\/\/medaksa.lt\/et\/wp-json\/wp\/v2\/media?parent=58354"}],"wp:term":[{"taxonomy":"product_brand","embeddable":true,"href":"https:\/\/medaksa.lt\/et\/wp-json\/wp\/v2\/product_brand?post=58354"},{"taxonomy":"product_cat","embeddable":true,"href":"https:\/\/medaksa.lt\/et\/wp-json\/wp\/v2\/product_cat?post=58354"},{"taxonomy":"product_tag","embeddable":true,"href":"https:\/\/medaksa.lt\/et\/wp-json\/wp\/v2\/product_tag?post=58354"}],"curies":[{"name":"wp","href":"https:\/\/api.w.org\/{rel}","templated":true}]}}