{"id":58302,"date":"2025-01-24T11:23:18","date_gmt":"2025-01-24T08:23:18","guid":{"rendered":"https:\/\/medaksa.lt\/produktas\/brevis\/"},"modified":"2025-01-24T11:23:18","modified_gmt":"2025-01-24T08:23:18","slug":"brevis","status":"publish","type":"product","link":"https:\/\/medaksa.lt\/et\/produktas\/brevis\/","title":{"rendered":"Meditsiiniline naiste kittel BREVIS\u2122"},"content":{"rendered":"<p><strong>Ettetellimine<\/strong>. <strong>P\u00e4rast tellimuse esitamist suunatakse see \u00f5mblust\u00f6\u00f6kotta ja t\u00f6\u00f6 algab. R\u00f5ivad \u00f5mmeldakse Leedus. Tellimuse t\u00e4itmise aeg on 15\u201320 t\u00f6\u00f6p\u00e4eva.<\/strong><\/p>\n<p><p>Valge meditsiiniline ELITE\u2122 kollektsiooni kittel on suurep\u00e4rane mudel k\u00f5igile meditsiini- ja ilut\u00f6\u00f6stuses t\u00f6\u00f6tavatele naistele, kes hindavad klassikalist ja minimalistlikku stiili.<\/p>\n<p>Sobib suurep\u00e4raselt olemasolevate p\u00fckstega <a href=\"https:\/\/medaksa.lt\/et\/produktas\/tamen\/\"><b>TAMEN<\/b><\/a>, <a href=\"https:\/\/medaksa.lt\/et\/produktas\/aura\/\"><b>AURA<\/b><\/a> ja <a href=\"https:\/\/medaksa.lt\/et\/produktas\/ignis\/\"><b>IGNIS<\/b><\/a><\/p>\n<p>Meditsiiniline r\u00f5ivastus on hingav, sobib suurep\u00e4raselt erinevatele naiste figuurit\u00fc\u00fcpidele ning tagab maksimaalse mugavuse pikkade t\u00f6\u00f6tundide jooksul.<\/p>\n<p>Peamised eelised on pikad sirged varrukad, huvitav kaeluse kuju kaelusel ja pikkus, mis liibub ideaalselt figuurile. Figuuri j\u00e4rgiv l\u00f5ige, mis r\u00f5hutab suurep\u00e4raselt k\u00f5iki naisfiguuri eeliseid.<\/p>\n<p>Tootmises kasutatakse kvaliteetseid OEKO-TEX Standard 100 sertifitseeritud kangaid.<\/p>\n","protected":false},"excerpt":{"rendered":"<p>Meditsiiniline naiste kittel<\/p>\n","protected":false},"featured_media":58303,"comment_status":"closed","ping_status":"closed","template":"","meta":{"_acf_changed":false},"product_brand":[],"product_cat":[596,568,551,579],"product_tag":[],"class_list":{"0":"post-58302","1":"product","2":"type-product","3":"status-publish","4":"has-post-thumbnail","6":"product_cat-elite-kitlid-naistele","7":"product_cat-meditsiinilised-kitlid-naistele","8":"product_cat-meditsiinirivad-naistele","9":"product_cat-uus-kollektsioon-naistele","10":"pa_color-balta","11":"pa_size-2xl","12":"pa_size-3xl","13":"pa_size-l","14":"pa_size-m","15":"pa_size-s","16":"pa_size-xl","17":"pa_size-xs","19":"first","20":"instock","21":"taxable","22":"shipping-taxable","23":"purchasable","24":"product-type-variable","25":"has-default-attributes"},"acf":[],"yoast_head":"<!-- This site is optimized with the Yoast SEO plugin v27.4 - https:\/\/yoast.com\/product\/yoast-seo-wordpress\/ -->\n<title>Meditsiiniline naiste kittel BREVIS\u2122 - Medaksa<\/title>\n<meta name=\"robots\" content=\"index, follow, max-snippet:-1, max-image-preview:large, max-video-preview:-1\" \/>\n<link rel=\"canonical\" href=\"https:\/\/medaksa.lt\/et\/produktas\/brevis\/\" \/>\n<meta property=\"og:locale\" content=\"et_EE\" \/>\n<meta property=\"og:type\" content=\"article\" \/>\n<meta property=\"og:title\" content=\"Meditsiiniline naiste kittel BREVIS\u2122 - Medaksa\" \/>\n<meta property=\"og:description\" content=\"Meditsiiniline naiste kittel\" \/>\n<meta property=\"og:url\" content=\"https:\/\/medaksa.lt\/et\/produktas\/brevis\/\" \/>\n<meta property=\"og:site_name\" content=\"Medaksa\" \/>\n<meta property=\"og:image\" content=\"https:\/\/medaksa.lt\/wp-content\/uploads\/2020\/11\/cropped-Medaksa_logo-png-1.webp\" \/>\n\t<meta property=\"og:image:width\" content=\"512\" \/>\n\t<meta property=\"og:image:height\" content=\"512\" \/>\n\t<meta property=\"og:image:type\" content=\"image\/webp\" \/>\n<meta name=\"twitter:card\" content=\"summary_large_image\" \/>\n<meta name=\"twitter:label1\" content=\"Est. reading time\" \/>\n\t<meta name=\"twitter:data1\" content=\"1 minut\" \/>\n<script type=\"application\/ld+json\" class=\"yoast-schema-graph\">{\"@context\":\"https:\\\/\\\/schema.org\",\"@graph\":[{\"@type\":\"WebPage\",\"@id\":\"https:\\\/\\\/medaksa.lt\\\/et\\\/produktas\\\/brevis\\\/\",\"url\":\"https:\\\/\\\/medaksa.lt\\\/et\\\/produktas\\\/brevis\\\/\",\"name\":\"Meditsiiniline naiste kittel BREVIS\u2122 - Medaksa\",\"isPartOf\":{\"@id\":\"https:\\\/\\\/medaksa.lt\\\/et\\\/#website\"},\"primaryImageOfPage\":{\"@id\":\"https:\\\/\\\/medaksa.lt\\\/et\\\/produktas\\\/brevis\\\/#primaryimage\"},\"image\":{\"@id\":\"https:\\\/\\\/medaksa.lt\\\/et\\\/produktas\\\/brevis\\\/#primaryimage\"},\"thumbnailUrl\":\"https:\\\/\\\/medaksa.lt\\\/wp-content\\\/uploads\\\/2024\\\/12\\\/Medaksa-11-2110482.webp\",\"datePublished\":\"2025-01-24T08:23:18+00:00\",\"breadcrumb\":{\"@id\":\"https:\\\/\\\/medaksa.lt\\\/et\\\/produktas\\\/brevis\\\/#breadcrumb\"},\"inLanguage\":\"et\",\"potentialAction\":[{\"@type\":\"ReadAction\",\"target\":[\"https:\\\/\\\/medaksa.lt\\\/et\\\/produktas\\\/brevis\\\/\"]}]},{\"@type\":\"ImageObject\",\"inLanguage\":\"et\",\"@id\":\"https:\\\/\\\/medaksa.lt\\\/et\\\/produktas\\\/brevis\\\/#primaryimage\",\"url\":\"https:\\\/\\\/medaksa.lt\\\/wp-content\\\/uploads\\\/2024\\\/12\\\/Medaksa-11-2110482.webp\",\"contentUrl\":\"https:\\\/\\\/medaksa.lt\\\/wp-content\\\/uploads\\\/2024\\\/12\\\/Medaksa-11-2110482.webp\",\"width\":1024,\"height\":1024,\"caption\":\"Produck\\\/Product photography studio\"},{\"@type\":\"BreadcrumbList\",\"@id\":\"https:\\\/\\\/medaksa.lt\\\/et\\\/produktas\\\/brevis\\\/#breadcrumb\",\"itemListElement\":[{\"@type\":\"ListItem\",\"position\":1,\"name\":\"Home\",\"item\":\"https:\\\/\\\/medaksa.lt\\\/et\\\/medicinine-apranga\\\/\"},{\"@type\":\"ListItem\",\"position\":2,\"name\":\"Parduotuv\u0117\",\"item\":\"https:\\\/\\\/medaksa.lt\\\/et\\\/parduotuve\\\/\"},{\"@type\":\"ListItem\",\"position\":3,\"name\":\"Medicininis moteri\u0161kas chalatas BREVIS\u2122\"}]},{\"@type\":\"WebSite\",\"@id\":\"https:\\\/\\\/medaksa.lt\\\/et\\\/#website\",\"url\":\"https:\\\/\\\/medaksa.lt\\\/et\\\/\",\"name\":\"Medaksa\",\"description\":\"\",\"publisher\":{\"@id\":\"https:\\\/\\\/medaksa.lt\\\/et\\\/#organization\"},\"potentialAction\":[{\"@type\":\"SearchAction\",\"target\":{\"@type\":\"EntryPoint\",\"urlTemplate\":\"https:\\\/\\\/medaksa.lt\\\/et\\\/?s={search_term_string}\"},\"query-input\":{\"@type\":\"PropertyValueSpecification\",\"valueRequired\":true,\"valueName\":\"search_term_string\"}}],\"inLanguage\":\"et\"},{\"@type\":\"Organization\",\"@id\":\"https:\\\/\\\/medaksa.lt\\\/et\\\/#organization\",\"name\":\"Medaksa\",\"url\":\"https:\\\/\\\/medaksa.lt\\\/et\\\/\",\"logo\":{\"@type\":\"ImageObject\",\"inLanguage\":\"et\",\"@id\":\"https:\\\/\\\/medaksa.lt\\\/et\\\/#\\\/schema\\\/logo\\\/image\\\/\",\"url\":\"https:\\\/\\\/medaksa.lt\\\/wp-content\\\/uploads\\\/2020\\\/11\\\/cropped-Medaksa_logo-png-1.png\",\"contentUrl\":\"https:\\\/\\\/medaksa.lt\\\/wp-content\\\/uploads\\\/2020\\\/11\\\/cropped-Medaksa_logo-png-1.png\",\"width\":512,\"height\":512,\"caption\":\"Medaksa\"},\"image\":{\"@id\":\"https:\\\/\\\/medaksa.lt\\\/et\\\/#\\\/schema\\\/logo\\\/image\\\/\"}}]}<\/script>\n<!-- \/ Yoast SEO plugin. -->","yoast_head_json":{"title":"Meditsiiniline naiste kittel BREVIS\u2122 - Medaksa","robots":{"index":"index","follow":"follow","max-snippet":"max-snippet:-1","max-image-preview":"max-image-preview:large","max-video-preview":"max-video-preview:-1"},"canonical":"https:\/\/medaksa.lt\/et\/produktas\/brevis\/","og_locale":"et_EE","og_type":"article","og_title":"Meditsiiniline naiste kittel BREVIS\u2122 - Medaksa","og_description":"Meditsiiniline naiste kittel","og_url":"https:\/\/medaksa.lt\/et\/produktas\/brevis\/","og_site_name":"Medaksa","og_image":[{"width":512,"height":512,"url":"https:\/\/medaksa.lt\/wp-content\/uploads\/2020\/11\/cropped-Medaksa_logo-png-1.webp","type":"image\/webp"}],"twitter_card":"summary_large_image","twitter_misc":{"Est. reading time":"1 minut"},"schema":{"@context":"https:\/\/schema.org","@graph":[{"@type":"WebPage","@id":"https:\/\/medaksa.lt\/et\/produktas\/brevis\/","url":"https:\/\/medaksa.lt\/et\/produktas\/brevis\/","name":"Meditsiiniline naiste kittel BREVIS\u2122 - Medaksa","isPartOf":{"@id":"https:\/\/medaksa.lt\/et\/#website"},"primaryImageOfPage":{"@id":"https:\/\/medaksa.lt\/et\/produktas\/brevis\/#primaryimage"},"image":{"@id":"https:\/\/medaksa.lt\/et\/produktas\/brevis\/#primaryimage"},"thumbnailUrl":"https:\/\/medaksa.lt\/wp-content\/uploads\/2024\/12\/Medaksa-11-2110482.webp","datePublished":"2025-01-24T08:23:18+00:00","breadcrumb":{"@id":"https:\/\/medaksa.lt\/et\/produktas\/brevis\/#breadcrumb"},"inLanguage":"et","potentialAction":[{"@type":"ReadAction","target":["https:\/\/medaksa.lt\/et\/produktas\/brevis\/"]}]},{"@type":"ImageObject","inLanguage":"et","@id":"https:\/\/medaksa.lt\/et\/produktas\/brevis\/#primaryimage","url":"https:\/\/medaksa.lt\/wp-content\/uploads\/2024\/12\/Medaksa-11-2110482.webp","contentUrl":"https:\/\/medaksa.lt\/wp-content\/uploads\/2024\/12\/Medaksa-11-2110482.webp","width":1024,"height":1024,"caption":"Produck\/Product photography studio"},{"@type":"BreadcrumbList","@id":"https:\/\/medaksa.lt\/et\/produktas\/brevis\/#breadcrumb","itemListElement":[{"@type":"ListItem","position":1,"name":"Home","item":"https:\/\/medaksa.lt\/et\/medicinine-apranga\/"},{"@type":"ListItem","position":2,"name":"Parduotuv\u0117","item":"https:\/\/medaksa.lt\/et\/parduotuve\/"},{"@type":"ListItem","position":3,"name":"Medicininis moteri\u0161kas chalatas BREVIS\u2122"}]},{"@type":"WebSite","@id":"https:\/\/medaksa.lt\/et\/#website","url":"https:\/\/medaksa.lt\/et\/","name":"Medaksa","description":"","publisher":{"@id":"https:\/\/medaksa.lt\/et\/#organization"},"potentialAction":[{"@type":"SearchAction","target":{"@type":"EntryPoint","urlTemplate":"https:\/\/medaksa.lt\/et\/?s={search_term_string}"},"query-input":{"@type":"PropertyValueSpecification","valueRequired":true,"valueName":"search_term_string"}}],"inLanguage":"et"},{"@type":"Organization","@id":"https:\/\/medaksa.lt\/et\/#organization","name":"Medaksa","url":"https:\/\/medaksa.lt\/et\/","logo":{"@type":"ImageObject","inLanguage":"et","@id":"https:\/\/medaksa.lt\/et\/#\/schema\/logo\/image\/","url":"https:\/\/medaksa.lt\/wp-content\/uploads\/2020\/11\/cropped-Medaksa_logo-png-1.png","contentUrl":"https:\/\/medaksa.lt\/wp-content\/uploads\/2020\/11\/cropped-Medaksa_logo-png-1.png","width":512,"height":512,"caption":"Medaksa"},"image":{"@id":"https:\/\/medaksa.lt\/et\/#\/schema\/logo\/image\/"}}]}},"_links":{"self":[{"href":"https:\/\/medaksa.lt\/et\/wp-json\/wp\/v2\/product\/58302","targetHints":{"allow":["GET"]}}],"collection":[{"href":"https:\/\/medaksa.lt\/et\/wp-json\/wp\/v2\/product"}],"about":[{"href":"https:\/\/medaksa.lt\/et\/wp-json\/wp\/v2\/types\/product"}],"replies":[{"embeddable":true,"href":"https:\/\/medaksa.lt\/et\/wp-json\/wp\/v2\/comments?post=58302"}],"wp:featuredmedia":[{"embeddable":true,"href":"https:\/\/medaksa.lt\/et\/wp-json\/wp\/v2\/media\/58303"}],"wp:attachment":[{"href":"https:\/\/medaksa.lt\/et\/wp-json\/wp\/v2\/media?parent=58302"}],"wp:term":[{"taxonomy":"product_brand","embeddable":true,"href":"https:\/\/medaksa.lt\/et\/wp-json\/wp\/v2\/product_brand?post=58302"},{"taxonomy":"product_cat","embeddable":true,"href":"https:\/\/medaksa.lt\/et\/wp-json\/wp\/v2\/product_cat?post=58302"},{"taxonomy":"product_tag","embeddable":true,"href":"https:\/\/medaksa.lt\/et\/wp-json\/wp\/v2\/product_tag?post=58302"}],"curies":[{"name":"wp","href":"https:\/\/api.w.org\/{rel}","templated":true}]}}