{"id":57975,"date":"2024-12-11T00:04:57","date_gmt":"2024-12-10T21:04:57","guid":{"rendered":"https:\/\/medaksa.lt\/produktas\/ignis\/"},"modified":"2024-12-11T00:04:57","modified_gmt":"2024-12-10T21:04:57","slug":"ignis","status":"publish","type":"product","link":"https:\/\/medaksa.lt\/et\/produktas\/ignis\/","title":{"rendered":"NAISTE MEDITSIINILISED P\u00dcKSID IGNIS\u2122"},"content":{"rendered":"<p><b>Ettetellimine \u2013 p\u00e4rast tellimuse esitamist suunatakse see \u00f5mblust\u00f6\u00f6kotta ja t\u00f6\u00f6 algab. R\u00f5ivad \u00f5mmeldakse Leedus. Tellimuse t\u00e4itmise aeg on 15\u201320 t\u00f6\u00f6p\u00e4eva.<\/b><\/p>\n<p>Stiilsed ja elegantsed laia l\u00f5ikega (wide leg) meditsiinilised p\u00fcksid.<\/p>\n<p><strong>UUDIS<\/strong>! Valige p\u00fckste pikkus oma pikkuse kategooriale! Sobivad suurep\u00e4raselt olemasolevate pluusidega <a href=\"https:\/\/medaksa.lt\/et\/produktas\/supra\/\"><b>SUPRA<\/b><\/a>, <a href=\"https:\/\/medaksa.lt\/et\/produktas\/tendo\/\"><b>TENDO<\/b><\/a>, <a href=\"https:\/\/medaksa.lt\/et\/produktas\/amare\/\"><b>AMARE<\/b><\/a> ja <a href=\"https:\/\/medaksa.lt\/et\/produktas\/terra\/\"><b>TERRA<\/b><\/a>.<\/p>\n<ul>\n<li>Kaks taskut reitel hoiavad Teie esemed alati k\u00e4ep\u00e4rast.<\/li>\n<li>K\u00f5rge v\u00f6\u00f6koht ning paeltega reguleeritav v\u00f6\u00f6 \u2013 just see, mida vajate palju liikudes ja pikki tunde t\u00f6\u00f6l veetes.<\/li>\n<li>Tootmises kasutatakse kvaliteetseid OEKO-TEX Standard 100 sertifitseeritud kangaid.<\/li>\n<\/ul>\n","protected":false},"excerpt":{"rendered":"<p>Laia l\u00f5ikega meditsiinilised p\u00fcksid<\/p>\n","protected":false},"featured_media":57976,"comment_status":"closed","ping_status":"closed","template":"","meta":{"_acf_changed":false},"product_brand":[],"product_cat":[67,69,38,22,97],"product_tag":[],"class_list":{"0":"post-57975","1":"product","2":"type-product","3":"status-publish","4":"has-post-thumbnail","6":"product_cat-klasikines-kelnes-moterims","7":"product_cat-kelnes-aukstu-liemeniu-moterims","8":"product_cat-medicinine-apranga-moterims","9":"product_cat-medicinines-kelnes","10":"product_cat-nauja-kolekcija","11":"pa_color-betonas","12":"pa_color-latte","13":"pa_color-oniksas","14":"pa_color-dangus","15":"pa_color-rasalai","16":"pa_color-balta","17":"pa_size-2xl","18":"pa_size-3xl","19":"pa_size-l","20":"pa_size-m","21":"pa_size-s","22":"pa_size-xl","23":"pa_size-xs","25":"first","26":"instock","27":"taxable","28":"shipping-taxable","29":"purchasable","30":"product-type-variable"},"acf":[],"yoast_head":"<!-- This site is optimized with the Yoast SEO plugin v27.4 - https:\/\/yoast.com\/product\/yoast-seo-wordpress\/ -->\n<title>NAISTE MEDITSIINILISED P\u00dcKSID IGNIS\u2122 - Medaksa<\/title>\n<meta name=\"robots\" content=\"index, follow, max-snippet:-1, max-image-preview:large, max-video-preview:-1\" \/>\n<link rel=\"canonical\" href=\"https:\/\/medaksa.lt\/et\/produktas\/ignis\/\" \/>\n<meta property=\"og:locale\" content=\"et_EE\" \/>\n<meta property=\"og:type\" content=\"article\" \/>\n<meta property=\"og:title\" content=\"NAISTE MEDITSIINILISED P\u00dcKSID IGNIS\u2122 - Medaksa\" \/>\n<meta property=\"og:description\" content=\"Laia l\u00f5ikega meditsiinilised p\u00fcksid\" \/>\n<meta property=\"og:url\" content=\"https:\/\/medaksa.lt\/et\/produktas\/ignis\/\" \/>\n<meta property=\"og:site_name\" content=\"Medaksa\" \/>\n<meta property=\"og:image\" content=\"https:\/\/medaksa.lt\/wp-content\/uploads\/2020\/11\/cropped-Medaksa_logo-png-1.webp\" \/>\n\t<meta property=\"og:image:width\" content=\"512\" \/>\n\t<meta property=\"og:image:height\" content=\"512\" \/>\n\t<meta property=\"og:image:type\" content=\"image\/webp\" \/>\n<meta name=\"twitter:card\" content=\"summary_large_image\" \/>\n<script type=\"application\/ld+json\" class=\"yoast-schema-graph\">{\"@context\":\"https:\\\/\\\/schema.org\",\"@graph\":[{\"@type\":\"WebPage\",\"@id\":\"https:\\\/\\\/medaksa.lt\\\/et\\\/produktas\\\/ignis\\\/\",\"url\":\"https:\\\/\\\/medaksa.lt\\\/et\\\/produktas\\\/ignis\\\/\",\"name\":\"NAISTE MEDITSIINILISED P\u00dcKSID IGNIS\u2122 - Medaksa\",\"isPartOf\":{\"@id\":\"https:\\\/\\\/medaksa.lt\\\/et\\\/#website\"},\"primaryImageOfPage\":{\"@id\":\"https:\\\/\\\/medaksa.lt\\\/et\\\/produktas\\\/ignis\\\/#primaryimage\"},\"image\":{\"@id\":\"https:\\\/\\\/medaksa.lt\\\/et\\\/produktas\\\/ignis\\\/#primaryimage\"},\"thumbnailUrl\":\"https:\\\/\\\/medaksa.lt\\\/wp-content\\\/uploads\\\/2024\\\/12\\\/Medaksa-11-2110338.webp\",\"datePublished\":\"2024-12-10T21:04:57+00:00\",\"breadcrumb\":{\"@id\":\"https:\\\/\\\/medaksa.lt\\\/et\\\/produktas\\\/ignis\\\/#breadcrumb\"},\"inLanguage\":\"et\",\"potentialAction\":[{\"@type\":\"ReadAction\",\"target\":[\"https:\\\/\\\/medaksa.lt\\\/et\\\/produktas\\\/ignis\\\/\"]}]},{\"@type\":\"ImageObject\",\"inLanguage\":\"et\",\"@id\":\"https:\\\/\\\/medaksa.lt\\\/et\\\/produktas\\\/ignis\\\/#primaryimage\",\"url\":\"https:\\\/\\\/medaksa.lt\\\/wp-content\\\/uploads\\\/2024\\\/12\\\/Medaksa-11-2110338.webp\",\"contentUrl\":\"https:\\\/\\\/medaksa.lt\\\/wp-content\\\/uploads\\\/2024\\\/12\\\/Medaksa-11-2110338.webp\",\"width\":1024,\"height\":1024,\"caption\":\"Produck\\\/Product photography studio\"},{\"@type\":\"BreadcrumbList\",\"@id\":\"https:\\\/\\\/medaksa.lt\\\/et\\\/produktas\\\/ignis\\\/#breadcrumb\",\"itemListElement\":[{\"@type\":\"ListItem\",\"position\":1,\"name\":\"Home\",\"item\":\"https:\\\/\\\/medaksa.lt\\\/et\\\/medicinine-apranga\\\/\"},{\"@type\":\"ListItem\",\"position\":2,\"name\":\"Parduotuv\u0117\",\"item\":\"https:\\\/\\\/medaksa.lt\\\/et\\\/parduotuve\\\/\"},{\"@type\":\"ListItem\",\"position\":3,\"name\":\"MOTERI\u0160KOS MEDICININ\u0116S KELN\u0116S IGNIS\u2122\"}]},{\"@type\":\"WebSite\",\"@id\":\"https:\\\/\\\/medaksa.lt\\\/et\\\/#website\",\"url\":\"https:\\\/\\\/medaksa.lt\\\/et\\\/\",\"name\":\"Medaksa\",\"description\":\"\",\"publisher\":{\"@id\":\"https:\\\/\\\/medaksa.lt\\\/et\\\/#organization\"},\"potentialAction\":[{\"@type\":\"SearchAction\",\"target\":{\"@type\":\"EntryPoint\",\"urlTemplate\":\"https:\\\/\\\/medaksa.lt\\\/et\\\/?s={search_term_string}\"},\"query-input\":{\"@type\":\"PropertyValueSpecification\",\"valueRequired\":true,\"valueName\":\"search_term_string\"}}],\"inLanguage\":\"et\"},{\"@type\":\"Organization\",\"@id\":\"https:\\\/\\\/medaksa.lt\\\/et\\\/#organization\",\"name\":\"Medaksa\",\"url\":\"https:\\\/\\\/medaksa.lt\\\/et\\\/\",\"logo\":{\"@type\":\"ImageObject\",\"inLanguage\":\"et\",\"@id\":\"https:\\\/\\\/medaksa.lt\\\/et\\\/#\\\/schema\\\/logo\\\/image\\\/\",\"url\":\"https:\\\/\\\/medaksa.lt\\\/wp-content\\\/uploads\\\/2020\\\/11\\\/cropped-Medaksa_logo-png-1.png\",\"contentUrl\":\"https:\\\/\\\/medaksa.lt\\\/wp-content\\\/uploads\\\/2020\\\/11\\\/cropped-Medaksa_logo-png-1.png\",\"width\":512,\"height\":512,\"caption\":\"Medaksa\"},\"image\":{\"@id\":\"https:\\\/\\\/medaksa.lt\\\/et\\\/#\\\/schema\\\/logo\\\/image\\\/\"}}]}<\/script>\n<!-- \/ Yoast SEO plugin. -->","yoast_head_json":{"title":"NAISTE MEDITSIINILISED P\u00dcKSID IGNIS\u2122 - Medaksa","robots":{"index":"index","follow":"follow","max-snippet":"max-snippet:-1","max-image-preview":"max-image-preview:large","max-video-preview":"max-video-preview:-1"},"canonical":"https:\/\/medaksa.lt\/et\/produktas\/ignis\/","og_locale":"et_EE","og_type":"article","og_title":"NAISTE MEDITSIINILISED P\u00dcKSID IGNIS\u2122 - Medaksa","og_description":"Laia l\u00f5ikega meditsiinilised p\u00fcksid","og_url":"https:\/\/medaksa.lt\/et\/produktas\/ignis\/","og_site_name":"Medaksa","og_image":[{"width":512,"height":512,"url":"https:\/\/medaksa.lt\/wp-content\/uploads\/2020\/11\/cropped-Medaksa_logo-png-1.webp","type":"image\/webp"}],"twitter_card":"summary_large_image","schema":{"@context":"https:\/\/schema.org","@graph":[{"@type":"WebPage","@id":"https:\/\/medaksa.lt\/et\/produktas\/ignis\/","url":"https:\/\/medaksa.lt\/et\/produktas\/ignis\/","name":"NAISTE MEDITSIINILISED P\u00dcKSID IGNIS\u2122 - Medaksa","isPartOf":{"@id":"https:\/\/medaksa.lt\/et\/#website"},"primaryImageOfPage":{"@id":"https:\/\/medaksa.lt\/et\/produktas\/ignis\/#primaryimage"},"image":{"@id":"https:\/\/medaksa.lt\/et\/produktas\/ignis\/#primaryimage"},"thumbnailUrl":"https:\/\/medaksa.lt\/wp-content\/uploads\/2024\/12\/Medaksa-11-2110338.webp","datePublished":"2024-12-10T21:04:57+00:00","breadcrumb":{"@id":"https:\/\/medaksa.lt\/et\/produktas\/ignis\/#breadcrumb"},"inLanguage":"et","potentialAction":[{"@type":"ReadAction","target":["https:\/\/medaksa.lt\/et\/produktas\/ignis\/"]}]},{"@type":"ImageObject","inLanguage":"et","@id":"https:\/\/medaksa.lt\/et\/produktas\/ignis\/#primaryimage","url":"https:\/\/medaksa.lt\/wp-content\/uploads\/2024\/12\/Medaksa-11-2110338.webp","contentUrl":"https:\/\/medaksa.lt\/wp-content\/uploads\/2024\/12\/Medaksa-11-2110338.webp","width":1024,"height":1024,"caption":"Produck\/Product photography studio"},{"@type":"BreadcrumbList","@id":"https:\/\/medaksa.lt\/et\/produktas\/ignis\/#breadcrumb","itemListElement":[{"@type":"ListItem","position":1,"name":"Home","item":"https:\/\/medaksa.lt\/et\/medicinine-apranga\/"},{"@type":"ListItem","position":2,"name":"Parduotuv\u0117","item":"https:\/\/medaksa.lt\/et\/parduotuve\/"},{"@type":"ListItem","position":3,"name":"MOTERI\u0160KOS MEDICININ\u0116S KELN\u0116S IGNIS\u2122"}]},{"@type":"WebSite","@id":"https:\/\/medaksa.lt\/et\/#website","url":"https:\/\/medaksa.lt\/et\/","name":"Medaksa","description":"","publisher":{"@id":"https:\/\/medaksa.lt\/et\/#organization"},"potentialAction":[{"@type":"SearchAction","target":{"@type":"EntryPoint","urlTemplate":"https:\/\/medaksa.lt\/et\/?s={search_term_string}"},"query-input":{"@type":"PropertyValueSpecification","valueRequired":true,"valueName":"search_term_string"}}],"inLanguage":"et"},{"@type":"Organization","@id":"https:\/\/medaksa.lt\/et\/#organization","name":"Medaksa","url":"https:\/\/medaksa.lt\/et\/","logo":{"@type":"ImageObject","inLanguage":"et","@id":"https:\/\/medaksa.lt\/et\/#\/schema\/logo\/image\/","url":"https:\/\/medaksa.lt\/wp-content\/uploads\/2020\/11\/cropped-Medaksa_logo-png-1.png","contentUrl":"https:\/\/medaksa.lt\/wp-content\/uploads\/2020\/11\/cropped-Medaksa_logo-png-1.png","width":512,"height":512,"caption":"Medaksa"},"image":{"@id":"https:\/\/medaksa.lt\/et\/#\/schema\/logo\/image\/"}}]}},"_links":{"self":[{"href":"https:\/\/medaksa.lt\/et\/wp-json\/wp\/v2\/product\/57975","targetHints":{"allow":["GET"]}}],"collection":[{"href":"https:\/\/medaksa.lt\/et\/wp-json\/wp\/v2\/product"}],"about":[{"href":"https:\/\/medaksa.lt\/et\/wp-json\/wp\/v2\/types\/product"}],"replies":[{"embeddable":true,"href":"https:\/\/medaksa.lt\/et\/wp-json\/wp\/v2\/comments?post=57975"}],"wp:featuredmedia":[{"embeddable":true,"href":"https:\/\/medaksa.lt\/et\/wp-json\/wp\/v2\/media\/57976"}],"wp:attachment":[{"href":"https:\/\/medaksa.lt\/et\/wp-json\/wp\/v2\/media?parent=57975"}],"wp:term":[{"taxonomy":"product_brand","embeddable":true,"href":"https:\/\/medaksa.lt\/et\/wp-json\/wp\/v2\/product_brand?post=57975"},{"taxonomy":"product_cat","embeddable":true,"href":"https:\/\/medaksa.lt\/et\/wp-json\/wp\/v2\/product_cat?post=57975"},{"taxonomy":"product_tag","embeddable":true,"href":"https:\/\/medaksa.lt\/et\/wp-json\/wp\/v2\/product_tag?post=57975"}],"curies":[{"name":"wp","href":"https:\/\/api.w.org\/{rel}","templated":true}]}}