{"id":56526,"date":"2021-05-25T21:02:55","date_gmt":"2021-05-25T18:02:55","guid":{"rendered":"https:\/\/medaksa.lt\/produktas\/fizine-dovanu-kortele\/"},"modified":"2021-05-25T21:02:55","modified_gmt":"2021-05-25T18:02:55","slug":"fizine-dovanu-kortele","status":"publish","type":"product","link":"https:\/\/medaksa.lt\/et\/produktas\/fizine-dovanu-kortele\/","title":{"rendered":"F\u00fc\u00fcsiline Kinkekaart"},"content":{"rendered":"<p><strong>F\u00fc\u00fcsiline kinkekaart saadetakse tasuta Teie tellimuses m\u00e4rgitud aadressile 2\u20134 t\u00f6\u00f6p\u00e4eva jooksul.<\/strong><\/p>\n<p>Kaardi \u00fchel k\u00fcljel on m\u00e4rgitud unikaalne sooduskood, mida saab kasutada kuni Teile m\u00e4\u00e4ratud summa t\u00e4ieliku \u00e4rakasutamiseni (st kui kaardi v\u00e4\u00e4rtus on 200 EUR, kuid Te ei soovi kogu summat korraga kasutada, j\u00e4\u00e4b \u00fclej\u00e4\u00e4nud summa p\u00e4rast esimest tellimust Teie saldole ning saate seda kasutada j\u00e4rgmisel korral).<\/p>\n<p>Kinkekaardi koodi kasutage maksesammul, sinises lahtris \u201eSooduskood\u201c.<\/p>\n","protected":false},"excerpt":{"rendered":"<p>F\u00fc\u00fcsiline kinkekupong meditsiinilise r\u00f5ivastuse ostmiseks<\/p>\n","protected":false},"featured_media":56527,"comment_status":"closed","ping_status":"closed","template":"","meta":{"_acf_changed":false},"product_brand":[],"product_cat":[553],"product_tag":[],"class_list":{"0":"post-56526","1":"product","2":"type-product","3":"status-publish","4":"has-post-thumbnail","6":"product_cat-kinkekaardid","7":"pa_kupono-verte-57","8":"pa_kupono-verte-58","9":"pa_kupono-verte-59","10":"pa_kupono-verte-30-en","11":"pa_kupono-verte-55","12":"pa_kupono-verte-56","14":"first","15":"instock","16":"sold-individually","17":"taxable","18":"shipping-taxable","19":"purchasable","20":"product-type-variable"},"acf":[],"yoast_head":"<!-- This site is optimized with the Yoast SEO plugin v27.4 - https:\/\/yoast.com\/product\/yoast-seo-wordpress\/ -->\n<title>F\u00fc\u00fcsiline Kinkekaart - Medaksa<\/title>\n<meta name=\"robots\" content=\"index, follow, max-snippet:-1, max-image-preview:large, max-video-preview:-1\" \/>\n<link rel=\"canonical\" href=\"https:\/\/medaksa.lt\/et\/produktas\/fizine-dovanu-kortele\/\" \/>\n<meta property=\"og:locale\" content=\"et_EE\" \/>\n<meta property=\"og:type\" content=\"article\" \/>\n<meta property=\"og:title\" content=\"F\u00fc\u00fcsiline Kinkekaart - Medaksa\" \/>\n<meta property=\"og:description\" content=\"F\u00fc\u00fcsiline kinkekupong meditsiinilise r\u00f5ivastuse ostmiseks\" \/>\n<meta property=\"og:url\" content=\"https:\/\/medaksa.lt\/et\/produktas\/fizine-dovanu-kortele\/\" \/>\n<meta property=\"og:site_name\" content=\"Medaksa\" \/>\n<meta property=\"og:image\" content=\"https:\/\/medaksa.lt\/wp-content\/uploads\/2020\/11\/cropped-Medaksa_logo-png-1.webp\" \/>\n\t<meta property=\"og:image:width\" content=\"512\" \/>\n\t<meta property=\"og:image:height\" content=\"512\" \/>\n\t<meta property=\"og:image:type\" content=\"image\/webp\" \/>\n<meta name=\"twitter:card\" content=\"summary_large_image\" \/>\n<script type=\"application\/ld+json\" class=\"yoast-schema-graph\">{\"@context\":\"https:\\\/\\\/schema.org\",\"@graph\":[{\"@type\":\"WebPage\",\"@id\":\"https:\\\/\\\/medaksa.lt\\\/et\\\/produktas\\\/fizine-dovanu-kortele\\\/\",\"url\":\"https:\\\/\\\/medaksa.lt\\\/et\\\/produktas\\\/fizine-dovanu-kortele\\\/\",\"name\":\"F\u00fc\u00fcsiline Kinkekaart - Medaksa\",\"isPartOf\":{\"@id\":\"https:\\\/\\\/medaksa.lt\\\/et\\\/#website\"},\"primaryImageOfPage\":{\"@id\":\"https:\\\/\\\/medaksa.lt\\\/et\\\/produktas\\\/fizine-dovanu-kortele\\\/#primaryimage\"},\"image\":{\"@id\":\"https:\\\/\\\/medaksa.lt\\\/et\\\/produktas\\\/fizine-dovanu-kortele\\\/#primaryimage\"},\"thumbnailUrl\":\"https:\\\/\\\/medaksa.lt\\\/wp-content\\\/uploads\\\/2021\\\/05\\\/kuponas-web2-scaled.webp\",\"datePublished\":\"2021-05-25T18:02:55+00:00\",\"breadcrumb\":{\"@id\":\"https:\\\/\\\/medaksa.lt\\\/et\\\/produktas\\\/fizine-dovanu-kortele\\\/#breadcrumb\"},\"inLanguage\":\"et\",\"potentialAction\":[{\"@type\":\"ReadAction\",\"target\":[\"https:\\\/\\\/medaksa.lt\\\/et\\\/produktas\\\/fizine-dovanu-kortele\\\/\"]}]},{\"@type\":\"ImageObject\",\"inLanguage\":\"et\",\"@id\":\"https:\\\/\\\/medaksa.lt\\\/et\\\/produktas\\\/fizine-dovanu-kortele\\\/#primaryimage\",\"url\":\"https:\\\/\\\/medaksa.lt\\\/wp-content\\\/uploads\\\/2021\\\/05\\\/kuponas-web2-scaled.webp\",\"contentUrl\":\"https:\\\/\\\/medaksa.lt\\\/wp-content\\\/uploads\\\/2021\\\/05\\\/kuponas-web2-scaled.webp\",\"width\":2560,\"height\":2560},{\"@type\":\"BreadcrumbList\",\"@id\":\"https:\\\/\\\/medaksa.lt\\\/et\\\/produktas\\\/fizine-dovanu-kortele\\\/#breadcrumb\",\"itemListElement\":[{\"@type\":\"ListItem\",\"position\":1,\"name\":\"Home\",\"item\":\"https:\\\/\\\/medaksa.lt\\\/et\\\/medicinine-apranga\\\/\"},{\"@type\":\"ListItem\",\"position\":2,\"name\":\"Parduotuv\u0117\",\"item\":\"https:\\\/\\\/medaksa.lt\\\/et\\\/parduotuve\\\/\"},{\"@type\":\"ListItem\",\"position\":3,\"name\":\"Fizin\u0117 Dovan\u0173 Kortel\u0117\"}]},{\"@type\":\"WebSite\",\"@id\":\"https:\\\/\\\/medaksa.lt\\\/et\\\/#website\",\"url\":\"https:\\\/\\\/medaksa.lt\\\/et\\\/\",\"name\":\"Medaksa\",\"description\":\"\",\"publisher\":{\"@id\":\"https:\\\/\\\/medaksa.lt\\\/et\\\/#organization\"},\"potentialAction\":[{\"@type\":\"SearchAction\",\"target\":{\"@type\":\"EntryPoint\",\"urlTemplate\":\"https:\\\/\\\/medaksa.lt\\\/et\\\/?s={search_term_string}\"},\"query-input\":{\"@type\":\"PropertyValueSpecification\",\"valueRequired\":true,\"valueName\":\"search_term_string\"}}],\"inLanguage\":\"et\"},{\"@type\":\"Organization\",\"@id\":\"https:\\\/\\\/medaksa.lt\\\/et\\\/#organization\",\"name\":\"Medaksa\",\"url\":\"https:\\\/\\\/medaksa.lt\\\/et\\\/\",\"logo\":{\"@type\":\"ImageObject\",\"inLanguage\":\"et\",\"@id\":\"https:\\\/\\\/medaksa.lt\\\/et\\\/#\\\/schema\\\/logo\\\/image\\\/\",\"url\":\"https:\\\/\\\/medaksa.lt\\\/wp-content\\\/uploads\\\/2020\\\/11\\\/cropped-Medaksa_logo-png-1.png\",\"contentUrl\":\"https:\\\/\\\/medaksa.lt\\\/wp-content\\\/uploads\\\/2020\\\/11\\\/cropped-Medaksa_logo-png-1.png\",\"width\":512,\"height\":512,\"caption\":\"Medaksa\"},\"image\":{\"@id\":\"https:\\\/\\\/medaksa.lt\\\/et\\\/#\\\/schema\\\/logo\\\/image\\\/\"}}]}<\/script>\n<!-- \/ Yoast SEO plugin. -->","yoast_head_json":{"title":"F\u00fc\u00fcsiline Kinkekaart - Medaksa","robots":{"index":"index","follow":"follow","max-snippet":"max-snippet:-1","max-image-preview":"max-image-preview:large","max-video-preview":"max-video-preview:-1"},"canonical":"https:\/\/medaksa.lt\/et\/produktas\/fizine-dovanu-kortele\/","og_locale":"et_EE","og_type":"article","og_title":"F\u00fc\u00fcsiline Kinkekaart - Medaksa","og_description":"F\u00fc\u00fcsiline kinkekupong meditsiinilise r\u00f5ivastuse ostmiseks","og_url":"https:\/\/medaksa.lt\/et\/produktas\/fizine-dovanu-kortele\/","og_site_name":"Medaksa","og_image":[{"width":512,"height":512,"url":"https:\/\/medaksa.lt\/wp-content\/uploads\/2020\/11\/cropped-Medaksa_logo-png-1.webp","type":"image\/webp"}],"twitter_card":"summary_large_image","schema":{"@context":"https:\/\/schema.org","@graph":[{"@type":"WebPage","@id":"https:\/\/medaksa.lt\/et\/produktas\/fizine-dovanu-kortele\/","url":"https:\/\/medaksa.lt\/et\/produktas\/fizine-dovanu-kortele\/","name":"F\u00fc\u00fcsiline Kinkekaart - Medaksa","isPartOf":{"@id":"https:\/\/medaksa.lt\/et\/#website"},"primaryImageOfPage":{"@id":"https:\/\/medaksa.lt\/et\/produktas\/fizine-dovanu-kortele\/#primaryimage"},"image":{"@id":"https:\/\/medaksa.lt\/et\/produktas\/fizine-dovanu-kortele\/#primaryimage"},"thumbnailUrl":"https:\/\/medaksa.lt\/wp-content\/uploads\/2021\/05\/kuponas-web2-scaled.webp","datePublished":"2021-05-25T18:02:55+00:00","breadcrumb":{"@id":"https:\/\/medaksa.lt\/et\/produktas\/fizine-dovanu-kortele\/#breadcrumb"},"inLanguage":"et","potentialAction":[{"@type":"ReadAction","target":["https:\/\/medaksa.lt\/et\/produktas\/fizine-dovanu-kortele\/"]}]},{"@type":"ImageObject","inLanguage":"et","@id":"https:\/\/medaksa.lt\/et\/produktas\/fizine-dovanu-kortele\/#primaryimage","url":"https:\/\/medaksa.lt\/wp-content\/uploads\/2021\/05\/kuponas-web2-scaled.webp","contentUrl":"https:\/\/medaksa.lt\/wp-content\/uploads\/2021\/05\/kuponas-web2-scaled.webp","width":2560,"height":2560},{"@type":"BreadcrumbList","@id":"https:\/\/medaksa.lt\/et\/produktas\/fizine-dovanu-kortele\/#breadcrumb","itemListElement":[{"@type":"ListItem","position":1,"name":"Home","item":"https:\/\/medaksa.lt\/et\/medicinine-apranga\/"},{"@type":"ListItem","position":2,"name":"Parduotuv\u0117","item":"https:\/\/medaksa.lt\/et\/parduotuve\/"},{"@type":"ListItem","position":3,"name":"Fizin\u0117 Dovan\u0173 Kortel\u0117"}]},{"@type":"WebSite","@id":"https:\/\/medaksa.lt\/et\/#website","url":"https:\/\/medaksa.lt\/et\/","name":"Medaksa","description":"","publisher":{"@id":"https:\/\/medaksa.lt\/et\/#organization"},"potentialAction":[{"@type":"SearchAction","target":{"@type":"EntryPoint","urlTemplate":"https:\/\/medaksa.lt\/et\/?s={search_term_string}"},"query-input":{"@type":"PropertyValueSpecification","valueRequired":true,"valueName":"search_term_string"}}],"inLanguage":"et"},{"@type":"Organization","@id":"https:\/\/medaksa.lt\/et\/#organization","name":"Medaksa","url":"https:\/\/medaksa.lt\/et\/","logo":{"@type":"ImageObject","inLanguage":"et","@id":"https:\/\/medaksa.lt\/et\/#\/schema\/logo\/image\/","url":"https:\/\/medaksa.lt\/wp-content\/uploads\/2020\/11\/cropped-Medaksa_logo-png-1.png","contentUrl":"https:\/\/medaksa.lt\/wp-content\/uploads\/2020\/11\/cropped-Medaksa_logo-png-1.png","width":512,"height":512,"caption":"Medaksa"},"image":{"@id":"https:\/\/medaksa.lt\/et\/#\/schema\/logo\/image\/"}}]}},"_links":{"self":[{"href":"https:\/\/medaksa.lt\/et\/wp-json\/wp\/v2\/product\/56526","targetHints":{"allow":["GET"]}}],"collection":[{"href":"https:\/\/medaksa.lt\/et\/wp-json\/wp\/v2\/product"}],"about":[{"href":"https:\/\/medaksa.lt\/et\/wp-json\/wp\/v2\/types\/product"}],"replies":[{"embeddable":true,"href":"https:\/\/medaksa.lt\/et\/wp-json\/wp\/v2\/comments?post=56526"}],"wp:featuredmedia":[{"embeddable":true,"href":"https:\/\/medaksa.lt\/et\/wp-json\/wp\/v2\/media\/56527"}],"wp:attachment":[{"href":"https:\/\/medaksa.lt\/et\/wp-json\/wp\/v2\/media?parent=56526"}],"wp:term":[{"taxonomy":"product_brand","embeddable":true,"href":"https:\/\/medaksa.lt\/et\/wp-json\/wp\/v2\/product_brand?post=56526"},{"taxonomy":"product_cat","embeddable":true,"href":"https:\/\/medaksa.lt\/et\/wp-json\/wp\/v2\/product_cat?post=56526"},{"taxonomy":"product_tag","embeddable":true,"href":"https:\/\/medaksa.lt\/et\/wp-json\/wp\/v2\/product_tag?post=56526"}],"curies":[{"name":"wp","href":"https:\/\/api.w.org\/{rel}","templated":true}]}}