{"id":56461,"date":"2020-11-05T05:44:18","date_gmt":"2020-11-05T02:44:18","guid":{"rendered":"https:\/\/medaksa.lt\/prekiu-pirkimas-ir-pristatymas\/"},"modified":"2020-11-05T05:44:18","modified_gmt":"2020-11-05T02:44:18","slug":"ostmine-kohaletoimetamine","status":"publish","type":"page","link":"https:\/\/medaksa.lt\/et\/ostmine-kohaletoimetamine\/","title":{"rendered":"Ostmine ja kohaletoimetamine"},"content":{"rendered":"\n<ul class=\"wp-block-list\">\n<li><em><em>Medaksa.lt e-pood saadab k\u00f5ik veebilehel olevad tooted 15-20 t\u00f6\u00f6p\u00e4eva jooksul. <\/em>P\u00e4rast tellimuse esitamist antakse see \u00fcle \u00f5mblust\u00f6\u00f6kotta ja hakatakse t\u00e4itma. R\u00f5ivaid \u00f5mmeldakse Leedus.<\/em><\/li>\n\n\n\n<li><em>K\u00f5ikidele e-poe kaudu esitatud tellimustele v\u00e4ljastatakse elektroonilised k\u00e4ibemaksuarved.<\/em><\/li>\n\n\n\n<li>L\u00e4himad pakiautomaadid:&nbsp;<a href=\"https:\/\/www.omniva.lt\/privatus\/pastomatu_adresai\">VAJUTA SIIA<\/a><\/li>\n\n\n\n<li>Hind: Kohaletoimetamine on tasuta kogu Leedus.<\/li>\n\n\n\n<li>Kohaletoimetamise aeg 15-20 t\u00f6\u00f6p\u00e4eva;<\/li>\n\n\n\n<li>Saadetisi saab k\u00e4tte v\u00f5tta igal ajal \u00f6\u00f6p\u00e4evaringselt;<\/li>\n\n\n\n<li>P\u00e4rast kauba kohaletoimetamist pakiautomaati saadab s\u00fcsteem SMS-teate ukse koodiga.<\/li>\n<\/ul>\n","protected":false},"excerpt":{"rendered":"","protected":false},"author":1,"featured_media":0,"parent":0,"menu_order":14,"comment_status":"closed","ping_status":"closed","template":"template-policy.php","meta":{"_acf_changed":false,"footnotes":""},"class_list":["post-56461","page","type-page","status-publish","hentry"],"acf":[],"yoast_head":"<!-- This site is optimized with the Yoast SEO plugin v27.4 - https:\/\/yoast.com\/product\/yoast-seo-wordpress\/ -->\n<title>Ostmine ja kohaletoimetamine - Medaksa<\/title>\n<meta name=\"robots\" content=\"index, follow, max-snippet:-1, max-image-preview:large, max-video-preview:-1\" \/>\n<link rel=\"canonical\" href=\"https:\/\/medaksa.lt\/et\/ostmine-kohaletoimetamine\/\" \/>\n<meta property=\"og:locale\" content=\"et_EE\" \/>\n<meta property=\"og:type\" content=\"article\" \/>\n<meta property=\"og:title\" content=\"Ostmine ja kohaletoimetamine - Medaksa\" \/>\n<meta property=\"og:url\" content=\"https:\/\/medaksa.lt\/et\/ostmine-kohaletoimetamine\/\" \/>\n<meta property=\"og:site_name\" content=\"Medaksa\" \/>\n<meta property=\"og:image\" content=\"https:\/\/medaksa.lt\/wp-content\/uploads\/2020\/11\/cropped-Medaksa_logo-png-1.webp\" \/>\n\t<meta property=\"og:image:width\" content=\"512\" \/>\n\t<meta property=\"og:image:height\" content=\"512\" \/>\n\t<meta property=\"og:image:type\" content=\"image\/webp\" \/>\n<meta name=\"twitter:card\" content=\"summary_large_image\" \/>\n<script type=\"application\/ld+json\" class=\"yoast-schema-graph\">{\"@context\":\"https:\\\/\\\/schema.org\",\"@graph\":[{\"@type\":\"WebPage\",\"@id\":\"https:\\\/\\\/medaksa.lt\\\/et\\\/ostmine-kohaletoimetamine\\\/\",\"url\":\"https:\\\/\\\/medaksa.lt\\\/et\\\/ostmine-kohaletoimetamine\\\/\",\"name\":\"Ostmine ja kohaletoimetamine - Medaksa\",\"isPartOf\":{\"@id\":\"https:\\\/\\\/medaksa.lt\\\/et\\\/#website\"},\"datePublished\":\"2020-11-05T02:44:18+00:00\",\"breadcrumb\":{\"@id\":\"https:\\\/\\\/medaksa.lt\\\/et\\\/ostmine-kohaletoimetamine\\\/#breadcrumb\"},\"inLanguage\":\"et\",\"potentialAction\":[{\"@type\":\"ReadAction\",\"target\":[\"https:\\\/\\\/medaksa.lt\\\/et\\\/ostmine-kohaletoimetamine\\\/\"]}]},{\"@type\":\"BreadcrumbList\",\"@id\":\"https:\\\/\\\/medaksa.lt\\\/et\\\/ostmine-kohaletoimetamine\\\/#breadcrumb\",\"itemListElement\":[{\"@type\":\"ListItem\",\"position\":1,\"name\":\"Home\",\"item\":\"https:\\\/\\\/medaksa.lt\\\/et\\\/medicinine-apranga\\\/\"},{\"@type\":\"ListItem\",\"position\":2,\"name\":\"Preki\u0173 pirkimas ir pristatymas\"}]},{\"@type\":\"WebSite\",\"@id\":\"https:\\\/\\\/medaksa.lt\\\/et\\\/#website\",\"url\":\"https:\\\/\\\/medaksa.lt\\\/et\\\/\",\"name\":\"Medaksa\",\"description\":\"\",\"publisher\":{\"@id\":\"https:\\\/\\\/medaksa.lt\\\/et\\\/#organization\"},\"potentialAction\":[{\"@type\":\"SearchAction\",\"target\":{\"@type\":\"EntryPoint\",\"urlTemplate\":\"https:\\\/\\\/medaksa.lt\\\/et\\\/?s={search_term_string}\"},\"query-input\":{\"@type\":\"PropertyValueSpecification\",\"valueRequired\":true,\"valueName\":\"search_term_string\"}}],\"inLanguage\":\"et\"},{\"@type\":\"Organization\",\"@id\":\"https:\\\/\\\/medaksa.lt\\\/et\\\/#organization\",\"name\":\"Medaksa\",\"url\":\"https:\\\/\\\/medaksa.lt\\\/et\\\/\",\"logo\":{\"@type\":\"ImageObject\",\"inLanguage\":\"et\",\"@id\":\"https:\\\/\\\/medaksa.lt\\\/et\\\/#\\\/schema\\\/logo\\\/image\\\/\",\"url\":\"https:\\\/\\\/medaksa.lt\\\/wp-content\\\/uploads\\\/2020\\\/11\\\/cropped-Medaksa_logo-png-1.png\",\"contentUrl\":\"https:\\\/\\\/medaksa.lt\\\/wp-content\\\/uploads\\\/2020\\\/11\\\/cropped-Medaksa_logo-png-1.png\",\"width\":512,\"height\":512,\"caption\":\"Medaksa\"},\"image\":{\"@id\":\"https:\\\/\\\/medaksa.lt\\\/et\\\/#\\\/schema\\\/logo\\\/image\\\/\"}}]}<\/script>\n<!-- \/ Yoast SEO plugin. -->","yoast_head_json":{"title":"Ostmine ja kohaletoimetamine - Medaksa","robots":{"index":"index","follow":"follow","max-snippet":"max-snippet:-1","max-image-preview":"max-image-preview:large","max-video-preview":"max-video-preview:-1"},"canonical":"https:\/\/medaksa.lt\/et\/ostmine-kohaletoimetamine\/","og_locale":"et_EE","og_type":"article","og_title":"Ostmine ja kohaletoimetamine - Medaksa","og_url":"https:\/\/medaksa.lt\/et\/ostmine-kohaletoimetamine\/","og_site_name":"Medaksa","og_image":[{"width":512,"height":512,"url":"https:\/\/medaksa.lt\/wp-content\/uploads\/2020\/11\/cropped-Medaksa_logo-png-1.webp","type":"image\/webp"}],"twitter_card":"summary_large_image","schema":{"@context":"https:\/\/schema.org","@graph":[{"@type":"WebPage","@id":"https:\/\/medaksa.lt\/et\/ostmine-kohaletoimetamine\/","url":"https:\/\/medaksa.lt\/et\/ostmine-kohaletoimetamine\/","name":"Ostmine ja kohaletoimetamine - Medaksa","isPartOf":{"@id":"https:\/\/medaksa.lt\/et\/#website"},"datePublished":"2020-11-05T02:44:18+00:00","breadcrumb":{"@id":"https:\/\/medaksa.lt\/et\/ostmine-kohaletoimetamine\/#breadcrumb"},"inLanguage":"et","potentialAction":[{"@type":"ReadAction","target":["https:\/\/medaksa.lt\/et\/ostmine-kohaletoimetamine\/"]}]},{"@type":"BreadcrumbList","@id":"https:\/\/medaksa.lt\/et\/ostmine-kohaletoimetamine\/#breadcrumb","itemListElement":[{"@type":"ListItem","position":1,"name":"Home","item":"https:\/\/medaksa.lt\/et\/medicinine-apranga\/"},{"@type":"ListItem","position":2,"name":"Preki\u0173 pirkimas ir pristatymas"}]},{"@type":"WebSite","@id":"https:\/\/medaksa.lt\/et\/#website","url":"https:\/\/medaksa.lt\/et\/","name":"Medaksa","description":"","publisher":{"@id":"https:\/\/medaksa.lt\/et\/#organization"},"potentialAction":[{"@type":"SearchAction","target":{"@type":"EntryPoint","urlTemplate":"https:\/\/medaksa.lt\/et\/?s={search_term_string}"},"query-input":{"@type":"PropertyValueSpecification","valueRequired":true,"valueName":"search_term_string"}}],"inLanguage":"et"},{"@type":"Organization","@id":"https:\/\/medaksa.lt\/et\/#organization","name":"Medaksa","url":"https:\/\/medaksa.lt\/et\/","logo":{"@type":"ImageObject","inLanguage":"et","@id":"https:\/\/medaksa.lt\/et\/#\/schema\/logo\/image\/","url":"https:\/\/medaksa.lt\/wp-content\/uploads\/2020\/11\/cropped-Medaksa_logo-png-1.png","contentUrl":"https:\/\/medaksa.lt\/wp-content\/uploads\/2020\/11\/cropped-Medaksa_logo-png-1.png","width":512,"height":512,"caption":"Medaksa"},"image":{"@id":"https:\/\/medaksa.lt\/et\/#\/schema\/logo\/image\/"}}]}},"_links":{"self":[{"href":"https:\/\/medaksa.lt\/et\/wp-json\/wp\/v2\/pages\/56461","targetHints":{"allow":["GET"]}}],"collection":[{"href":"https:\/\/medaksa.lt\/et\/wp-json\/wp\/v2\/pages"}],"about":[{"href":"https:\/\/medaksa.lt\/et\/wp-json\/wp\/v2\/types\/page"}],"author":[{"embeddable":true,"href":"https:\/\/medaksa.lt\/et\/wp-json\/wp\/v2\/users\/1"}],"replies":[{"embeddable":true,"href":"https:\/\/medaksa.lt\/et\/wp-json\/wp\/v2\/comments?post=56461"}],"version-history":[{"count":0,"href":"https:\/\/medaksa.lt\/et\/wp-json\/wp\/v2\/pages\/56461\/revisions"}],"wp:attachment":[{"href":"https:\/\/medaksa.lt\/et\/wp-json\/wp\/v2\/media?parent=56461"}],"curies":[{"name":"wp","href":"https:\/\/api.w.org\/{rel}","templated":true}]}}