{"id":56460,"date":"2020-11-05T05:44:18","date_gmt":"2020-11-05T02:44:18","guid":{"rendered":"https:\/\/medaksa.lt\/prekiu-grazinimas-ir-garantija\/"},"modified":"2020-11-05T05:44:18","modified_gmt":"2020-11-05T02:44:18","slug":"tagastamine-garantii","status":"publish","type":"page","link":"https:\/\/medaksa.lt\/et\/tagastamine-garantii\/","title":{"rendered":"Tagastamine ja garantii"},"content":{"rendered":"\n<p><strong>Ostetud r\u00f5ivaste tagastamiseks\/vahetamiseks palume meiega \u00fchendust v\u00f5tta e-posti teel <a href=\"mailto:info@medaksa.lt\">info@medaksa.lt<\/a> v\u00f5i tel. <a href=\"tel:+37065559394\">+370 (655) 59 394<\/a><\/strong><\/p>\n\n\n\n<h2 class=\"wp-block-heading\">\u00dcldised tagastamise reeglid<\/h2>\n\n\n\n<p>E-poe \u201ewww.medaksa.lt&#8221; ostjatel (tarbijatel) on \u00f5igus p\u00f5hjust avaldamata taganeda kauba ostu-m\u00fc\u00fcgilepingust, teatades sellest m\u00fc\u00fcjale kirjalikult 14 p\u00e4eva jooksul alates kauba k\u00e4ttetoimetamise v\u00f5i k\u00e4ttesaamise hetkest.<\/p>\n\n\n\n<p>Kaupa saab tagastada m\u00fc\u00fcja \u201ewww.medaksa.lt&#8221; poolt m\u00e4rgitud aadressil.<\/p>\n\n\n\n<p>P\u00e4rast tagastatud kauba saamist ja selle kvaliteedi hindamist tagastab m\u00fc\u00fcja 14 p\u00e4eva jooksul alates kirjaliku ostu-m\u00fc\u00fcgilepingust taganemise teate saamisest ostjale kauba eest tasutud raha.<\/p>\n\n\n\n<p>Kaup tuleb tagastada originaalpakendis. Tagastamise vormil tuleb m\u00e4rkida tellimuse number v\u00f5i tellija ees- ja perekonnanimi.<\/p>\n\n\n\n<p>Tagastatava kauba komplektsuse eest vastutab ostja. Kui kaup ei ole komplektne, m\u00fc\u00fcja tagastatavat kaupa vastu ei v\u00f5ta.<\/p>\n\n\n\n<p>Kaup ei tohi olla kahjustatud.<\/p>\n\n\n\n<p>Ostja \u00f5igus taganeda e-poes m\u00fc\u00fcjaga s\u00f5lmitud kauba ostu-m\u00fc\u00fcgilepingust ei kehti:<\/p>\n\n\n\n<ul class=\"wp-block-list\">\n<li>lepingutele, mis puudutavad kiiresti riknevaid kaupu v\u00f5i kaupu, mille kehtivusaeg on l\u00fchike;<\/li>\n\n\n\n<li>lepingutele, mis puudutavad pakendatud kaupu, mis on p\u00e4rast kohaletoimetamist lahti pakitud ja mida ei saa tervisekaitse v\u00f5i h\u00fcgieeni t\u00f5ttu tagastada;<\/li>\n\n\n\n<li>lepingutele, mis puudutavad kaupu, mis p\u00e4rast kohaletoimetamist oma olemuse t\u00f5ttu lahutamatult segunevad teiste esemetega;<\/li>\n\n\n\n<li>lepingutele, mis puudutavad pakendatud video- v\u00f5i heli\u00fclesv\u00f5tteid v\u00f5i pakendatud tarkvara, mis on p\u00e4rast kohaletoimetamist lahti pakitud.<\/li>\n<\/ul>\n\n\n\n<p>M\u00fc\u00fcja antav kvaliteedigarantii ei piira ega kitsenda ostja (tarbija) \u00f5igusi, mis on ebakvaliteetse kauba v\u00f5i teenuse omandamisel s\u00e4testatud \u00f5igusaktidega.<\/p>\n\n\n\n<p>Vastame meeleldi k\u00f5ikidele Teie k\u00fcsimustele e-posti teel <a href=\"mailto:info@medaksa.lt\">info@medaksa.lt<\/a><\/p>\n\n\n\n<p>Meie e-poest ostetud kauba v\u00f5i teenusega seotud taotlusi v\u00f5i kaebusi saate esitada e-posti teel: <a href=\"mailto:info@medaksa.lt\">info@medaksa.lt<\/a><\/p>\n\n\n\n<h2 class=\"wp-block-heading\">Praakkaup v\u00f5i mittet\u00e4ielik komplekt<\/h2>\n\n\n\n<p>Ostja, kes soovib esitada kaebuse praakkauba v\u00f5i mittet\u00e4ieliku komplektiga kauba kohta, saab seda teha e-posti teel <a href=\"mailto:info@medaksa.lt\">info@medaksa.lt<\/a><\/p>\n\n\n\n<h3 class=\"wp-block-heading\">Kaebuse esitamisel peab ostja m\u00e4rkima j\u00e4rgmise teabe:<\/h3>\n\n\n\n<ol class=\"wp-block-list\">\n<li>Kauba tellimuse numbri (v\u00f5i tellija ees- ja perekonnanime, mida kasutati registreerimisel).<\/li>\n\n\n\n<li>Kauba foto, defektse koha foto (kui tegemist on mehaanilise kahjustusega ja seda on v\u00f5imalik pildistada).<\/li>\n\n\n\n<li>Kauba pakendi foto.<\/li>\n\n\n\n<li>Kirjeldada kauba praagi, rikke tunnuseid v\u00f5i nimetada puuduv osa.<\/li>\n<\/ol>\n\n\n\n<h3 class=\"wp-block-heading\">Kaebuse esitamisel peab ostja m\u00e4rkima, kuidas ta soovib, et pretensioon lahendataks:<\/h3>\n\n\n\n<ol class=\"wp-block-list\" type=\"a\">\n<li>Praakkauba asendamist kvaliteetse kaubaga.<\/li>\n\n\n\n<li>Mittet\u00e4ieliku komplektiga kauba t\u00e4iendamist puuduvate koostisosadega.<\/li>\n\n\n\n<li>Tasutud raha tagastamist.<\/li>\n<\/ol>\n\n\n\n<p>*Kui m\u00fc\u00fcja ei saa t\u00e4ita eeltoodud punkte a) ja b), tagastab m\u00fc\u00fcja kogu rahasumma.<\/p>\n\n\n\n<p>P\u00e4rast pretensiooni l\u00e4bivaatamist antakse vastus 10 p\u00e4eva jooksul.<\/p>\n\n\n\n<h2 class=\"wp-block-heading\">Garantii<\/h2>\n\n\n\n<p><strong>Garantii ei kehti j\u00e4rgmistel juhtudel:<\/strong><\/p>\n\n\n\n<ul class=\"wp-block-list\">\n<li>Tahtmatud v\u00f5i tahtlikult tekitatud mehaanilised kahjustused (rebimised, l\u00f5ikamised jms).<\/li>\n\n\n\n<li>Koos meditsiinir\u00f5ivastega tellitud personaliseerimine. T\u00e4htede v\u00f5i m\u00e4rkide tikkimine.<\/li>\n<\/ul>\n\n\n\n<p>Kliendid tagastavad kauba OMNIVA pakiautomaatide kaudu (nagu kirjeldatud lehek\u00fclje \u00fclaosas) v\u00f5i enda valitud viisil m\u00fc\u00fcja poolt m\u00e4\u00e4ratud aadressile. Eelnimetatud viisil saatmisel katab saatmiskulud m\u00fc\u00fcja, muudel juhtudel katab need ostja.<\/p>\n\n\n\n<p>P\u00e4rast kauba k\u00e4ttesaamist saadakse 10 t\u00f6\u00f6p\u00e4eva jooksul tootjalt vastus, kas kaubale kehtib garantii.<\/p>\n\n\n\n<p>Kui kaup on ebakvaliteetne v\u00f5i ei vasta kirjeldusele, katab tagastamise kulud m\u00fc\u00fcja (kuni 5 \u20ac), muudel juhtudel katab tagastamise kulud ostja.<\/p>\n","protected":false},"excerpt":{"rendered":"<p>Ostetud r\u00f5ivaste tagastamiseks\/vahetamiseks palume meiega \u00fchendust v\u00f5tta e-posti teel info@medaksa.lt v\u00f5i tel. +370 (655) 59 394 \u00dcldised tagastamise reeglid E-poe \u201ewww.medaksa.lt&#8221; ostjatel (tarbijatel) on \u00f5igus p\u00f5hjust avaldamata taganeda kauba ostu-m\u00fc\u00fcgilepingust,&hellip;<\/p>\n","protected":false},"author":1,"featured_media":0,"parent":0,"menu_order":15,"comment_status":"closed","ping_status":"closed","template":"template-policy.php","meta":{"_acf_changed":false,"footnotes":""},"class_list":["post-56460","page","type-page","status-publish","hentry"],"acf":[],"yoast_head":"<!-- This site is optimized with the Yoast SEO plugin v27.4 - https:\/\/yoast.com\/product\/yoast-seo-wordpress\/ -->\n<title>Tagastamine ja garantii - Medaksa<\/title>\n<meta name=\"robots\" content=\"index, follow, max-snippet:-1, max-image-preview:large, max-video-preview:-1\" \/>\n<link rel=\"canonical\" href=\"https:\/\/medaksa.lt\/et\/tagastamine-garantii\/\" \/>\n<meta property=\"og:locale\" content=\"et_EE\" \/>\n<meta property=\"og:type\" content=\"article\" \/>\n<meta property=\"og:title\" content=\"Tagastamine ja garantii - Medaksa\" \/>\n<meta property=\"og:description\" content=\"Ostetud r\u00f5ivaste tagastamiseks\/vahetamiseks palume meiega \u00fchendust v\u00f5tta e-posti teel info@medaksa.lt v\u00f5i tel. +370 (655) 59 394 \u00dcldised tagastamise reeglid E-poe \u201ewww.medaksa.lt&#8221; ostjatel (tarbijatel) on \u00f5igus p\u00f5hjust avaldamata taganeda kauba ostu-m\u00fc\u00fcgilepingust,&hellip;\" \/>\n<meta property=\"og:url\" content=\"https:\/\/medaksa.lt\/et\/tagastamine-garantii\/\" \/>\n<meta property=\"og:site_name\" content=\"Medaksa\" \/>\n<meta property=\"og:image\" content=\"https:\/\/medaksa.lt\/wp-content\/uploads\/2020\/11\/cropped-Medaksa_logo-png-1.webp\" \/>\n\t<meta property=\"og:image:width\" content=\"512\" \/>\n\t<meta property=\"og:image:height\" content=\"512\" \/>\n\t<meta property=\"og:image:type\" content=\"image\/webp\" \/>\n<meta name=\"twitter:card\" content=\"summary_large_image\" \/>\n<meta name=\"twitter:label1\" content=\"Est. reading time\" \/>\n\t<meta name=\"twitter:data1\" content=\"3 minutit\" \/>\n<script type=\"application\/ld+json\" class=\"yoast-schema-graph\">{\"@context\":\"https:\\\/\\\/schema.org\",\"@graph\":[{\"@type\":\"WebPage\",\"@id\":\"https:\\\/\\\/medaksa.lt\\\/et\\\/tagastamine-garantii\\\/\",\"url\":\"https:\\\/\\\/medaksa.lt\\\/et\\\/tagastamine-garantii\\\/\",\"name\":\"Tagastamine ja garantii - Medaksa\",\"isPartOf\":{\"@id\":\"https:\\\/\\\/medaksa.lt\\\/et\\\/#website\"},\"datePublished\":\"2020-11-05T02:44:18+00:00\",\"breadcrumb\":{\"@id\":\"https:\\\/\\\/medaksa.lt\\\/et\\\/tagastamine-garantii\\\/#breadcrumb\"},\"inLanguage\":\"et\",\"potentialAction\":[{\"@type\":\"ReadAction\",\"target\":[\"https:\\\/\\\/medaksa.lt\\\/et\\\/tagastamine-garantii\\\/\"]}]},{\"@type\":\"BreadcrumbList\",\"@id\":\"https:\\\/\\\/medaksa.lt\\\/et\\\/tagastamine-garantii\\\/#breadcrumb\",\"itemListElement\":[{\"@type\":\"ListItem\",\"position\":1,\"name\":\"Home\",\"item\":\"https:\\\/\\\/medaksa.lt\\\/et\\\/medicinine-apranga\\\/\"},{\"@type\":\"ListItem\",\"position\":2,\"name\":\"Preki\u0173 gr\u0105\u017einimas ir garantija\"}]},{\"@type\":\"WebSite\",\"@id\":\"https:\\\/\\\/medaksa.lt\\\/et\\\/#website\",\"url\":\"https:\\\/\\\/medaksa.lt\\\/et\\\/\",\"name\":\"Medaksa\",\"description\":\"\",\"publisher\":{\"@id\":\"https:\\\/\\\/medaksa.lt\\\/et\\\/#organization\"},\"potentialAction\":[{\"@type\":\"SearchAction\",\"target\":{\"@type\":\"EntryPoint\",\"urlTemplate\":\"https:\\\/\\\/medaksa.lt\\\/et\\\/?s={search_term_string}\"},\"query-input\":{\"@type\":\"PropertyValueSpecification\",\"valueRequired\":true,\"valueName\":\"search_term_string\"}}],\"inLanguage\":\"et\"},{\"@type\":\"Organization\",\"@id\":\"https:\\\/\\\/medaksa.lt\\\/et\\\/#organization\",\"name\":\"Medaksa\",\"url\":\"https:\\\/\\\/medaksa.lt\\\/et\\\/\",\"logo\":{\"@type\":\"ImageObject\",\"inLanguage\":\"et\",\"@id\":\"https:\\\/\\\/medaksa.lt\\\/et\\\/#\\\/schema\\\/logo\\\/image\\\/\",\"url\":\"https:\\\/\\\/medaksa.lt\\\/wp-content\\\/uploads\\\/2020\\\/11\\\/cropped-Medaksa_logo-png-1.png\",\"contentUrl\":\"https:\\\/\\\/medaksa.lt\\\/wp-content\\\/uploads\\\/2020\\\/11\\\/cropped-Medaksa_logo-png-1.png\",\"width\":512,\"height\":512,\"caption\":\"Medaksa\"},\"image\":{\"@id\":\"https:\\\/\\\/medaksa.lt\\\/et\\\/#\\\/schema\\\/logo\\\/image\\\/\"}}]}<\/script>\n<!-- \/ Yoast SEO plugin. -->","yoast_head_json":{"title":"Tagastamine ja garantii - Medaksa","robots":{"index":"index","follow":"follow","max-snippet":"max-snippet:-1","max-image-preview":"max-image-preview:large","max-video-preview":"max-video-preview:-1"},"canonical":"https:\/\/medaksa.lt\/et\/tagastamine-garantii\/","og_locale":"et_EE","og_type":"article","og_title":"Tagastamine ja garantii - Medaksa","og_description":"Ostetud r\u00f5ivaste tagastamiseks\/vahetamiseks palume meiega \u00fchendust v\u00f5tta e-posti teel info@medaksa.lt v\u00f5i tel. +370 (655) 59 394 \u00dcldised tagastamise reeglid E-poe \u201ewww.medaksa.lt&#8221; ostjatel (tarbijatel) on \u00f5igus p\u00f5hjust avaldamata taganeda kauba ostu-m\u00fc\u00fcgilepingust,&hellip;","og_url":"https:\/\/medaksa.lt\/et\/tagastamine-garantii\/","og_site_name":"Medaksa","og_image":[{"width":512,"height":512,"url":"https:\/\/medaksa.lt\/wp-content\/uploads\/2020\/11\/cropped-Medaksa_logo-png-1.webp","type":"image\/webp"}],"twitter_card":"summary_large_image","twitter_misc":{"Est. reading time":"3 minutit"},"schema":{"@context":"https:\/\/schema.org","@graph":[{"@type":"WebPage","@id":"https:\/\/medaksa.lt\/et\/tagastamine-garantii\/","url":"https:\/\/medaksa.lt\/et\/tagastamine-garantii\/","name":"Tagastamine ja garantii - Medaksa","isPartOf":{"@id":"https:\/\/medaksa.lt\/et\/#website"},"datePublished":"2020-11-05T02:44:18+00:00","breadcrumb":{"@id":"https:\/\/medaksa.lt\/et\/tagastamine-garantii\/#breadcrumb"},"inLanguage":"et","potentialAction":[{"@type":"ReadAction","target":["https:\/\/medaksa.lt\/et\/tagastamine-garantii\/"]}]},{"@type":"BreadcrumbList","@id":"https:\/\/medaksa.lt\/et\/tagastamine-garantii\/#breadcrumb","itemListElement":[{"@type":"ListItem","position":1,"name":"Home","item":"https:\/\/medaksa.lt\/et\/medicinine-apranga\/"},{"@type":"ListItem","position":2,"name":"Preki\u0173 gr\u0105\u017einimas ir garantija"}]},{"@type":"WebSite","@id":"https:\/\/medaksa.lt\/et\/#website","url":"https:\/\/medaksa.lt\/et\/","name":"Medaksa","description":"","publisher":{"@id":"https:\/\/medaksa.lt\/et\/#organization"},"potentialAction":[{"@type":"SearchAction","target":{"@type":"EntryPoint","urlTemplate":"https:\/\/medaksa.lt\/et\/?s={search_term_string}"},"query-input":{"@type":"PropertyValueSpecification","valueRequired":true,"valueName":"search_term_string"}}],"inLanguage":"et"},{"@type":"Organization","@id":"https:\/\/medaksa.lt\/et\/#organization","name":"Medaksa","url":"https:\/\/medaksa.lt\/et\/","logo":{"@type":"ImageObject","inLanguage":"et","@id":"https:\/\/medaksa.lt\/et\/#\/schema\/logo\/image\/","url":"https:\/\/medaksa.lt\/wp-content\/uploads\/2020\/11\/cropped-Medaksa_logo-png-1.png","contentUrl":"https:\/\/medaksa.lt\/wp-content\/uploads\/2020\/11\/cropped-Medaksa_logo-png-1.png","width":512,"height":512,"caption":"Medaksa"},"image":{"@id":"https:\/\/medaksa.lt\/et\/#\/schema\/logo\/image\/"}}]}},"_links":{"self":[{"href":"https:\/\/medaksa.lt\/et\/wp-json\/wp\/v2\/pages\/56460","targetHints":{"allow":["GET"]}}],"collection":[{"href":"https:\/\/medaksa.lt\/et\/wp-json\/wp\/v2\/pages"}],"about":[{"href":"https:\/\/medaksa.lt\/et\/wp-json\/wp\/v2\/types\/page"}],"author":[{"embeddable":true,"href":"https:\/\/medaksa.lt\/et\/wp-json\/wp\/v2\/users\/1"}],"replies":[{"embeddable":true,"href":"https:\/\/medaksa.lt\/et\/wp-json\/wp\/v2\/comments?post=56460"}],"version-history":[{"count":0,"href":"https:\/\/medaksa.lt\/et\/wp-json\/wp\/v2\/pages\/56460\/revisions"}],"wp:attachment":[{"href":"https:\/\/medaksa.lt\/et\/wp-json\/wp\/v2\/media?parent=56460"}],"curies":[{"name":"wp","href":"https:\/\/api.w.org\/{rel}","templated":true}]}}