{"id":50190,"date":"2025-02-14T12:43:53","date_gmt":"2025-02-14T09:43:53","guid":{"rendered":"https:\/\/medaksa.lt\/produktas\/women-medical-pants-aura-sale\/"},"modified":"2026-04-10T13:01:08","modified_gmt":"2026-04-10T10:01:08","slug":"women-medical-pants-aura-sale","status":"publish","type":"product","link":"https:\/\/medaksa.lt\/en\/produktas\/women-medical-pants-aura-sale\/","title":{"rendered":"WOMEN MEDICAL PANTS AURA\u2122 SALE"},"content":{"rendered":"<p><strong>TURIME VIETOJE &#8211; SIUN\u010cIAME I\u0160KART<\/strong><\/p>\n<p>J\u016bs\u0173 pam\u0117gtos laisvalaikio tipo medicinin\u0117s keln\u0117s. Itin patogi mink\u0161ta med\u017eiaga.<\/p>\n<p>Dvejos talpios ki\u0161en\u0117s ir viena svarbiems nedidelio dyd\u017eio daiktams sud\u0117ti.<\/p>\n<p>Auk\u0161tas liemuo bei rai\u0161teliais reguliuojamas juosmuo &#8211; tikrai tai, ko reikia daug judant bei daug valand\u0173 praleid\u017eiant darbe.<\/p>\n<p>Gamybai naudojami kokybi\u0161ki OEKO-TEX Standard 100 sertifikuoti\u00a0audiniai.<\/p>\n","protected":false},"excerpt":{"rendered":"<p>Medicinin\u0117s keln\u0117s su guma<\/p>\n","protected":false},"featured_media":24201,"comment_status":"closed","ping_status":"closed","template":"","meta":{"_acf_changed":false},"product_brand":[],"product_cat":[38,22,328],"product_tag":[],"class_list":{"0":"post-50190","1":"product","2":"type-product","3":"status-publish","4":"has-post-thumbnail","6":"product_cat-medicinine-apranga-moterims","7":"product_cat-medicinines-kelnes","8":"product_cat-medicinines-aprangos-ispardavimas","9":"pa_color-karamele","10":"pa_color-smaragdas","11":"pa_color-vandenynas","12":"pa_color-roze","13":"pa_size-3xl","14":"pa_size-s","15":"pa_size-xl","16":"pa_size-xs","17":"pa_size-xxs","19":"first","20":"instock","21":"sale","22":"taxable","23":"shipping-taxable","24":"purchasable","25":"product-type-variable"},"acf":[],"yoast_head":"<!-- This site is optimized with the Yoast SEO plugin v27.4 - https:\/\/yoast.com\/product\/yoast-seo-wordpress\/ -->\n<title>Medicinine aprangos i\u0161pardavimas. Pi\u017eamos Keln\u0117s AURA - Medaksa<\/title>\n<meta name=\"description\" content=\"Nuolaidos J\u016bs\u0173 pam\u0117gtiems med. aprang\u0173 modeliams. MEDAKSA - nei\u0161matuojamai stilinga med. apranga.\" \/>\n<meta name=\"robots\" content=\"index, follow, max-snippet:-1, max-image-preview:large, max-video-preview:-1\" \/>\n<link rel=\"canonical\" href=\"https:\/\/medaksa.lt\/en\/produktas\/women-medical-pants-aura-sale\/\" \/>\n<meta property=\"og:locale\" content=\"en_US\" \/>\n<meta property=\"og:type\" content=\"article\" \/>\n<meta property=\"og:title\" content=\"Medicinine aprangos i\u0161pardavimas. Pi\u017eamos Keln\u0117s AURA - Medaksa\" \/>\n<meta property=\"og:description\" content=\"Nuolaidos J\u016bs\u0173 pam\u0117gtiems med. aprang\u0173 modeliams. MEDAKSA - nei\u0161matuojamai stilinga med. apranga.\" \/>\n<meta property=\"og:url\" content=\"https:\/\/medaksa.lt\/en\/produktas\/women-medical-pants-aura-sale\/\" \/>\n<meta property=\"og:site_name\" content=\"Medaksa\" \/>\n<meta property=\"article:modified_time\" content=\"2026-04-10T10:01:08+00:00\" \/>\n<meta property=\"og:image\" content=\"https:\/\/medaksa.lt\/wp-content\/uploads\/2023\/11\/Medaksa-10-143065-1.webp\" \/>\n\t<meta property=\"og:image:width\" content=\"1024\" \/>\n\t<meta property=\"og:image:height\" content=\"1024\" \/>\n\t<meta property=\"og:image:type\" content=\"image\/webp\" \/>\n<meta name=\"twitter:card\" content=\"summary_large_image\" \/>\n<meta name=\"twitter:label1\" content=\"Est. reading time\" \/>\n\t<meta name=\"twitter:data1\" content=\"1 minute\" \/>\n<script type=\"application\/ld+json\" class=\"yoast-schema-graph\">{\"@context\":\"https:\\\/\\\/schema.org\",\"@graph\":[{\"@type\":\"WebPage\",\"@id\":\"https:\\\/\\\/medaksa.lt\\\/en\\\/produktas\\\/women-medical-pants-aura-sale\\\/\",\"url\":\"https:\\\/\\\/medaksa.lt\\\/en\\\/produktas\\\/women-medical-pants-aura-sale\\\/\",\"name\":\"Medicinine aprangos i\u0161pardavimas. Pi\u017eamos Keln\u0117s AURA - Medaksa\",\"isPartOf\":{\"@id\":\"https:\\\/\\\/medaksa.lt\\\/en\\\/#website\"},\"primaryImageOfPage\":{\"@id\":\"https:\\\/\\\/medaksa.lt\\\/en\\\/produktas\\\/women-medical-pants-aura-sale\\\/#primaryimage\"},\"image\":{\"@id\":\"https:\\\/\\\/medaksa.lt\\\/en\\\/produktas\\\/women-medical-pants-aura-sale\\\/#primaryimage\"},\"thumbnailUrl\":\"https:\\\/\\\/medaksa.lt\\\/wp-content\\\/uploads\\\/2023\\\/11\\\/Medaksa-10-143065-1.webp\",\"datePublished\":\"2025-02-14T09:43:53+00:00\",\"dateModified\":\"2026-04-10T10:01:08+00:00\",\"description\":\"Nuolaidos J\u016bs\u0173 pam\u0117gtiems med. aprang\u0173 modeliams. MEDAKSA - nei\u0161matuojamai stilinga med. apranga.\",\"breadcrumb\":{\"@id\":\"https:\\\/\\\/medaksa.lt\\\/en\\\/produktas\\\/women-medical-pants-aura-sale\\\/#breadcrumb\"},\"inLanguage\":\"en-US\",\"potentialAction\":[{\"@type\":\"ReadAction\",\"target\":[\"https:\\\/\\\/medaksa.lt\\\/en\\\/produktas\\\/women-medical-pants-aura-sale\\\/\"]}]},{\"@type\":\"ImageObject\",\"inLanguage\":\"en-US\",\"@id\":\"https:\\\/\\\/medaksa.lt\\\/en\\\/produktas\\\/women-medical-pants-aura-sale\\\/#primaryimage\",\"url\":\"https:\\\/\\\/medaksa.lt\\\/wp-content\\\/uploads\\\/2023\\\/11\\\/Medaksa-10-143065-1.webp\",\"contentUrl\":\"https:\\\/\\\/medaksa.lt\\\/wp-content\\\/uploads\\\/2023\\\/11\\\/Medaksa-10-143065-1.webp\",\"width\":1024,\"height\":1024,\"caption\":\"medicinine apranga\"},{\"@type\":\"BreadcrumbList\",\"@id\":\"https:\\\/\\\/medaksa.lt\\\/en\\\/produktas\\\/women-medical-pants-aura-sale\\\/#breadcrumb\",\"itemListElement\":[{\"@type\":\"ListItem\",\"position\":1,\"name\":\"Home\",\"item\":\"https:\\\/\\\/medaksa.lt\\\/en\\\/\"},{\"@type\":\"ListItem\",\"position\":2,\"name\":\"Shop\",\"item\":\"https:\\\/\\\/medaksa.lt\\\/parduotuve\\\/\"},{\"@type\":\"ListItem\",\"position\":3,\"name\":\"WOMEN MEDICAL PANTS AURA\u2122 SALE\"}]},{\"@type\":\"WebSite\",\"@id\":\"https:\\\/\\\/medaksa.lt\\\/en\\\/#website\",\"url\":\"https:\\\/\\\/medaksa.lt\\\/en\\\/\",\"name\":\"Medaksa\",\"description\":\"\",\"publisher\":{\"@id\":\"https:\\\/\\\/medaksa.lt\\\/en\\\/#organization\"},\"potentialAction\":[{\"@type\":\"SearchAction\",\"target\":{\"@type\":\"EntryPoint\",\"urlTemplate\":\"https:\\\/\\\/medaksa.lt\\\/en\\\/?s={search_term_string}\"},\"query-input\":{\"@type\":\"PropertyValueSpecification\",\"valueRequired\":true,\"valueName\":\"search_term_string\"}}],\"inLanguage\":\"en-US\"},{\"@type\":\"Organization\",\"@id\":\"https:\\\/\\\/medaksa.lt\\\/en\\\/#organization\",\"name\":\"Medaksa\",\"url\":\"https:\\\/\\\/medaksa.lt\\\/en\\\/\",\"logo\":{\"@type\":\"ImageObject\",\"inLanguage\":\"en-US\",\"@id\":\"https:\\\/\\\/medaksa.lt\\\/en\\\/#\\\/schema\\\/logo\\\/image\\\/\",\"url\":\"https:\\\/\\\/medaksa.lt\\\/wp-content\\\/uploads\\\/2020\\\/11\\\/cropped-Medaksa_logo-png-1.png\",\"contentUrl\":\"https:\\\/\\\/medaksa.lt\\\/wp-content\\\/uploads\\\/2020\\\/11\\\/cropped-Medaksa_logo-png-1.png\",\"width\":512,\"height\":512,\"caption\":\"Medaksa\"},\"image\":{\"@id\":\"https:\\\/\\\/medaksa.lt\\\/en\\\/#\\\/schema\\\/logo\\\/image\\\/\"}}]}<\/script>\n<!-- \/ Yoast SEO plugin. -->","yoast_head_json":{"title":"Medicinine aprangos i\u0161pardavimas. Pi\u017eamos Keln\u0117s AURA - Medaksa","description":"Nuolaidos J\u016bs\u0173 pam\u0117gtiems med. aprang\u0173 modeliams. MEDAKSA - nei\u0161matuojamai stilinga med. apranga.","robots":{"index":"index","follow":"follow","max-snippet":"max-snippet:-1","max-image-preview":"max-image-preview:large","max-video-preview":"max-video-preview:-1"},"canonical":"https:\/\/medaksa.lt\/en\/produktas\/women-medical-pants-aura-sale\/","og_locale":"en_US","og_type":"article","og_title":"Medicinine aprangos i\u0161pardavimas. Pi\u017eamos Keln\u0117s AURA - Medaksa","og_description":"Nuolaidos J\u016bs\u0173 pam\u0117gtiems med. aprang\u0173 modeliams. MEDAKSA - nei\u0161matuojamai stilinga med. apranga.","og_url":"https:\/\/medaksa.lt\/en\/produktas\/women-medical-pants-aura-sale\/","og_site_name":"Medaksa","article_modified_time":"2026-04-10T10:01:08+00:00","og_image":[{"width":1024,"height":1024,"url":"https:\/\/medaksa.lt\/wp-content\/uploads\/2023\/11\/Medaksa-10-143065-1.webp","type":"image\/webp"}],"twitter_card":"summary_large_image","twitter_misc":{"Est. reading time":"1 minute"},"schema":{"@context":"https:\/\/schema.org","@graph":[{"@type":"WebPage","@id":"https:\/\/medaksa.lt\/en\/produktas\/women-medical-pants-aura-sale\/","url":"https:\/\/medaksa.lt\/en\/produktas\/women-medical-pants-aura-sale\/","name":"Medicinine aprangos i\u0161pardavimas. Pi\u017eamos Keln\u0117s AURA - Medaksa","isPartOf":{"@id":"https:\/\/medaksa.lt\/en\/#website"},"primaryImageOfPage":{"@id":"https:\/\/medaksa.lt\/en\/produktas\/women-medical-pants-aura-sale\/#primaryimage"},"image":{"@id":"https:\/\/medaksa.lt\/en\/produktas\/women-medical-pants-aura-sale\/#primaryimage"},"thumbnailUrl":"https:\/\/medaksa.lt\/wp-content\/uploads\/2023\/11\/Medaksa-10-143065-1.webp","datePublished":"2025-02-14T09:43:53+00:00","dateModified":"2026-04-10T10:01:08+00:00","description":"Nuolaidos J\u016bs\u0173 pam\u0117gtiems med. aprang\u0173 modeliams. MEDAKSA - nei\u0161matuojamai stilinga med. apranga.","breadcrumb":{"@id":"https:\/\/medaksa.lt\/en\/produktas\/women-medical-pants-aura-sale\/#breadcrumb"},"inLanguage":"en-US","potentialAction":[{"@type":"ReadAction","target":["https:\/\/medaksa.lt\/en\/produktas\/women-medical-pants-aura-sale\/"]}]},{"@type":"ImageObject","inLanguage":"en-US","@id":"https:\/\/medaksa.lt\/en\/produktas\/women-medical-pants-aura-sale\/#primaryimage","url":"https:\/\/medaksa.lt\/wp-content\/uploads\/2023\/11\/Medaksa-10-143065-1.webp","contentUrl":"https:\/\/medaksa.lt\/wp-content\/uploads\/2023\/11\/Medaksa-10-143065-1.webp","width":1024,"height":1024,"caption":"medicinine apranga"},{"@type":"BreadcrumbList","@id":"https:\/\/medaksa.lt\/en\/produktas\/women-medical-pants-aura-sale\/#breadcrumb","itemListElement":[{"@type":"ListItem","position":1,"name":"Home","item":"https:\/\/medaksa.lt\/en\/"},{"@type":"ListItem","position":2,"name":"Shop","item":"https:\/\/medaksa.lt\/parduotuve\/"},{"@type":"ListItem","position":3,"name":"WOMEN MEDICAL PANTS AURA\u2122 SALE"}]},{"@type":"WebSite","@id":"https:\/\/medaksa.lt\/en\/#website","url":"https:\/\/medaksa.lt\/en\/","name":"Medaksa","description":"","publisher":{"@id":"https:\/\/medaksa.lt\/en\/#organization"},"potentialAction":[{"@type":"SearchAction","target":{"@type":"EntryPoint","urlTemplate":"https:\/\/medaksa.lt\/en\/?s={search_term_string}"},"query-input":{"@type":"PropertyValueSpecification","valueRequired":true,"valueName":"search_term_string"}}],"inLanguage":"en-US"},{"@type":"Organization","@id":"https:\/\/medaksa.lt\/en\/#organization","name":"Medaksa","url":"https:\/\/medaksa.lt\/en\/","logo":{"@type":"ImageObject","inLanguage":"en-US","@id":"https:\/\/medaksa.lt\/en\/#\/schema\/logo\/image\/","url":"https:\/\/medaksa.lt\/wp-content\/uploads\/2020\/11\/cropped-Medaksa_logo-png-1.png","contentUrl":"https:\/\/medaksa.lt\/wp-content\/uploads\/2020\/11\/cropped-Medaksa_logo-png-1.png","width":512,"height":512,"caption":"Medaksa"},"image":{"@id":"https:\/\/medaksa.lt\/en\/#\/schema\/logo\/image\/"}}]}},"_links":{"self":[{"href":"https:\/\/medaksa.lt\/en\/wp-json\/wp\/v2\/product\/50190","targetHints":{"allow":["GET"]}}],"collection":[{"href":"https:\/\/medaksa.lt\/en\/wp-json\/wp\/v2\/product"}],"about":[{"href":"https:\/\/medaksa.lt\/en\/wp-json\/wp\/v2\/types\/product"}],"replies":[{"embeddable":true,"href":"https:\/\/medaksa.lt\/en\/wp-json\/wp\/v2\/comments?post=50190"}],"wp:featuredmedia":[{"embeddable":true,"href":"https:\/\/medaksa.lt\/en\/wp-json\/wp\/v2\/media\/24201"}],"wp:attachment":[{"href":"https:\/\/medaksa.lt\/en\/wp-json\/wp\/v2\/media?parent=50190"}],"wp:term":[{"taxonomy":"product_brand","embeddable":true,"href":"https:\/\/medaksa.lt\/en\/wp-json\/wp\/v2\/product_brand?post=50190"},{"taxonomy":"product_cat","embeddable":true,"href":"https:\/\/medaksa.lt\/en\/wp-json\/wp\/v2\/product_cat?post=50190"},{"taxonomy":"product_tag","embeddable":true,"href":"https:\/\/medaksa.lt\/en\/wp-json\/wp\/v2\/product_tag?post=50190"}],"curies":[{"name":"wp","href":"https:\/\/api.w.org\/{rel}","templated":true}]}}