{"id":26068,"date":"2020-11-04T03:30:53","date_gmt":"2020-11-04T00:30:53","guid":{"rendered":"https:\/\/medaksa.lt\/contacts\/"},"modified":"2025-01-09T16:12:17","modified_gmt":"2025-01-09T13:12:17","slug":"contacts","status":"publish","type":"page","link":"https:\/\/medaksa.lt\/en\/contacts\/","title":{"rendered":"Contacts"},"content":{"rendered":"<p>[vc_row][vc_column width=&#8221;2\/3&#8243; el_id=&#8221;contactFormWrapper&#8221;][vc_column_text css=&#8221;.vc_custom_1704618902197{padding-bottom: 1px !important;}&#8221;]<\/p>\n<h2>Contact us<\/h2>\n<p>[\/vc_column_text][vc_column_text]\n<div class=\"wpcf7 no-js\" id=\"wpcf7-f26072-o1\" lang=\"en-US\" dir=\"ltr\" data-wpcf7-id=\"26072\">\n<div class=\"screen-reader-response\"><p role=\"status\" aria-live=\"polite\" aria-atomic=\"true\"><\/p> <ul><\/ul><\/div>\n<form action=\"\/en\/wp-json\/wp\/v2\/pages\/26068#wpcf7-f26072-o1\" method=\"post\" class=\"wpcf7-form init 71c2fe2aeb8b cmatic-conn cmatic-aud-1 cmatic-mapd0-0 cmatic-v097802 cmatic-sent-0 cmatic-total-15115\" aria-label=\"Contact form\" novalidate=\"novalidate\" data-status=\"init\">\n<fieldset class=\"hidden-fields-container\"><input type=\"hidden\" name=\"_wpcf7\" value=\"26072\" \/><input type=\"hidden\" name=\"_wpcf7_version\" value=\"6.1.5\" \/><input type=\"hidden\" name=\"_wpcf7_locale\" value=\"en_US\" \/><input type=\"hidden\" name=\"_wpcf7_unit_tag\" value=\"wpcf7-f26072-o1\" \/><input type=\"hidden\" name=\"_wpcf7_container_post\" value=\"0\" \/><input type=\"hidden\" name=\"_wpcf7_posted_data_hash\" value=\"\" \/>\n<\/fieldset>\n<p><label for=\"contactFormName\"><span>Name<\/span><\/label><span class=\"wpcf7-form-control-wrap\" data-name=\"text-942\"><input size=\"40\" maxlength=\"400\" class=\"wpcf7-form-control wpcf7-text\" id=\"contactFormName\" aria-invalid=\"false\" value=\"\" type=\"text\" name=\"text-942\" \/><\/span><br \/>\n<label for=\"contactFormPhone\"><span>Phone<\/span><\/label><span class=\"wpcf7-form-control-wrap\" data-name=\"tel-657\"><input size=\"40\" maxlength=\"400\" class=\"wpcf7-form-control wpcf7-tel wpcf7-text wpcf7-validates-as-tel\" id=\"contactFormPhone\" aria-invalid=\"false\" value=\"\" type=\"tel\" name=\"tel-657\" \/><\/span><br \/>\n<label for=\"contactFormEmail\"><span>Email<\/span><em>*<\/em><\/label><span class=\"wpcf7-form-control-wrap\" data-name=\"email-67\"><input size=\"40\" maxlength=\"400\" class=\"wpcf7-form-control wpcf7-email wpcf7-validates-as-required wpcf7-text wpcf7-validates-as-email\" id=\"contactFormEmail\" aria-required=\"true\" aria-invalid=\"false\" value=\"\" type=\"email\" name=\"email-67\" \/><\/span><br \/>\n<label for=\"contactFormMessage\"><span>Message<\/span><em>*<\/em><\/label><span class=\"wpcf7-form-control-wrap\" data-name=\"textarea-318\"><textarea cols=\"40\" rows=\"10\" maxlength=\"2000\" class=\"wpcf7-form-control wpcf7-textarea wpcf7-validates-as-required\" id=\"contactFormMessage\" aria-required=\"true\" aria-invalid=\"false\" name=\"textarea-318\"><\/textarea><\/span><br \/>\n<input type=\"submit\" class=\"btn left\" value=\"Send \" \/>\n<\/p>\n<div class=\"politika politika-fix\" style=\"justify-content: flex-start;\">\n\t<p><span class=\"wpcf7-form-control-wrap\" data-name=\"acceptance-8032\"><span class=\"wpcf7-form-control wpcf7-acceptance\"><span class=\"wpcf7-list-item\"><label><input type=\"checkbox\" name=\"acceptance-8032\" value=\"1\" aria-invalid=\"false\" \/><span class=\"wpcf7-list-item-label\">I allow the processing of my data. <a class=\"privatumo-politika\" id=\"tribute-link\" target=\"_blank\" href=\"\/privacy-policy\">Privacy Policy<\/a><\/span><\/label><\/span><\/span><\/span>\n\t<\/p>\n<\/div><div class=\"wpcf7-response-output\" aria-hidden=\"true\"><\/div>\n<\/form>\n<\/div>\n[\/vc_column_text][\/vc_column][vc_column width=&#8221;1\/3&#8243; el_class=&#8221;location&#8221;][vc_column_text]<\/p>\n<h4><strong>Contacts<\/strong><\/h4>\n<p><strong>Store in Vilnius<\/strong><br \/>\n<em><span style=\"color: #0f0f49;\"><a style=\"color: #0f0f49;\" href=\"https:\/\/goo.gl\/maps\/qRmmMi9gQENGYCNHA\" target=\"_blank\" rel=\"noopener\">S. \u017dukausko St. 26, Vilnius 08239<\/a><\/span><\/em><\/p>\n<p>Email: <span style=\"color: #0f0f49;\"><a style=\"color: #0f0f49;\" href=\"mailto:pagalba@medaksa.lt\">pagalba@medaksa.lt<\/a><\/span><br \/>\nPhone number<strong>:<\/strong> <span style=\"color: #0f0f49;\"><a style=\"color: #0f0f49;\" href=\"tel:+37065559394\">+370 (655) 59 394<\/a><\/span><\/p>\n<p><strong>MB MEDAKSA<\/strong><br \/>\nCompany code: 304222528<br \/>\nVAT payer&#8217;s code: LT100014071412<br \/>\nBank account: LT777300010146412313 (Swedbank)<\/p>\n<p class=\"open-hours\"><strong>Opening Hours:<\/strong><br \/>\nMonday &#8211; Friday: 10:00 &#8211; 18:00<br \/>\nSaturday and Sunday: closed<\/p>\n<p>[\/vc_column_text][vc_gmaps link=&#8221;#E-8_JTNDaWZyYW1lJTIwc3JjJTNEJTIyaHR0cHMlM0ElMkYlMkZ3d3cuZ29vZ2xlLmNvbSUyRm1hcHMlMkZlbWJlZCUzRnBiJTNEJTIxMW0xOCUyMTFtMTIlMjExbTMlMjExZDIzMDUuMTE3MjYwODg0MjAwMyUyMTJkMjUuMjk1ODM4MTE1NTExOTM0JTIxM2Q1NC43MDc1NjAwNzk1ODE2NCUyMTJtMyUyMTFmMCUyMTJmMCUyMTNmMCUyMTNtMiUyMTFpMTAyNCUyMTJpNzY4JTIxNGYxMy4xJTIxM20zJTIxMW0yJTIxMXMweDQ2ZGQ5N2ZjMjQ3ZjVmZWIlMjUzQTB4NjcwNGY3N2E2ZWFhNmFiNyUyMTJzTWVkYWtzYSUyMTVlMCUyMTNtMiUyMTFzbHQlMjEyc2x0JTIxNHYxNjUwNTY2NDExNTMyJTIxNW0yJTIxMXNsdCUyMTJzbHQlMjIlMjB3aWR0aCUzRCUyMjQwMCUyMiUyMGhlaWdodCUzRCUyMjMwMCUyMiUyMHN0eWxlJTNEJTIyYm9yZGVyJTNBMCUzQiUyMiUyMGFsbG93ZnVsbHNjcmVlbiUzRCUyMiUyMiUyMGxvYWRpbmclM0QlMjJsYXp5JTIyJTIwcmVmZXJyZXJwb2xpY3klM0QlMjJuby1yZWZlcnJlci13aGVuLWRvd25ncmFkZSUyMiUzRSUzQyUyRmlmcmFtZSUzRQ==&#8221; title=&#8221;Store in Vilnius&#8221;][\/vc_column][\/vc_row]<\/p>\n","protected":false},"excerpt":{"rendered":"<p>[vc_row][vc_column width=&#8221;2\/3&#8243; el_id=&#8221;contactFormWrapper&#8221;][vc_column_text css=&#8221;.vc_custom_1704618902197{padding-bottom: 1px !important;}&#8221;] Contact us [\/vc_column_text][vc_column_text][\/vc_column_text][\/vc_column][vc_column width=&#8221;1\/3&#8243; el_class=&#8221;location&#8221;][vc_column_text] Contacts Store in Vilnius S. \u017dukausko St. 26, Vilnius 08239 Email: pagalba@medaksa.lt Phone number: +370 (655) 59 394 MB&hellip;<\/p>\n","protected":false},"author":1,"featured_media":0,"parent":0,"menu_order":19,"comment_status":"closed","ping_status":"closed","template":"template-kontaktai.php","meta":{"_acf_changed":false,"footnotes":""},"class_list":["post-26068","page","type-page","status-publish","hentry"],"acf":[],"yoast_head":"<!-- This site is optimized with the Yoast SEO plugin v27.4 - https:\/\/yoast.com\/product\/yoast-seo-wordpress\/ -->\n<title>Medicinin\u0117 Apranga Su Elastanu - Apie Medikus Pagalvota<\/title>\n<meta name=\"description\" content=\"B\u016bkite pasiruo\u0161\u0119 pamilti savo medicinin\u0119 aprang\u0105. Stilingos pi\u017eamos medikams, mediciniai chalatai.\" \/>\n<meta name=\"robots\" content=\"index, follow, max-snippet:-1, max-image-preview:large, max-video-preview:-1\" \/>\n<link rel=\"canonical\" href=\"https:\/\/medaksa.lt\/en\/contacts\/\" \/>\n<meta property=\"og:locale\" content=\"en_US\" \/>\n<meta property=\"og:type\" content=\"article\" \/>\n<meta property=\"og:title\" content=\"Medicinin\u0117 Apranga Su Elastanu - Apie Medikus Pagalvota\" \/>\n<meta property=\"og:description\" content=\"B\u016bkite pasiruo\u0161\u0119 pamilti savo medicinin\u0119 aprang\u0105. Stilingos pi\u017eamos medikams, mediciniai chalatai.\" \/>\n<meta property=\"og:url\" content=\"https:\/\/medaksa.lt\/en\/contacts\/\" \/>\n<meta property=\"og:site_name\" content=\"Medaksa\" \/>\n<meta property=\"article:modified_time\" content=\"2025-01-09T13:12:17+00:00\" \/>\n<meta property=\"og:image\" content=\"https:\/\/medaksa.lt\/wp-content\/uploads\/2020\/11\/cropped-Medaksa_logo-png-1.webp\" \/>\n\t<meta property=\"og:image:width\" content=\"512\" \/>\n\t<meta property=\"og:image:height\" content=\"512\" \/>\n\t<meta property=\"og:image:type\" content=\"image\/webp\" \/>\n<meta name=\"twitter:card\" content=\"summary_large_image\" \/>\n<meta name=\"twitter:label1\" content=\"Est. reading time\" \/>\n\t<meta name=\"twitter:data1\" content=\"1 minute\" \/>\n<script type=\"application\/ld+json\" class=\"yoast-schema-graph\">{\"@context\":\"https:\\\/\\\/schema.org\",\"@graph\":[{\"@type\":[\"WebPage\",\"ContactPage\"],\"@id\":\"https:\\\/\\\/medaksa.lt\\\/en\\\/contacts\\\/\",\"url\":\"https:\\\/\\\/medaksa.lt\\\/en\\\/contacts\\\/\",\"name\":\"Medicinin\u0117 Apranga Su Elastanu - Apie Medikus Pagalvota\",\"isPartOf\":{\"@id\":\"https:\\\/\\\/medaksa.lt\\\/en\\\/#website\"},\"datePublished\":\"2020-11-04T00:30:53+00:00\",\"dateModified\":\"2025-01-09T13:12:17+00:00\",\"description\":\"B\u016bkite pasiruo\u0161\u0119 pamilti savo medicinin\u0119 aprang\u0105. Stilingos pi\u017eamos medikams, mediciniai chalatai.\",\"breadcrumb\":{\"@id\":\"https:\\\/\\\/medaksa.lt\\\/en\\\/contacts\\\/#breadcrumb\"},\"inLanguage\":\"en-US\",\"potentialAction\":[{\"@type\":\"ReadAction\",\"target\":[\"https:\\\/\\\/medaksa.lt\\\/en\\\/contacts\\\/\"]}]},{\"@type\":\"BreadcrumbList\",\"@id\":\"https:\\\/\\\/medaksa.lt\\\/en\\\/contacts\\\/#breadcrumb\",\"itemListElement\":[{\"@type\":\"ListItem\",\"position\":1,\"name\":\"Home\",\"item\":\"https:\\\/\\\/medaksa.lt\\\/en\\\/\"},{\"@type\":\"ListItem\",\"position\":2,\"name\":\"Contacts\"}]},{\"@type\":\"WebSite\",\"@id\":\"https:\\\/\\\/medaksa.lt\\\/en\\\/#website\",\"url\":\"https:\\\/\\\/medaksa.lt\\\/en\\\/\",\"name\":\"Medaksa\",\"description\":\"\",\"publisher\":{\"@id\":\"https:\\\/\\\/medaksa.lt\\\/en\\\/#organization\"},\"potentialAction\":[{\"@type\":\"SearchAction\",\"target\":{\"@type\":\"EntryPoint\",\"urlTemplate\":\"https:\\\/\\\/medaksa.lt\\\/en\\\/?s={search_term_string}\"},\"query-input\":{\"@type\":\"PropertyValueSpecification\",\"valueRequired\":true,\"valueName\":\"search_term_string\"}}],\"inLanguage\":\"en-US\"},{\"@type\":\"Organization\",\"@id\":\"https:\\\/\\\/medaksa.lt\\\/en\\\/#organization\",\"name\":\"Medaksa\",\"url\":\"https:\\\/\\\/medaksa.lt\\\/en\\\/\",\"logo\":{\"@type\":\"ImageObject\",\"inLanguage\":\"en-US\",\"@id\":\"https:\\\/\\\/medaksa.lt\\\/en\\\/#\\\/schema\\\/logo\\\/image\\\/\",\"url\":\"https:\\\/\\\/medaksa.lt\\\/wp-content\\\/uploads\\\/2020\\\/11\\\/cropped-Medaksa_logo-png-1.png\",\"contentUrl\":\"https:\\\/\\\/medaksa.lt\\\/wp-content\\\/uploads\\\/2020\\\/11\\\/cropped-Medaksa_logo-png-1.png\",\"width\":512,\"height\":512,\"caption\":\"Medaksa\"},\"image\":{\"@id\":\"https:\\\/\\\/medaksa.lt\\\/en\\\/#\\\/schema\\\/logo\\\/image\\\/\"}}]}<\/script>\n<!-- \/ Yoast SEO plugin. -->","yoast_head_json":{"title":"Medicinin\u0117 Apranga Su Elastanu - Apie Medikus Pagalvota","description":"B\u016bkite pasiruo\u0161\u0119 pamilti savo medicinin\u0119 aprang\u0105. Stilingos pi\u017eamos medikams, mediciniai chalatai.","robots":{"index":"index","follow":"follow","max-snippet":"max-snippet:-1","max-image-preview":"max-image-preview:large","max-video-preview":"max-video-preview:-1"},"canonical":"https:\/\/medaksa.lt\/en\/contacts\/","og_locale":"en_US","og_type":"article","og_title":"Medicinin\u0117 Apranga Su Elastanu - Apie Medikus Pagalvota","og_description":"B\u016bkite pasiruo\u0161\u0119 pamilti savo medicinin\u0119 aprang\u0105. Stilingos pi\u017eamos medikams, mediciniai chalatai.","og_url":"https:\/\/medaksa.lt\/en\/contacts\/","og_site_name":"Medaksa","article_modified_time":"2025-01-09T13:12:17+00:00","og_image":[{"width":512,"height":512,"url":"https:\/\/medaksa.lt\/wp-content\/uploads\/2020\/11\/cropped-Medaksa_logo-png-1.webp","type":"image\/webp"}],"twitter_card":"summary_large_image","twitter_misc":{"Est. reading time":"1 minute"},"schema":{"@context":"https:\/\/schema.org","@graph":[{"@type":["WebPage","ContactPage"],"@id":"https:\/\/medaksa.lt\/en\/contacts\/","url":"https:\/\/medaksa.lt\/en\/contacts\/","name":"Medicinin\u0117 Apranga Su Elastanu - Apie Medikus Pagalvota","isPartOf":{"@id":"https:\/\/medaksa.lt\/en\/#website"},"datePublished":"2020-11-04T00:30:53+00:00","dateModified":"2025-01-09T13:12:17+00:00","description":"B\u016bkite pasiruo\u0161\u0119 pamilti savo medicinin\u0119 aprang\u0105. Stilingos pi\u017eamos medikams, mediciniai chalatai.","breadcrumb":{"@id":"https:\/\/medaksa.lt\/en\/contacts\/#breadcrumb"},"inLanguage":"en-US","potentialAction":[{"@type":"ReadAction","target":["https:\/\/medaksa.lt\/en\/contacts\/"]}]},{"@type":"BreadcrumbList","@id":"https:\/\/medaksa.lt\/en\/contacts\/#breadcrumb","itemListElement":[{"@type":"ListItem","position":1,"name":"Home","item":"https:\/\/medaksa.lt\/en\/"},{"@type":"ListItem","position":2,"name":"Contacts"}]},{"@type":"WebSite","@id":"https:\/\/medaksa.lt\/en\/#website","url":"https:\/\/medaksa.lt\/en\/","name":"Medaksa","description":"","publisher":{"@id":"https:\/\/medaksa.lt\/en\/#organization"},"potentialAction":[{"@type":"SearchAction","target":{"@type":"EntryPoint","urlTemplate":"https:\/\/medaksa.lt\/en\/?s={search_term_string}"},"query-input":{"@type":"PropertyValueSpecification","valueRequired":true,"valueName":"search_term_string"}}],"inLanguage":"en-US"},{"@type":"Organization","@id":"https:\/\/medaksa.lt\/en\/#organization","name":"Medaksa","url":"https:\/\/medaksa.lt\/en\/","logo":{"@type":"ImageObject","inLanguage":"en-US","@id":"https:\/\/medaksa.lt\/en\/#\/schema\/logo\/image\/","url":"https:\/\/medaksa.lt\/wp-content\/uploads\/2020\/11\/cropped-Medaksa_logo-png-1.png","contentUrl":"https:\/\/medaksa.lt\/wp-content\/uploads\/2020\/11\/cropped-Medaksa_logo-png-1.png","width":512,"height":512,"caption":"Medaksa"},"image":{"@id":"https:\/\/medaksa.lt\/en\/#\/schema\/logo\/image\/"}}]}},"_links":{"self":[{"href":"https:\/\/medaksa.lt\/en\/wp-json\/wp\/v2\/pages\/26068","targetHints":{"allow":["GET"]}}],"collection":[{"href":"https:\/\/medaksa.lt\/en\/wp-json\/wp\/v2\/pages"}],"about":[{"href":"https:\/\/medaksa.lt\/en\/wp-json\/wp\/v2\/types\/page"}],"author":[{"embeddable":true,"href":"https:\/\/medaksa.lt\/en\/wp-json\/wp\/v2\/users\/1"}],"replies":[{"embeddable":true,"href":"https:\/\/medaksa.lt\/en\/wp-json\/wp\/v2\/comments?post=26068"}],"version-history":[{"count":8,"href":"https:\/\/medaksa.lt\/en\/wp-json\/wp\/v2\/pages\/26068\/revisions"}],"predecessor-version":[{"id":31072,"href":"https:\/\/medaksa.lt\/en\/wp-json\/wp\/v2\/pages\/26068\/revisions\/31072"}],"wp:attachment":[{"href":"https:\/\/medaksa.lt\/en\/wp-json\/wp\/v2\/media?parent=26068"}],"curies":[{"name":"wp","href":"https:\/\/api.w.org\/{rel}","templated":true}]}}