{"id":26061,"date":"2020-11-04T03:30:53","date_gmt":"2020-11-04T00:30:53","guid":{"rendered":"https:\/\/medaksa.lt\/our-story\/"},"modified":"2024-01-07T11:52:57","modified_gmt":"2024-01-07T08:52:57","slug":"our-story","status":"publish","type":"page","link":"https:\/\/medaksa.lt\/en\/our-story\/","title":{"rendered":"Our story"},"content":{"rendered":"<p>[vc_row equal_height=&#8221;yes&#8221; content_placement=&#8221;middle&#8221;][vc_column width=&#8221;1\/2&#8243;][vc_raw_html]JTNDZGl2JTIwY2xhc3MlM0QlMjJ0ZXh0LWJveC1jb250YWluZXIlMjIlM0UlMEElMjAlMjAlM0NkaXYlMjBjbGFzcyUzRCUyMnRleHQtYm94JTIyJTNFJTBBJTIwJTIwJTIwJTIwJTNDaDQlM0VUUkFESVRJT05BTCUzQyUyRmg0JTNFJTBBJTIwJTIwJTIwJTIwJTNDaDQlM0VNRURJQ0FMJTNDJTJGaDQlM0UlMEElMjAlMjAlMjAlMjAlM0NoNCUzRUFQUEFSRUwlM0YlM0MlMkZoNCUzRSUwQSUyMCUyMCUyMCUyMCUzQ2gxJTNFTk8lM0MlMkZoMSUzRSUwQSUyMCUyMCUzQyUyRmRpdiUzRSUwQSUyMCUyMCUzQ2RpdiUyMGNsYXNzJTNEJTIydGV4dC1ib3gtMiUyMiUzRSUwQSUyMCUyMCUyMCUyMCUzQ2g0JTNFTU9ERVJOJTNDJTJGaDQlM0UlMEElMjAlMjAlMjAlMjAlM0NoNCUzRU1FRElDQUwlM0MlMkZoNCUzRSUwQSUyMCUyMCUyMCUyMCUzQ2g0JTNFQVBQQVJFTCUzRiUzQyUyRmg0JTNFJTBBJTIwJTIwJTIwJTIwJTNDaDElM0VZRVMlM0MlMkZoMSUzRSUwQSUyMCUyMCUzQyUyRmRpdiUzRSUwQSUzQyUyRmRpdiUzRQ==[\/vc_raw_html][\/vc_column][vc_column width=&#8221;1\/2&#8243;][vc_single_image image=&#8221;8740&#8243; img_size=&#8221;full&#8221;][\/vc_column][\/vc_row][vc_row][vc_column][vc_raw_html]JTNDZGl2JTIwY2xhc3MlM0QlMjJzaG9waWZ5LXNlY3Rpb24lMjBpbmRleC1zZWN0aW9uJTIwaW5kZXgtc2VjdGlvbi0tZmx1c2glMjBtYXRjaC1uYXYlMjIlM0UlM0NkaXYlMjBjbGFzcyUzRCUyMmhvbWUtc2xpZGVzaG93JTIyJTNFJTIwJTNDZGl2JTIwY2xhc3MlM0QlMjJmbHVpZC13aWR0aC12aWRlby13cmFwcGVyJTIyJTIwc3R5bGUlM0QlMjJiYWNrZ3JvdW5kLWNvbG9yJTNBJTIwdHJhbnNwYXJlbnQlM0IlMjIlM0UlMEElMjAlMjAlMjAlMjAlMjAlMjAlMjAlMjAlMjAlMjAlMjAlMjAlMjAlMjAlMjAlMjAlM0N2aWRlbyUyMGNsYXNzJTNEJTIydmlkZW8lMjIlMjBtdXRlZCUzRCUyMiUyMiUyMHBsYXlzaW5saW5lJTNEJTIyJTIyJTIwcHJlbG9hZCUzRCUyMm5vbmUlMjIlMjBhdXRvcGxheSUzRCUyMiUyMiUyMGxvb3AlM0QlMjIlMjIlM0UlMEElMjAlMjAlMjAlMjAlMjAlMjAlMjAlMjAlMjAlMjAlMjAlMjAlMjAlMjAlMjAlMjAlMjAlMjAlM0Nzb3VyY2UlMjB0eXBlJTNEJTIydmlkZW8lMkZtcDQlMjIlMjBzcmMlM0QlMjIlMkZ3cC1jb250ZW50JTJGdXBsb2FkcyUyRjIwMjAlMkYxMSUyRk1lZGFrc2FfNzIwcC5tcDQlMjIlM0UlMEElMjAlMjAlMjAlMjAlMjAlMjAlMjAlMjAlMjAlMjAlMjAlMjAlMjAlMjAlMjAlMjAlM0MlMkZ2aWRlbyUzRSUwQSUyMCUyMCUyMCUyMCUyMCUyMCUyMCUyMCUyMCUyMCUyMCUyMCUyMCUyMCUzQyUyRmRpdiUzRSUwQSUzQyUyRmRpdiUzRSUwQSUzQyUyRmRpdiUzRSUwQSUyMCUyMCUyMCUyMCUyMCUyMCUyMCUyMCUyMCUyMCUyMCUyMA==[\/vc_raw_html][\/vc_column][\/vc_row][vc_row][vc_column width=&#8221;1\/2&#8243;][\/vc_column][vc_column width=&#8221;1\/2&#8243;][\/vc_column][\/vc_row][vc_row equal_height=&#8221;yes&#8221; content_placement=&#8221;middle&#8221;][vc_column width=&#8221;1\/2&#8243;][vc_raw_html]JTNDZGl2JTIwY2xhc3MlM0QlMjJmZWF0dXJlLXJvd19faXRlbSUyMGZlYXR1cmUtcm93X190ZXh0JTIwZmVhdHVyZS1yb3dfX3RleHQtLXJpZ2h0JTIyJTNFJTBBJTIwJTIwJTNDaDIlMjBjbGFzcyUzRCUyMmgzJTIyJTNFSGlnaGVzdCUyMFF1YWxpdHklMjBNYXRlcmlhbCUzQyUyRmgyJTNFJTBBJTIwJTIwJTNDZGl2JTIwY2xhc3MlM0QlMjJydGUlMjBydGUtc2V0dGluZyUyMGZlYXR1cmVkLXJvd19fc3VidGV4dCUyMiUzRSUwQSUyMCUyMCUyMCUyMEhlYXZlbmx5JTIwc29mdCUyQyUyMHRlbmRlciUyQyUyMGFuZCUyMG5vbi1yZXN0cmljdGl2ZSUyMGZhYnJpYyUyQyUyMHdoaWNoJTIwaGFzJTIwYmVlbiUyMHNlbGVjdGVkJTIwb3ZlciUyMGhhbGYlMjBhJTIweWVhciUyQyUyMHNvJTIwd2UlMjBjYW4lMjBjb25maWRlbnRseSUyMHNheSUyMHRoYXQlMjBpdCUyMHdpbGwlMjBiZSUyMGhhcmQlMjB0byUyMGZpbmQlMjBtb3JlJTIwY29tZm9ydGFibGUlMjBhcHBhcmVsLiUyMENsb3RoaW5nJTIwc3VpdGFibGUlMjBmb3IlMjBldmVyeWRheSUyMHdlYXIlMjBpcyUyMG5vdCUyMG9ubHklMjBicmVhdGhhYmxlJTIwYWxvbmclMjB3aXRoJTIweW91JTIwYnV0JTIwYWxzbyUyMGhhcyUyMGFuJTIwaW50cmljYXRlJTIwZGVzaWduLiUwQSUyMCUyMCUzQyUyRmRpdiUzRSUwQSUzQyUyRmRpdiUzRQ==[\/vc_raw_html][\/vc_column][vc_column width=&#8221;1\/2&#8243;][vc_single_image image=&#8221;230&#8243; img_size=&#8221;full&#8221;][\/vc_column][\/vc_row][vc_row equal_height=&#8221;yes&#8221; content_placement=&#8221;middle&#8221;][vc_column width=&#8221;1\/2&#8243;][vc_single_image image=&#8221;231&#8243; img_size=&#8221;full&#8221;][\/vc_column][vc_column width=&#8221;1\/2&#8243;][vc_raw_html]JTNDZGl2JTIwY2xhc3MlM0QlMjJmZWF0dXJlLXJvd19faXRlbSUyMGZlYXR1cmUtcm93X190ZXh0JTIwZmVhdHVyZS1yb3dfX3RleHQtLWxlZnQlMjIlM0UlMEElMjAlMjAlMjAlMjAlMjAlMjAlMjAlMjAlMEElMjAlMjAlMjAlMjAlMjAlMjAlMjAlMjAlMEElMjAlMjAlMjAlMjAlMjAlMjAlMjAlM0NkaXYlMjBjbGFzcyUzRCUyMnJ0ZSUyMHJ0ZS1zZXR0aW5nJTIwZmVhdHVyZWQtcm93X19zdWJ0ZXh0JTIyJTNFJTBBJTIwJTIwJTNDcCUzRU15JTIwc3Ryb25nZXN0JTIwcXVhbGl0eSUyMGlzJTIwdGhvcm91Z2huZXNzLiUyMFNvJTIwd2hlbiUyMEklMjBzZXQlMjBvdXQlMjB0byUyMGNyZWF0ZSUyMHNvbWV0aGluZy4uLiUyMEV2ZXJ5JTIwbGl0dGxlJTIwZGV0YWlsJTIwYW5kJTIwcGFydCUyMHJldmVhbHMlMjAtJTIwYSUyMGxvdCUyMG9mJTIwdGhvdWdodCUyQyUyMHdvcmslMkMlMjBhbmQlMjBlZmZvcnQlMjBoYXMlMjBiZWVuJTIwcHV0JTIwaW4uJTI2bmJzcCUzQiUzQyUyRnAlM0UlMEElMjAlMjAlM0NwJTNFJTNDJTJGcCUzRSUwQSUyMCUyMCUzQ3AlM0VJJTIwZmVlbCUyMGltbWVuc2UlMjByZXNwZWN0JTIwYW5kJTIwYW0lMjBncmVhdGx5JTIwZmFzY2luYXRlZCUyMGJ5JTIwcmVwcmVzZW50YXRpdmVzJTIwb2YlMjBzdWNoJTIwYSUyMGNvbXBsZXglMjBwcm9mZXNzaW9uJTJDJTIwbm90JTIwb25seSUyMG1vcmFsbHklMkMlMjBidXQlMjBhbHNvJTIwcGh5c2ljYWxseSUyQyUyMGJlY2F1c2UlMjB1bmVxdWl2b2NhbGx5JTIwLSUyMGl0JTIwaXMlMjBhJTIwY2FsbGluZy4lMjBBbG9uZyUyMHdpdGglMjB0aGVzZSUyMGVtb3Rpb25zJTIwY2FtZSUyMHRoZSUyMGRlc2lyZSUyMHRvJTIwdGFrZSUyMGNhcmUlMjBvZiUyMFlPVS4lM0MlMkZwJTNFJTBBJTIwJTIwJTNDcCUzRSUzQyUyRnAlM0UlMEElMjAlMjAlM0NwJTNFSSUyMGhhdmUlMjBiZWVuJTIwd2Fsa2luZyUyMHN0ZXAlMjBieSUyMHN0ZXAlMjB3aXRoJTIwdGhlJTIwbWVkaWNhbCUyMGZpZWxkJTIwZm9yJTIwbWFueSUyMHllYXJzJTJDJTIwc28lMjBpdCUyMHdhcyUyMG9ubHklMjBhJTIwbWF0dGVyJTIwb2YlMjB0aW1lJTIwYmVmb3JlJTIwdGhlcmUlMjBhcm9zZSUyMGElMjBuZWVkJTIwdG8lMjBhZG9ybiUyMG1lZGljcyUyMG5vdCUyMGp1c3QlMjB3aXRoJTIwYWNjZXNzb3JpZXMlMkMlMjBidXQlMjBhbHNvJTIwd2l0aCUyMGV2ZXJ5ZGF5JTIwd29yayUyMGF0dGlyZS4lMjZuYnNwJTNCJTNDJTJGcCUzRSUwQSUyMCUyMCUzQ3AlM0UlM0MlMkZwJTNFJTBBJTIwJTIwJTNDcCUzRVNvLi4uJTIwTXklMjB3b25kZXJmdWwlMjB0ZWFtJTIwYW5kJTIwSSUyMGhhdmUlMjBjcmVhdGVkJTIwbWVkaWNhbCUyMGFwcGFyZWwlMkMlMjBjb25zaWRlcmluZyUyMHlvdXIlMjBkYWlseSUyMHdvcmslMjBuZWVkcy4lMjBJdCUyMGlzJTIwbWFkZSUyMG9mJTIwaGVhdmVubHklMjBzb2Z0JTIwYW5kJTIwdGVuZGVyJTJDJTIwYnJlYXRoYWJsZSUyQyUyMGFuZCUyMG5vbi1yZXN0cmljdGl2ZSUyMG1hdGVyaWFsLiUyMEl0cyUyMGNvbXBvc2l0aW9uJTIwYW5kJTIwZGVzaWduJTIwaGF2ZSUyMGJlZW4lMjBzZWxlY3RlZCUyMGFuZCUyMHRlc3RlZCUyMGZvciUyMG92ZXIlMjBoYWxmJTIwYSUyMHllYXIlMkMlMjBzbyUyMEklMjBjYW4lMjBjb25maWRlbnRseSUyMHNheSUyMHRoYXQlMjBpdCUyMHdpbGwlMjBiZSUyMGRpZmZpY3VsdCUyMHRvJTIwZmluZCUyMG1vcmUlMjBjb21mb3J0YWJsZSUyMG1lZGljYWwlMjBhcHBhcmVsJTIwLSUyMGl0JTIwc3VpdHMlMjBldmVyeWRheSUyMHdlYXIlMjBhbmQlMjBtb3ZlcyUyMGFsb25nJTIwd2l0aCUyMFlvdS4lM0MlMkZwJTNFJTBBJTIwJTIwJTNDcCUzRSUzQyUyRnAlM0UlMEElMjAlMjAlM0NwJTNFQmUlMjBwcmVwYXJlZCUyMHRvJTIwZmFsbCUyMGluJTIwbG92ZSUyMHdpdGglMjB5b3VyJTIwbWVkaWNhbCUyMGFwcGFyZWwuJTNDJTJGcCUzRSUwQSUyMCUyMCUzQ3AlM0UlM0MlMkZwJTNFJTBBJTIwJTIwJTNDcCUzRSUzQ3N0cm9uZyUzRUZvdW5kZXIlMjBvZiUyME1lZGFrc2ElMkMlM0MlMkZzdHJvbmclM0UlM0MlMkZwJTNFJTBBJTIwJTIwJTNDcCUzRSUzQ3N0cm9uZyUzRUxpdWNpbmElM0MlMkZzdHJvbmclM0UlM0MlMkZwJTNFJTBBJTNDJTJGZGl2JTNFJTBBJTIwJTIwJTIwJTIwJTIwJTIwJTIwJTIwJTBBJTIwJTIwJTIwJTIwJTIwJTIwJTIwJTIwJTBBJTIwJTIwJTIwJTIwJTIwJTIwJTNDJTJGZGl2JTNF[\/vc_raw_html][\/vc_column][\/vc_row][vc_row][vc_column width=&#8221;1\/2&#8243;][\/vc_column][vc_column width=&#8221;1\/2&#8243;][\/vc_column][\/vc_row]<\/p>\n","protected":false},"excerpt":{"rendered":"<p>[vc_row equal_height=&#8221;yes&#8221; content_placement=&#8221;middle&#8221;][vc_column width=&#8221;1\/2&#8243;][vc_raw_html]JTNDZGl2JTIwY2xhc3MlM0QlMjJ0ZXh0LWJveC1jb250YWluZXIlMjIlM0UlMEElMjAlMjAlM0NkaXYlMjBjbGFzcyUzRCUyMnRleHQtYm94JTIyJTNFJTBBJTIwJTIwJTIwJTIwJTNDaDQlM0VUUkFESVRJT05BTCUzQyUyRmg0JTNFJTBBJTIwJTIwJTIwJTIwJTNDaDQlM0VNRURJQ0FMJTNDJTJGaDQlM0UlMEElMjAlMjAlMjAlMjAlM0NoNCUzRUFQUEFSRUwlM0YlM0MlMkZoNCUzRSUwQSUyMCUyMCUyMCUyMCUzQ2gxJTNFTk8lM0MlMkZoMSUzRSUwQSUyMCUyMCUzQyUyRmRpdiUzRSUwQSUyMCUyMCUzQ2RpdiUyMGNsYXNzJTNEJTIydGV4dC1ib3gtMiUyMiUzRSUwQSUyMCUyMCUyMCUyMCUzQ2g0JTNFTU9ERVJOJTNDJTJGaDQlM0UlMEElMjAlMjAlMjAlMjAlM0NoNCUzRU1FRElDQUwlM0MlMkZoNCUzRSUwQSUyMCUyMCUyMCUyMCUzQ2g0JTNFQVBQQVJFTCUzRiUzQyUyRmg0JTNFJTBBJTIwJTIwJTIwJTIwJTNDaDElM0VZRVMlM0MlMkZoMSUzRSUwQSUyMCUyMCUzQyUyRmRpdiUzRSUwQSUzQyUyRmRpdiUzRQ==[\/vc_raw_html][\/vc_column][vc_column width=&#8221;1\/2&#8243;][vc_single_image image=&#8221;8740&#8243; img_size=&#8221;full&#8221;][\/vc_column][\/vc_row][vc_row][vc_column][vc_raw_html]JTNDZGl2JTIwY2xhc3MlM0QlMjJzaG9waWZ5LXNlY3Rpb24lMjBpbmRleC1zZWN0aW9uJTIwaW5kZXgtc2VjdGlvbi0tZmx1c2glMjBtYXRjaC1uYXYlMjIlM0UlM0NkaXYlMjBjbGFzcyUzRCUyMmhvbWUtc2xpZGVzaG93JTIyJTNFJTIwJTNDZGl2JTIwY2xhc3MlM0QlMjJmbHVpZC13aWR0aC12aWRlby13cmFwcGVyJTIyJTIwc3R5bGUlM0QlMjJiYWNrZ3JvdW5kLWNvbG9yJTNBJTIwdHJhbnNwYXJlbnQlM0IlMjIlM0UlMEElMjAlMjAlMjAlMjAlMjAlMjAlMjAlMjAlMjAlMjAlMjAlMjAlMjAlMjAlMjAlMjAlM0N2aWRlbyUyMGNsYXNzJTNEJTIydmlkZW8lMjIlMjBtdXRlZCUzRCUyMiUyMiUyMHBsYXlzaW5saW5lJTNEJTIyJTIyJTIwcHJlbG9hZCUzRCUyMm5vbmUlMjIlMjBhdXRvcGxheSUzRCUyMiUyMiUyMGxvb3AlM0QlMjIlMjIlM0UlMEElMjAlMjAlMjAlMjAlMjAlMjAlMjAlMjAlMjAlMjAlMjAlMjAlMjAlMjAlMjAlMjAlMjAlMjAlM0Nzb3VyY2UlMjB0eXBlJTNEJTIydmlkZW8lMkZtcDQlMjIlMjBzcmMlM0QlMjIlMkZ3cC1jb250ZW50JTJGdXBsb2FkcyUyRjIwMjAlMkYxMSUyRk1lZGFrc2FfNzIwcC5tcDQlMjIlM0UlMEElMjAlMjAlMjAlMjAlMjAlMjAlMjAlMjAlMjAlMjAlMjAlMjAlMjAlMjAlMjAlMjAlM0MlMkZ2aWRlbyUzRSUwQSUyMCUyMCUyMCUyMCUyMCUyMCUyMCUyMCUyMCUyMCUyMCUyMCUyMCUyMCUzQyUyRmRpdiUzRSUwQSUzQyUyRmRpdiUzRSUwQSUzQyUyRmRpdiUzRSUwQSUyMCUyMCUyMCUyMCUyMCUyMCUyMCUyMCUyMCUyMCUyMCUyMA==[\/vc_raw_html][\/vc_column][\/vc_row][vc_row][vc_column width=&#8221;1\/2&#8243;][\/vc_column][vc_column width=&#8221;1\/2&#8243;][\/vc_column][\/vc_row][vc_row equal_height=&#8221;yes&#8221; content_placement=&#8221;middle&#8221;][vc_column width=&#8221;1\/2&#8243;][vc_raw_html]JTNDZGl2JTIwY2xhc3MlM0QlMjJmZWF0dXJlLXJvd19faXRlbSUyMGZlYXR1cmUtcm93X190ZXh0JTIwZmVhdHVyZS1yb3dfX3RleHQtLXJpZ2h0JTIyJTNFJTBBJTIwJTIwJTNDaDIlMjBjbGFzcyUzRCUyMmgzJTIyJTNFSGlnaGVzdCUyMFF1YWxpdHklMjBNYXRlcmlhbCUzQyUyRmgyJTNFJTBBJTIwJTIwJTNDZGl2JTIwY2xhc3MlM0QlMjJydGUlMjBydGUtc2V0dGluZyUyMGZlYXR1cmVkLXJvd19fc3VidGV4dCUyMiUzRSUwQSUyMCUyMCUyMCUyMEhlYXZlbmx5JTIwc29mdCUyQyUyMHRlbmRlciUyQyUyMGFuZCUyMG5vbi1yZXN0cmljdGl2ZSUyMGZhYnJpYyUyQyUyMHdoaWNoJTIwaGFzJTIwYmVlbiUyMHNlbGVjdGVkJTIwb3ZlciUyMGhhbGYlMjBhJTIweWVhciUyQyUyMHNvJTIwd2UlMjBjYW4lMjBjb25maWRlbnRseSUyMHNheSUyMHRoYXQlMjBpdCUyMHdpbGwlMjBiZSUyMGhhcmQlMjB0byUyMGZpbmQlMjBtb3JlJTIwY29tZm9ydGFibGUlMjBhcHBhcmVsLiUyMENsb3RoaW5nJTIwc3VpdGFibGUlMjBmb3IlMjBldmVyeWRheSUyMHdlYXIlMjBpcyUyMG5vdCUyMG9ubHklMjBicmVhdGhhYmxlJTIwYWxvbmclMjB3aXRoJTIweW91JTIwYnV0JTIwYWxzbyUyMGhhcyUyMGFuJTIwaW50cmljYXRlJTIwZGVzaWduLiUwQSUyMCUyMCUzQyUyRmRpdiUzRSUwQSUzQyUyRmRpdiUzRQ==[\/vc_raw_html][\/vc_column][vc_column width=&#8221;1\/2&#8243;][vc_single_image image=&#8221;230&#8243; img_size=&#8221;full&#8221;][\/vc_column][\/vc_row][vc_row equal_height=&#8221;yes&#8221; content_placement=&#8221;middle&#8221;][vc_column width=&#8221;1\/2&#8243;][vc_single_image image=&#8221;231&#8243; img_size=&#8221;full&#8221;][\/vc_column][vc_column width=&#8221;1\/2&#8243;][vc_raw_html]JTNDZGl2JTIwY2xhc3MlM0QlMjJmZWF0dXJlLXJvd19faXRlbSUyMGZlYXR1cmUtcm93X190ZXh0JTIwZmVhdHVyZS1yb3dfX3RleHQtLWxlZnQlMjIlM0UlMEElMjAlMjAlMjAlMjAlMjAlMjAlMjAlMjAlMEElMjAlMjAlMjAlMjAlMjAlMjAlMjAlMjAlMEElMjAlMjAlMjAlMjAlMjAlMjAlMjAlM0NkaXYlMjBjbGFzcyUzRCUyMnJ0ZSUyMHJ0ZS1zZXR0aW5nJTIwZmVhdHVyZWQtcm93X19zdWJ0ZXh0JTIyJTNFJTBBJTIwJTIwJTNDcCUzRU15JTIwc3Ryb25nZXN0JTIwcXVhbGl0eSUyMGlzJTIwdGhvcm91Z2huZXNzLiUyMFNvJTIwd2hlbiUyMEklMjBzZXQlMjBvdXQlMjB0byUyMGNyZWF0ZSUyMHNvbWV0aGluZy4uLiUyMEV2ZXJ5JTIwbGl0dGxlJTIwZGV0YWlsJTIwYW5kJTIwcGFydCUyMHJldmVhbHMlMjAtJTIwYSUyMGxvdCUyMG9mJTIwdGhvdWdodCUyQyUyMHdvcmslMkMlMjBhbmQlMjBlZmZvcnQlMjBoYXMlMjBiZWVuJTIwcHV0JTIwaW4uJTI2bmJzcCUzQiUzQyUyRnAlM0UlMEElMjAlMjAlM0NwJTNFJTNDJTJGcCUzRSUwQSUyMCUyMCUzQ3AlM0VJJTIwZmVlbCUyMGltbWVuc2UlMjByZXNwZWN0JTIwYW5kJTIwYW0lMjBncmVhdGx5JTIwZmFzY2luYXRlZCUyMGJ5JTIwcmVwcmVzZW50YXRpdmVzJTIwb2YlMjBzdWNoJTIwYSUyMGNvbXBsZXglMjBwcm9mZXNzaW9uJTJDJTIwbm90JTIwb25seSUyMG1vcmFsbHklMkMlMjBidXQlMjBhbHNvJTIwcGh5c2ljYWxseSUyQyUyMGJlY2F1c2UlMjB1bmVxdWl2b2NhbGx5JTIwLSUyMGl0JTIwaXMlMjBhJTIwY2FsbGluZy4lMjBBbG9uZyUyMHdpdGglMjB0aGVzZSUyMGVtb3Rpb25zJTIwY2FtZSUyMHRoZSUyMGRlc2lyZSUyMHRvJTIwdGFrZSUyMGNhcmUlMjBvZiUyMFlPVS4lM0MlMkZwJTNFJTBBJTIwJTIwJTNDcCUzRSUzQyUyRnAlM0UlMEElMjAlMjAlM0NwJTNFSSUyMGhhdmUlMjBiZWVuJTIwd2Fsa2luZyUyMHN0ZXAlMjBieSUyMHN0ZXAlMjB3aXRoJTIwdGhlJTIwbWVkaWNhbCUyMGZpZWxkJTIwZm9yJTIwbWFueSUyMHllYXJzJTJDJTIwc28lMjBpdCUyMHdhcyUyMG9ubHklMjBhJTIwbWF0dGVyJTIwb2YlMjB0aW1lJTIwYmVmb3JlJTIwdGhlcmUlMjBhcm9zZSUyMGElMjBuZWVkJTIwdG8lMjBhZG9ybiUyMG1lZGljcyUyMG5vdCUyMGp1c3QlMjB3aXRoJTIwYWNjZXNzb3JpZXMlMkMlMjBidXQlMjBhbHNvJTIwd2l0aCUyMGV2ZXJ5ZGF5JTIwd29yayUyMGF0dGlyZS4lMjZuYnNwJTNCJTNDJTJGcCUzRSUwQSUyMCUyMCUzQ3AlM0UlM0MlMkZwJTNFJTBBJTIwJTIwJTNDcCUzRVNvLi4uJTIwTXklMjB3b25kZXJmdWwlMjB0ZWFtJTIwYW5kJTIwSSUyMGhhdmUlMjBjcmVhdGVkJTIwbWVkaWNhbCUyMGFwcGFyZWwlMkMlMjBjb25zaWRlcmluZyUyMHlvdXIlMjBkYWlseSUyMHdvcmslMjBuZWVkcy4lMjBJdCUyMGlzJTIwbWFkZSUyMG9mJTIwaGVhdmVubHklMjBzb2Z0JTIwYW5kJTIwdGVuZGVyJTJDJTIwYnJlYXRoYWJsZSUyQyUyMGFuZCUyMG5vbi1yZXN0cmljdGl2ZSUyMG1hdGVyaWFsLiUyMEl0cyUyMGNvbXBvc2l0aW9uJTIwYW5kJTIwZGVzaWduJTIwaGF2ZSUyMGJlZW4lMjBzZWxlY3RlZCUyMGFuZCUyMHRlc3RlZCUyMGZvciUyMG92ZXIlMjBoYWxmJTIwYSUyMHllYXIlMkMlMjBzbyUyMEklMjBjYW4lMjBjb25maWRlbnRseSUyMHNheSUyMHRoYXQlMjBpdCUyMHdpbGwlMjBiZSUyMGRpZmZpY3VsdCUyMHRvJTIwZmluZCUyMG1vcmUlMjBjb21mb3J0YWJsZSUyMG1lZGljYWwlMjBhcHBhcmVsJTIwLSUyMGl0JTIwc3VpdHMlMjBldmVyeWRheSUyMHdlYXIlMjBhbmQlMjBtb3ZlcyUyMGFsb25nJTIwd2l0aCUyMFlvdS4lM0MlMkZwJTNFJTBBJTIwJTIwJTNDcCUzRSUzQyUyRnAlM0UlMEElMjAlMjAlM0NwJTNFQmUlMjBwcmVwYXJlZCUyMHRvJTIwZmFsbCUyMGluJTIwbG92ZSUyMHdpdGglMjB5b3VyJTIwbWVkaWNhbCUyMGFwcGFyZWwuJTNDJTJGcCUzRSUwQSUyMCUyMCUzQ3AlM0UlM0MlMkZwJTNFJTBBJTIwJTIwJTNDcCUzRSUzQ3N0cm9uZyUzRUZvdW5kZXIlMjBvZiUyME1lZGFrc2ElMkMlM0MlMkZzdHJvbmclM0UlM0MlMkZwJTNFJTBBJTIwJTIwJTNDcCUzRSUzQ3N0cm9uZyUzRUxpdWNpbmElM0MlMkZzdHJvbmclM0UlM0MlMkZwJTNFJTBBJTNDJTJGZGl2JTNFJTBBJTIwJTIwJTIwJTIwJTIwJTIwJTIwJTIwJTBBJTIwJTIwJTIwJTIwJTIwJTIwJTIwJTIwJTBBJTIwJTIwJTIwJTIwJTIwJTIwJTNDJTJGZGl2JTNF[\/vc_raw_html][\/vc_column][\/vc_row][vc_row][vc_column width=&#8221;1\/2&#8243;][\/vc_column][vc_column width=&#8221;1\/2&#8243;][\/vc_column][\/vc_row]<\/p>\n","protected":false},"author":1,"featured_media":0,"parent":0,"menu_order":17,"comment_status":"closed","ping_status":"open","template":"template-apie-mus.php","meta":{"_acf_changed":false,"footnotes":""},"class_list":["post-26061","page","type-page","status-publish","hentry"],"acf":[],"yoast_head":"<!-- This site is optimized with the Yoast SEO plugin v27.4 - https:\/\/yoast.com\/product\/yoast-seo-wordpress\/ -->\n<title>Medaksa - Apie Mus - Patogiausia Medicinin\u0117 Apranga<\/title>\n<meta name=\"description\" content=\"Med. apranga pagaminta Lietuvoje, pi\u017eamos, medicininiai chalatai - pagalvota apie patogum\u0105 ir funkcionalum\u0105. Stilingi medicinos r\u016bbai.\" \/>\n<meta name=\"robots\" content=\"index, follow, max-snippet:-1, max-image-preview:large, max-video-preview:-1\" \/>\n<link rel=\"canonical\" href=\"https:\/\/medaksa.lt\/en\/our-story\/\" \/>\n<meta property=\"og:locale\" content=\"en_US\" \/>\n<meta property=\"og:type\" content=\"article\" \/>\n<meta property=\"og:title\" content=\"Medaksa - Apie Mus - Patogiausia Medicinin\u0117 Apranga\" \/>\n<meta property=\"og:description\" content=\"Med. apranga pagaminta Lietuvoje, pi\u017eamos, medicininiai chalatai - pagalvota apie patogum\u0105 ir funkcionalum\u0105. Stilingi medicinos r\u016bbai.\" \/>\n<meta property=\"og:url\" content=\"https:\/\/medaksa.lt\/en\/our-story\/\" \/>\n<meta property=\"og:site_name\" content=\"Medaksa\" \/>\n<meta property=\"article:modified_time\" content=\"2024-01-07T08:52:57+00:00\" \/>\n<meta property=\"og:image\" content=\"https:\/\/medaksa.lt\/wp-content\/uploads\/2020\/11\/cropped-Medaksa_logo-png-1.webp\" \/>\n\t<meta property=\"og:image:width\" content=\"512\" \/>\n\t<meta property=\"og:image:height\" content=\"512\" \/>\n\t<meta property=\"og:image:type\" content=\"image\/webp\" \/>\n<meta name=\"twitter:card\" content=\"summary_large_image\" \/>\n<meta name=\"twitter:label1\" content=\"Est. reading time\" \/>\n\t<meta name=\"twitter:data1\" content=\"1 minute\" \/>\n<script type=\"application\/ld+json\" class=\"yoast-schema-graph\">{\"@context\":\"https:\\\/\\\/schema.org\",\"@graph\":[{\"@type\":[\"WebPage\",\"AboutPage\"],\"@id\":\"https:\\\/\\\/medaksa.lt\\\/en\\\/our-story\\\/\",\"url\":\"https:\\\/\\\/medaksa.lt\\\/en\\\/our-story\\\/\",\"name\":\"Medaksa - Apie Mus - Patogiausia Medicinin\u0117 Apranga\",\"isPartOf\":{\"@id\":\"https:\\\/\\\/medaksa.lt\\\/en\\\/#website\"},\"datePublished\":\"2020-11-04T00:30:53+00:00\",\"dateModified\":\"2024-01-07T08:52:57+00:00\",\"description\":\"Med. apranga pagaminta Lietuvoje, pi\u017eamos, medicininiai chalatai - pagalvota apie patogum\u0105 ir funkcionalum\u0105. Stilingi medicinos r\u016bbai.\",\"breadcrumb\":{\"@id\":\"https:\\\/\\\/medaksa.lt\\\/en\\\/our-story\\\/#breadcrumb\"},\"inLanguage\":\"en-US\",\"potentialAction\":[{\"@type\":\"ReadAction\",\"target\":[\"https:\\\/\\\/medaksa.lt\\\/en\\\/our-story\\\/\"]}]},{\"@type\":\"BreadcrumbList\",\"@id\":\"https:\\\/\\\/medaksa.lt\\\/en\\\/our-story\\\/#breadcrumb\",\"itemListElement\":[{\"@type\":\"ListItem\",\"position\":1,\"name\":\"Home\",\"item\":\"https:\\\/\\\/medaksa.lt\\\/en\\\/\"},{\"@type\":\"ListItem\",\"position\":2,\"name\":\"Our story\"}]},{\"@type\":\"WebSite\",\"@id\":\"https:\\\/\\\/medaksa.lt\\\/en\\\/#website\",\"url\":\"https:\\\/\\\/medaksa.lt\\\/en\\\/\",\"name\":\"Medaksa\",\"description\":\"\",\"publisher\":{\"@id\":\"https:\\\/\\\/medaksa.lt\\\/en\\\/#organization\"},\"potentialAction\":[{\"@type\":\"SearchAction\",\"target\":{\"@type\":\"EntryPoint\",\"urlTemplate\":\"https:\\\/\\\/medaksa.lt\\\/en\\\/?s={search_term_string}\"},\"query-input\":{\"@type\":\"PropertyValueSpecification\",\"valueRequired\":true,\"valueName\":\"search_term_string\"}}],\"inLanguage\":\"en-US\"},{\"@type\":\"Organization\",\"@id\":\"https:\\\/\\\/medaksa.lt\\\/en\\\/#organization\",\"name\":\"Medaksa\",\"url\":\"https:\\\/\\\/medaksa.lt\\\/en\\\/\",\"logo\":{\"@type\":\"ImageObject\",\"inLanguage\":\"en-US\",\"@id\":\"https:\\\/\\\/medaksa.lt\\\/en\\\/#\\\/schema\\\/logo\\\/image\\\/\",\"url\":\"https:\\\/\\\/medaksa.lt\\\/wp-content\\\/uploads\\\/2020\\\/11\\\/cropped-Medaksa_logo-png-1.png\",\"contentUrl\":\"https:\\\/\\\/medaksa.lt\\\/wp-content\\\/uploads\\\/2020\\\/11\\\/cropped-Medaksa_logo-png-1.png\",\"width\":512,\"height\":512,\"caption\":\"Medaksa\"},\"image\":{\"@id\":\"https:\\\/\\\/medaksa.lt\\\/en\\\/#\\\/schema\\\/logo\\\/image\\\/\"}}]}<\/script>\n<!-- \/ Yoast SEO plugin. -->","yoast_head_json":{"title":"Medaksa - Apie Mus - Patogiausia Medicinin\u0117 Apranga","description":"Med. apranga pagaminta Lietuvoje, pi\u017eamos, medicininiai chalatai - pagalvota apie patogum\u0105 ir funkcionalum\u0105. Stilingi medicinos r\u016bbai.","robots":{"index":"index","follow":"follow","max-snippet":"max-snippet:-1","max-image-preview":"max-image-preview:large","max-video-preview":"max-video-preview:-1"},"canonical":"https:\/\/medaksa.lt\/en\/our-story\/","og_locale":"en_US","og_type":"article","og_title":"Medaksa - Apie Mus - Patogiausia Medicinin\u0117 Apranga","og_description":"Med. apranga pagaminta Lietuvoje, pi\u017eamos, medicininiai chalatai - pagalvota apie patogum\u0105 ir funkcionalum\u0105. Stilingi medicinos r\u016bbai.","og_url":"https:\/\/medaksa.lt\/en\/our-story\/","og_site_name":"Medaksa","article_modified_time":"2024-01-07T08:52:57+00:00","og_image":[{"width":512,"height":512,"url":"https:\/\/medaksa.lt\/wp-content\/uploads\/2020\/11\/cropped-Medaksa_logo-png-1.webp","type":"image\/webp"}],"twitter_card":"summary_large_image","twitter_misc":{"Est. reading time":"1 minute"},"schema":{"@context":"https:\/\/schema.org","@graph":[{"@type":["WebPage","AboutPage"],"@id":"https:\/\/medaksa.lt\/en\/our-story\/","url":"https:\/\/medaksa.lt\/en\/our-story\/","name":"Medaksa - Apie Mus - Patogiausia Medicinin\u0117 Apranga","isPartOf":{"@id":"https:\/\/medaksa.lt\/en\/#website"},"datePublished":"2020-11-04T00:30:53+00:00","dateModified":"2024-01-07T08:52:57+00:00","description":"Med. apranga pagaminta Lietuvoje, pi\u017eamos, medicininiai chalatai - pagalvota apie patogum\u0105 ir funkcionalum\u0105. Stilingi medicinos r\u016bbai.","breadcrumb":{"@id":"https:\/\/medaksa.lt\/en\/our-story\/#breadcrumb"},"inLanguage":"en-US","potentialAction":[{"@type":"ReadAction","target":["https:\/\/medaksa.lt\/en\/our-story\/"]}]},{"@type":"BreadcrumbList","@id":"https:\/\/medaksa.lt\/en\/our-story\/#breadcrumb","itemListElement":[{"@type":"ListItem","position":1,"name":"Home","item":"https:\/\/medaksa.lt\/en\/"},{"@type":"ListItem","position":2,"name":"Our story"}]},{"@type":"WebSite","@id":"https:\/\/medaksa.lt\/en\/#website","url":"https:\/\/medaksa.lt\/en\/","name":"Medaksa","description":"","publisher":{"@id":"https:\/\/medaksa.lt\/en\/#organization"},"potentialAction":[{"@type":"SearchAction","target":{"@type":"EntryPoint","urlTemplate":"https:\/\/medaksa.lt\/en\/?s={search_term_string}"},"query-input":{"@type":"PropertyValueSpecification","valueRequired":true,"valueName":"search_term_string"}}],"inLanguage":"en-US"},{"@type":"Organization","@id":"https:\/\/medaksa.lt\/en\/#organization","name":"Medaksa","url":"https:\/\/medaksa.lt\/en\/","logo":{"@type":"ImageObject","inLanguage":"en-US","@id":"https:\/\/medaksa.lt\/en\/#\/schema\/logo\/image\/","url":"https:\/\/medaksa.lt\/wp-content\/uploads\/2020\/11\/cropped-Medaksa_logo-png-1.png","contentUrl":"https:\/\/medaksa.lt\/wp-content\/uploads\/2020\/11\/cropped-Medaksa_logo-png-1.png","width":512,"height":512,"caption":"Medaksa"},"image":{"@id":"https:\/\/medaksa.lt\/en\/#\/schema\/logo\/image\/"}}]}},"_links":{"self":[{"href":"https:\/\/medaksa.lt\/en\/wp-json\/wp\/v2\/pages\/26061","targetHints":{"allow":["GET"]}}],"collection":[{"href":"https:\/\/medaksa.lt\/en\/wp-json\/wp\/v2\/pages"}],"about":[{"href":"https:\/\/medaksa.lt\/en\/wp-json\/wp\/v2\/types\/page"}],"author":[{"embeddable":true,"href":"https:\/\/medaksa.lt\/en\/wp-json\/wp\/v2\/users\/1"}],"replies":[{"embeddable":true,"href":"https:\/\/medaksa.lt\/en\/wp-json\/wp\/v2\/comments?post=26061"}],"version-history":[{"count":6,"href":"https:\/\/medaksa.lt\/en\/wp-json\/wp\/v2\/pages\/26061\/revisions"}],"predecessor-version":[{"id":26067,"href":"https:\/\/medaksa.lt\/en\/wp-json\/wp\/v2\/pages\/26061\/revisions\/26067"}],"wp:attachment":[{"href":"https:\/\/medaksa.lt\/en\/wp-json\/wp\/v2\/media?parent=26061"}],"curies":[{"name":"wp","href":"https:\/\/api.w.org\/{rel}","templated":true}]}}