{"id":24325,"date":"2020-11-05T05:44:18","date_gmt":"2020-11-05T02:44:18","guid":{"rendered":"https:\/\/medaksa.lt\/prekiu-grazinimas-ir-garantija\/"},"modified":"2023-12-18T22:43:48","modified_gmt":"2023-12-18T19:43:48","slug":"prekiu-grazinimas-ir-garantija","status":"publish","type":"page","link":"https:\/\/medaksa.lt\/en\/prekiu-grazinimas-ir-garantija\/","title":{"rendered":"Returns and warranty"},"content":{"rendered":"\r\n<p><b>Norint gr\u0105\u017einti\/pakeisti \u012fsigyt\u0105 aprang\u0105, pra\u0161ome susisiekti su mumis el. pa\u0161tu <a href=\"mailto:info@medaksa.lt\">info@medaksa.lt<\/a> arba tel. <a href=\"tel:+37065559394\">+370 (655) 59 394<\/a><\/b><\/p>\r\n\r\n\r\n\r\n<p><strong>Bedros gr\u0105\u017einimo taisykl\u0117s el. parduotuv\u0117je www.medaksa.lt<\/strong><\/p>\r\n\r\n\r\n\r\n<p>Elektronin\u0117s parduotuv\u0117s \u201ewww.medaksa.lt\u201c pirk\u0117jai (vartotojai) turi teis\u0119 nenurod\u0119 prie\u017easties atsisakyti prek\u0117s pirkimo ir pardavimo sutarties, prane\u0161\u0119 apie tai pardav\u0117jui ra\u0161tu per 14 dien\u0173 nuo prek\u0117s pristatymo arba atsi\u0117mimo momento.\u00a0<\/p>\r\n\r\n\r\n\r\n<p>Prek\u0117s gali b\u016bti gr\u0105\u017einamos\u00a0pardav\u0117jo \u201ewww.medaksa.lt\u201c nurodytu adresu.<\/p>\r\n\r\n\r\n\r\n<p>Gav\u0119s gr\u0105\u017eint\u0105 prek\u0119 ir \u012fvertin\u0119s jos kokyb\u0119, Pardav\u0117jas per 14 dien\u0173 nuo ra\u0161ti\u0161ko prane\u0161imo apie pirkimo ir pardavimo sutarties atsisakym\u0105 gavimo, gr\u0105\u017eina pirk\u0117jui pinigus u\u017e prek\u0119-e.<\/p>\r\n\r\n\r\n\r\n<p>Prek\u0117 turi b\u016bti gr\u0105\u017einama originalioje pakuot\u0117je. Gr\u0105\u017einimo formoje nurodyti u\u017esakymo numer\u012f arba u\u017esakovo Vard\u0105 ir Pavarde.<\/p>\r\n\r\n\r\n\r\n<p>U\u017e gr\u0105\u017einamos prek\u0117s komplektacij\u0105 atsako pirk\u0117jas. Jei prek\u0117 nesukomplektuota, pardav\u0117jas nepriima gr\u0105\u017einamos prek\u0117s.<\/p>\r\n\r\n\r\n\r\n<p>Prek\u0117 neturi b\u016bti pa\u017eeista.\u00a0<\/p>\r\n\r\n\r\n\r\n<p>Pirk\u0117jo teis\u0117 atsisakyti elektronin\u0117je parduotuv\u0117je su pardav\u0117ju sudarytos preki\u0173 pirkimo ir pardavimo sutarties netaikoma:<\/p>\r\n\r\n\r\n\r\n<ul class=\"wp-block-list\">\r\n<li>sutartims d\u0117l greitai gendan\u010di\u0173 preki\u0173 ar preki\u0173, kuri\u0173 galiojimo laikas yra trumpas;<\/li>\r\n<li>sutartims d\u0117l supakuot\u0173 preki\u0173, kurios buvo i\u0161pakuotos po pristatymo ir kurios yra netinkamos gr\u0105\u017einti d\u0117l sveikatos apsaugos ar higienos prie\u017eas\u010di\u0173;<\/li>\r\n<li>sutartims d\u0117l preki\u0173, kurios po pristatymo d\u0117l savo pob\u016bd\u017eio neatskiriamai susimai\u0161o su kitais daiktais;<\/li>\r\n<li>sutartims d\u0117l supakuot\u0173 vaizdo ar garso \u012fra\u0161\u0173 arba supakuotos programin\u0117s \u012frangos, kurie buvo i\u0161pakuoti po pristatymo;\u00a0<\/li>\r\n<\/ul>\r\n\r\n\r\n\r\n<p>Pardav\u0117jo teikiama kokyb\u0117s garantija neapriboja ir nevar\u017eo pirk\u0117jo (vartotojo) teisi\u0173, kurias, \u012fsigijus netinkamos kokyb\u0117s prek\u0119 ar paslaug\u0105, nustato teis\u0117s aktai.<br \/>\u012e visus J\u016bs\u0173 klausimus mielai atsakysime elektroniniu pa\u0161tu info@medaksa.lt<br \/>Pra\u0161ymus ar skundus d\u0117l m\u016bs\u0173 interneto parduotuv\u0117je \u012fsigytos prek\u0117s ar paslaugos galite pateikti elektroniniu pa\u0161tu: info@medaksa.lt<\/p>\r\n\r\n\r\n\r\n<p><strong>Brokuotos arba nepilnos komplektacijos prek\u0117s<\/strong><\/p>\r\n\r\n\r\n\r\n<p>Pirk\u0117jas, norintis pateikti skund\u0105 d\u0117l brokuotos ar nepilnos komplektacijos prek\u0117s, tai padaryti gali elektroniniu pa\u0161tu info@medaksa.lt<\/p>\r\n\r\n\r\n\r\n<p>Teikdamas skund\u0105 pirk\u0117jas turi nurodyti toki\u0105 informacij\u0105:<\/p>\r\n\r\n\r\n\r\n<p>1) \u00a0 \u00a0 \u00a0Prek\u0117s u\u017esakymo numer\u012f (arba u\u017esakovo Vardas ir Pavard\u0117, kuris buvo naudojamos registracijoje).<\/p>\r\n\r\n\r\n\r\n<p>2) \u00a0 \u00a0 \u00a0Prek\u0117s nuotrauk\u0105, brokuotos vietos nuotrauk\u0105 (jei tai mechaninis pa\u017eeidimas ir \u012fmanoma nufotografuoti).<\/p>\r\n\r\n\r\n\r\n<p>3) \u00a0 \u00a0 \u00a0Prek\u0117s pakuot\u0117s nuotrauk\u0105.<\/p>\r\n\r\n\r\n\r\n<p>4) \u00a0 \u00a0 \u00a0Apra\u0161yti prek\u0117s broko, gedimo po\u017eymius ar \u012fvardyti tr\u016bkstam\u0105 dal\u012f.<\/p>\r\n\r\n\r\n\r\n<p>Teikdamas skund\u0105 pirk\u0117jas turi nurodyti, kaip pageidauja, kad b\u016bt\u0173 i\u0161spr\u0119sta pretenzija:<\/p>\r\n\r\n\r\n\r\n<p>a) Brokuot\u0105 prek\u0119 pra\u0161oma pakeista kokybi\u0161ka preke.\u00a0<\/p>\r\n\r\n\r\n\r\n<p>b) Ne pilnos komplektacijos prek\u0119 pra\u0161oma papildyti tr\u016bkstamomis komplektuojan\u010diomis dalimis.<\/p>\r\n\r\n\r\n\r\n<p>c) Pra\u0161oma gr\u0105\u017einti sumok\u0117tus pinigus.<\/p>\r\n\r\n\r\n\r\n<p>*Jeigu pardav\u0117jas negali \u012fvykdyti vir\u0161uje nurodyt\u0173 a) ir b) punkt\u0173, pardav\u0117jas gr\u0105\u017eina pilna pinig\u0173 sum\u0105.<\/p>\r\n\r\n\r\n\r\n<p>I\u0161nagrin\u0117jus pretenzij\u0105, atsakymas pateikiamas per 10 dien\u0173.<\/p>\r\n\r\n\r\n\r\n<p><br \/><strong>Garantija netaikoma \u0161iais atvejais:<\/strong><br \/>* nety\u010dini\u0173 arba ty\u010dia padaryt\u0173 mechanini\u0173 pa\u017eeidim\u0173 (nupl\u0117\u0161im\u0173, perpjovim\u0173 ir pan.)<\/p>\r\n<p>* kartu su medicinine apranga u\u017esakoma jos personalizacija. Raid\u017ei\u0173 arba \u017eenkliuk\u0173 i\u0161siuvin\u0117jimas.<\/p>\r\n<p>&nbsp;<\/p>\r\n\r\n\r\n\r\n<p>Prekes klientas gr\u0105\u017eina OMNIVA pa\u0161tomatais (kaip tai apra\u0161yta puslapio vir\u0161uje) arba savo pasirinktu b\u016bd\u0173 pardav\u0117jo nurodytu adresu. Siun\u010diant anks\u010diau min\u0117tu b\u016bdu, siuntimo i\u0161laidas apmoka pardav\u0117jas, kitais atvejais apmoka pirk\u0117jas.<br \/>Gavus prek\u0119, per 10 darbo dien\u0173 bus gautas atsakymas i\u0161 gamintojo ar prekei taikoma garantija.<\/p>\r\n\r\n\r\n\r\n<p>Jeigu prek\u0117 nekokybi\u0161ka ar neatitinka apra\u0161ymo gr\u0105\u017einimo i\u0161laidas apmoka pardav\u0117jas\u00a0(iki 5\u20ac), kitais atvejais gr\u0105\u017einimo i\u0161laidas apmoka pirk\u0117jas.<\/p>\r\n","protected":false},"excerpt":{"rendered":"<p>Norint gr\u0105\u017einti\/pakeisti \u012fsigyt\u0105 aprang\u0105, pra\u0161ome susisiekti su mumis el. pa\u0161tu info@medaksa.lt arba tel. +370 (655) 59 394 Bedros gr\u0105\u017einimo taisykl\u0117s el. parduotuv\u0117je www.medaksa.lt Elektronin\u0117s parduotuv\u0117s \u201ewww.medaksa.lt\u201c pirk\u0117jai (vartotojai) turi teis\u0119&hellip;<\/p>\n","protected":false},"author":1,"featured_media":0,"parent":0,"menu_order":15,"comment_status":"closed","ping_status":"closed","template":"template-policy.php","meta":{"_acf_changed":false,"footnotes":""},"class_list":["post-24325","page","type-page","status-publish","hentry"],"acf":[],"yoast_head":"<!-- This site is optimized with the Yoast SEO plugin v27.5 - https:\/\/yoast.com\/product\/yoast-seo-wordpress\/ -->\n<title>Returns and warranty - Medaksa<\/title>\n<meta name=\"robots\" content=\"noindex, nofollow\" \/>\n<meta property=\"og:locale\" content=\"en_US\" \/>\n<meta property=\"og:type\" content=\"article\" \/>\n<meta property=\"og:title\" content=\"Returns and warranty - Medaksa\" \/>\n<meta property=\"og:description\" content=\"Norint gr\u0105\u017einti\/pakeisti \u012fsigyt\u0105 aprang\u0105, pra\u0161ome susisiekti su mumis el. pa\u0161tu info@medaksa.lt arba tel. +370 (655) 59 394 Bedros gr\u0105\u017einimo taisykl\u0117s el. parduotuv\u0117je www.medaksa.lt Elektronin\u0117s parduotuv\u0117s \u201ewww.medaksa.lt\u201c pirk\u0117jai (vartotojai) turi teis\u0119&hellip;\" \/>\n<meta property=\"og:url\" content=\"https:\/\/medaksa.lt\/en\/prekiu-grazinimas-ir-garantija\/\" \/>\n<meta property=\"og:site_name\" content=\"Medaksa\" \/>\n<meta property=\"article:modified_time\" content=\"2023-12-18T19:43:48+00:00\" \/>\n<meta property=\"og:image\" content=\"https:\/\/medaksa.lt\/wp-content\/uploads\/2020\/11\/cropped-Medaksa_logo-png-1.webp\" \/>\n\t<meta property=\"og:image:width\" content=\"512\" \/>\n\t<meta property=\"og:image:height\" content=\"512\" \/>\n\t<meta property=\"og:image:type\" content=\"image\/webp\" \/>\n<meta name=\"twitter:card\" content=\"summary_large_image\" \/>\n<meta name=\"twitter:label1\" content=\"Est. reading time\" \/>\n\t<meta name=\"twitter:data1\" content=\"3 minutes\" \/>\n<script type=\"application\/ld+json\" class=\"yoast-schema-graph\">{\"@context\":\"https:\\\/\\\/schema.org\",\"@graph\":[{\"@type\":\"WebPage\",\"@id\":\"https:\\\/\\\/medaksa.lt\\\/en\\\/prekiu-grazinimas-ir-garantija\\\/\",\"url\":\"https:\\\/\\\/medaksa.lt\\\/en\\\/prekiu-grazinimas-ir-garantija\\\/\",\"name\":\"Returns and warranty - Medaksa\",\"isPartOf\":{\"@id\":\"https:\\\/\\\/medaksa.lt\\\/en\\\/#website\"},\"datePublished\":\"2020-11-05T02:44:18+00:00\",\"dateModified\":\"2023-12-18T19:43:48+00:00\",\"breadcrumb\":{\"@id\":\"https:\\\/\\\/medaksa.lt\\\/en\\\/prekiu-grazinimas-ir-garantija\\\/#breadcrumb\"},\"inLanguage\":\"en-US\",\"potentialAction\":[{\"@type\":\"ReadAction\",\"target\":[\"https:\\\/\\\/medaksa.lt\\\/en\\\/prekiu-grazinimas-ir-garantija\\\/\"]}]},{\"@type\":\"BreadcrumbList\",\"@id\":\"https:\\\/\\\/medaksa.lt\\\/en\\\/prekiu-grazinimas-ir-garantija\\\/#breadcrumb\",\"itemListElement\":[{\"@type\":\"ListItem\",\"position\":1,\"name\":\"Home\",\"item\":\"https:\\\/\\\/medaksa.lt\\\/en\\\/\"},{\"@type\":\"ListItem\",\"position\":2,\"name\":\"Returns and warranty\"}]},{\"@type\":\"WebSite\",\"@id\":\"https:\\\/\\\/medaksa.lt\\\/en\\\/#website\",\"url\":\"https:\\\/\\\/medaksa.lt\\\/en\\\/\",\"name\":\"Medaksa\",\"description\":\"\",\"publisher\":{\"@id\":\"https:\\\/\\\/medaksa.lt\\\/en\\\/#organization\"},\"potentialAction\":[{\"@type\":\"SearchAction\",\"target\":{\"@type\":\"EntryPoint\",\"urlTemplate\":\"https:\\\/\\\/medaksa.lt\\\/en\\\/?s={search_term_string}\"},\"query-input\":{\"@type\":\"PropertyValueSpecification\",\"valueRequired\":true,\"valueName\":\"search_term_string\"}}],\"inLanguage\":\"en-US\"},{\"@type\":\"Organization\",\"@id\":\"https:\\\/\\\/medaksa.lt\\\/en\\\/#organization\",\"name\":\"Medaksa\",\"url\":\"https:\\\/\\\/medaksa.lt\\\/en\\\/\",\"logo\":{\"@type\":\"ImageObject\",\"inLanguage\":\"en-US\",\"@id\":\"https:\\\/\\\/medaksa.lt\\\/en\\\/#\\\/schema\\\/logo\\\/image\\\/\",\"url\":\"https:\\\/\\\/medaksa.lt\\\/wp-content\\\/uploads\\\/2020\\\/11\\\/cropped-Medaksa_logo-png-1.png\",\"contentUrl\":\"https:\\\/\\\/medaksa.lt\\\/wp-content\\\/uploads\\\/2020\\\/11\\\/cropped-Medaksa_logo-png-1.png\",\"width\":512,\"height\":512,\"caption\":\"Medaksa\"},\"image\":{\"@id\":\"https:\\\/\\\/medaksa.lt\\\/en\\\/#\\\/schema\\\/logo\\\/image\\\/\"}}]}<\/script>\n<!-- \/ Yoast SEO plugin. -->","yoast_head_json":{"title":"Returns and warranty - Medaksa","robots":{"index":"noindex","follow":"nofollow"},"og_locale":"en_US","og_type":"article","og_title":"Returns and warranty - Medaksa","og_description":"Norint gr\u0105\u017einti\/pakeisti \u012fsigyt\u0105 aprang\u0105, pra\u0161ome susisiekti su mumis el. pa\u0161tu info@medaksa.lt arba tel. +370 (655) 59 394 Bedros gr\u0105\u017einimo taisykl\u0117s el. parduotuv\u0117je www.medaksa.lt Elektronin\u0117s parduotuv\u0117s \u201ewww.medaksa.lt\u201c pirk\u0117jai (vartotojai) turi teis\u0119&hellip;","og_url":"https:\/\/medaksa.lt\/en\/prekiu-grazinimas-ir-garantija\/","og_site_name":"Medaksa","article_modified_time":"2023-12-18T19:43:48+00:00","og_image":[{"width":512,"height":512,"url":"https:\/\/medaksa.lt\/wp-content\/uploads\/2020\/11\/cropped-Medaksa_logo-png-1.webp","type":"image\/webp"}],"twitter_card":"summary_large_image","twitter_misc":{"Est. reading time":"3 minutes"},"schema":{"@context":"https:\/\/schema.org","@graph":[{"@type":"WebPage","@id":"https:\/\/medaksa.lt\/en\/prekiu-grazinimas-ir-garantija\/","url":"https:\/\/medaksa.lt\/en\/prekiu-grazinimas-ir-garantija\/","name":"Returns and warranty - Medaksa","isPartOf":{"@id":"https:\/\/medaksa.lt\/en\/#website"},"datePublished":"2020-11-05T02:44:18+00:00","dateModified":"2023-12-18T19:43:48+00:00","breadcrumb":{"@id":"https:\/\/medaksa.lt\/en\/prekiu-grazinimas-ir-garantija\/#breadcrumb"},"inLanguage":"en-US","potentialAction":[{"@type":"ReadAction","target":["https:\/\/medaksa.lt\/en\/prekiu-grazinimas-ir-garantija\/"]}]},{"@type":"BreadcrumbList","@id":"https:\/\/medaksa.lt\/en\/prekiu-grazinimas-ir-garantija\/#breadcrumb","itemListElement":[{"@type":"ListItem","position":1,"name":"Home","item":"https:\/\/medaksa.lt\/en\/"},{"@type":"ListItem","position":2,"name":"Returns and warranty"}]},{"@type":"WebSite","@id":"https:\/\/medaksa.lt\/en\/#website","url":"https:\/\/medaksa.lt\/en\/","name":"Medaksa","description":"","publisher":{"@id":"https:\/\/medaksa.lt\/en\/#organization"},"potentialAction":[{"@type":"SearchAction","target":{"@type":"EntryPoint","urlTemplate":"https:\/\/medaksa.lt\/en\/?s={search_term_string}"},"query-input":{"@type":"PropertyValueSpecification","valueRequired":true,"valueName":"search_term_string"}}],"inLanguage":"en-US"},{"@type":"Organization","@id":"https:\/\/medaksa.lt\/en\/#organization","name":"Medaksa","url":"https:\/\/medaksa.lt\/en\/","logo":{"@type":"ImageObject","inLanguage":"en-US","@id":"https:\/\/medaksa.lt\/en\/#\/schema\/logo\/image\/","url":"https:\/\/medaksa.lt\/wp-content\/uploads\/2020\/11\/cropped-Medaksa_logo-png-1.png","contentUrl":"https:\/\/medaksa.lt\/wp-content\/uploads\/2020\/11\/cropped-Medaksa_logo-png-1.png","width":512,"height":512,"caption":"Medaksa"},"image":{"@id":"https:\/\/medaksa.lt\/en\/#\/schema\/logo\/image\/"}}]}},"_links":{"self":[{"href":"https:\/\/medaksa.lt\/en\/wp-json\/wp\/v2\/pages\/24325","targetHints":{"allow":["GET"]}}],"collection":[{"href":"https:\/\/medaksa.lt\/en\/wp-json\/wp\/v2\/pages"}],"about":[{"href":"https:\/\/medaksa.lt\/en\/wp-json\/wp\/v2\/types\/page"}],"author":[{"embeddable":true,"href":"https:\/\/medaksa.lt\/en\/wp-json\/wp\/v2\/users\/1"}],"replies":[{"embeddable":true,"href":"https:\/\/medaksa.lt\/en\/wp-json\/wp\/v2\/comments?post=24325"}],"version-history":[{"count":1,"href":"https:\/\/medaksa.lt\/en\/wp-json\/wp\/v2\/pages\/24325\/revisions"}],"predecessor-version":[{"id":24340,"href":"https:\/\/medaksa.lt\/en\/wp-json\/wp\/v2\/pages\/24325\/revisions\/24340"}],"wp:attachment":[{"href":"https:\/\/medaksa.lt\/en\/wp-json\/wp\/v2\/media?parent=24325"}],"curies":[{"name":"wp","href":"https:\/\/api.w.org\/{rel}","templated":true}]}}