{"id":24324,"date":"2020-11-05T05:44:18","date_gmt":"2020-11-05T02:44:18","guid":{"rendered":"https:\/\/medaksa.lt\/prekiu-pirkimas-ir-pristatymas\/"},"modified":"2023-12-18T22:47:21","modified_gmt":"2023-12-18T19:47:21","slug":"prekiu-pirkimas-ir-pristatymas","status":"publish","type":"page","link":"https:\/\/medaksa.lt\/en\/prekiu-pirkimas-ir-pristatymas\/","title":{"rendered":"Purchase and delivery of goods"},"content":{"rendered":"\n<ul class=\"wp-block-list\">\n<li><em><em>Medaksa.lt elektronin\u0117 parduotuv\u0117 visas svetain\u0117je esan\u010dias prekes siun\u010dia per 15-20 d.d. <\/em>Pateikus u\u017esakym\u0105 jis yra perduodamas \u012f siuvykl\u0105 ir pradedamas vykdyti. Apranga yra siuvama Lietuvoje.<\/em><\/li>\n\n\n\n<li><em>Visiems u\u017esakymas pateiktiems per el.parduotuv\u0119 i\u0161ra\u0161omos elektronin\u0117s PVM s\u0105skaitos-fakt\u016bros.<\/em><\/li>\n<\/ul>\n\n\n\n<p><\/p>\n\n\n\n<p><\/p>\n\n\n\n<ul class=\"wp-block-list\">\n<li>Artimiausi pa\u0161tomatai:&nbsp;<a href=\"https:\/\/www.omniva.lt\/privatus\/pastomatu_adresai\">SPAUSTI \u010cIA<\/a><\/li>\n\n\n\n<li>Kaina: Pristatymas yra nemokamas visoje Lietuvoje.<\/li>\n\n\n\n<li>Pristatymo laikas 15-20 d.d;<\/li>\n\n\n\n<li>Atsiimti siuntas galima bet kurio paros metu;<\/li>\n\n\n\n<li>Prista\u010dius prekes \u012f pa\u0161tomat\u0105, sistema atsi\u0173s SMS prane\u0161im\u0105 su dureli\u0173 kodu.<\/li>\n<\/ul>\n","protected":false},"excerpt":{"rendered":"","protected":false},"author":1,"featured_media":0,"parent":0,"menu_order":14,"comment_status":"closed","ping_status":"closed","template":"template-policy.php","meta":{"_acf_changed":false,"footnotes":""},"class_list":["post-24324","page","type-page","status-publish","hentry"],"acf":[],"yoast_head":"<!-- This site is optimized with the Yoast SEO plugin v27.5 - https:\/\/yoast.com\/product\/yoast-seo-wordpress\/ -->\n<title>Purchase and delivery of goods - Medaksa<\/title>\n<meta name=\"robots\" content=\"noindex, nofollow\" \/>\n<meta property=\"og:locale\" content=\"en_US\" \/>\n<meta property=\"og:type\" content=\"article\" \/>\n<meta property=\"og:title\" content=\"Purchase and delivery of goods - Medaksa\" \/>\n<meta property=\"og:url\" content=\"https:\/\/medaksa.lt\/en\/prekiu-pirkimas-ir-pristatymas\/\" \/>\n<meta property=\"og:site_name\" content=\"Medaksa\" \/>\n<meta property=\"article:modified_time\" content=\"2023-12-18T19:47:21+00:00\" \/>\n<meta property=\"og:image\" content=\"https:\/\/medaksa.lt\/wp-content\/uploads\/2020\/11\/cropped-Medaksa_logo-png-1.webp\" \/>\n\t<meta property=\"og:image:width\" content=\"512\" \/>\n\t<meta property=\"og:image:height\" content=\"512\" \/>\n\t<meta property=\"og:image:type\" content=\"image\/webp\" \/>\n<meta name=\"twitter:card\" content=\"summary_large_image\" \/>\n<meta name=\"twitter:label1\" content=\"Est. reading time\" \/>\n\t<meta name=\"twitter:data1\" content=\"1 minute\" \/>\n<script type=\"application\/ld+json\" class=\"yoast-schema-graph\">{\"@context\":\"https:\\\/\\\/schema.org\",\"@graph\":[{\"@type\":\"WebPage\",\"@id\":\"https:\\\/\\\/medaksa.lt\\\/en\\\/prekiu-pirkimas-ir-pristatymas\\\/\",\"url\":\"https:\\\/\\\/medaksa.lt\\\/en\\\/prekiu-pirkimas-ir-pristatymas\\\/\",\"name\":\"Purchase and delivery of goods - Medaksa\",\"isPartOf\":{\"@id\":\"https:\\\/\\\/medaksa.lt\\\/en\\\/#website\"},\"datePublished\":\"2020-11-05T02:44:18+00:00\",\"dateModified\":\"2023-12-18T19:47:21+00:00\",\"breadcrumb\":{\"@id\":\"https:\\\/\\\/medaksa.lt\\\/en\\\/prekiu-pirkimas-ir-pristatymas\\\/#breadcrumb\"},\"inLanguage\":\"en-US\",\"potentialAction\":[{\"@type\":\"ReadAction\",\"target\":[\"https:\\\/\\\/medaksa.lt\\\/en\\\/prekiu-pirkimas-ir-pristatymas\\\/\"]}]},{\"@type\":\"BreadcrumbList\",\"@id\":\"https:\\\/\\\/medaksa.lt\\\/en\\\/prekiu-pirkimas-ir-pristatymas\\\/#breadcrumb\",\"itemListElement\":[{\"@type\":\"ListItem\",\"position\":1,\"name\":\"Home\",\"item\":\"https:\\\/\\\/medaksa.lt\\\/en\\\/\"},{\"@type\":\"ListItem\",\"position\":2,\"name\":\"Purchase and delivery of goods\"}]},{\"@type\":\"WebSite\",\"@id\":\"https:\\\/\\\/medaksa.lt\\\/en\\\/#website\",\"url\":\"https:\\\/\\\/medaksa.lt\\\/en\\\/\",\"name\":\"Medaksa\",\"description\":\"\",\"publisher\":{\"@id\":\"https:\\\/\\\/medaksa.lt\\\/en\\\/#organization\"},\"potentialAction\":[{\"@type\":\"SearchAction\",\"target\":{\"@type\":\"EntryPoint\",\"urlTemplate\":\"https:\\\/\\\/medaksa.lt\\\/en\\\/?s={search_term_string}\"},\"query-input\":{\"@type\":\"PropertyValueSpecification\",\"valueRequired\":true,\"valueName\":\"search_term_string\"}}],\"inLanguage\":\"en-US\"},{\"@type\":\"Organization\",\"@id\":\"https:\\\/\\\/medaksa.lt\\\/en\\\/#organization\",\"name\":\"Medaksa\",\"url\":\"https:\\\/\\\/medaksa.lt\\\/en\\\/\",\"logo\":{\"@type\":\"ImageObject\",\"inLanguage\":\"en-US\",\"@id\":\"https:\\\/\\\/medaksa.lt\\\/en\\\/#\\\/schema\\\/logo\\\/image\\\/\",\"url\":\"https:\\\/\\\/medaksa.lt\\\/wp-content\\\/uploads\\\/2020\\\/11\\\/cropped-Medaksa_logo-png-1.png\",\"contentUrl\":\"https:\\\/\\\/medaksa.lt\\\/wp-content\\\/uploads\\\/2020\\\/11\\\/cropped-Medaksa_logo-png-1.png\",\"width\":512,\"height\":512,\"caption\":\"Medaksa\"},\"image\":{\"@id\":\"https:\\\/\\\/medaksa.lt\\\/en\\\/#\\\/schema\\\/logo\\\/image\\\/\"}}]}<\/script>\n<!-- \/ Yoast SEO plugin. -->","yoast_head_json":{"title":"Purchase and delivery of goods - Medaksa","robots":{"index":"noindex","follow":"nofollow"},"og_locale":"en_US","og_type":"article","og_title":"Purchase and delivery of goods - Medaksa","og_url":"https:\/\/medaksa.lt\/en\/prekiu-pirkimas-ir-pristatymas\/","og_site_name":"Medaksa","article_modified_time":"2023-12-18T19:47:21+00:00","og_image":[{"width":512,"height":512,"url":"https:\/\/medaksa.lt\/wp-content\/uploads\/2020\/11\/cropped-Medaksa_logo-png-1.webp","type":"image\/webp"}],"twitter_card":"summary_large_image","twitter_misc":{"Est. reading time":"1 minute"},"schema":{"@context":"https:\/\/schema.org","@graph":[{"@type":"WebPage","@id":"https:\/\/medaksa.lt\/en\/prekiu-pirkimas-ir-pristatymas\/","url":"https:\/\/medaksa.lt\/en\/prekiu-pirkimas-ir-pristatymas\/","name":"Purchase and delivery of goods - Medaksa","isPartOf":{"@id":"https:\/\/medaksa.lt\/en\/#website"},"datePublished":"2020-11-05T02:44:18+00:00","dateModified":"2023-12-18T19:47:21+00:00","breadcrumb":{"@id":"https:\/\/medaksa.lt\/en\/prekiu-pirkimas-ir-pristatymas\/#breadcrumb"},"inLanguage":"en-US","potentialAction":[{"@type":"ReadAction","target":["https:\/\/medaksa.lt\/en\/prekiu-pirkimas-ir-pristatymas\/"]}]},{"@type":"BreadcrumbList","@id":"https:\/\/medaksa.lt\/en\/prekiu-pirkimas-ir-pristatymas\/#breadcrumb","itemListElement":[{"@type":"ListItem","position":1,"name":"Home","item":"https:\/\/medaksa.lt\/en\/"},{"@type":"ListItem","position":2,"name":"Purchase and delivery of goods"}]},{"@type":"WebSite","@id":"https:\/\/medaksa.lt\/en\/#website","url":"https:\/\/medaksa.lt\/en\/","name":"Medaksa","description":"","publisher":{"@id":"https:\/\/medaksa.lt\/en\/#organization"},"potentialAction":[{"@type":"SearchAction","target":{"@type":"EntryPoint","urlTemplate":"https:\/\/medaksa.lt\/en\/?s={search_term_string}"},"query-input":{"@type":"PropertyValueSpecification","valueRequired":true,"valueName":"search_term_string"}}],"inLanguage":"en-US"},{"@type":"Organization","@id":"https:\/\/medaksa.lt\/en\/#organization","name":"Medaksa","url":"https:\/\/medaksa.lt\/en\/","logo":{"@type":"ImageObject","inLanguage":"en-US","@id":"https:\/\/medaksa.lt\/en\/#\/schema\/logo\/image\/","url":"https:\/\/medaksa.lt\/wp-content\/uploads\/2020\/11\/cropped-Medaksa_logo-png-1.png","contentUrl":"https:\/\/medaksa.lt\/wp-content\/uploads\/2020\/11\/cropped-Medaksa_logo-png-1.png","width":512,"height":512,"caption":"Medaksa"},"image":{"@id":"https:\/\/medaksa.lt\/en\/#\/schema\/logo\/image\/"}}]}},"_links":{"self":[{"href":"https:\/\/medaksa.lt\/en\/wp-json\/wp\/v2\/pages\/24324","targetHints":{"allow":["GET"]}}],"collection":[{"href":"https:\/\/medaksa.lt\/en\/wp-json\/wp\/v2\/pages"}],"about":[{"href":"https:\/\/medaksa.lt\/en\/wp-json\/wp\/v2\/types\/page"}],"author":[{"embeddable":true,"href":"https:\/\/medaksa.lt\/en\/wp-json\/wp\/v2\/users\/1"}],"replies":[{"embeddable":true,"href":"https:\/\/medaksa.lt\/en\/wp-json\/wp\/v2\/comments?post=24324"}],"version-history":[{"count":3,"href":"https:\/\/medaksa.lt\/en\/wp-json\/wp\/v2\/pages\/24324\/revisions"}],"predecessor-version":[{"id":24344,"href":"https:\/\/medaksa.lt\/en\/wp-json\/wp\/v2\/pages\/24324\/revisions\/24344"}],"wp:attachment":[{"href":"https:\/\/medaksa.lt\/en\/wp-json\/wp\/v2\/media?parent=24324"}],"curies":[{"name":"wp","href":"https:\/\/api.w.org\/{rel}","templated":true}]}}